{"id":2555,"date":"2019-03-15T14:45:57","date_gmt":"2019-03-15T14:45:57","guid":{"rendered":"http:\/\/lfsl.net.hemsida.eu\/?page_id=2555"},"modified":"2024-09-11T14:11:25","modified_gmt":"2024-09-11T14:11:25","slug":"stipendier","status":"publish","type":"page","link":"https:\/\/www.lfsl.net\/sv\/inskrivning\/stipendier\/","title":{"rendered":"Stipendier"},"content":{"rendered":"\n<div class=\"wp-block-media-text alignwide is-stacked-on-mobile\"><figure class=\"wp-block-media-text__media\"><img loading=\"lazy\" decoding=\"async\" width=\"1024\" height=\"660\" src=\"https:\/\/www.lfsl.net\/wp-content\/uploads\/2019\/02\/Bourses_1-1024x660.jpg\" alt=\"\" class=\"wp-image-2557 size-full\" srcset=\"https:\/\/www.lfsl.net\/wp-content\/uploads\/2019\/02\/Bourses_1-1024x660.jpg 1024w, https:\/\/www.lfsl.net\/wp-content\/uploads\/2019\/02\/Bourses_1-300x193.jpg 300w, https:\/\/www.lfsl.net\/wp-content\/uploads\/2019\/02\/Bourses_1-768x495.jpg 768w, https:\/\/www.lfsl.net\/wp-content\/uploads\/2019\/02\/Bourses_1.jpg 1160w\" sizes=\"auto, (max-width: 1024px) 100vw, 1024px\" \/><\/figure><div class=\"wp-block-media-text__content\">\n<p><strong>Stipendier beviljas av l&#8217;Agence pour l&#8217;Enseignement du Fran\u00e7ais \u00e0 l&#8217;\u00c9tranger (AEFE) till franska elever som \u00e4r 6 \u00e5r eller \u00e4ldre utifr\u00e5n inkomstkriterier. <br>I begr\u00e4nsade fall t\u00e4cker de, helt eller delvis, skolavgifterna. <\/strong><\/p>\n<\/div><\/div>\n\n\n\n<h3 class=\"wp-block-heading\">sKOLStipendieR  <\/h3>\n\n\n\n<p>AEFE beviljar stipendier till franska barn inskolade p\u00e5 Lyc\u00e9e Fran\u00e7ais Saint Louis i Stockholm, som \u00e4r en del av AEFEs n\u00e4tverk, fr\u00e5n f\u00f6rsta \u00e5ret i grundskolan (CP) till sista \u00e5ret p\u00e5 gymnasiet (Terminale).<\/p>\n\n\n\n<p>Barn som inte har m\u00f6jlighet att f\u00f6lja en utbildning p\u00e5 franska (p\u00e5 grund av geografiskt avst\u00e5nd eller sjukdom till exempel) och som vill f\u00f6lja kurserna i CNED (Centre national d\u2019enseignement \u00e0 distance) kan, under samma villkor, ans\u00f6ka om stipendie f\u00f6r relaterade kostnader.<\/p>\n\n\n\n<p>All information om stipendierna, ans\u00f6kningsformul\u00e4ret, en lista \u00f6ver underlag att bifoga etc. finns p\u00e5\u00a0<a href=\"https:\/\/se.ambafrance.org\/Bourses-scolaires-2024-2025-2nde-periode-de-la-campagne-boursiere\" target=\"_blank\" rel=\"noreferrer noopener\">Franska Ambassadens hemsida<\/a>.<br><\/p>\n","protected":false},"excerpt":{"rendered":"<p>Stipendier beviljas av l&#8217;Agence pour l&#8217;Enseignement du Fran\u00e7ais \u00e0 l&#8217;\u00c9tranger (AEFE) till franska elever som \u00e4r 6 \u00e5r eller \u00e4ldre utifr\u00e5n inkomstkriterier. I begr\u00e4nsade fall t\u00e4cker de, helt eller delvis, skolavgifterna. sKOLStipendieR AEFE beviljar stipendier till franska barn inskolade p\u00e5 Lyc\u00e9e Fran\u00e7ais Saint Louis i Stockholm, som \u00e4r en del av AEFEs n\u00e4tverk, fr\u00e5n f\u00f6rsta &#8230; <\/p>\n<p class=\"read-more-container\"><a title=\"Stipendier\" class=\"read-more button\" href=\"https:\/\/www.lfsl.net\/sv\/inskrivning\/stipendier\/#more-2555\" aria-label=\"L\u00e4s mer om Stipendier\">L\u00e4s mer<\/a><\/p>\n","protected":false},"author":1,"featured_media":0,"parent":2553,"menu_order":0,"comment_status":"closed","ping_status":"closed","template":"","meta":{"footnotes":""},"class_list":["post-2555","page","type-page","status-publish"],"yoast_head":"<!-- This site is optimized with the Yoast SEO plugin v27.4 - https:\/\/yoast.com\/product\/yoast-seo-wordpress\/ -->\n<title>Stipendier &#8211; Lyc\u00e9e Fran\u00e7ais Saint Louis de Stockholm<\/title>\n<meta name=\"robots\" content=\"index, follow, max-snippet:-1, max-image-preview:large, max-video-preview:-1\" \/>\n<link rel=\"canonical\" href=\"https:\/\/www.lfsl.net\/sv\/inskrivning\/stipendier\/\" \/>\n<meta property=\"og:locale\" content=\"sv_SE\" \/>\n<meta property=\"og:type\" content=\"article\" \/>\n<meta property=\"og:title\" content=\"Stipendier &#8211; Lyc\u00e9e Fran\u00e7ais Saint Louis de Stockholm\" \/>\n<meta property=\"og:description\" content=\"Stipendier beviljas av l&#8217;Agence pour l&#8217;Enseignement du Fran\u00e7ais \u00e0 l&#8217;\u00c9tranger (AEFE) till franska elever som \u00e4r 6 \u00e5r eller \u00e4ldre utifr\u00e5n inkomstkriterier. I begr\u00e4nsade fall t\u00e4cker de, helt eller delvis, skolavgifterna. sKOLStipendieR AEFE beviljar stipendier till franska barn inskolade p\u00e5 Lyc\u00e9e Fran\u00e7ais Saint Louis i Stockholm, som \u00e4r en del av AEFEs n\u00e4tverk, fr\u00e5n f\u00f6rsta ... L\u00e4s mer\" \/>\n<meta property=\"og:url\" content=\"https:\/\/www.lfsl.net\/sv\/inskrivning\/stipendier\/\" \/>\n<meta property=\"og:site_name\" content=\"Lyc\u00e9e Fran\u00e7ais Saint Louis de Stockholm\" \/>\n<meta property=\"article:publisher\" content=\"https:\/\/www.facebook.com\/Lyc%c3%a9e-Francais-Saint-Louis-182116921840529\/\" \/>\n<meta property=\"article:modified_time\" content=\"2024-09-11T14:11:25+00:00\" \/>\n<meta property=\"og:image\" content=\"https:\/\/www.lfsl.net\/wp-content\/uploads\/2019\/02\/Bourses_1-1024x660.jpg\" \/>\n<meta name=\"twitter:card\" content=\"summary_large_image\" \/>\n<script type=\"application\/ld+json\" class=\"yoast-schema-graph\">{\"@context\":\"https:\\\/\\\/schema.org\",\"@graph\":[{\"@type\":\"WebPage\",\"@id\":\"https:\\\/\\\/www.lfsl.net\\\/sv\\\/inskrivning\\\/stipendier\\\/\",\"url\":\"https:\\\/\\\/www.lfsl.net\\\/sv\\\/inskrivning\\\/stipendier\\\/\",\"name\":\"Stipendier &#8211; Lyc\u00e9e Fran\u00e7ais Saint Louis de Stockholm\",\"isPartOf\":{\"@id\":\"https:\\\/\\\/www.lfsl.net\\\/sv\\\/#website\"},\"primaryImageOfPage\":{\"@id\":\"https:\\\/\\\/www.lfsl.net\\\/sv\\\/inskrivning\\\/stipendier\\\/#primaryimage\"},\"image\":{\"@id\":\"https:\\\/\\\/www.lfsl.net\\\/sv\\\/inskrivning\\\/stipendier\\\/#primaryimage\"},\"thumbnailUrl\":\"https:\\\/\\\/www.lfsl.net\\\/wp-content\\\/uploads\\\/2019\\\/02\\\/Bourses_1-1024x660.jpg\",\"datePublished\":\"2019-03-15T14:45:57+00:00\",\"dateModified\":\"2024-09-11T14:11:25+00:00\",\"breadcrumb\":{\"@id\":\"https:\\\/\\\/www.lfsl.net\\\/sv\\\/inskrivning\\\/stipendier\\\/#breadcrumb\"},\"inLanguage\":\"sv-SE\",\"potentialAction\":[{\"@type\":\"ReadAction\",\"target\":[\"https:\\\/\\\/www.lfsl.net\\\/sv\\\/inskrivning\\\/stipendier\\\/\"]}]},{\"@type\":\"ImageObject\",\"inLanguage\":\"sv-SE\",\"@id\":\"https:\\\/\\\/www.lfsl.net\\\/sv\\\/inskrivning\\\/stipendier\\\/#primaryimage\",\"url\":\"https:\\\/\\\/www.lfsl.net\\\/wp-content\\\/uploads\\\/2019\\\/02\\\/Bourses_1-1024x660.jpg\",\"contentUrl\":\"https:\\\/\\\/www.lfsl.net\\\/wp-content\\\/uploads\\\/2019\\\/02\\\/Bourses_1-1024x660.jpg\"},{\"@type\":\"BreadcrumbList\",\"@id\":\"https:\\\/\\\/www.lfsl.net\\\/sv\\\/inskrivning\\\/stipendier\\\/#breadcrumb\",\"itemListElement\":[{\"@type\":\"ListItem\",\"position\":1,\"name\":\"Home\",\"item\":\"https:\\\/\\\/www.lfsl.net\\\/sv\\\/\"},{\"@type\":\"ListItem\",\"position\":2,\"name\":\"Inskrivning\",\"item\":\"https:\\\/\\\/www.lfsl.net\\\/sv\\\/inskrivning\\\/\"},{\"@type\":\"ListItem\",\"position\":3,\"name\":\"Stipendier\"}]},{\"@type\":\"WebSite\",\"@id\":\"https:\\\/\\\/www.lfsl.net\\\/sv\\\/#website\",\"url\":\"https:\\\/\\\/www.lfsl.net\\\/sv\\\/\",\"name\":\"Lyc\u00e9e Fran\u00e7ais Saint Louis de Stockholm\",\"description\":\"\u00c9tablissement membre du r\u00e9seau AEFE\",\"publisher\":{\"@id\":\"https:\\\/\\\/www.lfsl.net\\\/sv\\\/#organization\"},\"potentialAction\":[{\"@type\":\"SearchAction\",\"target\":{\"@type\":\"EntryPoint\",\"urlTemplate\":\"https:\\\/\\\/www.lfsl.net\\\/sv\\\/?s={search_term_string}\"},\"query-input\":{\"@type\":\"PropertyValueSpecification\",\"valueRequired\":true,\"valueName\":\"search_term_string\"}}],\"inLanguage\":\"sv-SE\"},{\"@type\":\"Organization\",\"@id\":\"https:\\\/\\\/www.lfsl.net\\\/sv\\\/#organization\",\"name\":\"Lyc\u00e9e Fran\u00e7ais Saint Louis\",\"url\":\"https:\\\/\\\/www.lfsl.net\\\/sv\\\/\",\"logo\":{\"@type\":\"ImageObject\",\"inLanguage\":\"sv-SE\",\"@id\":\"https:\\\/\\\/www.lfsl.net\\\/sv\\\/#\\\/schema\\\/logo\\\/image\\\/\",\"url\":\"https:\\\/\\\/www.lfsl.net\\\/wp-content\\\/uploads\\\/2021\\\/03\\\/LFSL-logo.jpg\",\"contentUrl\":\"https:\\\/\\\/www.lfsl.net\\\/wp-content\\\/uploads\\\/2021\\\/03\\\/LFSL-logo.jpg\",\"width\":330,\"height\":473,\"caption\":\"Lyc\u00e9e Fran\u00e7ais Saint Louis\"},\"image\":{\"@id\":\"https:\\\/\\\/www.lfsl.net\\\/sv\\\/#\\\/schema\\\/logo\\\/image\\\/\"},\"sameAs\":[\"https:\\\/\\\/www.facebook.com\\\/Lyc\u00e9e-Francais-Saint-Louis-182116921840529\\\/\",\"https:\\\/\\\/www.instagram.com\\\/lyceefrancaisstockholm\\\/\",\"https:\\\/\\\/www.linkedin.com\\\/school\\\/lfsl\\\/\",\"https:\\\/\\\/www.youtube.com\\\/channel\\\/UCchS4IO4jE_YY0ILwn5NgGQ\"]}]}<\/script>\n<!-- \/ Yoast SEO plugin. -->","yoast_head_json":{"title":"Stipendier &#8211; Lyc\u00e9e Fran\u00e7ais Saint Louis de Stockholm","robots":{"index":"index","follow":"follow","max-snippet":"max-snippet:-1","max-image-preview":"max-image-preview:large","max-video-preview":"max-video-preview:-1"},"canonical":"https:\/\/www.lfsl.net\/sv\/inskrivning\/stipendier\/","og_locale":"sv_SE","og_type":"article","og_title":"Stipendier &#8211; Lyc\u00e9e Fran\u00e7ais Saint Louis de Stockholm","og_description":"Stipendier beviljas av l&#8217;Agence pour l&#8217;Enseignement du Fran\u00e7ais \u00e0 l&#8217;\u00c9tranger (AEFE) till franska elever som \u00e4r 6 \u00e5r eller \u00e4ldre utifr\u00e5n inkomstkriterier. I begr\u00e4nsade fall t\u00e4cker de, helt eller delvis, skolavgifterna. sKOLStipendieR AEFE beviljar stipendier till franska barn inskolade p\u00e5 Lyc\u00e9e Fran\u00e7ais Saint Louis i Stockholm, som \u00e4r en del av AEFEs n\u00e4tverk, fr\u00e5n f\u00f6rsta ... L\u00e4s mer","og_url":"https:\/\/www.lfsl.net\/sv\/inskrivning\/stipendier\/","og_site_name":"Lyc\u00e9e Fran\u00e7ais Saint Louis de Stockholm","article_publisher":"https:\/\/www.facebook.com\/Lyc%c3%a9e-Francais-Saint-Louis-182116921840529\/","article_modified_time":"2024-09-11T14:11:25+00:00","og_image":[{"url":"https:\/\/www.lfsl.net\/wp-content\/uploads\/2019\/02\/Bourses_1-1024x660.jpg","type":"","width":"","height":""}],"twitter_card":"summary_large_image","schema":{"@context":"https:\/\/schema.org","@graph":[{"@type":"WebPage","@id":"https:\/\/www.lfsl.net\/sv\/inskrivning\/stipendier\/","url":"https:\/\/www.lfsl.net\/sv\/inskrivning\/stipendier\/","name":"Stipendier &#8211; Lyc\u00e9e Fran\u00e7ais Saint Louis de Stockholm","isPartOf":{"@id":"https:\/\/www.lfsl.net\/sv\/#website"},"primaryImageOfPage":{"@id":"https:\/\/www.lfsl.net\/sv\/inskrivning\/stipendier\/#primaryimage"},"image":{"@id":"https:\/\/www.lfsl.net\/sv\/inskrivning\/stipendier\/#primaryimage"},"thumbnailUrl":"https:\/\/www.lfsl.net\/wp-content\/uploads\/2019\/02\/Bourses_1-1024x660.jpg","datePublished":"2019-03-15T14:45:57+00:00","dateModified":"2024-09-11T14:11:25+00:00","breadcrumb":{"@id":"https:\/\/www.lfsl.net\/sv\/inskrivning\/stipendier\/#breadcrumb"},"inLanguage":"sv-SE","potentialAction":[{"@type":"ReadAction","target":["https:\/\/www.lfsl.net\/sv\/inskrivning\/stipendier\/"]}]},{"@type":"ImageObject","inLanguage":"sv-SE","@id":"https:\/\/www.lfsl.net\/sv\/inskrivning\/stipendier\/#primaryimage","url":"https:\/\/www.lfsl.net\/wp-content\/uploads\/2019\/02\/Bourses_1-1024x660.jpg","contentUrl":"https:\/\/www.lfsl.net\/wp-content\/uploads\/2019\/02\/Bourses_1-1024x660.jpg"},{"@type":"BreadcrumbList","@id":"https:\/\/www.lfsl.net\/sv\/inskrivning\/stipendier\/#breadcrumb","itemListElement":[{"@type":"ListItem","position":1,"name":"Home","item":"https:\/\/www.lfsl.net\/sv\/"},{"@type":"ListItem","position":2,"name":"Inskrivning","item":"https:\/\/www.lfsl.net\/sv\/inskrivning\/"},{"@type":"ListItem","position":3,"name":"Stipendier"}]},{"@type":"WebSite","@id":"https:\/\/www.lfsl.net\/sv\/#website","url":"https:\/\/www.lfsl.net\/sv\/","name":"Lyc\u00e9e Fran\u00e7ais Saint Louis de Stockholm","description":"\u00c9tablissement membre du r\u00e9seau AEFE","publisher":{"@id":"https:\/\/www.lfsl.net\/sv\/#organization"},"potentialAction":[{"@type":"SearchAction","target":{"@type":"EntryPoint","urlTemplate":"https:\/\/www.lfsl.net\/sv\/?s={search_term_string}"},"query-input":{"@type":"PropertyValueSpecification","valueRequired":true,"valueName":"search_term_string"}}],"inLanguage":"sv-SE"},{"@type":"Organization","@id":"https:\/\/www.lfsl.net\/sv\/#organization","name":"Lyc\u00e9e Fran\u00e7ais Saint Louis","url":"https:\/\/www.lfsl.net\/sv\/","logo":{"@type":"ImageObject","inLanguage":"sv-SE","@id":"https:\/\/www.lfsl.net\/sv\/#\/schema\/logo\/image\/","url":"https:\/\/www.lfsl.net\/wp-content\/uploads\/2021\/03\/LFSL-logo.jpg","contentUrl":"https:\/\/www.lfsl.net\/wp-content\/uploads\/2021\/03\/LFSL-logo.jpg","width":330,"height":473,"caption":"Lyc\u00e9e Fran\u00e7ais Saint Louis"},"image":{"@id":"https:\/\/www.lfsl.net\/sv\/#\/schema\/logo\/image\/"},"sameAs":["https:\/\/www.facebook.com\/Lyc\u00e9e-Francais-Saint-Louis-182116921840529\/","https:\/\/www.instagram.com\/lyceefrancaisstockholm\/","https:\/\/www.linkedin.com\/school\/lfsl\/","https:\/\/www.youtube.com\/channel\/UCchS4IO4jE_YY0ILwn5NgGQ"]}]}},"_links":{"self":[{"href":"https:\/\/www.lfsl.net\/sv\/wp-json\/wp\/v2\/pages\/2555","targetHints":{"allow":["GET"]}}],"collection":[{"href":"https:\/\/www.lfsl.net\/sv\/wp-json\/wp\/v2\/pages"}],"about":[{"href":"https:\/\/www.lfsl.net\/sv\/wp-json\/wp\/v2\/types\/page"}],"author":[{"embeddable":true,"href":"https:\/\/www.lfsl.net\/sv\/wp-json\/wp\/v2\/users\/1"}],"replies":[{"embeddable":true,"href":"https:\/\/www.lfsl.net\/sv\/wp-json\/wp\/v2\/comments?post=2555"}],"version-history":[{"count":22,"href":"https:\/\/www.lfsl.net\/sv\/wp-json\/wp\/v2\/pages\/2555\/revisions"}],"predecessor-version":[{"id":20661,"href":"https:\/\/www.lfsl.net\/sv\/wp-json\/wp\/v2\/pages\/2555\/revisions\/20661"}],"up":[{"embeddable":true,"href":"https:\/\/www.lfsl.net\/sv\/wp-json\/wp\/v2\/pages\/2553"}],"wp:attachment":[{"href":"https:\/\/www.lfsl.net\/sv\/wp-json\/wp\/v2\/media?parent=2555"}],"curies":[{"name":"wp","href":"https:\/\/api.w.org\/{rel}","templated":true}]}}