{"id":2559,"date":"2019-03-15T14:46:43","date_gmt":"2019-03-15T14:46:43","guid":{"rendered":"http:\/\/lfsl.net.hemsida.eu\/?page_id=2559"},"modified":"2026-02-17T14:50:30","modified_gmt":"2026-02-17T14:50:30","slug":"skolavgifter","status":"publish","type":"page","link":"https:\/\/www.lfsl.net\/sv\/inskrivning\/skolavgifter\/","title":{"rendered":"Skolavgifter"},"content":{"rendered":"\n<div class=\"wp-block-media-text alignwide is-stacked-on-mobile\"><figure class=\"wp-block-media-text__media\"><img loading=\"lazy\" decoding=\"async\" width=\"1024\" height=\"682\" src=\"https:\/\/www.lfsl.net\/wp-content\/uploads\/2019\/02\/Money_2-1-1024x682.jpg\" alt=\"\" class=\"wp-image-2107 size-full\" srcset=\"https:\/\/www.lfsl.net\/wp-content\/uploads\/2019\/02\/Money_2-1-1024x682.jpg 1024w, https:\/\/www.lfsl.net\/wp-content\/uploads\/2019\/02\/Money_2-1-300x200.jpg 300w, https:\/\/www.lfsl.net\/wp-content\/uploads\/2019\/02\/Money_2-1-768x512.jpg 768w, https:\/\/www.lfsl.net\/wp-content\/uploads\/2019\/02\/Money_2-1.jpg 1160w\" sizes=\"auto, (max-width: 1024px) 100vw, 1024px\" \/><\/figure><div class=\"wp-block-media-text__content\">\n<p><strong>De \u00e5rliga skolavgifterna 2025-2026 f\u00f6r barn med ett svenskt personnummer*<\/strong> <strong>, som \u00e4r folkbokf\u00f6rda i Sverige och f\u00f6r vilka skolan erh\u00e5ller skolpeng, \u00e4r:  <\/strong><\/p>\n\n\n\n<p><strong>12 125 SEK \/ CP till CM2 (L\u00e5g- och mellanstadiet)<br>13 350 SEK \/ 6\u00e8me till 3\u00e8me (H\u00f6gstadiet)<br>15 175 SEK \/ 2nde-Terminale (Gymnasiet)<\/strong><\/p>\n\n\n\n<p><strong> <\/strong>* ej inkluderat &#8221;samordningsnummer&#8221;, &#8221;tillf\u00e4lligt personnummer&#8221; eller det barn vars ans\u00f6kan om folkbokf\u00f6ring \u00e4nnu inte har validerats av de lokala myndigheterna.<\/p>\n\n\n\n<p><br><br><\/p>\n<\/div><\/div>\n\n\n\n<p><strong>De \u00e5rliga skolavgifterna 2026-2027 f\u00f6r barn med ett svenskt personnummer*<\/strong> <strong>, som \u00e4r folkbokf\u00f6rda i Sverige och f\u00f6r vilka skolan erh\u00e5ller skolpeng, \u00e4r: <\/strong><\/p>\n\n\n\n<p><strong>14 550 SEK \/ CP till CM2 (L\u00e5g- och mellanstadiet)<br>16 020 SEK \/ 6\u00e8me till 3\u00e8me (H\u00f6gstadiet)<br>18 210 SEK \/ 2nde-Terminale (Gymnasiet)<\/strong><\/p>\n\n\n\n<p>* ej inkluderat &#8221;samordningsnummer&#8221;, &#8221;tillf\u00e4lligt personnummer&#8221; eller det barn vars ans\u00f6kan om folkbokf\u00f6ring \u00e4nnu inte har validerats av de lokala myndigheterna.<br><\/p>\n\n\n\n<h3 class=\"wp-block-heading\">FULL AVGIFT<\/h3>\n\n\n\n<p>F\u00f6r barn p\u00e5 gymnasieniv\u00e5 vars f\u00f6r\u00e4ldrar inte \u00e4r EU \/ ESS \/ schweiziska medborgare s\u00e5v\u00e4l som barn, p\u00e5 alla niv\u00e5er, f\u00f6r vilka skolan inte har erh\u00e5llit en garanti f\u00f6r att kommunerna ger skolpeng vid det datum platsen erbjuds, \u00e4r den \u00e5rliga skolavgiften <strong>154 400 SEK <\/strong>(full avgift) f\u00f6r skol\u00e5ret 2025-2026 (<strong>157 590 SEK<\/strong> f\u00f6r skol\u00e5ret 2026-2027)<br>\u00c5terbetalning kan sedan ske i proportion till den skolpeng som skolan eventuellt erh\u00e5ller fr\u00e5n kommunen senare under skol\u00e5ret. Om eleven inte erh\u00e5ller n\u00e5got personnummer m\u00e5ste full avgift betalas.<\/p>\n\n\n\n<h3 class=\"wp-block-heading\">RABATT F\u00d6R FAMILJER MED M\u00c5NGA BARN<\/h3>\n\n\n\n<p>Rabatt p\u00e5 skolavgiften ges till familjer med flera barn p\u00e5 v\u00e5r skola. Rabatten ges fr\u00e5n och med f\u00f6rsta klass (CP); 15% f\u00f6r det tredje barnet, 20% f\u00f6r det fj\u00e4rde, 25% f\u00f6r det femte och ytterligare barn.<\/p>\n\n\n\n<h3 class=\"wp-block-heading\">SKOLAVGIFT F\u00d6R VARJE P\u00c5B\u00d6RJAD M\u00c5NAD<\/h3>\n\n\n\n<p>Vid sen ankomst eller f\u00f6rtida avslut kommer LFSL att fakturera skolavgifterna pro rata f\u00f6r den perid eleven varit inskriven p\u00e5 skolan, p\u00e5 grundval av hel m\u00e5nad och med ett belopp motsvarande 1\/10 av de \u00e5rliga studieavgifterna per p\u00e5b\u00f6rjad m\u00e5nad, plus eventuella m\u00e5nader enligt upps\u00e4gningstid som inte respekterats.<\/p>\n\n\n\n<p>Skolavgifterna best\u00e4ms och kan anpassas av styrelsen f\u00f6r Stiftelse Lyc\u00e9e Fran\u00e7ais Saint Louis. De faktureras i tv\u00e5 omg\u00e5ngar; en faktura f\u00f6r h\u00f6stterminen och en faktura f\u00f6r v\u00e5rterminen.<\/p>\n\n\n\n<h3 class=\"wp-block-heading\">Avgifter f\u00f6r F\u00f6rskola och Fritids<\/h3>\n\n\n\n<p>Lyc\u00e9e Fran\u00e7ais f\u00f6rskola och Fritids till\u00e4mpar maxtaxa, avgifter som fastst\u00e4lls av Stockholms Stad baserade p\u00e5 hush\u00e5llets inkomst, med ett kostnadstak.<\/p>\n","protected":false},"excerpt":{"rendered":"<p>De \u00e5rliga skolavgifterna 2025-2026 f\u00f6r barn med ett svenskt personnummer* , som \u00e4r folkbokf\u00f6rda i Sverige och f\u00f6r vilka skolan erh\u00e5ller skolpeng, \u00e4r: 12 125 SEK \/ CP till CM2 (L\u00e5g- och mellanstadiet)13 350 SEK \/ 6\u00e8me till 3\u00e8me (H\u00f6gstadiet)15 175 SEK \/ 2nde-Terminale (Gymnasiet) * ej inkluderat &#8221;samordningsnummer&#8221;, &#8221;tillf\u00e4lligt personnummer&#8221; eller det barn vars &#8230; <\/p>\n<p class=\"read-more-container\"><a title=\"Skolavgifter\" class=\"read-more button\" href=\"https:\/\/www.lfsl.net\/sv\/inskrivning\/skolavgifter\/#more-2559\" aria-label=\"L\u00e4s mer om Skolavgifter\">L\u00e4s mer<\/a><\/p>\n","protected":false},"author":1,"featured_media":0,"parent":2553,"menu_order":0,"comment_status":"closed","ping_status":"closed","template":"","meta":{"footnotes":""},"class_list":["post-2559","page","type-page","status-publish"],"yoast_head":"<!-- This site is optimized with the Yoast SEO plugin v27.4 - https:\/\/yoast.com\/product\/yoast-seo-wordpress\/ -->\n<title>Skolavgifter &#8211; Lyc\u00e9e Fran\u00e7ais Saint Louis de Stockholm<\/title>\n<meta name=\"robots\" content=\"index, follow, max-snippet:-1, max-image-preview:large, max-video-preview:-1\" \/>\n<link rel=\"canonical\" href=\"https:\/\/www.lfsl.net\/sv\/inskrivning\/skolavgifter\/\" \/>\n<meta property=\"og:locale\" content=\"sv_SE\" \/>\n<meta property=\"og:type\" content=\"article\" \/>\n<meta property=\"og:title\" content=\"Skolavgifter &#8211; Lyc\u00e9e Fran\u00e7ais Saint Louis de Stockholm\" \/>\n<meta property=\"og:description\" content=\"De \u00e5rliga skolavgifterna 2025-2026 f\u00f6r barn med ett svenskt personnummer* , som \u00e4r folkbokf\u00f6rda i Sverige och f\u00f6r vilka skolan erh\u00e5ller skolpeng, \u00e4r: 12 125 SEK \/ CP till CM2 (L\u00e5g- och mellanstadiet)13 350 SEK \/ 6\u00e8me till 3\u00e8me (H\u00f6gstadiet)15 175 SEK \/ 2nde-Terminale (Gymnasiet) * ej inkluderat &#8221;samordningsnummer&#8221;, &#8221;tillf\u00e4lligt personnummer&#8221; eller det barn vars ... L\u00e4s mer\" \/>\n<meta property=\"og:url\" content=\"https:\/\/www.lfsl.net\/sv\/inskrivning\/skolavgifter\/\" \/>\n<meta property=\"og:site_name\" content=\"Lyc\u00e9e Fran\u00e7ais Saint Louis de Stockholm\" \/>\n<meta property=\"article:publisher\" content=\"https:\/\/www.facebook.com\/Lyc%c3%a9e-Francais-Saint-Louis-182116921840529\/\" \/>\n<meta property=\"article:modified_time\" content=\"2026-02-17T14:50:30+00:00\" \/>\n<meta property=\"og:image\" content=\"https:\/\/www.lfsl.net\/wp-content\/uploads\/2019\/02\/Money_2-1.jpg\" \/>\n\t<meta property=\"og:image:width\" content=\"1160\" \/>\n\t<meta property=\"og:image:height\" content=\"773\" \/>\n\t<meta property=\"og:image:type\" content=\"image\/jpeg\" \/>\n<meta name=\"twitter:card\" content=\"summary_large_image\" \/>\n<script type=\"application\/ld+json\" class=\"yoast-schema-graph\">{\"@context\":\"https:\\\/\\\/schema.org\",\"@graph\":[{\"@type\":\"WebPage\",\"@id\":\"https:\\\/\\\/www.lfsl.net\\\/sv\\\/inskrivning\\\/skolavgifter\\\/\",\"url\":\"https:\\\/\\\/www.lfsl.net\\\/sv\\\/inskrivning\\\/skolavgifter\\\/\",\"name\":\"Skolavgifter &#8211; Lyc\u00e9e Fran\u00e7ais Saint Louis de Stockholm\",\"isPartOf\":{\"@id\":\"https:\\\/\\\/www.lfsl.net\\\/sv\\\/#website\"},\"primaryImageOfPage\":{\"@id\":\"https:\\\/\\\/www.lfsl.net\\\/sv\\\/inskrivning\\\/skolavgifter\\\/#primaryimage\"},\"image\":{\"@id\":\"https:\\\/\\\/www.lfsl.net\\\/sv\\\/inskrivning\\\/skolavgifter\\\/#primaryimage\"},\"thumbnailUrl\":\"https:\\\/\\\/www.lfsl.net\\\/wp-content\\\/uploads\\\/2019\\\/02\\\/Money_2-1-1024x682.jpg\",\"datePublished\":\"2019-03-15T14:46:43+00:00\",\"dateModified\":\"2026-02-17T14:50:30+00:00\",\"breadcrumb\":{\"@id\":\"https:\\\/\\\/www.lfsl.net\\\/sv\\\/inskrivning\\\/skolavgifter\\\/#breadcrumb\"},\"inLanguage\":\"sv-SE\",\"potentialAction\":[{\"@type\":\"ReadAction\",\"target\":[\"https:\\\/\\\/www.lfsl.net\\\/sv\\\/inskrivning\\\/skolavgifter\\\/\"]}]},{\"@type\":\"ImageObject\",\"inLanguage\":\"sv-SE\",\"@id\":\"https:\\\/\\\/www.lfsl.net\\\/sv\\\/inskrivning\\\/skolavgifter\\\/#primaryimage\",\"url\":\"https:\\\/\\\/www.lfsl.net\\\/wp-content\\\/uploads\\\/2019\\\/02\\\/Money_2-1-1024x682.jpg\",\"contentUrl\":\"https:\\\/\\\/www.lfsl.net\\\/wp-content\\\/uploads\\\/2019\\\/02\\\/Money_2-1-1024x682.jpg\"},{\"@type\":\"BreadcrumbList\",\"@id\":\"https:\\\/\\\/www.lfsl.net\\\/sv\\\/inskrivning\\\/skolavgifter\\\/#breadcrumb\",\"itemListElement\":[{\"@type\":\"ListItem\",\"position\":1,\"name\":\"Home\",\"item\":\"https:\\\/\\\/www.lfsl.net\\\/sv\\\/\"},{\"@type\":\"ListItem\",\"position\":2,\"name\":\"Inskrivning\",\"item\":\"https:\\\/\\\/www.lfsl.net\\\/sv\\\/inskrivning\\\/\"},{\"@type\":\"ListItem\",\"position\":3,\"name\":\"Skolavgifter\"}]},{\"@type\":\"WebSite\",\"@id\":\"https:\\\/\\\/www.lfsl.net\\\/sv\\\/#website\",\"url\":\"https:\\\/\\\/www.lfsl.net\\\/sv\\\/\",\"name\":\"Lyc\u00e9e Fran\u00e7ais Saint Louis de Stockholm\",\"description\":\"\u00c9tablissement membre du r\u00e9seau AEFE\",\"publisher\":{\"@id\":\"https:\\\/\\\/www.lfsl.net\\\/sv\\\/#organization\"},\"potentialAction\":[{\"@type\":\"SearchAction\",\"target\":{\"@type\":\"EntryPoint\",\"urlTemplate\":\"https:\\\/\\\/www.lfsl.net\\\/sv\\\/?s={search_term_string}\"},\"query-input\":{\"@type\":\"PropertyValueSpecification\",\"valueRequired\":true,\"valueName\":\"search_term_string\"}}],\"inLanguage\":\"sv-SE\"},{\"@type\":\"Organization\",\"@id\":\"https:\\\/\\\/www.lfsl.net\\\/sv\\\/#organization\",\"name\":\"Lyc\u00e9e Fran\u00e7ais Saint Louis\",\"url\":\"https:\\\/\\\/www.lfsl.net\\\/sv\\\/\",\"logo\":{\"@type\":\"ImageObject\",\"inLanguage\":\"sv-SE\",\"@id\":\"https:\\\/\\\/www.lfsl.net\\\/sv\\\/#\\\/schema\\\/logo\\\/image\\\/\",\"url\":\"https:\\\/\\\/www.lfsl.net\\\/wp-content\\\/uploads\\\/2021\\\/03\\\/LFSL-logo.jpg\",\"contentUrl\":\"https:\\\/\\\/www.lfsl.net\\\/wp-content\\\/uploads\\\/2021\\\/03\\\/LFSL-logo.jpg\",\"width\":330,\"height\":473,\"caption\":\"Lyc\u00e9e Fran\u00e7ais Saint Louis\"},\"image\":{\"@id\":\"https:\\\/\\\/www.lfsl.net\\\/sv\\\/#\\\/schema\\\/logo\\\/image\\\/\"},\"sameAs\":[\"https:\\\/\\\/www.facebook.com\\\/Lyc\u00e9e-Francais-Saint-Louis-182116921840529\\\/\",\"https:\\\/\\\/www.instagram.com\\\/lyceefrancaisstockholm\\\/\",\"https:\\\/\\\/www.linkedin.com\\\/school\\\/lfsl\\\/\",\"https:\\\/\\\/www.youtube.com\\\/channel\\\/UCchS4IO4jE_YY0ILwn5NgGQ\"]}]}<\/script>\n<!-- \/ Yoast SEO plugin. -->","yoast_head_json":{"title":"Skolavgifter &#8211; Lyc\u00e9e Fran\u00e7ais Saint Louis de Stockholm","robots":{"index":"index","follow":"follow","max-snippet":"max-snippet:-1","max-image-preview":"max-image-preview:large","max-video-preview":"max-video-preview:-1"},"canonical":"https:\/\/www.lfsl.net\/sv\/inskrivning\/skolavgifter\/","og_locale":"sv_SE","og_type":"article","og_title":"Skolavgifter &#8211; Lyc\u00e9e Fran\u00e7ais Saint Louis de Stockholm","og_description":"De \u00e5rliga skolavgifterna 2025-2026 f\u00f6r barn med ett svenskt personnummer* , som \u00e4r folkbokf\u00f6rda i Sverige och f\u00f6r vilka skolan erh\u00e5ller skolpeng, \u00e4r: 12 125 SEK \/ CP till CM2 (L\u00e5g- och mellanstadiet)13 350 SEK \/ 6\u00e8me till 3\u00e8me (H\u00f6gstadiet)15 175 SEK \/ 2nde-Terminale (Gymnasiet) * ej inkluderat &#8221;samordningsnummer&#8221;, &#8221;tillf\u00e4lligt personnummer&#8221; eller det barn vars ... L\u00e4s mer","og_url":"https:\/\/www.lfsl.net\/sv\/inskrivning\/skolavgifter\/","og_site_name":"Lyc\u00e9e Fran\u00e7ais Saint Louis de Stockholm","article_publisher":"https:\/\/www.facebook.com\/Lyc%c3%a9e-Francais-Saint-Louis-182116921840529\/","article_modified_time":"2026-02-17T14:50:30+00:00","og_image":[{"width":1160,"height":773,"url":"https:\/\/www.lfsl.net\/wp-content\/uploads\/2019\/02\/Money_2-1.jpg","type":"image\/jpeg"}],"twitter_card":"summary_large_image","schema":{"@context":"https:\/\/schema.org","@graph":[{"@type":"WebPage","@id":"https:\/\/www.lfsl.net\/sv\/inskrivning\/skolavgifter\/","url":"https:\/\/www.lfsl.net\/sv\/inskrivning\/skolavgifter\/","name":"Skolavgifter &#8211; Lyc\u00e9e Fran\u00e7ais Saint Louis de Stockholm","isPartOf":{"@id":"https:\/\/www.lfsl.net\/sv\/#website"},"primaryImageOfPage":{"@id":"https:\/\/www.lfsl.net\/sv\/inskrivning\/skolavgifter\/#primaryimage"},"image":{"@id":"https:\/\/www.lfsl.net\/sv\/inskrivning\/skolavgifter\/#primaryimage"},"thumbnailUrl":"https:\/\/www.lfsl.net\/wp-content\/uploads\/2019\/02\/Money_2-1-1024x682.jpg","datePublished":"2019-03-15T14:46:43+00:00","dateModified":"2026-02-17T14:50:30+00:00","breadcrumb":{"@id":"https:\/\/www.lfsl.net\/sv\/inskrivning\/skolavgifter\/#breadcrumb"},"inLanguage":"sv-SE","potentialAction":[{"@type":"ReadAction","target":["https:\/\/www.lfsl.net\/sv\/inskrivning\/skolavgifter\/"]}]},{"@type":"ImageObject","inLanguage":"sv-SE","@id":"https:\/\/www.lfsl.net\/sv\/inskrivning\/skolavgifter\/#primaryimage","url":"https:\/\/www.lfsl.net\/wp-content\/uploads\/2019\/02\/Money_2-1-1024x682.jpg","contentUrl":"https:\/\/www.lfsl.net\/wp-content\/uploads\/2019\/02\/Money_2-1-1024x682.jpg"},{"@type":"BreadcrumbList","@id":"https:\/\/www.lfsl.net\/sv\/inskrivning\/skolavgifter\/#breadcrumb","itemListElement":[{"@type":"ListItem","position":1,"name":"Home","item":"https:\/\/www.lfsl.net\/sv\/"},{"@type":"ListItem","position":2,"name":"Inskrivning","item":"https:\/\/www.lfsl.net\/sv\/inskrivning\/"},{"@type":"ListItem","position":3,"name":"Skolavgifter"}]},{"@type":"WebSite","@id":"https:\/\/www.lfsl.net\/sv\/#website","url":"https:\/\/www.lfsl.net\/sv\/","name":"Lyc\u00e9e Fran\u00e7ais Saint Louis de Stockholm","description":"\u00c9tablissement membre du r\u00e9seau AEFE","publisher":{"@id":"https:\/\/www.lfsl.net\/sv\/#organization"},"potentialAction":[{"@type":"SearchAction","target":{"@type":"EntryPoint","urlTemplate":"https:\/\/www.lfsl.net\/sv\/?s={search_term_string}"},"query-input":{"@type":"PropertyValueSpecification","valueRequired":true,"valueName":"search_term_string"}}],"inLanguage":"sv-SE"},{"@type":"Organization","@id":"https:\/\/www.lfsl.net\/sv\/#organization","name":"Lyc\u00e9e Fran\u00e7ais Saint Louis","url":"https:\/\/www.lfsl.net\/sv\/","logo":{"@type":"ImageObject","inLanguage":"sv-SE","@id":"https:\/\/www.lfsl.net\/sv\/#\/schema\/logo\/image\/","url":"https:\/\/www.lfsl.net\/wp-content\/uploads\/2021\/03\/LFSL-logo.jpg","contentUrl":"https:\/\/www.lfsl.net\/wp-content\/uploads\/2021\/03\/LFSL-logo.jpg","width":330,"height":473,"caption":"Lyc\u00e9e Fran\u00e7ais Saint Louis"},"image":{"@id":"https:\/\/www.lfsl.net\/sv\/#\/schema\/logo\/image\/"},"sameAs":["https:\/\/www.facebook.com\/Lyc\u00e9e-Francais-Saint-Louis-182116921840529\/","https:\/\/www.instagram.com\/lyceefrancaisstockholm\/","https:\/\/www.linkedin.com\/school\/lfsl\/","https:\/\/www.youtube.com\/channel\/UCchS4IO4jE_YY0ILwn5NgGQ"]}]}},"_links":{"self":[{"href":"https:\/\/www.lfsl.net\/sv\/wp-json\/wp\/v2\/pages\/2559","targetHints":{"allow":["GET"]}}],"collection":[{"href":"https:\/\/www.lfsl.net\/sv\/wp-json\/wp\/v2\/pages"}],"about":[{"href":"https:\/\/www.lfsl.net\/sv\/wp-json\/wp\/v2\/types\/page"}],"author":[{"embeddable":true,"href":"https:\/\/www.lfsl.net\/sv\/wp-json\/wp\/v2\/users\/1"}],"replies":[{"embeddable":true,"href":"https:\/\/www.lfsl.net\/sv\/wp-json\/wp\/v2\/comments?post=2559"}],"version-history":[{"count":35,"href":"https:\/\/www.lfsl.net\/sv\/wp-json\/wp\/v2\/pages\/2559\/revisions"}],"predecessor-version":[{"id":24834,"href":"https:\/\/www.lfsl.net\/sv\/wp-json\/wp\/v2\/pages\/2559\/revisions\/24834"}],"up":[{"embeddable":true,"href":"https:\/\/www.lfsl.net\/sv\/wp-json\/wp\/v2\/pages\/2553"}],"wp:attachment":[{"href":"https:\/\/www.lfsl.net\/sv\/wp-json\/wp\/v2\/media?parent=2559"}],"curies":[{"name":"wp","href":"https:\/\/api.w.org\/{rel}","templated":true}]}}