{"id":2563,"date":"2019-03-15T14:47:55","date_gmt":"2019-03-15T14:47:55","guid":{"rendered":"http:\/\/lfsl.net.hemsida.eu\/?page_id=2563"},"modified":"2026-02-19T15:31:13","modified_gmt":"2026-02-19T15:31:13","slug":"inskrivningsprocessen","status":"publish","type":"page","link":"https:\/\/www.lfsl.net\/sv\/inskrivning\/inskrivningsprocessen\/","title":{"rendered":"Inskrivningsprocessen"},"content":{"rendered":"\n<div class=\"wp-block-media-text alignwide is-stacked-on-mobile\" style=\"grid-template-columns:45% auto\"><figure class=\"wp-block-media-text__media\"><img loading=\"lazy\" decoding=\"async\" width=\"1024\" height=\"682\" src=\"https:\/\/www.lfsl.net\/wp-content\/uploads\/2019\/02\/Inscription_2-1024x682.jpg\" alt=\"\" class=\"wp-image-2085 size-full\" srcset=\"https:\/\/www.lfsl.net\/wp-content\/uploads\/2019\/02\/Inscription_2-1024x682.jpg 1024w, https:\/\/www.lfsl.net\/wp-content\/uploads\/2019\/02\/Inscription_2-300x200.jpg 300w, https:\/\/www.lfsl.net\/wp-content\/uploads\/2019\/02\/Inscription_2-768x512.jpg 768w, https:\/\/www.lfsl.net\/wp-content\/uploads\/2019\/02\/Inscription_2.jpg 1160w\" sizes=\"auto, (max-width: 1024px) 100vw, 1024px\" \/><\/figure><div class=\"wp-block-media-text__content\">\n<h1 class=\"wp-block-heading\"><strong>INSKRIVNING 2026-2027 <\/strong><\/h1>\n\n\n\n<h4 class=\"wp-block-heading\">kampanjen f\u00f6r INSKRIVNING AV ELEVER l\u00e4s\u00e5ret 2026-2027 \u00e4r nu \u00d6PPEN.<\/h4>\n\n\n\n<p>Ans\u00f6kan sker via plattformen <a href=\"https:\/\/lfsl.eduka.school\/\">Eduka.<\/a><\/p>\n\n\n\n<p><br><\/p>\n\n\n\n<p><br><\/p>\n<\/div><\/div>\n\n\n\n<h3 class=\"wp-block-heading\">INSKRIVNING <\/h3>\n\n\n\n<p>F\u00f6r alla f\u00f6rfr\u00e5gningar, v\u00e4nligen kontakta: <a href=\"mailto:admissions@lfsl.net\">admissions@lfsl.net<\/a><\/p>\n\n\n\n<p><a href=\"https:\/\/www.lfsl.net\/wp-content\/uploads\/2026\/02\/Courrier_APE_LFSL_Modification_choix_E-mail_FR_SE_Final_26-27.pdf\" target=\"_blank\" rel=\"noreferrer noopener\">Meddelande fr\u00e5n F\u00f6r\u00e4ldraf\u00f6reningen \/ APE <\/a>(p\u00e5 svenska och franska)<br><br>F\u00f6r ytterligare information eller fr\u00e5gor om v\u00e5r verksamhet, v\u00e4nligen kontakta <a href=\"Maito:jffournier@lfsl.net\">Inskrivningen<\/a><\/p>\n\n\n\n<p>N.B N\u00e4r det g\u00e4ller f\u00f6rskolan hanteras v\u00e4ntelistan via <a href=\"https:\/\/forskola.stockholm\/hitta-forskola\/forskola\/lycee-francais-saint-louis-forskola\/\">Stockholms stads registreringsportal<\/a>. <\/p>\n\n\n\n<p>F\u00f6r att g\u00f6ra detta m\u00e5ste man vara registrerad i Sverige och ha en svensk elektronisk legitimation.<\/p>\n\n\n\n<hr class=\"wp-block-separator has-alpha-channel-opacity\"\/>\n\n\n\n<h3 class=\"wp-block-heading\">Lyc\u00e9e Fran\u00e7ais Saint Louis, v\u00e5rt uppdrag&nbsp;:<\/h3>\n\n\n\n<p>Uppdraget f\u00f6r Lyc\u00e9e Fran\u00e7ais Saint Louis, som ing\u00e5r i AEFE:s internationella n\u00e4tverk, \u00e4r tredubbelt:<\/p>\n\n\n\n<ul class=\"wp-block-list\">\n<li>att utbilda franska barn bosatta i Sverige,<\/li>\n\n\n\n<li>att utbilda&nbsp; barn i Sverige vars familjer har valt att f\u00f6lja det franska skolsystemet,<\/li>\n\n\n\n<li>att utbilda skolbarn med annat medborgarskap, vars familj har valt det franska skolsystemet<\/li>\n<\/ul>\n\n\n\n<p>V\u00e5rt m\u00e5l \u00e4r att fr\u00e4mja det franska spr\u00e5ket och den franska kulturen p\u00e5 skolan, samt att g\u00f6ra det m\u00f6jligt f\u00f6r eleverna att uppt\u00e4cka v\u00e4rdlandet Sverige och dess kultur.<\/p>\n\n\n\n<p>Vi f\u00f6ljer det franska Utbildningsministeriets nationella l\u00e4roplan och \u00e4r d\u00e4rmed ber\u00e4ttigade att erbjuda de franska examina s\u00e5som DNB &#8211; National Diploma of the Brevet &#8211; i slutet av 3\u00e8me och Baccalaur\u00e9at, samt den svenska OIB till slutet av Terminale (tredje \u00e5ret p\u00e5 gymnasiet).<\/p>\n\n\n\n<p>P\u00e5 skolan ges \u00e4ven undervisning i svenska:&nbsp; <a aria-label=\"Svenskundervisning p\u00e5 LFSL &nbsp; (opens in a new tab)\" href=\"https:\/\/www.lfsl.net\/sv\/skolgang\/svenskundervisning\/\" target=\"_blank\" rel=\"noreferrer noopener\">Svenskundervisning p\u00e5 LFSL &nbsp;<\/a><br><\/p>\n\n\n\n<hr class=\"wp-block-separator has-alpha-channel-opacity\"\/>\n\n\n\n<div class=\"wp-block-columns has-2-columns is-layout-flex wp-container-core-columns-is-layout-9d6595d7 wp-block-columns-is-layout-flex\">\n<div class=\"wp-block-column is-layout-flow wp-block-column-is-layout-flow\">\n<h3 class=\"wp-block-heading\">Grundskolan<\/h3>\n\n\n\n<p>Antagningen till klasserna i grundskolan prioriterar barn med f\u00f6ljande profil:<\/p>\n\n\n\n<p>\u2022 Barn till franska familjer, som bor i Sverige under en begr\u00e4nsad tid, som kommer fr\u00e5n det franska skolsystemet (t.ex. en skola i Frankrike eller skola inom AEFE-n\u00e4tverket),<\/p>\n\n\n\n<p>\u2022 Barn till familjer fr\u00e5n ett tredje land, som bor i Sverige under en begr\u00e4nsad tid och som tillh\u00f6r det franska skolsystemet (t.ex. skolan i Frankrike eller skola inom AEFE-n\u00e4tverket),<\/p>\n\n\n\n<p>\u2022 barn som har av syskon vilka redan \u00e4r inskrivna p\u00e5 skolan<\/p>\n\n\n\n<p>\u2022 i CP, barn vilka g\u00e5tt i f\u00f6rskolan Lyc\u00e9e Fran\u00e7ais Saint Louis,<\/p>\n\n\n\n<p>\u2022 i CP, barn vilka g\u00e5tt i f\u00f6rskolan Lyc\u00e9e Fran\u00e7ais Saint Louis,<\/p>\n\n\n\n<p>\u2022 \u00d6vriga fall.<\/p>\n<\/div>\n\n\n\n<div class=\"wp-block-column is-layout-flow wp-block-column-is-layout-flow\">\n<h3 class=\"wp-block-heading\">Gymnasiet<\/h3>\n\n\n\n<p>Inskrivning p\u00e5 gymnasiet g\u00e4ller fr\u00e4mst barn med f\u00f6ljande profil:<\/p>\n\n\n\n<p>\u2022 Barn fr\u00e5n franska familjer, som bor i Sverige under en begr\u00e4nsad tid, som kommer fr\u00e5n det franska skolsystemet (t.ex. skolan i Frankrike eller skola inom AEFE-n\u00e4tverket),<\/p>\n\n\n\n<p>\u2022 Barn fr\u00e5n familjer fr\u00e5n ett tredje land, som bor i Sverige under en begr\u00e4nsad tid och som g\u00e5tt i det franska skolsystemet (t.ex. skolan i Frankrike eller skola inom AEFE-n\u00e4tverket),<\/p>\n\n\n\n<p>\u2022 Barn fr\u00e5n svenska familjer, som har g\u00e5tt hela sin skolg\u00e5ng i det franska skolsystemet och valt att studera till en fransk Baccalaur\u00e9at.<\/p>\n<\/div>\n<\/div>\n\n\n\n<p><strong>Viktigt:<\/strong><br>Alla barn som inte kommer ifr\u00e5n det franska skolsystemet m\u00e5ste genomg\u00e5 en niv\u00e5bed\u00f6mning, vilken avg\u00f6r m\u00f6jligheten f\u00f6r inskrivning.<\/p>\n\n\n\n<hr class=\"wp-block-separator has-alpha-channel-opacity\"\/>\n\n\n\n<h3 class=\"wp-block-heading\">Inskrivningsavgift<\/h3>\n\n\n\n<p>Tillsammans med platserbjudandet f\u00e5r du:<\/p>\n\n\n\n<p>\u2022 En faktura f\u00f6r registreringsavgift p\u00e5 1890 SEK (2026-2027)<br>\u2022 En ekonomisk f\u00f6rordning (se f\u00f6rklaringar nedan)<\/p>\n\n\n\n<p>Inskrivningen tr\u00e4der i kraft n\u00e4r betalningen av anm\u00e4lningsavgiften och godk\u00e4nnandet av den ekonomiska f\u00f6rordningen inkommit till LFSL.<\/p>\n\n\n\n<p>Dokument f\u00f6r elever med s\u00e4rkilda behov&nbsp;: (p\u00e5 franska)<br>&nbsp;<a href=\"https:\/\/www.lfsl.net\/wp-content\/uploads\/2019\/02\/2017-brochure-accueil-eleves-besoins-educatifs-particuliers.pdf\">2017-brochure-accueil-eleves-besoins-educatifs-particuliers<\/a><br><a href=\"https:\/\/www.lfsl.net\/wp-content\/uploads\/2019\/02\/scolarisation-\u00e9l\u00e8ves-parcours-de-sclarisation.pdf\">Scolarisation \u00e9l\u00e8ves parcours de scolarisation<\/a><\/p>\n\n\n\n<hr class=\"wp-block-separator has-alpha-channel-opacity\"\/>\n\n\n\n<h3 class=\"wp-block-heading\">Antagning<\/h3>\n\n\n\n<p>Skolan \u00e4r \u00f6ppen f\u00f6r barn av alla nationaliteter. Men fr\u00e5n CP (6 \u00e5r) \u00e4r goda kunskaper i franska v\u00e4sentligt. Antagningen baseras p\u00e5 v\u00e5r kapacitet (antal elever) d\u00e4r de elever prioriteras som redan \u00e4r f\u00f6ljer det franska skolsystemet och som \u00e4r godk\u00e4nda p\u00e5 den niv\u00e5 som anges p\u00e5 intyget om upps\u00e4gning av plats (exeat) samt med godk\u00e4nda betyg.<br>Alla barn som ej kommer fr\u00e5n det franska skolsystemet m\u00e5ste genomg\u00e5 ett niv\u00e5test.<\/p>\n\n\n\n<p><strong>Dokument som ska l\u00e4mnas in tillsammans med ans\u00f6kan:<\/strong><\/p>\n\n\n\n<p>a. F\u00f6r familjer med hemvist i Sverige:<\/p>\n\n\n\n<ul class=\"wp-block-list\">\n<li>bevis p\u00e5 elevens medborgarskap, &#8221;personbevis&#8221;,<\/li>\n\n\n\n<li>vid skilsm\u00e4ssa \/ separation, ett officiellt dokument som anger barnets v\u00e5rdnadshavare.<\/li>\n<\/ul>\n\n\n\n<p>b. I annat fall:<\/p>\n\n\n\n<ul class=\"wp-block-list\">\n<li>bevis p\u00e5 elevens medborgarskap (kopia av identitetskort eller pass),<\/li>\n\n\n\n<li>en kopia av familjeh\u00e4ftet (\u00e4ktenskap och barn),<\/li>\n\n\n\n<li>ett utbildningsbevis fr\u00e5n den tidigare skolan<\/li>\n\n\n\n<li>en kopia av betygen f\u00f6r innevarande \u00e5r, samt 3:e kvartalet f\u00f6reg\u00e5ende \u00e5r,<\/li>\n\n\n\n<li>vid skilsm\u00e4ssa \/ separation, ett officiellt dokument som anger barnets v\u00e5rdnadshavare.<\/li>\n\n\n\n<li>bevis p\u00e5 f\u00f6r\u00e4ldrarnas nationalitet (kopia av identitetskort eller pass fr\u00e5n b\u00e5da f\u00f6r\u00e4ldrarna ELLER \u00e5tminstone en av f\u00f6r\u00e4ldrarna som ska arbeta i Sverige)<\/li>\n\n\n\n<li>kopia av elevens diplomatpass ELLER av en av de tv\u00e5 f\u00f6r\u00e4ldrarna med diplomatstatus pass (endast f\u00f6r barn till diplomater)<\/li>\n<\/ul>\n\n\n\n<hr class=\"wp-block-separator has-alpha-channel-opacity\"\/>\n\n\n\n<h3 class=\"wp-block-heading\">Innan skolstart<\/h3>\n\n\n\n<p>Ett intyg att eleven har l\u00e4mnat den tidigare skolan (exeat), hela skolmappen inklusive den tidigare skolans godk\u00e4nnande att flytta upp till n\u00e4sta klass, samt h\u00e4lsodokumentationen.<\/p>\n\n\n\n<p>Lyc\u00e9e Fran\u00e7ais Saint Louis de Stockholm<br><span style=\"font-size: inherit; background-color: initial;\">Inskrivning<br><\/span>Essingestr\u00e5ket 24<br>112 66 Stockholm<\/p>\n\n\n\n<p>T\u00e9l. : +46 8 441 30 30<br>E-mail :&nbsp;admissions@lfsl.net<\/p>\n\n\n\n<hr class=\"wp-block-separator has-alpha-channel-opacity\"\/>\n\n\n\n<h3 class=\"wp-block-heading\">F\u00f6rskolAn &#8211; ans\u00f6ka om plats<\/h3>\n\n\n\n<p>F\u00f6r att st\u00e4lla ditt barn i k\u00f6 till v\u00e5r f\u00f6rskola ska du g\u00e5 in p\u00e5:&nbsp;<\/p>\n\n\n\n<p><a href=\"https:\/\/forskola.stockholm\/sok-plats-pa-forskolan\/\">https:\/\/forskola.stockholm\/sok-plats-pa-forskolan\/<\/a>. F\u00f6r att kunna anm\u00e4la ditt barn till k\u00f6n m\u00e5ste barnet ha ett svenskt personnummer. Ans\u00f6kan g\u00f6rs digitalt via Bank ID eller skriftligen via blankett. &nbsp;<\/p>\n\n\n\n<p><br>F\u00f6rdelningen av platser baseras p\u00e5 f\u00f6rskolans kapacitet och enligt f\u00f6ljande prioriteringskriterier:&nbsp;<\/p>\n\n\n\n<p>1) Syskonf\u00f6rtur (br\u00f6der och systrar som redan g\u00e5r p\u00e5 f\u00f6rskolan)<br>2) Registreringsdatum i k\u00f6n&nbsp;<\/p>\n\n\n\n<p>N.B Familjer som inte \u00e4r folkbokf\u00f6rda i Sverige kan ringa eller mejla Kontaktcenter F\u00f6rskola i Stockholms stad f\u00f6r mer information. Telefon: +46 (8) 508 11&nbsp;550 &nbsp;<\/p>\n\n\n\n<p>E-post:&nbsp;<a href=\"mailto:forskola@stockholm.se\"><u>forskola@stockholm.se<\/u><\/a>&nbsp;<\/p>\n\n\n\n<p>F\u00f6rskoleavgiften ber\u00e4knas enligt Stockholms Stads \u201cmaxtaxa\u201d, vilken \u00e4r kopplad till familjens inkomst.<br><br><strong>Viktigt:<\/strong><br>\u2013 En plats p\u00e5 f\u00f6rskolan garanterar inte automatiskt en plats f\u00f6r barnet i den internationella skolan.<\/p>\n\n\n\n<p>\u2013 Eftersom inskrivningsprocessen till f\u00f6rskolan sker separat fr\u00e5n den internationella skolan inneb\u00e4r det att syskon kan erbjudas plats i den internationella skolan, men inte alltid p\u00e5 f\u00f6rskolan.&nbsp;<\/p>\n\n\n\n<p><\/p>\n\n\n\n<p><\/p>\n\n\n\n<p><\/p>\n\n\n\n<p><\/p>\n\n\n\n<p><\/p>\n","protected":false},"excerpt":{"rendered":"<p>INSKRIVNING 2026-2027 kampanjen f\u00f6r INSKRIVNING AV ELEVER l\u00e4s\u00e5ret 2026-2027 \u00e4r nu \u00d6PPEN. Ans\u00f6kan sker via plattformen Eduka. INSKRIVNING F\u00f6r alla f\u00f6rfr\u00e5gningar, v\u00e4nligen kontakta: admissions@lfsl.net Meddelande fr\u00e5n F\u00f6r\u00e4ldraf\u00f6reningen \/ APE (p\u00e5 svenska och franska) F\u00f6r ytterligare information eller fr\u00e5gor om v\u00e5r verksamhet, v\u00e4nligen kontakta Inskrivningen N.B N\u00e4r det g\u00e4ller f\u00f6rskolan hanteras v\u00e4ntelistan via Stockholms stads registreringsportal. &#8230; <\/p>\n<p class=\"read-more-container\"><a title=\"Inskrivningsprocessen\" class=\"read-more button\" href=\"https:\/\/www.lfsl.net\/sv\/inskrivning\/inskrivningsprocessen\/#more-2563\" aria-label=\"L\u00e4s mer om Inskrivningsprocessen\">L\u00e4s mer<\/a><\/p>\n","protected":false},"author":1,"featured_media":0,"parent":2553,"menu_order":0,"comment_status":"closed","ping_status":"closed","template":"","meta":{"footnotes":""},"class_list":["post-2563","page","type-page","status-publish"],"yoast_head":"<!-- This site is optimized with the Yoast SEO plugin v27.5 - https:\/\/yoast.com\/product\/yoast-seo-wordpress\/ -->\n<title>Inskrivningsprocessen &#8211; Lyc\u00e9e Fran\u00e7ais Saint Louis de Stockholm<\/title>\n<meta name=\"robots\" content=\"index, follow, max-snippet:-1, max-image-preview:large, max-video-preview:-1\" \/>\n<link rel=\"canonical\" href=\"https:\/\/www.lfsl.net\/sv\/inskrivning\/inskrivningsprocessen\/\" \/>\n<meta property=\"og:locale\" content=\"sv_SE\" \/>\n<meta property=\"og:type\" content=\"article\" \/>\n<meta property=\"og:title\" content=\"Inskrivningsprocessen &#8211; Lyc\u00e9e Fran\u00e7ais Saint Louis de Stockholm\" \/>\n<meta property=\"og:description\" content=\"INSKRIVNING 2026-2027 kampanjen f\u00f6r INSKRIVNING AV ELEVER l\u00e4s\u00e5ret 2026-2027 \u00e4r nu \u00d6PPEN. Ans\u00f6kan sker via plattformen Eduka. INSKRIVNING F\u00f6r alla f\u00f6rfr\u00e5gningar, v\u00e4nligen kontakta: admissions@lfsl.net Meddelande fr\u00e5n F\u00f6r\u00e4ldraf\u00f6reningen \/ APE (p\u00e5 svenska och franska) F\u00f6r ytterligare information eller fr\u00e5gor om v\u00e5r verksamhet, v\u00e4nligen kontakta Inskrivningen N.B N\u00e4r det g\u00e4ller f\u00f6rskolan hanteras v\u00e4ntelistan via Stockholms stads registreringsportal. ... L\u00e4s mer\" \/>\n<meta property=\"og:url\" content=\"https:\/\/www.lfsl.net\/sv\/inskrivning\/inskrivningsprocessen\/\" \/>\n<meta property=\"og:site_name\" content=\"Lyc\u00e9e Fran\u00e7ais Saint Louis de Stockholm\" \/>\n<meta property=\"article:publisher\" content=\"https:\/\/www.facebook.com\/Lyc%c3%a9e-Francais-Saint-Louis-182116921840529\/\" \/>\n<meta property=\"article:modified_time\" content=\"2026-02-19T15:31:13+00:00\" \/>\n<meta property=\"og:image\" content=\"https:\/\/www.lfsl.net\/wp-content\/uploads\/2019\/02\/Inscription_2.jpg\" \/>\n\t<meta property=\"og:image:width\" content=\"1160\" \/>\n\t<meta property=\"og:image:height\" content=\"773\" \/>\n\t<meta property=\"og:image:type\" content=\"image\/jpeg\" \/>\n<meta name=\"twitter:card\" content=\"summary_large_image\" \/>\n<script type=\"application\/ld+json\" class=\"yoast-schema-graph\">{\"@context\":\"https:\\\/\\\/schema.org\",\"@graph\":[{\"@type\":\"WebPage\",\"@id\":\"https:\\\/\\\/www.lfsl.net\\\/sv\\\/inskrivning\\\/inskrivningsprocessen\\\/\",\"url\":\"https:\\\/\\\/www.lfsl.net\\\/sv\\\/inskrivning\\\/inskrivningsprocessen\\\/\",\"name\":\"Inskrivningsprocessen &#8211; Lyc\u00e9e Fran\u00e7ais Saint Louis de Stockholm\",\"isPartOf\":{\"@id\":\"https:\\\/\\\/www.lfsl.net\\\/sv\\\/#website\"},\"primaryImageOfPage\":{\"@id\":\"https:\\\/\\\/www.lfsl.net\\\/sv\\\/inskrivning\\\/inskrivningsprocessen\\\/#primaryimage\"},\"image\":{\"@id\":\"https:\\\/\\\/www.lfsl.net\\\/sv\\\/inskrivning\\\/inskrivningsprocessen\\\/#primaryimage\"},\"thumbnailUrl\":\"https:\\\/\\\/www.lfsl.net\\\/wp-content\\\/uploads\\\/2019\\\/02\\\/Inscription_2-1024x682.jpg\",\"datePublished\":\"2019-03-15T14:47:55+00:00\",\"dateModified\":\"2026-02-19T15:31:13+00:00\",\"breadcrumb\":{\"@id\":\"https:\\\/\\\/www.lfsl.net\\\/sv\\\/inskrivning\\\/inskrivningsprocessen\\\/#breadcrumb\"},\"inLanguage\":\"sv-SE\",\"potentialAction\":[{\"@type\":\"ReadAction\",\"target\":[\"https:\\\/\\\/www.lfsl.net\\\/sv\\\/inskrivning\\\/inskrivningsprocessen\\\/\"]}]},{\"@type\":\"ImageObject\",\"inLanguage\":\"sv-SE\",\"@id\":\"https:\\\/\\\/www.lfsl.net\\\/sv\\\/inskrivning\\\/inskrivningsprocessen\\\/#primaryimage\",\"url\":\"https:\\\/\\\/www.lfsl.net\\\/wp-content\\\/uploads\\\/2019\\\/02\\\/Inscription_2-1024x682.jpg\",\"contentUrl\":\"https:\\\/\\\/www.lfsl.net\\\/wp-content\\\/uploads\\\/2019\\\/02\\\/Inscription_2-1024x682.jpg\"},{\"@type\":\"BreadcrumbList\",\"@id\":\"https:\\\/\\\/www.lfsl.net\\\/sv\\\/inskrivning\\\/inskrivningsprocessen\\\/#breadcrumb\",\"itemListElement\":[{\"@type\":\"ListItem\",\"position\":1,\"name\":\"Home\",\"item\":\"https:\\\/\\\/www.lfsl.net\\\/sv\\\/\"},{\"@type\":\"ListItem\",\"position\":2,\"name\":\"Inskrivning\",\"item\":\"https:\\\/\\\/www.lfsl.net\\\/sv\\\/inskrivning\\\/\"},{\"@type\":\"ListItem\",\"position\":3,\"name\":\"Inskrivningsprocessen\"}]},{\"@type\":\"WebSite\",\"@id\":\"https:\\\/\\\/www.lfsl.net\\\/sv\\\/#website\",\"url\":\"https:\\\/\\\/www.lfsl.net\\\/sv\\\/\",\"name\":\"Lyc\u00e9e Fran\u00e7ais Saint Louis de Stockholm\",\"description\":\"\u00c9tablissement membre du r\u00e9seau AEFE\",\"publisher\":{\"@id\":\"https:\\\/\\\/www.lfsl.net\\\/sv\\\/#organization\"},\"potentialAction\":[{\"@type\":\"SearchAction\",\"target\":{\"@type\":\"EntryPoint\",\"urlTemplate\":\"https:\\\/\\\/www.lfsl.net\\\/sv\\\/?s={search_term_string}\"},\"query-input\":{\"@type\":\"PropertyValueSpecification\",\"valueRequired\":true,\"valueName\":\"search_term_string\"}}],\"inLanguage\":\"sv-SE\"},{\"@type\":\"Organization\",\"@id\":\"https:\\\/\\\/www.lfsl.net\\\/sv\\\/#organization\",\"name\":\"Lyc\u00e9e Fran\u00e7ais Saint Louis\",\"url\":\"https:\\\/\\\/www.lfsl.net\\\/sv\\\/\",\"logo\":{\"@type\":\"ImageObject\",\"inLanguage\":\"sv-SE\",\"@id\":\"https:\\\/\\\/www.lfsl.net\\\/sv\\\/#\\\/schema\\\/logo\\\/image\\\/\",\"url\":\"https:\\\/\\\/www.lfsl.net\\\/wp-content\\\/uploads\\\/2021\\\/03\\\/LFSL-logo.jpg\",\"contentUrl\":\"https:\\\/\\\/www.lfsl.net\\\/wp-content\\\/uploads\\\/2021\\\/03\\\/LFSL-logo.jpg\",\"width\":330,\"height\":473,\"caption\":\"Lyc\u00e9e Fran\u00e7ais Saint Louis\"},\"image\":{\"@id\":\"https:\\\/\\\/www.lfsl.net\\\/sv\\\/#\\\/schema\\\/logo\\\/image\\\/\"},\"sameAs\":[\"https:\\\/\\\/www.facebook.com\\\/Lyc\u00e9e-Francais-Saint-Louis-182116921840529\\\/\",\"https:\\\/\\\/www.instagram.com\\\/lyceefrancaisstockholm\\\/\",\"https:\\\/\\\/www.linkedin.com\\\/school\\\/lfsl\\\/\",\"https:\\\/\\\/www.youtube.com\\\/channel\\\/UCchS4IO4jE_YY0ILwn5NgGQ\"]}]}<\/script>\n<!-- \/ Yoast SEO plugin. -->","yoast_head_json":{"title":"Inskrivningsprocessen &#8211; Lyc\u00e9e Fran\u00e7ais Saint Louis de Stockholm","robots":{"index":"index","follow":"follow","max-snippet":"max-snippet:-1","max-image-preview":"max-image-preview:large","max-video-preview":"max-video-preview:-1"},"canonical":"https:\/\/www.lfsl.net\/sv\/inskrivning\/inskrivningsprocessen\/","og_locale":"sv_SE","og_type":"article","og_title":"Inskrivningsprocessen &#8211; Lyc\u00e9e Fran\u00e7ais Saint Louis de Stockholm","og_description":"INSKRIVNING 2026-2027 kampanjen f\u00f6r INSKRIVNING AV ELEVER l\u00e4s\u00e5ret 2026-2027 \u00e4r nu \u00d6PPEN. Ans\u00f6kan sker via plattformen Eduka. INSKRIVNING F\u00f6r alla f\u00f6rfr\u00e5gningar, v\u00e4nligen kontakta: admissions@lfsl.net Meddelande fr\u00e5n F\u00f6r\u00e4ldraf\u00f6reningen \/ APE (p\u00e5 svenska och franska) F\u00f6r ytterligare information eller fr\u00e5gor om v\u00e5r verksamhet, v\u00e4nligen kontakta Inskrivningen N.B N\u00e4r det g\u00e4ller f\u00f6rskolan hanteras v\u00e4ntelistan via Stockholms stads registreringsportal. ... L\u00e4s mer","og_url":"https:\/\/www.lfsl.net\/sv\/inskrivning\/inskrivningsprocessen\/","og_site_name":"Lyc\u00e9e Fran\u00e7ais Saint Louis de Stockholm","article_publisher":"https:\/\/www.facebook.com\/Lyc%c3%a9e-Francais-Saint-Louis-182116921840529\/","article_modified_time":"2026-02-19T15:31:13+00:00","og_image":[{"width":1160,"height":773,"url":"https:\/\/www.lfsl.net\/wp-content\/uploads\/2019\/02\/Inscription_2.jpg","type":"image\/jpeg"}],"twitter_card":"summary_large_image","schema":{"@context":"https:\/\/schema.org","@graph":[{"@type":"WebPage","@id":"https:\/\/www.lfsl.net\/sv\/inskrivning\/inskrivningsprocessen\/","url":"https:\/\/www.lfsl.net\/sv\/inskrivning\/inskrivningsprocessen\/","name":"Inskrivningsprocessen &#8211; Lyc\u00e9e Fran\u00e7ais Saint Louis de Stockholm","isPartOf":{"@id":"https:\/\/www.lfsl.net\/sv\/#website"},"primaryImageOfPage":{"@id":"https:\/\/www.lfsl.net\/sv\/inskrivning\/inskrivningsprocessen\/#primaryimage"},"image":{"@id":"https:\/\/www.lfsl.net\/sv\/inskrivning\/inskrivningsprocessen\/#primaryimage"},"thumbnailUrl":"https:\/\/www.lfsl.net\/wp-content\/uploads\/2019\/02\/Inscription_2-1024x682.jpg","datePublished":"2019-03-15T14:47:55+00:00","dateModified":"2026-02-19T15:31:13+00:00","breadcrumb":{"@id":"https:\/\/www.lfsl.net\/sv\/inskrivning\/inskrivningsprocessen\/#breadcrumb"},"inLanguage":"sv-SE","potentialAction":[{"@type":"ReadAction","target":["https:\/\/www.lfsl.net\/sv\/inskrivning\/inskrivningsprocessen\/"]}]},{"@type":"ImageObject","inLanguage":"sv-SE","@id":"https:\/\/www.lfsl.net\/sv\/inskrivning\/inskrivningsprocessen\/#primaryimage","url":"https:\/\/www.lfsl.net\/wp-content\/uploads\/2019\/02\/Inscription_2-1024x682.jpg","contentUrl":"https:\/\/www.lfsl.net\/wp-content\/uploads\/2019\/02\/Inscription_2-1024x682.jpg"},{"@type":"BreadcrumbList","@id":"https:\/\/www.lfsl.net\/sv\/inskrivning\/inskrivningsprocessen\/#breadcrumb","itemListElement":[{"@type":"ListItem","position":1,"name":"Home","item":"https:\/\/www.lfsl.net\/sv\/"},{"@type":"ListItem","position":2,"name":"Inskrivning","item":"https:\/\/www.lfsl.net\/sv\/inskrivning\/"},{"@type":"ListItem","position":3,"name":"Inskrivningsprocessen"}]},{"@type":"WebSite","@id":"https:\/\/www.lfsl.net\/sv\/#website","url":"https:\/\/www.lfsl.net\/sv\/","name":"Lyc\u00e9e Fran\u00e7ais Saint Louis de Stockholm","description":"\u00c9tablissement membre du r\u00e9seau AEFE","publisher":{"@id":"https:\/\/www.lfsl.net\/sv\/#organization"},"potentialAction":[{"@type":"SearchAction","target":{"@type":"EntryPoint","urlTemplate":"https:\/\/www.lfsl.net\/sv\/?s={search_term_string}"},"query-input":{"@type":"PropertyValueSpecification","valueRequired":true,"valueName":"search_term_string"}}],"inLanguage":"sv-SE"},{"@type":"Organization","@id":"https:\/\/www.lfsl.net\/sv\/#organization","name":"Lyc\u00e9e Fran\u00e7ais Saint Louis","url":"https:\/\/www.lfsl.net\/sv\/","logo":{"@type":"ImageObject","inLanguage":"sv-SE","@id":"https:\/\/www.lfsl.net\/sv\/#\/schema\/logo\/image\/","url":"https:\/\/www.lfsl.net\/wp-content\/uploads\/2021\/03\/LFSL-logo.jpg","contentUrl":"https:\/\/www.lfsl.net\/wp-content\/uploads\/2021\/03\/LFSL-logo.jpg","width":330,"height":473,"caption":"Lyc\u00e9e Fran\u00e7ais Saint Louis"},"image":{"@id":"https:\/\/www.lfsl.net\/sv\/#\/schema\/logo\/image\/"},"sameAs":["https:\/\/www.facebook.com\/Lyc\u00e9e-Francais-Saint-Louis-182116921840529\/","https:\/\/www.instagram.com\/lyceefrancaisstockholm\/","https:\/\/www.linkedin.com\/school\/lfsl\/","https:\/\/www.youtube.com\/channel\/UCchS4IO4jE_YY0ILwn5NgGQ"]}]}},"_links":{"self":[{"href":"https:\/\/www.lfsl.net\/sv\/wp-json\/wp\/v2\/pages\/2563","targetHints":{"allow":["GET"]}}],"collection":[{"href":"https:\/\/www.lfsl.net\/sv\/wp-json\/wp\/v2\/pages"}],"about":[{"href":"https:\/\/www.lfsl.net\/sv\/wp-json\/wp\/v2\/types\/page"}],"author":[{"embeddable":true,"href":"https:\/\/www.lfsl.net\/sv\/wp-json\/wp\/v2\/users\/1"}],"replies":[{"embeddable":true,"href":"https:\/\/www.lfsl.net\/sv\/wp-json\/wp\/v2\/comments?post=2563"}],"version-history":[{"count":128,"href":"https:\/\/www.lfsl.net\/sv\/wp-json\/wp\/v2\/pages\/2563\/revisions"}],"predecessor-version":[{"id":24992,"href":"https:\/\/www.lfsl.net\/sv\/wp-json\/wp\/v2\/pages\/2563\/revisions\/24992"}],"up":[{"embeddable":true,"href":"https:\/\/www.lfsl.net\/sv\/wp-json\/wp\/v2\/pages\/2553"}],"wp:attachment":[{"href":"https:\/\/www.lfsl.net\/sv\/wp-json\/wp\/v2\/media?parent=2563"}],"curies":[{"name":"wp","href":"https:\/\/api.w.org\/{rel}","templated":true}]}}