{"id":2574,"date":"2019-03-15T14:50:02","date_gmt":"2019-03-15T14:50:02","guid":{"rendered":"http:\/\/lfsl.net.hemsida.eu\/?page_id=2574"},"modified":"2025-09-23T14:26:38","modified_gmt":"2025-09-23T14:26:38","slug":"administration","status":"publish","type":"page","link":"https:\/\/www.lfsl.net\/sv\/vilka-ar-vi\/administration\/","title":{"rendered":"Administration"},"content":{"rendered":"\n<p><strong>Administrationen s\u00e4krar den dagliga driften p\u00e5 Lyc\u00e9e Fran\u00e7ais Saint Louis under ledning av rektorn och chefen f\u00f6r ekonomi och administration.<\/strong><\/p>\n\n\n\n<p><b>Denis Ravaille, <em>Rektor<\/em><br>E-mail: <\/b>secretariat[a]lfsl.net<strong><br>Tel: <\/strong>+46(0)8 44<em>1 3030<\/em><\/p>\n\n\n\n<p><em><b>Txomin Diaz, Ekonomi- och Administrativ&nbsp;chef<\/b><\/em><br>E-mail: tdiaz[a]lfsl.net<br>Tel: +46 (0)8 441 3045<\/p>\n\n\n\n<h3 class=\"wp-block-heading\">SEKRETARIAT<\/h3>\n\n\n\n<p><strong>Jean-Fran\u00e7ois Fournier, <\/strong><em><strong>Antagningsansvarig<\/strong><br><\/em>E-mail: <span style=\"display: inline !important; float: none; background-color: transparent; color: #424242; cursor: text; font-family: 'Open Sans',sans-serif; font-size: 16px; font-style: normal; font-variant: normal; font-weight: 400; letter-spacing: normal; orphans: 2; text-align: left; text-decoration: none; text-indent: 0px; text-transform: none; -webkit-text-stroke-width: 0px; white-space: normal; word-spacing: 0px;\">secretariat[a]lfsl.net<\/span><br>Tel: + 46 (0)8 441 3030<\/p>\n\n\n\n<p><strong>Aur\u00e9lie Bonin, <\/strong><em><strong>Ledningsassistent<\/strong><br><\/em>E-mail: secretariat[a]lfsl.net<br>Tel: +46 (0)8 441 3031<\/p>\n\n\n\n<h3 class=\"wp-block-heading\">EKONOMI OCH\u00a0ADMINISTRATION<\/h3>\n\n\n\n<p><strong>Isabelle Imbert, <em>Skolpengs- och Leverant\u00f6rskontosansvarig<\/em><\/strong><br>E-mail: iimbert[a]lfsl.net<br>Tel: +46 (0)8 441 3061<em><br><\/em><br><strong>Sophie Pier Federici, <\/strong><em><strong>Kommunikations- och Kundkontoansvarig<\/strong><br><\/em>E-mail: spierfederici[a]lfsl.net<br>Tel: +46 (0)8 441 3065<\/p>\n\n\n\n<p><strong>Jo\u00ebl Labrousse, <em>Driftansvarig<\/em><\/strong><br><span style=\"display: inline !important; float: none; background-color: transparent; color: #424242; cursor: text; font-family: 'Open Sans',sans-serif; font-size: 16px; font-style: normal; font-variant: normal; font-weight: 400; letter-spacing: normal; orphans: 2; text-align: left; text-decoration: none; text-indent: 0px; text-transform: none; -webkit-text-stroke-width: 0px; white-space: normal; word-spacing: 0px;\">E-mail: jlabrousse[a]lfsl.net<\/span><br><span style=\"display: inline !important; float: none; background-color: transparent; color: #424242; cursor: text; font-family: 'Open Sans',sans-serif; font-size: 16px; font-style: normal; font-variant: normal; font-weight: 400; letter-spacing: normal; orphans: 2; text-align: left; text-decoration: none; text-indent: 0px; text-transform: none; -webkit-text-stroke-width: 0px; white-space: normal; word-spacing: 0px;\">Tel: +46 (0)8 441 3042<\/span><\/p>\n\n\n\n<p><b><strong>Nathalie Ferrand Gustafsson<\/strong><em><strong>, <\/strong><strong>Bokf\u00f6rings- och L\u00f6neansvarig&nbsp;<\/strong><br><\/em><\/b>E-mail: nferrandgustafsson<span style=\"display: inline !important; float: none; background-color: #ffffff; color: #424242; cursor: text; font-family: 'Open Sans',sans-serif; font-size: 16px; font-style: normal; font-variant: normal; font-weight: 400; letter-spacing: normal; orphans: 2; text-align: left; text-decoration: none; text-indent: 0px; text-transform: none; -webkit-text-stroke-width: 0px; white-space: normal; word-spacing: 0px;\">[a]lfsl.net<\/span><b><em><br><\/em><\/b><span style=\"display: inline !important; float: none; background-color: #ffffff; color: #424242; cursor: text; font-family: 'Open Sans',sans-serif; font-size: 16px; font-style: normal; font-variant: normal; font-weight: 400; letter-spacing: normal; orphans: 2; text-align: left; text-decoration: none; text-indent: 0px; text-transform: none; -webkit-text-stroke-width: 0px; white-space: normal; word-spacing: 0px;\">Tel: +46 (0)8 441 3032<\/span><\/p>\n\n\n\n<p><strong>Laila Roumanos, <em>Evenemangskoordinator<\/em><br><\/strong>E-mail: lroumanos[a]lfsl.net<br>Tel: +46 (0)8 441 3044<\/p>\n\n\n\n<h3 class=\"wp-block-heading\">IT\u00a0<\/h3>\n\n\n\n<p><strong>Alexandre Golovanivsky, <em>IT-tekniker<\/em><\/strong><\/p>\n\n\n\n<h3 class=\"wp-block-heading\">UNDERH\u00c5LL\u00a0<\/h3>\n\n\n\n<p><strong>Laurent Berneron &#8211; <i>Fastighetssk\u00f6tare och Entr\u00e9v\u00e4rd<br><\/i><\/strong><span style=\"display: inline !important; float: none; background-color: #ffffff; color: #424242; cursor: text; font-family: 'Open Sans',sans-serif; font-size: 16px; font-style: normal; font-variant: normal; font-weight: 400; letter-spacing: normal; orphans: 2; text-align: left; text-decoration: none; text-indent: 0px; text-transform: none; -webkit-text-stroke-width: 0px; white-space: normal; word-spacing: 0px;\">E-mail: lberneron[a]lfsl.net<\/span><br><span style=\"display: inline !important; float: none; background-color: #ffffff; color: #424242; cursor: text; font-family: 'Open Sans',sans-serif; font-size: 16px; font-style: normal; font-variant: normal; font-weight: 400; letter-spacing: normal; orphans: 2; text-align: left; text-decoration: none; text-indent: 0px; text-transform: none; -webkit-text-stroke-width: 0px; white-space: normal; word-spacing: 0px;\">T\u00e9l: +46 (0)8 441 3086<\/span><\/p>\n","protected":false},"excerpt":{"rendered":"<p>Administrationen s\u00e4krar den dagliga driften p\u00e5 Lyc\u00e9e Fran\u00e7ais Saint Louis under ledning av rektorn och chefen f\u00f6r ekonomi och administration. Denis Ravaille, RektorE-mail: secretariat[a]lfsl.netTel: +46(0)8 441 3030 Txomin Diaz, Ekonomi- och Administrativ&nbsp;chefE-mail: tdiaz[a]lfsl.netTel: +46 (0)8 441 3045 SEKRETARIAT Jean-Fran\u00e7ois Fournier, AntagningsansvarigE-mail: secretariat[a]lfsl.netTel: + 46 (0)8 441 3030 Aur\u00e9lie Bonin, LedningsassistentE-mail: secretariat[a]lfsl.netTel: +46 (0)8 441 3031 &#8230; <\/p>\n<p class=\"read-more-container\"><a title=\"Administration\" class=\"read-more button\" href=\"https:\/\/www.lfsl.net\/sv\/vilka-ar-vi\/administration\/#more-2574\" aria-label=\"L\u00e4s mer om Administration\">L\u00e4s mer<\/a><\/p>\n","protected":false},"author":1,"featured_media":0,"parent":2572,"menu_order":0,"comment_status":"closed","ping_status":"closed","template":"","meta":{"footnotes":""},"class_list":["post-2574","page","type-page","status-publish"],"yoast_head":"<!-- This site is optimized with the Yoast SEO plugin v26.5 - https:\/\/yoast.com\/wordpress\/plugins\/seo\/ -->\n<title>Administration &#8211; Lyc\u00e9e Fran\u00e7ais Saint Louis de Stockholm<\/title>\n<meta name=\"robots\" content=\"index, follow, max-snippet:-1, max-image-preview:large, max-video-preview:-1\" \/>\n<link rel=\"canonical\" href=\"https:\/\/www.lfsl.net\/sv\/vilka-ar-vi\/administration\/\" \/>\n<meta property=\"og:locale\" content=\"sv_SE\" \/>\n<meta property=\"og:type\" content=\"article\" \/>\n<meta property=\"og:title\" content=\"Administration &#8211; Lyc\u00e9e Fran\u00e7ais Saint Louis de Stockholm\" \/>\n<meta property=\"og:description\" content=\"Administrationen s\u00e4krar den dagliga driften p\u00e5 Lyc\u00e9e Fran\u00e7ais Saint Louis under ledning av rektorn och chefen f\u00f6r ekonomi och administration. Denis Ravaille, RektorE-mail: secretariat[a]lfsl.netTel: +46(0)8 441 3030 Txomin Diaz, Ekonomi- och Administrativ&nbsp;chefE-mail: tdiaz[a]lfsl.netTel: +46 (0)8 441 3045 SEKRETARIAT Jean-Fran\u00e7ois Fournier, AntagningsansvarigE-mail: secretariat[a]lfsl.netTel: + 46 (0)8 441 3030 Aur\u00e9lie Bonin, LedningsassistentE-mail: secretariat[a]lfsl.netTel: +46 (0)8 441 3031 ... L\u00e4s mer\" \/>\n<meta property=\"og:url\" content=\"https:\/\/www.lfsl.net\/sv\/vilka-ar-vi\/administration\/\" \/>\n<meta property=\"og:site_name\" content=\"Lyc\u00e9e Fran\u00e7ais Saint Louis de Stockholm\" \/>\n<meta property=\"article:publisher\" content=\"https:\/\/www.facebook.com\/Lyc%c3%a9e-Francais-Saint-Louis-182116921840529\/\" \/>\n<meta property=\"article:modified_time\" content=\"2025-09-23T14:26:38+00:00\" \/>\n<meta property=\"og:image\" content=\"https:\/\/www.lfsl.net\/wp-content\/uploads\/2020\/03\/lsfl_logo-minimal_crop.jpg\" \/>\n\t<meta property=\"og:image:width\" content=\"1440\" \/>\n\t<meta property=\"og:image:height\" content=\"810\" \/>\n\t<meta property=\"og:image:type\" content=\"image\/jpeg\" \/>\n<meta name=\"twitter:card\" content=\"summary_large_image\" \/>\n<script type=\"application\/ld+json\" class=\"yoast-schema-graph\">{\"@context\":\"https:\/\/schema.org\",\"@graph\":[{\"@type\":\"WebPage\",\"@id\":\"https:\/\/www.lfsl.net\/sv\/vilka-ar-vi\/administration\/\",\"url\":\"https:\/\/www.lfsl.net\/sv\/vilka-ar-vi\/administration\/\",\"name\":\"Administration &#8211; Lyc\u00e9e Fran\u00e7ais Saint Louis de Stockholm\",\"isPartOf\":{\"@id\":\"https:\/\/www.lfsl.net\/sv\/#website\"},\"datePublished\":\"2019-03-15T14:50:02+00:00\",\"dateModified\":\"2025-09-23T14:26:38+00:00\",\"breadcrumb\":{\"@id\":\"https:\/\/www.lfsl.net\/sv\/vilka-ar-vi\/administration\/#breadcrumb\"},\"inLanguage\":\"sv-SE\",\"potentialAction\":[{\"@type\":\"ReadAction\",\"target\":[\"https:\/\/www.lfsl.net\/sv\/vilka-ar-vi\/administration\/\"]}]},{\"@type\":\"BreadcrumbList\",\"@id\":\"https:\/\/www.lfsl.net\/sv\/vilka-ar-vi\/administration\/#breadcrumb\",\"itemListElement\":[{\"@type\":\"ListItem\",\"position\":1,\"name\":\"Home\",\"item\":\"https:\/\/www.lfsl.net\/sv\/\"},{\"@type\":\"ListItem\",\"position\":2,\"name\":\"Vilka \u00e4r vi?\",\"item\":\"https:\/\/www.lfsl.net\/sv\/vilka-ar-vi\/\"},{\"@type\":\"ListItem\",\"position\":3,\"name\":\"Administration\"}]},{\"@type\":\"WebSite\",\"@id\":\"https:\/\/www.lfsl.net\/sv\/#website\",\"url\":\"https:\/\/www.lfsl.net\/sv\/\",\"name\":\"Lyc\u00e9e Fran\u00e7ais Saint Louis de Stockholm\",\"description\":\"\u00c9tablissement membre du r\u00e9seau AEFE\",\"publisher\":{\"@id\":\"https:\/\/www.lfsl.net\/sv\/#organization\"},\"potentialAction\":[{\"@type\":\"SearchAction\",\"target\":{\"@type\":\"EntryPoint\",\"urlTemplate\":\"https:\/\/www.lfsl.net\/sv\/?s={search_term_string}\"},\"query-input\":{\"@type\":\"PropertyValueSpecification\",\"valueRequired\":true,\"valueName\":\"search_term_string\"}}],\"inLanguage\":\"sv-SE\"},{\"@type\":\"Organization\",\"@id\":\"https:\/\/www.lfsl.net\/sv\/#organization\",\"name\":\"Lyc\u00e9e Fran\u00e7ais Saint Louis\",\"url\":\"https:\/\/www.lfsl.net\/sv\/\",\"logo\":{\"@type\":\"ImageObject\",\"inLanguage\":\"sv-SE\",\"@id\":\"https:\/\/www.lfsl.net\/sv\/#\/schema\/logo\/image\/\",\"url\":\"https:\/\/www.lfsl.net\/wp-content\/uploads\/2021\/03\/LFSL-logo.jpg\",\"contentUrl\":\"https:\/\/www.lfsl.net\/wp-content\/uploads\/2021\/03\/LFSL-logo.jpg\",\"width\":330,\"height\":473,\"caption\":\"Lyc\u00e9e Fran\u00e7ais Saint Louis\"},\"image\":{\"@id\":\"https:\/\/www.lfsl.net\/sv\/#\/schema\/logo\/image\/\"},\"sameAs\":[\"https:\/\/www.facebook.com\/Lyc\u00e9e-Francais-Saint-Louis-182116921840529\/\",\"https:\/\/www.instagram.com\/lyceefrancaisstockholm\/\",\"https:\/\/www.linkedin.com\/school\/lfsl\/\",\"https:\/\/www.youtube.com\/channel\/UCchS4IO4jE_YY0ILwn5NgGQ\"]}]}<\/script>\n<!-- \/ Yoast SEO plugin. -->","yoast_head_json":{"title":"Administration &#8211; Lyc\u00e9e Fran\u00e7ais Saint Louis de Stockholm","robots":{"index":"index","follow":"follow","max-snippet":"max-snippet:-1","max-image-preview":"max-image-preview:large","max-video-preview":"max-video-preview:-1"},"canonical":"https:\/\/www.lfsl.net\/sv\/vilka-ar-vi\/administration\/","og_locale":"sv_SE","og_type":"article","og_title":"Administration &#8211; Lyc\u00e9e Fran\u00e7ais Saint Louis de Stockholm","og_description":"Administrationen s\u00e4krar den dagliga driften p\u00e5 Lyc\u00e9e Fran\u00e7ais Saint Louis under ledning av rektorn och chefen f\u00f6r ekonomi och administration. Denis Ravaille, RektorE-mail: secretariat[a]lfsl.netTel: +46(0)8 441 3030 Txomin Diaz, Ekonomi- och Administrativ&nbsp;chefE-mail: tdiaz[a]lfsl.netTel: +46 (0)8 441 3045 SEKRETARIAT Jean-Fran\u00e7ois Fournier, AntagningsansvarigE-mail: secretariat[a]lfsl.netTel: + 46 (0)8 441 3030 Aur\u00e9lie Bonin, LedningsassistentE-mail: secretariat[a]lfsl.netTel: +46 (0)8 441 3031 ... L\u00e4s mer","og_url":"https:\/\/www.lfsl.net\/sv\/vilka-ar-vi\/administration\/","og_site_name":"Lyc\u00e9e Fran\u00e7ais Saint Louis de Stockholm","article_publisher":"https:\/\/www.facebook.com\/Lyc%c3%a9e-Francais-Saint-Louis-182116921840529\/","article_modified_time":"2025-09-23T14:26:38+00:00","og_image":[{"width":1440,"height":810,"url":"https:\/\/www.lfsl.net\/wp-content\/uploads\/2020\/03\/lsfl_logo-minimal_crop.jpg","type":"image\/jpeg"}],"twitter_card":"summary_large_image","schema":{"@context":"https:\/\/schema.org","@graph":[{"@type":"WebPage","@id":"https:\/\/www.lfsl.net\/sv\/vilka-ar-vi\/administration\/","url":"https:\/\/www.lfsl.net\/sv\/vilka-ar-vi\/administration\/","name":"Administration &#8211; Lyc\u00e9e Fran\u00e7ais Saint Louis de Stockholm","isPartOf":{"@id":"https:\/\/www.lfsl.net\/sv\/#website"},"datePublished":"2019-03-15T14:50:02+00:00","dateModified":"2025-09-23T14:26:38+00:00","breadcrumb":{"@id":"https:\/\/www.lfsl.net\/sv\/vilka-ar-vi\/administration\/#breadcrumb"},"inLanguage":"sv-SE","potentialAction":[{"@type":"ReadAction","target":["https:\/\/www.lfsl.net\/sv\/vilka-ar-vi\/administration\/"]}]},{"@type":"BreadcrumbList","@id":"https:\/\/www.lfsl.net\/sv\/vilka-ar-vi\/administration\/#breadcrumb","itemListElement":[{"@type":"ListItem","position":1,"name":"Home","item":"https:\/\/www.lfsl.net\/sv\/"},{"@type":"ListItem","position":2,"name":"Vilka \u00e4r vi?","item":"https:\/\/www.lfsl.net\/sv\/vilka-ar-vi\/"},{"@type":"ListItem","position":3,"name":"Administration"}]},{"@type":"WebSite","@id":"https:\/\/www.lfsl.net\/sv\/#website","url":"https:\/\/www.lfsl.net\/sv\/","name":"Lyc\u00e9e Fran\u00e7ais Saint Louis de Stockholm","description":"\u00c9tablissement membre du r\u00e9seau AEFE","publisher":{"@id":"https:\/\/www.lfsl.net\/sv\/#organization"},"potentialAction":[{"@type":"SearchAction","target":{"@type":"EntryPoint","urlTemplate":"https:\/\/www.lfsl.net\/sv\/?s={search_term_string}"},"query-input":{"@type":"PropertyValueSpecification","valueRequired":true,"valueName":"search_term_string"}}],"inLanguage":"sv-SE"},{"@type":"Organization","@id":"https:\/\/www.lfsl.net\/sv\/#organization","name":"Lyc\u00e9e Fran\u00e7ais Saint Louis","url":"https:\/\/www.lfsl.net\/sv\/","logo":{"@type":"ImageObject","inLanguage":"sv-SE","@id":"https:\/\/www.lfsl.net\/sv\/#\/schema\/logo\/image\/","url":"https:\/\/www.lfsl.net\/wp-content\/uploads\/2021\/03\/LFSL-logo.jpg","contentUrl":"https:\/\/www.lfsl.net\/wp-content\/uploads\/2021\/03\/LFSL-logo.jpg","width":330,"height":473,"caption":"Lyc\u00e9e Fran\u00e7ais Saint Louis"},"image":{"@id":"https:\/\/www.lfsl.net\/sv\/#\/schema\/logo\/image\/"},"sameAs":["https:\/\/www.facebook.com\/Lyc\u00e9e-Francais-Saint-Louis-182116921840529\/","https:\/\/www.instagram.com\/lyceefrancaisstockholm\/","https:\/\/www.linkedin.com\/school\/lfsl\/","https:\/\/www.youtube.com\/channel\/UCchS4IO4jE_YY0ILwn5NgGQ"]}]}},"_links":{"self":[{"href":"https:\/\/www.lfsl.net\/sv\/wp-json\/wp\/v2\/pages\/2574","targetHints":{"allow":["GET"]}}],"collection":[{"href":"https:\/\/www.lfsl.net\/sv\/wp-json\/wp\/v2\/pages"}],"about":[{"href":"https:\/\/www.lfsl.net\/sv\/wp-json\/wp\/v2\/types\/page"}],"author":[{"embeddable":true,"href":"https:\/\/www.lfsl.net\/sv\/wp-json\/wp\/v2\/users\/1"}],"replies":[{"embeddable":true,"href":"https:\/\/www.lfsl.net\/sv\/wp-json\/wp\/v2\/comments?post=2574"}],"version-history":[{"count":45,"href":"https:\/\/www.lfsl.net\/sv\/wp-json\/wp\/v2\/pages\/2574\/revisions"}],"predecessor-version":[{"id":23907,"href":"https:\/\/www.lfsl.net\/sv\/wp-json\/wp\/v2\/pages\/2574\/revisions\/23907"}],"up":[{"embeddable":true,"href":"https:\/\/www.lfsl.net\/sv\/wp-json\/wp\/v2\/pages\/2572"}],"wp:attachment":[{"href":"https:\/\/www.lfsl.net\/sv\/wp-json\/wp\/v2\/media?parent=2574"}],"curies":[{"name":"wp","href":"https:\/\/api.w.org\/{rel}","templated":true}]}}