{"id":2577,"date":"2019-03-15T14:50:25","date_gmt":"2019-03-15T14:50:25","guid":{"rendered":"http:\/\/lfsl.net.hemsida.eu\/?page_id=2577"},"modified":"2025-04-09T09:41:11","modified_gmt":"2025-04-09T09:41:11","slug":"bibliotek","status":"publish","type":"page","link":"https:\/\/www.lfsl.net\/sv\/vilka-ar-vi\/bibliotek\/","title":{"rendered":"Bibliotek"},"content":{"rendered":"\n<p><strong>Bel\u00e4get i huvudbyggnaden \u00e4r biblioteket (CDI) t\u00e4nkt som ett offentligt rum och en m\u00f6tesplats f\u00f6r alla elever i grundskolan och gymnasiet. Oavsett \u00e5lder kan de l\u00e4sa eller l\u00e5na b\u00f6cker och tidskrifter h\u00e4r, g\u00f6ra efterforskningar och studera dokument, delta i olika aktiviteter som erbjuds av bibliotekarier och l\u00e4rare, beundra utst\u00e4llningar, tr\u00e4ffa talare &#8211;  s\u00e5 m\u00e5nga m\u00f6jligheter att v\u00e4cka denna kultur- och kunskapsplats till liv tillsammans.<\/strong><br><br><strong>Vi \u00f6nskar er alla ett bra l\u00e4s\u00e5r!<\/strong><\/p>\n\n\n\n<p><strong>Anne Ruchaud &amp; St\u00e9phanie Cozon<\/strong><\/p>\n\n\n\n<p><\/p>\n\n\n\n<h3 class=\"wp-block-heading\">REGLER BETR\u00c4FFANDE BIBLIOTEKET <img loading=\"lazy\" decoding=\"async\" width=\"292\" height=\"187\" class=\"wp-image-3582 alignright\" src=\"https:\/\/www.lfsl.net\/wp-content\/uploads\/2019\/03\/CDI_1160-pxl.jpg\" alt=\"\"><\/h3>\n\n\n\n<ul class=\"wp-block-list\">\n<li>\u00c9L\u00c9MENTAIRE : L\u00e5n av b\u00f6cker sker under de tider som anges i schemat f\u00f6r alla l\u00e5g- och mellanstadieklasser. Elever som inte \u00e4r anm\u00e4lda till Morgonmottagningen och Fritids har m\u00f6jlighet att komma ensamma till CDI mellan 08.30 och 09.00 och mellan 15.00 och 15.30 f\u00f6r att l\u00e5na och\/eller l\u00e4mna tillbaka b\u00f6cker.<br><\/li>\n\n\n\n<li>COLL\u00c8GE : H\u00f6gstadieelever kan komma till Biblioteket med tillst\u00e5nd fr\u00e5n Vie Scolaire under h\u00e5ltimmar och efter den sista lektionen p\u00e5 dagen om de m\u00e5ste utf\u00f6ra arbeten som kr\u00e4ver bibliotekets resurser.<\/li>\n<\/ul>\n\n\n\n<ul class=\"wp-block-list\">\n<li>LYC\u00c9E : Annexets dokumentationsavdelning \u00e4r \u00f6ppen f\u00f6r gymnasieelever som vill arbeta i lugn och ro. De kan fritt konsultera ett antal resurser som finns tillg\u00e4ngliga f\u00f6r dem (tidskrifter, broschyrer om karri\u00e4rv\u00e4gledning i synnerhet). De har fortsatt tillg\u00e5ng till CDI i huvudbyggnaden utanf\u00f6r lektionstid.<\/li>\n<\/ul>\n\n\n\n<ul class=\"wp-block-list\">\n<li>V\u00e5rdnadshavare har inte tillg\u00e5ng till biblioteket. De kan dock l\u00e5na b\u00f6cker genom sin barn. Katalogen kan konsulteras online p\u00e5 \u00a0<a href=\"https:\/\/1040001l.esidoc.fr\/\">E-SIDOC-portalen<\/a> och reservationer g\u00f6rs via e-post genom att kontakta bibliotekarierna.<\/li>\n<\/ul>\n\n\n\n<figure class=\"wp-block-gallery has-nested-images columns-default is-cropped wp-block-gallery-1 is-layout-flex wp-block-gallery-is-layout-flex\">\n<figure class=\"wp-block-image size-large\"><img loading=\"lazy\" decoding=\"async\" width=\"1200\" height=\"809\" data-id=\"22291\" src=\"https:\/\/www.lfsl.net\/wp-content\/uploads\/2025\/04\/CDI_3-1200x809.jpg\" alt=\"\" class=\"wp-image-22291\" srcset=\"https:\/\/www.lfsl.net\/wp-content\/uploads\/2025\/04\/CDI_3-1200x809.jpg 1200w, https:\/\/www.lfsl.net\/wp-content\/uploads\/2025\/04\/CDI_3-600x405.jpg 600w, https:\/\/www.lfsl.net\/wp-content\/uploads\/2025\/04\/CDI_3-768x518.jpg 768w, https:\/\/www.lfsl.net\/wp-content\/uploads\/2025\/04\/CDI_3.jpg 1275w\" sizes=\"auto, (max-width: 1200px) 100vw, 1200px\" \/><\/figure>\n\n\n\n<figure class=\"wp-block-image size-large\"><img loading=\"lazy\" decoding=\"async\" width=\"612\" height=\"927\" data-id=\"22290\" src=\"https:\/\/www.lfsl.net\/wp-content\/uploads\/2025\/04\/CDI_2.jpg\" alt=\"\" class=\"wp-image-22290\" srcset=\"https:\/\/www.lfsl.net\/wp-content\/uploads\/2025\/04\/CDI_2.jpg 612w, https:\/\/www.lfsl.net\/wp-content\/uploads\/2025\/04\/CDI_2-396x600.jpg 396w\" sizes=\"auto, (max-width: 612px) 100vw, 612px\" \/><\/figure>\n\n\n\n<figure class=\"wp-block-image size-large\"><img loading=\"lazy\" decoding=\"async\" width=\"710\" height=\"930\" data-id=\"22303\" src=\"https:\/\/www.lfsl.net\/wp-content\/uploads\/2025\/04\/CDI_7.jpg\" alt=\"\" class=\"wp-image-22303\" srcset=\"https:\/\/www.lfsl.net\/wp-content\/uploads\/2025\/04\/CDI_7.jpg 710w, https:\/\/www.lfsl.net\/wp-content\/uploads\/2025\/04\/CDI_7-458x600.jpg 458w\" sizes=\"auto, (max-width: 710px) 100vw, 710px\" \/><\/figure>\n<\/figure>\n\n\n\n<p><a href=\"mailto:cdi.lfsl@lfsl.net\">Kontakta biblioteket<\/a><\/p>\n\n\n\n<p><a href=\"mailto:aruchaud@lfsl.net\">Kontakta Anne Ruchaud<\/a><\/p>\n\n\n\n<p><a href=\"mailto:scozon@lfsl.net\">Kontakta St\u00e9phanie Cozon<\/a><\/p>\n\n\n\n<p><a href=\"https:\/\/create.piktochart.com\/output\/40247060-untitled-infographic\">Bibliotekets \u00f6ppettider<\/a><\/p>\n\n\n\n<p><\/p>\n\n\n\n<h3 class=\"wp-block-heading\">EN PERMANENT UTST\u00c4LLNING P\u00c5 BIBLIOTEKET : v\u00e4ggm\u00e5lningar av St\u00e9phanie Cozon<\/h3>\n\n\n\n<p>V\u00e5r kollega \u00e4r utbildad konstn\u00e4r och har skapat collage till denna plats, fylld av liv och kultur, och som talar till oss om konst och litteratur, samtidigt som varje m\u00e5lning har en mycket personlig pr\u00e4gel.<br>Dessa originella collage, som \u00e4r utformade som en permanent utst\u00e4llning, \u00e4r lika mycket en inspirationsk\u00e4lla som de \u00e4r en unik dekorativ detalj.<\/p>\n\n\n\n<p>Anne Ruchaud, bibliotekarie<\/p>\n\n\n<figure class=\"wp-block-gallery columns-3 is-cropped\">\n<ul class=\"blocks-gallery-grid\">\n<li class=\"blocks-gallery-item\">\n<figure><img loading=\"lazy\" decoding=\"async\" width=\"590\" height=\"449\" src=\"https:\/\/www.lfsl.net\/wp-content\/uploads\/2022\/03\/CDI1.jpg\" alt=\"\" data-id=\"13153\" data-full-url=\"https:\/\/www.lfsl.net\/wp-content\/uploads\/2022\/03\/CDI1.jpg\" data-link=\"https:\/\/www.lfsl.net\/une-exposition-permanente-au-cdi\/cdi1\/#main\" class=\"wp-image-13155\"\/><\/figure>\n<\/li>\n<li class=\"blocks-gallery-item\">\n<figure><img loading=\"lazy\" decoding=\"async\" width=\"687\" height=\"936\" src=\"https:\/\/www.lfsl.net\/wp-content\/uploads\/2022\/03\/CDI2.jpg\" alt=\"\" data-id=\"13156\" data-full-url=\"https:\/\/www.lfsl.net\/wp-content\/uploads\/2022\/03\/CDI2.jpg\" data-link=\"https:\/\/www.lfsl.net\/une-exposition-permanente-au-cdi\/cdi2\/#main\" class=\"wp-image-13158\" srcset=\"https:\/\/www.lfsl.net\/wp-content\/uploads\/2022\/03\/CDI2.jpg 687w, https:\/\/www.lfsl.net\/wp-content\/uploads\/2022\/03\/CDI2-440x600.jpg 440w\" sizes=\"auto, (max-width: 687px) 100vw, 687px\" \/><\/figure>\n<\/li>\n<li class=\"blocks-gallery-item\">\n<figure><img loading=\"lazy\" decoding=\"async\" width=\"691\" height=\"934\" src=\"https:\/\/www.lfsl.net\/wp-content\/uploads\/2022\/03\/CDI3.jpg\" alt=\"\" data-id=\"13159\" data-full-url=\"https:\/\/www.lfsl.net\/wp-content\/uploads\/2022\/03\/CDI3.jpg\" data-link=\"https:\/\/www.lfsl.net\/une-exposition-permanente-au-cdi\/cdi3\/#main\" class=\"wp-image-13161\" srcset=\"https:\/\/www.lfsl.net\/wp-content\/uploads\/2022\/03\/CDI3.jpg 691w, https:\/\/www.lfsl.net\/wp-content\/uploads\/2022\/03\/CDI3-444x600.jpg 444w\" sizes=\"auto, (max-width: 691px) 100vw, 691px\" \/><\/figure>\n<\/li>\n<li class=\"blocks-gallery-item\">\n<figure><img loading=\"lazy\" decoding=\"async\" width=\"745\" height=\"976\" src=\"https:\/\/www.lfsl.net\/wp-content\/uploads\/2022\/03\/CDI4.jpg\" alt=\"\" data-id=\"13162\" data-full-url=\"https:\/\/www.lfsl.net\/wp-content\/uploads\/2022\/03\/CDI4.jpg\" data-link=\"https:\/\/www.lfsl.net\/une-exposition-permanente-au-cdi\/cdi4\/#main\" class=\"wp-image-13164\" srcset=\"https:\/\/www.lfsl.net\/wp-content\/uploads\/2022\/03\/CDI4.jpg 745w, https:\/\/www.lfsl.net\/wp-content\/uploads\/2022\/03\/CDI4-458x600.jpg 458w\" sizes=\"auto, (max-width: 745px) 100vw, 745px\" \/><\/figure>\n<\/li>\n<li class=\"blocks-gallery-item\">\n<figure><img loading=\"lazy\" decoding=\"async\" width=\"712\" height=\"983\" src=\"https:\/\/www.lfsl.net\/wp-content\/uploads\/2022\/03\/CDI5.jpg\" alt=\"\" data-id=\"13165\" data-full-url=\"https:\/\/www.lfsl.net\/wp-content\/uploads\/2022\/03\/CDI5.jpg\" data-link=\"https:\/\/www.lfsl.net\/une-exposition-permanente-au-cdi\/cdi5\/#main\" class=\"wp-image-13167\" srcset=\"https:\/\/www.lfsl.net\/wp-content\/uploads\/2022\/03\/CDI5.jpg 712w, https:\/\/www.lfsl.net\/wp-content\/uploads\/2022\/03\/CDI5-435x600.jpg 435w\" sizes=\"auto, (max-width: 712px) 100vw, 712px\" \/><\/figure>\n<\/li>\n<li class=\"blocks-gallery-item\">\n<figure><img loading=\"lazy\" decoding=\"async\" width=\"746\" height=\"1024\" src=\"https:\/\/www.lfsl.net\/wp-content\/uploads\/2022\/03\/CDI6-746x1024.jpg\" alt=\"\" data-id=\"13168\" data-full-url=\"https:\/\/www.lfsl.net\/wp-content\/uploads\/2022\/03\/CDI6.jpg\" data-link=\"https:\/\/www.lfsl.net\/une-exposition-permanente-au-cdi\/cdi6\/#main\" class=\"wp-image-13168\" srcset=\"https:\/\/www.lfsl.net\/wp-content\/uploads\/2022\/03\/CDI6-746x1024.jpg 746w, https:\/\/www.lfsl.net\/wp-content\/uploads\/2022\/03\/CDI6-437x600.jpg 437w, https:\/\/www.lfsl.net\/wp-content\/uploads\/2022\/03\/CDI6.jpg 758w\" sizes=\"auto, (max-width: 746px) 100vw, 746px\" \/><\/figure>\n<\/li>\n<\/ul>\n<\/figure>","protected":false},"excerpt":{"rendered":"<p>Bel\u00e4get i huvudbyggnaden \u00e4r biblioteket (CDI) t\u00e4nkt som ett offentligt rum och en m\u00f6tesplats f\u00f6r alla elever i grundskolan och gymnasiet. Oavsett \u00e5lder kan de l\u00e4sa eller l\u00e5na b\u00f6cker och tidskrifter h\u00e4r, g\u00f6ra efterforskningar och studera dokument, delta i olika aktiviteter som erbjuds av bibliotekarier och l\u00e4rare, beundra utst\u00e4llningar, tr\u00e4ffa talare &#8211; s\u00e5 m\u00e5nga m\u00f6jligheter &#8230; <\/p>\n<p class=\"read-more-container\"><a title=\"Bibliotek\" class=\"read-more button\" href=\"https:\/\/www.lfsl.net\/sv\/vilka-ar-vi\/bibliotek\/#more-2577\" aria-label=\"L\u00e4s mer om Bibliotek\">L\u00e4s mer<\/a><\/p>\n","protected":false},"author":1,"featured_media":0,"parent":2572,"menu_order":0,"comment_status":"closed","ping_status":"closed","template":"","meta":{"footnotes":""},"class_list":["post-2577","page","type-page","status-publish"],"yoast_head":"<!-- This site is optimized with the Yoast SEO plugin v27.4 - https:\/\/yoast.com\/product\/yoast-seo-wordpress\/ -->\n<title>Bibliotek &#8211; Lyc\u00e9e Fran\u00e7ais Saint Louis de Stockholm<\/title>\n<meta name=\"robots\" content=\"index, follow, max-snippet:-1, max-image-preview:large, max-video-preview:-1\" \/>\n<link rel=\"canonical\" href=\"https:\/\/www.lfsl.net\/sv\/vilka-ar-vi\/bibliotek\/\" \/>\n<meta property=\"og:locale\" content=\"sv_SE\" \/>\n<meta property=\"og:type\" content=\"article\" \/>\n<meta property=\"og:title\" content=\"Bibliotek &#8211; Lyc\u00e9e Fran\u00e7ais Saint Louis de Stockholm\" \/>\n<meta property=\"og:description\" content=\"Bel\u00e4get i huvudbyggnaden \u00e4r biblioteket (CDI) t\u00e4nkt som ett offentligt rum och en m\u00f6tesplats f\u00f6r alla elever i grundskolan och gymnasiet. Oavsett \u00e5lder kan de l\u00e4sa eller l\u00e5na b\u00f6cker och tidskrifter h\u00e4r, g\u00f6ra efterforskningar och studera dokument, delta i olika aktiviteter som erbjuds av bibliotekarier och l\u00e4rare, beundra utst\u00e4llningar, tr\u00e4ffa talare &#8211; s\u00e5 m\u00e5nga m\u00f6jligheter ... L\u00e4s mer\" \/>\n<meta property=\"og:url\" content=\"https:\/\/www.lfsl.net\/sv\/vilka-ar-vi\/bibliotek\/\" \/>\n<meta property=\"og:site_name\" content=\"Lyc\u00e9e Fran\u00e7ais Saint Louis de Stockholm\" \/>\n<meta property=\"article:publisher\" content=\"https:\/\/www.facebook.com\/Lyc%c3%a9e-Francais-Saint-Louis-182116921840529\/\" \/>\n<meta property=\"article:modified_time\" content=\"2025-04-09T09:41:11+00:00\" \/>\n<meta property=\"og:image\" content=\"https:\/\/www.lfsl.net\/wp-content\/uploads\/2019\/03\/CDI_1160-pxl.jpg\" \/>\n<meta name=\"twitter:card\" content=\"summary_large_image\" \/>\n<script type=\"application\/ld+json\" class=\"yoast-schema-graph\">{\"@context\":\"https:\\\/\\\/schema.org\",\"@graph\":[{\"@type\":\"WebPage\",\"@id\":\"https:\\\/\\\/www.lfsl.net\\\/sv\\\/vilka-ar-vi\\\/bibliotek\\\/\",\"url\":\"https:\\\/\\\/www.lfsl.net\\\/sv\\\/vilka-ar-vi\\\/bibliotek\\\/\",\"name\":\"Bibliotek &#8211; Lyc\u00e9e Fran\u00e7ais Saint Louis de Stockholm\",\"isPartOf\":{\"@id\":\"https:\\\/\\\/www.lfsl.net\\\/sv\\\/#website\"},\"primaryImageOfPage\":{\"@id\":\"https:\\\/\\\/www.lfsl.net\\\/sv\\\/vilka-ar-vi\\\/bibliotek\\\/#primaryimage\"},\"image\":{\"@id\":\"https:\\\/\\\/www.lfsl.net\\\/sv\\\/vilka-ar-vi\\\/bibliotek\\\/#primaryimage\"},\"thumbnailUrl\":\"https:\\\/\\\/www.lfsl.net\\\/wp-content\\\/uploads\\\/2019\\\/03\\\/CDI_1160-pxl.jpg\",\"datePublished\":\"2019-03-15T14:50:25+00:00\",\"dateModified\":\"2025-04-09T09:41:11+00:00\",\"breadcrumb\":{\"@id\":\"https:\\\/\\\/www.lfsl.net\\\/sv\\\/vilka-ar-vi\\\/bibliotek\\\/#breadcrumb\"},\"inLanguage\":\"sv-SE\",\"potentialAction\":[{\"@type\":\"ReadAction\",\"target\":[\"https:\\\/\\\/www.lfsl.net\\\/sv\\\/vilka-ar-vi\\\/bibliotek\\\/\"]}]},{\"@type\":\"ImageObject\",\"inLanguage\":\"sv-SE\",\"@id\":\"https:\\\/\\\/www.lfsl.net\\\/sv\\\/vilka-ar-vi\\\/bibliotek\\\/#primaryimage\",\"url\":\"https:\\\/\\\/www.lfsl.net\\\/wp-content\\\/uploads\\\/2019\\\/03\\\/CDI_1160-pxl.jpg\",\"contentUrl\":\"https:\\\/\\\/www.lfsl.net\\\/wp-content\\\/uploads\\\/2019\\\/03\\\/CDI_1160-pxl.jpg\"},{\"@type\":\"BreadcrumbList\",\"@id\":\"https:\\\/\\\/www.lfsl.net\\\/sv\\\/vilka-ar-vi\\\/bibliotek\\\/#breadcrumb\",\"itemListElement\":[{\"@type\":\"ListItem\",\"position\":1,\"name\":\"Home\",\"item\":\"https:\\\/\\\/www.lfsl.net\\\/sv\\\/\"},{\"@type\":\"ListItem\",\"position\":2,\"name\":\"Vilka \u00e4r vi?\",\"item\":\"https:\\\/\\\/www.lfsl.net\\\/sv\\\/vilka-ar-vi\\\/\"},{\"@type\":\"ListItem\",\"position\":3,\"name\":\"Bibliotek\"}]},{\"@type\":\"WebSite\",\"@id\":\"https:\\\/\\\/www.lfsl.net\\\/sv\\\/#website\",\"url\":\"https:\\\/\\\/www.lfsl.net\\\/sv\\\/\",\"name\":\"Lyc\u00e9e Fran\u00e7ais Saint Louis de Stockholm\",\"description\":\"\u00c9tablissement membre du r\u00e9seau AEFE\",\"publisher\":{\"@id\":\"https:\\\/\\\/www.lfsl.net\\\/sv\\\/#organization\"},\"potentialAction\":[{\"@type\":\"SearchAction\",\"target\":{\"@type\":\"EntryPoint\",\"urlTemplate\":\"https:\\\/\\\/www.lfsl.net\\\/sv\\\/?s={search_term_string}\"},\"query-input\":{\"@type\":\"PropertyValueSpecification\",\"valueRequired\":true,\"valueName\":\"search_term_string\"}}],\"inLanguage\":\"sv-SE\"},{\"@type\":\"Organization\",\"@id\":\"https:\\\/\\\/www.lfsl.net\\\/sv\\\/#organization\",\"name\":\"Lyc\u00e9e Fran\u00e7ais Saint Louis\",\"url\":\"https:\\\/\\\/www.lfsl.net\\\/sv\\\/\",\"logo\":{\"@type\":\"ImageObject\",\"inLanguage\":\"sv-SE\",\"@id\":\"https:\\\/\\\/www.lfsl.net\\\/sv\\\/#\\\/schema\\\/logo\\\/image\\\/\",\"url\":\"https:\\\/\\\/www.lfsl.net\\\/wp-content\\\/uploads\\\/2021\\\/03\\\/LFSL-logo.jpg\",\"contentUrl\":\"https:\\\/\\\/www.lfsl.net\\\/wp-content\\\/uploads\\\/2021\\\/03\\\/LFSL-logo.jpg\",\"width\":330,\"height\":473,\"caption\":\"Lyc\u00e9e Fran\u00e7ais Saint Louis\"},\"image\":{\"@id\":\"https:\\\/\\\/www.lfsl.net\\\/sv\\\/#\\\/schema\\\/logo\\\/image\\\/\"},\"sameAs\":[\"https:\\\/\\\/www.facebook.com\\\/Lyc\u00e9e-Francais-Saint-Louis-182116921840529\\\/\",\"https:\\\/\\\/www.instagram.com\\\/lyceefrancaisstockholm\\\/\",\"https:\\\/\\\/www.linkedin.com\\\/school\\\/lfsl\\\/\",\"https:\\\/\\\/www.youtube.com\\\/channel\\\/UCchS4IO4jE_YY0ILwn5NgGQ\"]}]}<\/script>\n<!-- \/ Yoast SEO plugin. -->","yoast_head_json":{"title":"Bibliotek &#8211; Lyc\u00e9e Fran\u00e7ais Saint Louis de Stockholm","robots":{"index":"index","follow":"follow","max-snippet":"max-snippet:-1","max-image-preview":"max-image-preview:large","max-video-preview":"max-video-preview:-1"},"canonical":"https:\/\/www.lfsl.net\/sv\/vilka-ar-vi\/bibliotek\/","og_locale":"sv_SE","og_type":"article","og_title":"Bibliotek &#8211; Lyc\u00e9e Fran\u00e7ais Saint Louis de Stockholm","og_description":"Bel\u00e4get i huvudbyggnaden \u00e4r biblioteket (CDI) t\u00e4nkt som ett offentligt rum och en m\u00f6tesplats f\u00f6r alla elever i grundskolan och gymnasiet. Oavsett \u00e5lder kan de l\u00e4sa eller l\u00e5na b\u00f6cker och tidskrifter h\u00e4r, g\u00f6ra efterforskningar och studera dokument, delta i olika aktiviteter som erbjuds av bibliotekarier och l\u00e4rare, beundra utst\u00e4llningar, tr\u00e4ffa talare &#8211; s\u00e5 m\u00e5nga m\u00f6jligheter ... L\u00e4s mer","og_url":"https:\/\/www.lfsl.net\/sv\/vilka-ar-vi\/bibliotek\/","og_site_name":"Lyc\u00e9e Fran\u00e7ais Saint Louis de Stockholm","article_publisher":"https:\/\/www.facebook.com\/Lyc%c3%a9e-Francais-Saint-Louis-182116921840529\/","article_modified_time":"2025-04-09T09:41:11+00:00","og_image":[{"url":"https:\/\/www.lfsl.net\/wp-content\/uploads\/2019\/03\/CDI_1160-pxl.jpg","type":"","width":"","height":""}],"twitter_card":"summary_large_image","schema":{"@context":"https:\/\/schema.org","@graph":[{"@type":"WebPage","@id":"https:\/\/www.lfsl.net\/sv\/vilka-ar-vi\/bibliotek\/","url":"https:\/\/www.lfsl.net\/sv\/vilka-ar-vi\/bibliotek\/","name":"Bibliotek &#8211; Lyc\u00e9e Fran\u00e7ais Saint Louis de Stockholm","isPartOf":{"@id":"https:\/\/www.lfsl.net\/sv\/#website"},"primaryImageOfPage":{"@id":"https:\/\/www.lfsl.net\/sv\/vilka-ar-vi\/bibliotek\/#primaryimage"},"image":{"@id":"https:\/\/www.lfsl.net\/sv\/vilka-ar-vi\/bibliotek\/#primaryimage"},"thumbnailUrl":"https:\/\/www.lfsl.net\/wp-content\/uploads\/2019\/03\/CDI_1160-pxl.jpg","datePublished":"2019-03-15T14:50:25+00:00","dateModified":"2025-04-09T09:41:11+00:00","breadcrumb":{"@id":"https:\/\/www.lfsl.net\/sv\/vilka-ar-vi\/bibliotek\/#breadcrumb"},"inLanguage":"sv-SE","potentialAction":[{"@type":"ReadAction","target":["https:\/\/www.lfsl.net\/sv\/vilka-ar-vi\/bibliotek\/"]}]},{"@type":"ImageObject","inLanguage":"sv-SE","@id":"https:\/\/www.lfsl.net\/sv\/vilka-ar-vi\/bibliotek\/#primaryimage","url":"https:\/\/www.lfsl.net\/wp-content\/uploads\/2019\/03\/CDI_1160-pxl.jpg","contentUrl":"https:\/\/www.lfsl.net\/wp-content\/uploads\/2019\/03\/CDI_1160-pxl.jpg"},{"@type":"BreadcrumbList","@id":"https:\/\/www.lfsl.net\/sv\/vilka-ar-vi\/bibliotek\/#breadcrumb","itemListElement":[{"@type":"ListItem","position":1,"name":"Home","item":"https:\/\/www.lfsl.net\/sv\/"},{"@type":"ListItem","position":2,"name":"Vilka \u00e4r vi?","item":"https:\/\/www.lfsl.net\/sv\/vilka-ar-vi\/"},{"@type":"ListItem","position":3,"name":"Bibliotek"}]},{"@type":"WebSite","@id":"https:\/\/www.lfsl.net\/sv\/#website","url":"https:\/\/www.lfsl.net\/sv\/","name":"Lyc\u00e9e Fran\u00e7ais Saint Louis de Stockholm","description":"\u00c9tablissement membre du r\u00e9seau AEFE","publisher":{"@id":"https:\/\/www.lfsl.net\/sv\/#organization"},"potentialAction":[{"@type":"SearchAction","target":{"@type":"EntryPoint","urlTemplate":"https:\/\/www.lfsl.net\/sv\/?s={search_term_string}"},"query-input":{"@type":"PropertyValueSpecification","valueRequired":true,"valueName":"search_term_string"}}],"inLanguage":"sv-SE"},{"@type":"Organization","@id":"https:\/\/www.lfsl.net\/sv\/#organization","name":"Lyc\u00e9e Fran\u00e7ais Saint Louis","url":"https:\/\/www.lfsl.net\/sv\/","logo":{"@type":"ImageObject","inLanguage":"sv-SE","@id":"https:\/\/www.lfsl.net\/sv\/#\/schema\/logo\/image\/","url":"https:\/\/www.lfsl.net\/wp-content\/uploads\/2021\/03\/LFSL-logo.jpg","contentUrl":"https:\/\/www.lfsl.net\/wp-content\/uploads\/2021\/03\/LFSL-logo.jpg","width":330,"height":473,"caption":"Lyc\u00e9e Fran\u00e7ais Saint Louis"},"image":{"@id":"https:\/\/www.lfsl.net\/sv\/#\/schema\/logo\/image\/"},"sameAs":["https:\/\/www.facebook.com\/Lyc\u00e9e-Francais-Saint-Louis-182116921840529\/","https:\/\/www.instagram.com\/lyceefrancaisstockholm\/","https:\/\/www.linkedin.com\/school\/lfsl\/","https:\/\/www.youtube.com\/channel\/UCchS4IO4jE_YY0ILwn5NgGQ"]}]}},"_links":{"self":[{"href":"https:\/\/www.lfsl.net\/sv\/wp-json\/wp\/v2\/pages\/2577","targetHints":{"allow":["GET"]}}],"collection":[{"href":"https:\/\/www.lfsl.net\/sv\/wp-json\/wp\/v2\/pages"}],"about":[{"href":"https:\/\/www.lfsl.net\/sv\/wp-json\/wp\/v2\/types\/page"}],"author":[{"embeddable":true,"href":"https:\/\/www.lfsl.net\/sv\/wp-json\/wp\/v2\/users\/1"}],"replies":[{"embeddable":true,"href":"https:\/\/www.lfsl.net\/sv\/wp-json\/wp\/v2\/comments?post=2577"}],"version-history":[{"count":36,"href":"https:\/\/www.lfsl.net\/sv\/wp-json\/wp\/v2\/pages\/2577\/revisions"}],"predecessor-version":[{"id":22306,"href":"https:\/\/www.lfsl.net\/sv\/wp-json\/wp\/v2\/pages\/2577\/revisions\/22306"}],"up":[{"embeddable":true,"href":"https:\/\/www.lfsl.net\/sv\/wp-json\/wp\/v2\/pages\/2572"}],"wp:attachment":[{"href":"https:\/\/www.lfsl.net\/sv\/wp-json\/wp\/v2\/media?parent=2577"}],"curies":[{"name":"wp","href":"https:\/\/api.w.org\/{rel}","templated":true}]}}