{"id":2580,"date":"2019-03-15T14:51:11","date_gmt":"2019-03-15T14:51:11","guid":{"rendered":"http:\/\/lfsl.net.hemsida.eu\/?page_id=2580"},"modified":"2026-01-12T10:50:11","modified_gmt":"2026-01-12T10:50:11","slug":"ledning","status":"publish","type":"page","link":"https:\/\/www.lfsl.net\/sv\/vilka-ar-vi\/ledning\/","title":{"rendered":"Ledning"},"content":{"rendered":"\n<p><strong>Ledningsgruppen och rektorn s\u00e4kerst\u00e4ller driften av Lyc\u00e9e Fran\u00e7ais Saint Louis och respekten av lagar och f\u00f6rordningar.<\/strong><\/p>\n\n\n\n<h3 class=\"wp-block-heading\"><strong>Internationell skola i avtal med AEFE<\/strong><\/h3>\n\n\n\n<p>Den del av skolan som ing\u00e5tt i avtal med AEFE inkluderar hela grundskolan och gymnasiet, fr\u00e5n CP till Terminale.<br>Ledningen f\u00f6rvaltar skolans alla ekonomiska, m\u00e4nskliga, logistiska och pedagogiska aspekter f\u00f6r Stiftelsen Lyc\u00e9e Fran\u00e7ais Saint Louis.<\/p>\n\n\n\n<figure class=\"wp-block-image size-full\"><img loading=\"lazy\" decoding=\"async\" width=\"817\" height=\"287\" src=\"https:\/\/www.lfsl.net\/wp-content\/uploads\/2026\/01\/Direction_2026-1.jpg\" alt=\"\" class=\"wp-image-24604\" srcset=\"https:\/\/www.lfsl.net\/wp-content\/uploads\/2026\/01\/Direction_2026-1.jpg 817w, https:\/\/www.lfsl.net\/wp-content\/uploads\/2026\/01\/Direction_2026-1-600x211.jpg 600w, https:\/\/www.lfsl.net\/wp-content\/uploads\/2026\/01\/Direction_2026-1-768x270.jpg 768w\" sizes=\"auto, (max-width: 817px) 100vw, 817px\" \/><\/figure>\n\n\n\n<p><strong>Rektor, Denis Ravaille<\/strong>, \u00e5tf\u00f6ljs av <strong>L\u00e5g- och mellanstadiechefen, Fabrice Palhies<\/strong>, till vilken han delegerar ledningen av l\u00e5g- och mellanstadiet.<\/p>\n\n\n\n<p>De \u00e4r omgivna av ett team best\u00e5ende av:<\/p>\n\n\n\n<p>&#8211; <strong>Bitr\u00e4dande rektor, Laurent Pentinat, <\/strong>som bist\u00e5r rektorn inom pedagogiska, utbildningsm\u00e4ssiga och administrativa omr\u00e5den.<br><strong>&#8211; Ekonomi- och Administrativ chef, Txomin Diaz,<\/strong> som har ansvaret f\u00f6r LFSL: s finans- och budgetpolitik och administrativa funktioner.<br><strong>&#8211; Bitr\u00e4dande rektor internationella och spr\u00e5kliga program, Thomas Nicholas<\/strong>, som ansvarar f\u00f6r teamet av spr\u00e5kl\u00e4rare och alla fr\u00e5gor som r\u00f6r svenska utbildningsmyndigheter och praxis.<br><strong>&#8211; Conseillers Principaux d&#8217;Education, Olivier Cureau och Myriam Pinguet<\/strong>, som ansvarar f\u00f6r Vie Scolaire, det vill s\u00e4ga ger h\u00f6gstadie- och gymnasieeleverna b\u00e4sta m\u00f6jliga f\u00f6ruts\u00e4ttningarna individuellt och kollektivt, samt fr\u00e4mjar akademisk framg\u00e5ng och personlig utveckling.<br>&#8211; <strong>Bitr\u00e4dande Studierektor Fritids och Levande spr\u00e5k (l\u00e5g- och mellansatadiet), <\/strong>Emma Nordstr\u00f6m, som ansvarar f\u00f6r Fritids och teamet av spr\u00e5kl\u00e4rare p\u00e5 l\u00e5g- och mellanstadiet.<br>&#8211; <strong>HR-chef<\/strong>, Mona-Marleen Antonsson, som ansvarar f\u00f6r att organisera LFSL:s personalpolitik och se till att svensk arbetsr\u00e4tt efterlevs.<br><\/p>\n\n\n\n<p>F\u00f6r att kontakta rektor och ledning, v\u00e4nligen skriv till <a href=\"Mailto:secretariat@lfsl.net\">sekretariatet.<\/a><\/p>\n\n\n\n<h3 class=\"wp-block-heading\"><strong>Svensk f\u00f6rskola <\/strong><\/h3>\n\n\n\n<p>F\u00f6rskolan \u00e4r en svensk skola, som v\u00e4lkomnar barn mellan 1 och 5 \u00e5r vilka sedan kan ansluta sig till CP. <strong>Katarina Koto<\/strong>, <strong>Rektor och Skolchef f\u00f6r f\u00f6rskolan, <\/strong>ansvarar f\u00f6r all f\u00f6rskoleverksamhet och f\u00f6rvaltar f\u00f6rskolan p\u00e5 alla ekonomiska, m\u00e4nskliga, logistiska och pedagogiska plan \u00e5t Stiftelsen Lyc\u00e9e Fran\u00e7ais Saint Louis.<\/p>\n\n\n\n<p>F\u00f6r att kontakta Rektorn och Skolchef f\u00f6r f\u00f6rskolan via e-mail: <a href=\"Mailto:kkoto@lfsl.net\">Rektor och Skolchef f\u00f6r f\u00f6rskolan och Fritids<\/a><\/p>\n\n\n\n<p><\/p>\n","protected":false},"excerpt":{"rendered":"<p>Ledningsgruppen och rektorn s\u00e4kerst\u00e4ller driften av Lyc\u00e9e Fran\u00e7ais Saint Louis och respekten av lagar och f\u00f6rordningar. Internationell skola i avtal med AEFE Den del av skolan som ing\u00e5tt i avtal med AEFE inkluderar hela grundskolan och gymnasiet, fr\u00e5n CP till Terminale.Ledningen f\u00f6rvaltar skolans alla ekonomiska, m\u00e4nskliga, logistiska och pedagogiska aspekter f\u00f6r Stiftelsen Lyc\u00e9e Fran\u00e7ais Saint &#8230; <\/p>\n<p class=\"read-more-container\"><a title=\"Ledning\" class=\"read-more button\" href=\"https:\/\/www.lfsl.net\/sv\/vilka-ar-vi\/ledning\/#more-2580\" aria-label=\"L\u00e4s mer om Ledning\">L\u00e4s mer<\/a><\/p>\n","protected":false},"author":1,"featured_media":0,"parent":2572,"menu_order":0,"comment_status":"closed","ping_status":"closed","template":"","meta":{"footnotes":""},"class_list":["post-2580","page","type-page","status-publish"],"yoast_head":"<!-- This site is optimized with the Yoast SEO plugin v27.4 - https:\/\/yoast.com\/product\/yoast-seo-wordpress\/ -->\n<title>Ledning &#8211; Lyc\u00e9e Fran\u00e7ais Saint Louis de Stockholm<\/title>\n<meta name=\"robots\" content=\"index, follow, max-snippet:-1, max-image-preview:large, max-video-preview:-1\" \/>\n<link rel=\"canonical\" href=\"https:\/\/www.lfsl.net\/sv\/vilka-ar-vi\/ledning\/\" \/>\n<meta property=\"og:locale\" content=\"sv_SE\" \/>\n<meta property=\"og:type\" content=\"article\" \/>\n<meta property=\"og:title\" content=\"Ledning &#8211; Lyc\u00e9e Fran\u00e7ais Saint Louis de Stockholm\" \/>\n<meta property=\"og:description\" content=\"Ledningsgruppen och rektorn s\u00e4kerst\u00e4ller driften av Lyc\u00e9e Fran\u00e7ais Saint Louis och respekten av lagar och f\u00f6rordningar. Internationell skola i avtal med AEFE Den del av skolan som ing\u00e5tt i avtal med AEFE inkluderar hela grundskolan och gymnasiet, fr\u00e5n CP till Terminale.Ledningen f\u00f6rvaltar skolans alla ekonomiska, m\u00e4nskliga, logistiska och pedagogiska aspekter f\u00f6r Stiftelsen Lyc\u00e9e Fran\u00e7ais Saint ... L\u00e4s mer\" \/>\n<meta property=\"og:url\" content=\"https:\/\/www.lfsl.net\/sv\/vilka-ar-vi\/ledning\/\" \/>\n<meta property=\"og:site_name\" content=\"Lyc\u00e9e Fran\u00e7ais Saint Louis de Stockholm\" \/>\n<meta property=\"article:publisher\" content=\"https:\/\/www.facebook.com\/Lyc%c3%a9e-Francais-Saint-Louis-182116921840529\/\" \/>\n<meta property=\"article:modified_time\" content=\"2026-01-12T10:50:11+00:00\" \/>\n<meta property=\"og:image\" content=\"https:\/\/www.lfsl.net\/wp-content\/uploads\/2026\/01\/Direction_2026-1.jpg\" \/>\n\t<meta property=\"og:image:width\" content=\"817\" \/>\n\t<meta property=\"og:image:height\" content=\"287\" \/>\n\t<meta property=\"og:image:type\" content=\"image\/jpeg\" \/>\n<meta name=\"twitter:card\" content=\"summary_large_image\" \/>\n<script type=\"application\/ld+json\" class=\"yoast-schema-graph\">{\"@context\":\"https:\\\/\\\/schema.org\",\"@graph\":[{\"@type\":\"WebPage\",\"@id\":\"https:\\\/\\\/www.lfsl.net\\\/sv\\\/vilka-ar-vi\\\/ledning\\\/\",\"url\":\"https:\\\/\\\/www.lfsl.net\\\/sv\\\/vilka-ar-vi\\\/ledning\\\/\",\"name\":\"Ledning &#8211; Lyc\u00e9e Fran\u00e7ais Saint Louis de Stockholm\",\"isPartOf\":{\"@id\":\"https:\\\/\\\/www.lfsl.net\\\/sv\\\/#website\"},\"primaryImageOfPage\":{\"@id\":\"https:\\\/\\\/www.lfsl.net\\\/sv\\\/vilka-ar-vi\\\/ledning\\\/#primaryimage\"},\"image\":{\"@id\":\"https:\\\/\\\/www.lfsl.net\\\/sv\\\/vilka-ar-vi\\\/ledning\\\/#primaryimage\"},\"thumbnailUrl\":\"https:\\\/\\\/www.lfsl.net\\\/wp-content\\\/uploads\\\/2026\\\/01\\\/Direction_2026-1.jpg\",\"datePublished\":\"2019-03-15T14:51:11+00:00\",\"dateModified\":\"2026-01-12T10:50:11+00:00\",\"breadcrumb\":{\"@id\":\"https:\\\/\\\/www.lfsl.net\\\/sv\\\/vilka-ar-vi\\\/ledning\\\/#breadcrumb\"},\"inLanguage\":\"sv-SE\",\"potentialAction\":[{\"@type\":\"ReadAction\",\"target\":[\"https:\\\/\\\/www.lfsl.net\\\/sv\\\/vilka-ar-vi\\\/ledning\\\/\"]}]},{\"@type\":\"ImageObject\",\"inLanguage\":\"sv-SE\",\"@id\":\"https:\\\/\\\/www.lfsl.net\\\/sv\\\/vilka-ar-vi\\\/ledning\\\/#primaryimage\",\"url\":\"https:\\\/\\\/www.lfsl.net\\\/wp-content\\\/uploads\\\/2026\\\/01\\\/Direction_2026-1.jpg\",\"contentUrl\":\"https:\\\/\\\/www.lfsl.net\\\/wp-content\\\/uploads\\\/2026\\\/01\\\/Direction_2026-1.jpg\"},{\"@type\":\"BreadcrumbList\",\"@id\":\"https:\\\/\\\/www.lfsl.net\\\/sv\\\/vilka-ar-vi\\\/ledning\\\/#breadcrumb\",\"itemListElement\":[{\"@type\":\"ListItem\",\"position\":1,\"name\":\"Home\",\"item\":\"https:\\\/\\\/www.lfsl.net\\\/sv\\\/\"},{\"@type\":\"ListItem\",\"position\":2,\"name\":\"Vilka \u00e4r vi?\",\"item\":\"https:\\\/\\\/www.lfsl.net\\\/sv\\\/vilka-ar-vi\\\/\"},{\"@type\":\"ListItem\",\"position\":3,\"name\":\"Ledning\"}]},{\"@type\":\"WebSite\",\"@id\":\"https:\\\/\\\/www.lfsl.net\\\/sv\\\/#website\",\"url\":\"https:\\\/\\\/www.lfsl.net\\\/sv\\\/\",\"name\":\"Lyc\u00e9e Fran\u00e7ais Saint Louis de Stockholm\",\"description\":\"\u00c9tablissement membre du r\u00e9seau AEFE\",\"publisher\":{\"@id\":\"https:\\\/\\\/www.lfsl.net\\\/sv\\\/#organization\"},\"potentialAction\":[{\"@type\":\"SearchAction\",\"target\":{\"@type\":\"EntryPoint\",\"urlTemplate\":\"https:\\\/\\\/www.lfsl.net\\\/sv\\\/?s={search_term_string}\"},\"query-input\":{\"@type\":\"PropertyValueSpecification\",\"valueRequired\":true,\"valueName\":\"search_term_string\"}}],\"inLanguage\":\"sv-SE\"},{\"@type\":\"Organization\",\"@id\":\"https:\\\/\\\/www.lfsl.net\\\/sv\\\/#organization\",\"name\":\"Lyc\u00e9e Fran\u00e7ais Saint Louis\",\"url\":\"https:\\\/\\\/www.lfsl.net\\\/sv\\\/\",\"logo\":{\"@type\":\"ImageObject\",\"inLanguage\":\"sv-SE\",\"@id\":\"https:\\\/\\\/www.lfsl.net\\\/sv\\\/#\\\/schema\\\/logo\\\/image\\\/\",\"url\":\"https:\\\/\\\/www.lfsl.net\\\/wp-content\\\/uploads\\\/2021\\\/03\\\/LFSL-logo.jpg\",\"contentUrl\":\"https:\\\/\\\/www.lfsl.net\\\/wp-content\\\/uploads\\\/2021\\\/03\\\/LFSL-logo.jpg\",\"width\":330,\"height\":473,\"caption\":\"Lyc\u00e9e Fran\u00e7ais Saint Louis\"},\"image\":{\"@id\":\"https:\\\/\\\/www.lfsl.net\\\/sv\\\/#\\\/schema\\\/logo\\\/image\\\/\"},\"sameAs\":[\"https:\\\/\\\/www.facebook.com\\\/Lyc\u00e9e-Francais-Saint-Louis-182116921840529\\\/\",\"https:\\\/\\\/www.instagram.com\\\/lyceefrancaisstockholm\\\/\",\"https:\\\/\\\/www.linkedin.com\\\/school\\\/lfsl\\\/\",\"https:\\\/\\\/www.youtube.com\\\/channel\\\/UCchS4IO4jE_YY0ILwn5NgGQ\"]}]}<\/script>\n<!-- \/ Yoast SEO plugin. -->","yoast_head_json":{"title":"Ledning &#8211; Lyc\u00e9e Fran\u00e7ais Saint Louis de Stockholm","robots":{"index":"index","follow":"follow","max-snippet":"max-snippet:-1","max-image-preview":"max-image-preview:large","max-video-preview":"max-video-preview:-1"},"canonical":"https:\/\/www.lfsl.net\/sv\/vilka-ar-vi\/ledning\/","og_locale":"sv_SE","og_type":"article","og_title":"Ledning &#8211; Lyc\u00e9e Fran\u00e7ais Saint Louis de Stockholm","og_description":"Ledningsgruppen och rektorn s\u00e4kerst\u00e4ller driften av Lyc\u00e9e Fran\u00e7ais Saint Louis och respekten av lagar och f\u00f6rordningar. Internationell skola i avtal med AEFE Den del av skolan som ing\u00e5tt i avtal med AEFE inkluderar hela grundskolan och gymnasiet, fr\u00e5n CP till Terminale.Ledningen f\u00f6rvaltar skolans alla ekonomiska, m\u00e4nskliga, logistiska och pedagogiska aspekter f\u00f6r Stiftelsen Lyc\u00e9e Fran\u00e7ais Saint ... L\u00e4s mer","og_url":"https:\/\/www.lfsl.net\/sv\/vilka-ar-vi\/ledning\/","og_site_name":"Lyc\u00e9e Fran\u00e7ais Saint Louis de Stockholm","article_publisher":"https:\/\/www.facebook.com\/Lyc%c3%a9e-Francais-Saint-Louis-182116921840529\/","article_modified_time":"2026-01-12T10:50:11+00:00","og_image":[{"width":817,"height":287,"url":"https:\/\/www.lfsl.net\/wp-content\/uploads\/2026\/01\/Direction_2026-1.jpg","type":"image\/jpeg"}],"twitter_card":"summary_large_image","schema":{"@context":"https:\/\/schema.org","@graph":[{"@type":"WebPage","@id":"https:\/\/www.lfsl.net\/sv\/vilka-ar-vi\/ledning\/","url":"https:\/\/www.lfsl.net\/sv\/vilka-ar-vi\/ledning\/","name":"Ledning &#8211; Lyc\u00e9e Fran\u00e7ais Saint Louis de Stockholm","isPartOf":{"@id":"https:\/\/www.lfsl.net\/sv\/#website"},"primaryImageOfPage":{"@id":"https:\/\/www.lfsl.net\/sv\/vilka-ar-vi\/ledning\/#primaryimage"},"image":{"@id":"https:\/\/www.lfsl.net\/sv\/vilka-ar-vi\/ledning\/#primaryimage"},"thumbnailUrl":"https:\/\/www.lfsl.net\/wp-content\/uploads\/2026\/01\/Direction_2026-1.jpg","datePublished":"2019-03-15T14:51:11+00:00","dateModified":"2026-01-12T10:50:11+00:00","breadcrumb":{"@id":"https:\/\/www.lfsl.net\/sv\/vilka-ar-vi\/ledning\/#breadcrumb"},"inLanguage":"sv-SE","potentialAction":[{"@type":"ReadAction","target":["https:\/\/www.lfsl.net\/sv\/vilka-ar-vi\/ledning\/"]}]},{"@type":"ImageObject","inLanguage":"sv-SE","@id":"https:\/\/www.lfsl.net\/sv\/vilka-ar-vi\/ledning\/#primaryimage","url":"https:\/\/www.lfsl.net\/wp-content\/uploads\/2026\/01\/Direction_2026-1.jpg","contentUrl":"https:\/\/www.lfsl.net\/wp-content\/uploads\/2026\/01\/Direction_2026-1.jpg"},{"@type":"BreadcrumbList","@id":"https:\/\/www.lfsl.net\/sv\/vilka-ar-vi\/ledning\/#breadcrumb","itemListElement":[{"@type":"ListItem","position":1,"name":"Home","item":"https:\/\/www.lfsl.net\/sv\/"},{"@type":"ListItem","position":2,"name":"Vilka \u00e4r vi?","item":"https:\/\/www.lfsl.net\/sv\/vilka-ar-vi\/"},{"@type":"ListItem","position":3,"name":"Ledning"}]},{"@type":"WebSite","@id":"https:\/\/www.lfsl.net\/sv\/#website","url":"https:\/\/www.lfsl.net\/sv\/","name":"Lyc\u00e9e Fran\u00e7ais Saint Louis de Stockholm","description":"\u00c9tablissement membre du r\u00e9seau AEFE","publisher":{"@id":"https:\/\/www.lfsl.net\/sv\/#organization"},"potentialAction":[{"@type":"SearchAction","target":{"@type":"EntryPoint","urlTemplate":"https:\/\/www.lfsl.net\/sv\/?s={search_term_string}"},"query-input":{"@type":"PropertyValueSpecification","valueRequired":true,"valueName":"search_term_string"}}],"inLanguage":"sv-SE"},{"@type":"Organization","@id":"https:\/\/www.lfsl.net\/sv\/#organization","name":"Lyc\u00e9e Fran\u00e7ais Saint Louis","url":"https:\/\/www.lfsl.net\/sv\/","logo":{"@type":"ImageObject","inLanguage":"sv-SE","@id":"https:\/\/www.lfsl.net\/sv\/#\/schema\/logo\/image\/","url":"https:\/\/www.lfsl.net\/wp-content\/uploads\/2021\/03\/LFSL-logo.jpg","contentUrl":"https:\/\/www.lfsl.net\/wp-content\/uploads\/2021\/03\/LFSL-logo.jpg","width":330,"height":473,"caption":"Lyc\u00e9e Fran\u00e7ais Saint Louis"},"image":{"@id":"https:\/\/www.lfsl.net\/sv\/#\/schema\/logo\/image\/"},"sameAs":["https:\/\/www.facebook.com\/Lyc\u00e9e-Francais-Saint-Louis-182116921840529\/","https:\/\/www.instagram.com\/lyceefrancaisstockholm\/","https:\/\/www.linkedin.com\/school\/lfsl\/","https:\/\/www.youtube.com\/channel\/UCchS4IO4jE_YY0ILwn5NgGQ"]}]}},"_links":{"self":[{"href":"https:\/\/www.lfsl.net\/sv\/wp-json\/wp\/v2\/pages\/2580","targetHints":{"allow":["GET"]}}],"collection":[{"href":"https:\/\/www.lfsl.net\/sv\/wp-json\/wp\/v2\/pages"}],"about":[{"href":"https:\/\/www.lfsl.net\/sv\/wp-json\/wp\/v2\/types\/page"}],"author":[{"embeddable":true,"href":"https:\/\/www.lfsl.net\/sv\/wp-json\/wp\/v2\/users\/1"}],"replies":[{"embeddable":true,"href":"https:\/\/www.lfsl.net\/sv\/wp-json\/wp\/v2\/comments?post=2580"}],"version-history":[{"count":71,"href":"https:\/\/www.lfsl.net\/sv\/wp-json\/wp\/v2\/pages\/2580\/revisions"}],"predecessor-version":[{"id":24607,"href":"https:\/\/www.lfsl.net\/sv\/wp-json\/wp\/v2\/pages\/2580\/revisions\/24607"}],"up":[{"embeddable":true,"href":"https:\/\/www.lfsl.net\/sv\/wp-json\/wp\/v2\/pages\/2572"}],"wp:attachment":[{"href":"https:\/\/www.lfsl.net\/sv\/wp-json\/wp\/v2\/media?parent=2580"}],"curies":[{"name":"wp","href":"https:\/\/api.w.org\/{rel}","templated":true}]}}