{"id":2582,"date":"2019-03-15T14:51:32","date_gmt":"2019-03-15T14:51:32","guid":{"rendered":"http:\/\/lfsl.net.hemsida.eu\/?page_id=2582"},"modified":"2025-09-23T14:28:04","modified_gmt":"2025-09-23T14:28:04","slug":"larare","status":"publish","type":"page","link":"https:\/\/www.lfsl.net\/sv\/vilka-ar-vi\/larare\/","title":{"rendered":"L\u00e4rare"},"content":{"rendered":"\n<h3 class=\"wp-block-heading\">det pedagogiska teamet<\/h3>\n\n\n\n<p><strong>Lyc\u00e9e Fran\u00e7ais Saint Louis pedagogiska team i Stockholm best\u00e5r av franska, utstationerade l\u00e4rare, diplomerade av \u00c9ducation Nationale i Frankrike, samt kvalificerade franska, fransktalande, engelska eller svenska l\u00e4rare som rekryterats lokalt.<\/strong><\/p>\n\n\n\n<p>Undervisningsteamet har en stor erfarenhet av undervisning i grundskolan och p\u00e5 gymnasiet. Att f\u00f6rmedla kunskap \u00e4r en l\u00e4rares fr\u00e4msta roll och LFSL:s l\u00e4rare \u00e4r k\u00e4nda f\u00f6r sin pedagogiska kompetens.<br>LFSL:s skolprojekt uppmuntrar l\u00e4raren till en bredare vision och ett omsorgsfullt tillv\u00e4gag\u00e5ngss\u00e4tt till f\u00f6rm\u00e5n f\u00f6r barnets intresse och v\u00e4lbefinnande och sj\u00e4lvst\u00e4ndighet, samt f\u00f6r att f\u00f6rbereda eleverna att bli ansvariga medborgare.<\/p>\n\n\n\n<h3 class=\"wp-block-heading\">Huvudl\u00e4rarens roll<\/h3>\n\n\n\n<p>P\u00e5 h\u00f6gstadiet och gymnasiet har alla klasser en huvudl\u00e4rare, fr\u00e5n &#8221;6\u00e8me&#8221; till &#8221;Terminale&#8221;.<br>Huvudl\u00e4rarens roll \u00e4r avg\u00f6rande f\u00f6r elevens framg\u00e5ng och orientering. Hen utg\u00f6r l\u00e4nken mellan sin klass och all personal som f\u00f6ljer eleven: \u00e4mnesl\u00e4rare, CPE (Conseiller Principal d&#8217;\u00c9ducation), skolh\u00e4lsoteamet och ledningen.<br>Hen \u00e4r \u00e4ven familjernas huvudkontakt.<br>Ibland ansvarar huvudl\u00e4raren f\u00f6r specifikt pedagogiskt st\u00f6d som ges till en elev med s\u00e4rskilda utbildningsbehov.<br>I klassen fokuserar huvud\u00e4raren p\u00e5 alla elever och god kommunikation. Hen organiserar och ansvarar f\u00f6r &#8221;l&#8217;heure de vie de classe&#8221; (klasstimmen) och hanterar eventuella konflikter r\u00f6rande elever i sin klass, tillsammans med CPE, skolh\u00e4lsoteamet och rektorn.<br>I samarbete med CPE organiserar hen val av delegater.<\/p>\n\n\n\n<p>Huvudl\u00e4rarens arbete \u00e4r en del av &#8221;Parcours Avenir&#8221;, vilket inneb\u00e4r att ge eleverna studiev\u00e4gledning och r\u00e5d, samt f\u00f6rklara processen f\u00f6r fortsatta studier p\u00e5 gymnasiet eller h\u00f6gre utbildning.<\/p>\n\n\n\n<p><em>I b\u00f6rjan av skol\u00e5ret arrangeras ett m\u00f6te med klassl\u00e4raren eller huvudl\u00e4raren, under vilket alla kontaktuppgifter f\u00f6rmedlas.<\/em><\/p>\n\n\n\n<p><\/p>\n","protected":false},"excerpt":{"rendered":"<p>det pedagogiska teamet Lyc\u00e9e Fran\u00e7ais Saint Louis pedagogiska team i Stockholm best\u00e5r av franska, utstationerade l\u00e4rare, diplomerade av \u00c9ducation Nationale i Frankrike, samt kvalificerade franska, fransktalande, engelska eller svenska l\u00e4rare som rekryterats lokalt. Undervisningsteamet har en stor erfarenhet av undervisning i grundskolan och p\u00e5 gymnasiet. Att f\u00f6rmedla kunskap \u00e4r en l\u00e4rares fr\u00e4msta roll och LFSL:s &#8230; <\/p>\n<p class=\"read-more-container\"><a title=\"L\u00e4rare\" class=\"read-more button\" href=\"https:\/\/www.lfsl.net\/sv\/vilka-ar-vi\/larare\/#more-2582\" aria-label=\"L\u00e4s mer om L\u00e4rare\">L\u00e4s mer<\/a><\/p>\n","protected":false},"author":1,"featured_media":0,"parent":2572,"menu_order":0,"comment_status":"closed","ping_status":"closed","template":"","meta":{"footnotes":""},"class_list":["post-2582","page","type-page","status-publish"],"yoast_head":"<!-- This site is optimized with the Yoast SEO plugin v27.4 - https:\/\/yoast.com\/product\/yoast-seo-wordpress\/ -->\n<title>L\u00e4rare &#8211; Lyc\u00e9e Fran\u00e7ais Saint Louis de Stockholm<\/title>\n<meta name=\"robots\" content=\"index, follow, max-snippet:-1, max-image-preview:large, max-video-preview:-1\" \/>\n<link rel=\"canonical\" href=\"https:\/\/www.lfsl.net\/sv\/vilka-ar-vi\/larare\/\" \/>\n<meta property=\"og:locale\" content=\"sv_SE\" \/>\n<meta property=\"og:type\" content=\"article\" \/>\n<meta property=\"og:title\" content=\"L\u00e4rare &#8211; Lyc\u00e9e Fran\u00e7ais Saint Louis de Stockholm\" \/>\n<meta property=\"og:description\" content=\"det pedagogiska teamet Lyc\u00e9e Fran\u00e7ais Saint Louis pedagogiska team i Stockholm best\u00e5r av franska, utstationerade l\u00e4rare, diplomerade av \u00c9ducation Nationale i Frankrike, samt kvalificerade franska, fransktalande, engelska eller svenska l\u00e4rare som rekryterats lokalt. Undervisningsteamet har en stor erfarenhet av undervisning i grundskolan och p\u00e5 gymnasiet. Att f\u00f6rmedla kunskap \u00e4r en l\u00e4rares fr\u00e4msta roll och LFSL:s ... L\u00e4s mer\" \/>\n<meta property=\"og:url\" content=\"https:\/\/www.lfsl.net\/sv\/vilka-ar-vi\/larare\/\" \/>\n<meta property=\"og:site_name\" content=\"Lyc\u00e9e Fran\u00e7ais Saint Louis de Stockholm\" \/>\n<meta property=\"article:publisher\" content=\"https:\/\/www.facebook.com\/Lyc%c3%a9e-Francais-Saint-Louis-182116921840529\/\" \/>\n<meta property=\"article:modified_time\" content=\"2025-09-23T14:28:04+00:00\" \/>\n<meta property=\"og:image\" content=\"https:\/\/www.lfsl.net\/wp-content\/uploads\/2020\/03\/lsfl_logo-minimal_crop.jpg\" \/>\n\t<meta property=\"og:image:width\" content=\"1440\" \/>\n\t<meta property=\"og:image:height\" content=\"810\" \/>\n\t<meta property=\"og:image:type\" content=\"image\/jpeg\" \/>\n<meta name=\"twitter:card\" content=\"summary_large_image\" \/>\n<script type=\"application\/ld+json\" class=\"yoast-schema-graph\">{\"@context\":\"https:\\\/\\\/schema.org\",\"@graph\":[{\"@type\":\"WebPage\",\"@id\":\"https:\\\/\\\/www.lfsl.net\\\/sv\\\/vilka-ar-vi\\\/larare\\\/\",\"url\":\"https:\\\/\\\/www.lfsl.net\\\/sv\\\/vilka-ar-vi\\\/larare\\\/\",\"name\":\"L\u00e4rare &#8211; Lyc\u00e9e Fran\u00e7ais Saint Louis de Stockholm\",\"isPartOf\":{\"@id\":\"https:\\\/\\\/www.lfsl.net\\\/sv\\\/#website\"},\"datePublished\":\"2019-03-15T14:51:32+00:00\",\"dateModified\":\"2025-09-23T14:28:04+00:00\",\"breadcrumb\":{\"@id\":\"https:\\\/\\\/www.lfsl.net\\\/sv\\\/vilka-ar-vi\\\/larare\\\/#breadcrumb\"},\"inLanguage\":\"sv-SE\",\"potentialAction\":[{\"@type\":\"ReadAction\",\"target\":[\"https:\\\/\\\/www.lfsl.net\\\/sv\\\/vilka-ar-vi\\\/larare\\\/\"]}]},{\"@type\":\"BreadcrumbList\",\"@id\":\"https:\\\/\\\/www.lfsl.net\\\/sv\\\/vilka-ar-vi\\\/larare\\\/#breadcrumb\",\"itemListElement\":[{\"@type\":\"ListItem\",\"position\":1,\"name\":\"Home\",\"item\":\"https:\\\/\\\/www.lfsl.net\\\/sv\\\/\"},{\"@type\":\"ListItem\",\"position\":2,\"name\":\"Vilka \u00e4r vi?\",\"item\":\"https:\\\/\\\/www.lfsl.net\\\/sv\\\/vilka-ar-vi\\\/\"},{\"@type\":\"ListItem\",\"position\":3,\"name\":\"L\u00e4rare\"}]},{\"@type\":\"WebSite\",\"@id\":\"https:\\\/\\\/www.lfsl.net\\\/sv\\\/#website\",\"url\":\"https:\\\/\\\/www.lfsl.net\\\/sv\\\/\",\"name\":\"Lyc\u00e9e Fran\u00e7ais Saint Louis de Stockholm\",\"description\":\"\u00c9tablissement membre du r\u00e9seau AEFE\",\"publisher\":{\"@id\":\"https:\\\/\\\/www.lfsl.net\\\/sv\\\/#organization\"},\"potentialAction\":[{\"@type\":\"SearchAction\",\"target\":{\"@type\":\"EntryPoint\",\"urlTemplate\":\"https:\\\/\\\/www.lfsl.net\\\/sv\\\/?s={search_term_string}\"},\"query-input\":{\"@type\":\"PropertyValueSpecification\",\"valueRequired\":true,\"valueName\":\"search_term_string\"}}],\"inLanguage\":\"sv-SE\"},{\"@type\":\"Organization\",\"@id\":\"https:\\\/\\\/www.lfsl.net\\\/sv\\\/#organization\",\"name\":\"Lyc\u00e9e Fran\u00e7ais Saint Louis\",\"url\":\"https:\\\/\\\/www.lfsl.net\\\/sv\\\/\",\"logo\":{\"@type\":\"ImageObject\",\"inLanguage\":\"sv-SE\",\"@id\":\"https:\\\/\\\/www.lfsl.net\\\/sv\\\/#\\\/schema\\\/logo\\\/image\\\/\",\"url\":\"https:\\\/\\\/www.lfsl.net\\\/wp-content\\\/uploads\\\/2021\\\/03\\\/LFSL-logo.jpg\",\"contentUrl\":\"https:\\\/\\\/www.lfsl.net\\\/wp-content\\\/uploads\\\/2021\\\/03\\\/LFSL-logo.jpg\",\"width\":330,\"height\":473,\"caption\":\"Lyc\u00e9e Fran\u00e7ais Saint Louis\"},\"image\":{\"@id\":\"https:\\\/\\\/www.lfsl.net\\\/sv\\\/#\\\/schema\\\/logo\\\/image\\\/\"},\"sameAs\":[\"https:\\\/\\\/www.facebook.com\\\/Lyc\u00e9e-Francais-Saint-Louis-182116921840529\\\/\",\"https:\\\/\\\/www.instagram.com\\\/lyceefrancaisstockholm\\\/\",\"https:\\\/\\\/www.linkedin.com\\\/school\\\/lfsl\\\/\",\"https:\\\/\\\/www.youtube.com\\\/channel\\\/UCchS4IO4jE_YY0ILwn5NgGQ\"]}]}<\/script>\n<!-- \/ Yoast SEO plugin. -->","yoast_head_json":{"title":"L\u00e4rare &#8211; Lyc\u00e9e Fran\u00e7ais Saint Louis de Stockholm","robots":{"index":"index","follow":"follow","max-snippet":"max-snippet:-1","max-image-preview":"max-image-preview:large","max-video-preview":"max-video-preview:-1"},"canonical":"https:\/\/www.lfsl.net\/sv\/vilka-ar-vi\/larare\/","og_locale":"sv_SE","og_type":"article","og_title":"L\u00e4rare &#8211; Lyc\u00e9e Fran\u00e7ais Saint Louis de Stockholm","og_description":"det pedagogiska teamet Lyc\u00e9e Fran\u00e7ais Saint Louis pedagogiska team i Stockholm best\u00e5r av franska, utstationerade l\u00e4rare, diplomerade av \u00c9ducation Nationale i Frankrike, samt kvalificerade franska, fransktalande, engelska eller svenska l\u00e4rare som rekryterats lokalt. Undervisningsteamet har en stor erfarenhet av undervisning i grundskolan och p\u00e5 gymnasiet. Att f\u00f6rmedla kunskap \u00e4r en l\u00e4rares fr\u00e4msta roll och LFSL:s ... L\u00e4s mer","og_url":"https:\/\/www.lfsl.net\/sv\/vilka-ar-vi\/larare\/","og_site_name":"Lyc\u00e9e Fran\u00e7ais Saint Louis de Stockholm","article_publisher":"https:\/\/www.facebook.com\/Lyc%c3%a9e-Francais-Saint-Louis-182116921840529\/","article_modified_time":"2025-09-23T14:28:04+00:00","og_image":[{"width":1440,"height":810,"url":"https:\/\/www.lfsl.net\/wp-content\/uploads\/2020\/03\/lsfl_logo-minimal_crop.jpg","type":"image\/jpeg"}],"twitter_card":"summary_large_image","schema":{"@context":"https:\/\/schema.org","@graph":[{"@type":"WebPage","@id":"https:\/\/www.lfsl.net\/sv\/vilka-ar-vi\/larare\/","url":"https:\/\/www.lfsl.net\/sv\/vilka-ar-vi\/larare\/","name":"L\u00e4rare &#8211; Lyc\u00e9e Fran\u00e7ais Saint Louis de Stockholm","isPartOf":{"@id":"https:\/\/www.lfsl.net\/sv\/#website"},"datePublished":"2019-03-15T14:51:32+00:00","dateModified":"2025-09-23T14:28:04+00:00","breadcrumb":{"@id":"https:\/\/www.lfsl.net\/sv\/vilka-ar-vi\/larare\/#breadcrumb"},"inLanguage":"sv-SE","potentialAction":[{"@type":"ReadAction","target":["https:\/\/www.lfsl.net\/sv\/vilka-ar-vi\/larare\/"]}]},{"@type":"BreadcrumbList","@id":"https:\/\/www.lfsl.net\/sv\/vilka-ar-vi\/larare\/#breadcrumb","itemListElement":[{"@type":"ListItem","position":1,"name":"Home","item":"https:\/\/www.lfsl.net\/sv\/"},{"@type":"ListItem","position":2,"name":"Vilka \u00e4r vi?","item":"https:\/\/www.lfsl.net\/sv\/vilka-ar-vi\/"},{"@type":"ListItem","position":3,"name":"L\u00e4rare"}]},{"@type":"WebSite","@id":"https:\/\/www.lfsl.net\/sv\/#website","url":"https:\/\/www.lfsl.net\/sv\/","name":"Lyc\u00e9e Fran\u00e7ais Saint Louis de Stockholm","description":"\u00c9tablissement membre du r\u00e9seau AEFE","publisher":{"@id":"https:\/\/www.lfsl.net\/sv\/#organization"},"potentialAction":[{"@type":"SearchAction","target":{"@type":"EntryPoint","urlTemplate":"https:\/\/www.lfsl.net\/sv\/?s={search_term_string}"},"query-input":{"@type":"PropertyValueSpecification","valueRequired":true,"valueName":"search_term_string"}}],"inLanguage":"sv-SE"},{"@type":"Organization","@id":"https:\/\/www.lfsl.net\/sv\/#organization","name":"Lyc\u00e9e Fran\u00e7ais Saint Louis","url":"https:\/\/www.lfsl.net\/sv\/","logo":{"@type":"ImageObject","inLanguage":"sv-SE","@id":"https:\/\/www.lfsl.net\/sv\/#\/schema\/logo\/image\/","url":"https:\/\/www.lfsl.net\/wp-content\/uploads\/2021\/03\/LFSL-logo.jpg","contentUrl":"https:\/\/www.lfsl.net\/wp-content\/uploads\/2021\/03\/LFSL-logo.jpg","width":330,"height":473,"caption":"Lyc\u00e9e Fran\u00e7ais Saint Louis"},"image":{"@id":"https:\/\/www.lfsl.net\/sv\/#\/schema\/logo\/image\/"},"sameAs":["https:\/\/www.facebook.com\/Lyc\u00e9e-Francais-Saint-Louis-182116921840529\/","https:\/\/www.instagram.com\/lyceefrancaisstockholm\/","https:\/\/www.linkedin.com\/school\/lfsl\/","https:\/\/www.youtube.com\/channel\/UCchS4IO4jE_YY0ILwn5NgGQ"]}]}},"_links":{"self":[{"href":"https:\/\/www.lfsl.net\/sv\/wp-json\/wp\/v2\/pages\/2582","targetHints":{"allow":["GET"]}}],"collection":[{"href":"https:\/\/www.lfsl.net\/sv\/wp-json\/wp\/v2\/pages"}],"about":[{"href":"https:\/\/www.lfsl.net\/sv\/wp-json\/wp\/v2\/types\/page"}],"author":[{"embeddable":true,"href":"https:\/\/www.lfsl.net\/sv\/wp-json\/wp\/v2\/users\/1"}],"replies":[{"embeddable":true,"href":"https:\/\/www.lfsl.net\/sv\/wp-json\/wp\/v2\/comments?post=2582"}],"version-history":[{"count":29,"href":"https:\/\/www.lfsl.net\/sv\/wp-json\/wp\/v2\/pages\/2582\/revisions"}],"predecessor-version":[{"id":23910,"href":"https:\/\/www.lfsl.net\/sv\/wp-json\/wp\/v2\/pages\/2582\/revisions\/23910"}],"up":[{"embeddable":true,"href":"https:\/\/www.lfsl.net\/sv\/wp-json\/wp\/v2\/pages\/2572"}],"wp:attachment":[{"href":"https:\/\/www.lfsl.net\/sv\/wp-json\/wp\/v2\/media?parent=2582"}],"curies":[{"name":"wp","href":"https:\/\/api.w.org\/{rel}","templated":true}]}}