{"id":2586,"date":"2019-03-15T14:52:24","date_gmt":"2019-03-15T14:52:24","guid":{"rendered":"http:\/\/lfsl.net.hemsida.eu\/?page_id=2586"},"modified":"2025-09-23T14:30:04","modified_gmt":"2025-09-23T14:30:04","slug":"studievagledning","status":"publish","type":"page","link":"https:\/\/www.lfsl.net\/sv\/vilka-ar-vi\/studievagledning\/","title":{"rendered":"Studiev\u00e4gledning"},"content":{"rendered":"\n<div class=\"wp-block-media-text alignwide is-stacked-on-mobile\"><figure class=\"wp-block-media-text__media\"><img loading=\"lazy\" decoding=\"async\" width=\"1200\" height=\"800\" src=\"https:\/\/www.lfsl.net\/wp-content\/uploads\/2021\/02\/Orientation-1200x800.jpeg\" alt=\"\" class=\"wp-image-10010 size-full\" srcset=\"https:\/\/www.lfsl.net\/wp-content\/uploads\/2021\/02\/Orientation-1200x800.jpeg 1200w, https:\/\/www.lfsl.net\/wp-content\/uploads\/2021\/02\/Orientation-600x400.jpeg 600w, https:\/\/www.lfsl.net\/wp-content\/uploads\/2021\/02\/Orientation-768x512.jpeg 768w, https:\/\/www.lfsl.net\/wp-content\/uploads\/2021\/02\/Orientation.jpeg 1880w\" sizes=\"auto, (max-width: 1200px) 100vw, 1200px\" \/><\/figure><div class=\"wp-block-media-text__content\">\n<p><strong>LFSL tillhandah\u00e5ller resurser i studiev\u00e4gledning f\u00f6r att hj\u00e4lpa elever och deras familjer i valet av skola i det franska, svenska eller internationella h\u00f6gre utbildningssystemet.<\/strong><\/p>\n<\/div><\/div>\n\n\n\n<p>personalresursen f\u00f6r information och studiev\u00e4gledning (PRIO) och <a href=\"Mailto:tnicholas@lfsl.net\">den bitr\u00e4dande svenska studierektorn<\/a>, samt hela undervisningsteamet (Rektorn, CPE, huvudl\u00e4rare, l\u00e4rare, bibliotekarier&#8230;) arbetar f\u00f6r att aktivt f\u00f6rbereda eleverna f\u00f6r sitt val av fortsatta studier.<\/p>\n\n\n\n<p>I biblioteket (CDI) och i rum A8 p\u00e5 gymnasiet finns broschyrer publicerade av ONISEP, olika utg\u00e5vor av tidskriften L&#8217;Etudiant, samt informationsblad fr\u00e5n olika h\u00f6gskolor.<\/p>\n\n\n\n<p>Olika digitala resurser \u00e4r tillg\u00e4ngliga f\u00f6r gymnasieelever fr\u00e5n skoldatorerna tack vare LFSL:s olika abonnemang: GPO3 orienteringsutbildningsprogram och digitala broschyrer p\u00e5 ONISEP (Biblionisep, vilket \u00e4r tillg\u00e4ngligt tack vare koder som distribueras till eleverna) .<\/p>\n\n\n\n<h3 class=\"wp-block-heading\">Studiev\u00e4gledning i det franska systemet: Parcours Avenir<\/h3>\n\n\n\n<p>Det \u00e4r utbildningsplanen Framtid (inkluderad i lagen om v\u00e4gledning och programmering f\u00f6r \u00e5teruppbyggnaden av republikens skola den 8 juli 2013) som formaliserar utbildningen i studiev\u00e4gledning och f\u00f6rberedelserna f\u00f6r en framg\u00e5ngsrik professionell integration.<\/p>\n\n\n\n<p>Denna kurs syftar till att f\u00f6rv\u00e4rva de f\u00e4rdigheter och kunskaper som \u00e4r n\u00f6dv\u00e4ndiga f\u00f6r att projicera sig sj\u00e4lv in i framtiden och g\u00f6ra motiverade och medvetna val av inriktning. Denna Framtidsplan \u00e4r sammanlopplad med skolans pedagogiska projekt.<\/p>\n\n\n\n<p>Alla elever &nbsp;fr\u00e5n 6\u00e8me till sista \u00e5ret \u00e4r ber\u00f6rda av denna studiev\u00e4gledning, som g\u00f6rs inom ramen av undervisningen (disciplin\u00e4r och tv\u00e4rvetenskaplig), specifika st\u00f6dtider (personligt st\u00f6d, personliga studiev\u00e4gledningsintervjuer etc.) eller till och med olika event mm. f\u00f6r att uppt\u00e4cka arbeten och inriktningar (f\u00f6retagspraktik, jobbforum , utbildningsforum, etc.)<\/p>\n\n\n\n<p>Framtidsplanen har tre m\u00e5l:<\/p>\n\n\n\n<p>&#8211; Utveckla sitt pedagogiska och professionella studiev\u00e4gledningsprojekt<\/p>\n\n\n\n<p>&#8211; Utveckla en k\u00e4nsla av engagemang och initiativf\u00f6rm\u00e5ga<\/p>\n\n\n\n<p>&#8211; F\u00f6rst\u00e5 den ekonomiska och professionella v\u00e4rlden och k\u00e4nna till m\u00e5ngfalden av yrken och utbildningar<\/p>\n\n\n\n<p>P\u00e5 initiativ av rektor deltar m\u00e5nga LFSL-akt\u00f6rer i detta system:<\/p>\n\n\n\n<p>\u2013 Huvudl\u00e4rarna<\/p>\n\n\n\n<p>&#8211; Resurspersonal inom information och studiev\u00e4gledning (PRIO)<\/p>\n\n\n\n<p>&#8211; L\u00e4rare<\/p>\n\n\n\n<p>&#8211; Bibliotekarien och CPE (Conseiller Principal d\u2019\u00c9ducation)<\/p>\n\n\n\n<p>LFSL:s studiev\u00e4gledningsresurser (sitografi, digitala resurser, ONISEP-prenumerationer, mjukvara, etc.) \u00e4r tillg\u00e4ngliga via Pronote, &#8221;Portail CDI&#8221; (Portial E-Sidoc du LFSL), fliken &#8221;L\u00e4s mer om&#8221; \/ &#8221;studiev\u00e4gledning&#8221; .<\/p>\n\n\n\n<p>Andra anv\u00e4ndbara l\u00e4nkar (p\u00e5 franska)&nbsp;:<\/p>\n\n\n\n<p>Studiev\u00e4gledning p\u00e5 AEFE&nbsp;:s hemsida&nbsp;: <a href=\"https:\/\/www.aefe.fr\/orientation\/construire-son-parcours\/parcours-individuel-de-leleve\">https:\/\/www.aefe.fr\/orientation\/construire-son-parcours\/parcours-individuel-de-leleve<\/a><\/p>\n\n\n\n<p>Oniseps broschyr om Framtidsplanen&nbsp;: <a href=\"https:\/\/fr.calameo.com\/read\/0000375473084cc8a2978\">https:\/\/fr.calameo.com\/read\/0000375473084cc8a2978<\/a><\/p>\n\n\n\n<h3 class=\"wp-block-heading\">SE <strong>PRESENTATIONER<\/strong> OM ATT STUDERA I SVERIGE EFTER H\u00d6GSTADIET<\/h3>\n\n\n\n<p>Nedan finner ni en l\u00e4nk till presentationer om att studera i Sverige efter coll\u00e8ge:<br><br><a rel=\"noreferrer noopener\" aria-label=\"Att studera i Sverige efter coll\u00e8ge (h\u00f6gstadiet) (opens in a new tab)\" href=\"https:\/\/www.lfsl.net\/wp-content\/uploads\/2020\/12\/Pr\u00e9sentations-\u00e9tudes-en-Su\u00e8de-post-coll\u00e8ge-studiera-i-Sverige-efter-coll\u00e8ge.pdf\" target=\"_blank\">Att studera i Sverige efter coll\u00e8ge (h\u00f6gstadiet)<\/a><br><br><em>Anv\u00e4ndbara l\u00e4nkar:<\/em><\/p>\n\n\n\n<p><a href=\"https:\/\/www.lfsl.net\/sv\/gymnasieexamen-lfsl\/\" target=\"_blank\" rel=\"noopener noreferrer\">Intern hemsida f\u00f6r studiev\u00e4gledning betr\u00e4ffande gymnasieutbildning p\u00e5 LFSL<\/a><\/p>\n\n\n\n<p><a href=\"https:\/\/www.lfsl.net\/sv\/svenskt-gymnasium\/\" target=\"_blank\" rel=\"noreferrer noopener\">Intern hemsida f\u00f6r studiev\u00e4gledning betr\u00e4ffande svensk gymnasieutbildning<\/a><\/p>\n\n\n\n<p><a href=\"https:\/\/oiblfsl.weebly.com\">Option Internationale Baccalaur\u00e9at (OIB)<\/a><\/p>\n\n\n\n<p><a href=\"https:\/\/www.lfsl.net\/sv\/dnbi\/\">Dipl\u00f4me National du Brevet International (DNBI)<\/a><\/p>\n\n\n\n<p><a href=\"https:\/\/www.lfsl.net\/sv\/hogskolestudier-i-sverige\/\" target=\"_blank\" rel=\"noopener noreferrer\">H\u00f6gre utbildning i Sverige<\/a><\/p>\n\n\n\n<p><\/p>\n\n\n\n<div class=\"wp-block-columns has-2-columns is-layout-flex wp-container-core-columns-is-layout-9d6595d7 wp-block-columns-is-layout-flex\">\n<div class=\"wp-block-column is-layout-flow wp-block-column-is-layout-flow\"><\/div>\n\n\n\n<div class=\"wp-block-column is-layout-flow wp-block-column-is-layout-flow\"><\/div>\n<\/div>\n\n\n\n<div class=\"wp-block-columns has-2-columns is-layout-flex wp-container-core-columns-is-layout-9d6595d7 wp-block-columns-is-layout-flex\">\n<div class=\"wp-block-column is-layout-flow wp-block-column-is-layout-flow\"><\/div>\n\n\n\n<div class=\"wp-block-column is-layout-flow wp-block-column-is-layout-flow\"><\/div>\n<\/div>\n","protected":false},"excerpt":{"rendered":"<p>LFSL tillhandah\u00e5ller resurser i studiev\u00e4gledning f\u00f6r att hj\u00e4lpa elever och deras familjer i valet av skola i det franska, svenska eller internationella h\u00f6gre utbildningssystemet. personalresursen f\u00f6r information och studiev\u00e4gledning (PRIO) och den bitr\u00e4dande svenska studierektorn, samt hela undervisningsteamet (Rektorn, CPE, huvudl\u00e4rare, l\u00e4rare, bibliotekarier&#8230;) arbetar f\u00f6r att aktivt f\u00f6rbereda eleverna f\u00f6r sitt val av fortsatta studier. &#8230; <\/p>\n<p class=\"read-more-container\"><a title=\"Studiev\u00e4gledning\" class=\"read-more button\" href=\"https:\/\/www.lfsl.net\/sv\/vilka-ar-vi\/studievagledning\/#more-2586\" aria-label=\"L\u00e4s mer om Studiev\u00e4gledning\">L\u00e4s mer<\/a><\/p>\n","protected":false},"author":1,"featured_media":0,"parent":2572,"menu_order":0,"comment_status":"closed","ping_status":"closed","template":"","meta":{"footnotes":""},"class_list":["post-2586","page","type-page","status-publish"],"yoast_head":"<!-- This site is optimized with the Yoast SEO plugin v27.4 - https:\/\/yoast.com\/product\/yoast-seo-wordpress\/ -->\n<title>Studiev\u00e4gledning &#8211; Lyc\u00e9e Fran\u00e7ais Saint Louis de Stockholm<\/title>\n<meta name=\"robots\" content=\"index, follow, max-snippet:-1, max-image-preview:large, max-video-preview:-1\" \/>\n<link rel=\"canonical\" href=\"https:\/\/www.lfsl.net\/sv\/vilka-ar-vi\/studievagledning\/\" \/>\n<meta property=\"og:locale\" content=\"sv_SE\" \/>\n<meta property=\"og:type\" content=\"article\" \/>\n<meta property=\"og:title\" content=\"Studiev\u00e4gledning &#8211; Lyc\u00e9e Fran\u00e7ais Saint Louis de Stockholm\" \/>\n<meta property=\"og:description\" content=\"LFSL tillhandah\u00e5ller resurser i studiev\u00e4gledning f\u00f6r att hj\u00e4lpa elever och deras familjer i valet av skola i det franska, svenska eller internationella h\u00f6gre utbildningssystemet. personalresursen f\u00f6r information och studiev\u00e4gledning (PRIO) och den bitr\u00e4dande svenska studierektorn, samt hela undervisningsteamet (Rektorn, CPE, huvudl\u00e4rare, l\u00e4rare, bibliotekarier&#8230;) arbetar f\u00f6r att aktivt f\u00f6rbereda eleverna f\u00f6r sitt val av fortsatta studier. ... L\u00e4s mer\" \/>\n<meta property=\"og:url\" content=\"https:\/\/www.lfsl.net\/sv\/vilka-ar-vi\/studievagledning\/\" \/>\n<meta property=\"og:site_name\" content=\"Lyc\u00e9e Fran\u00e7ais Saint Louis de Stockholm\" \/>\n<meta property=\"article:publisher\" content=\"https:\/\/www.facebook.com\/Lyc%c3%a9e-Francais-Saint-Louis-182116921840529\/\" \/>\n<meta property=\"article:modified_time\" content=\"2025-09-23T14:30:04+00:00\" \/>\n<meta property=\"og:image\" content=\"https:\/\/www.lfsl.net\/wp-content\/uploads\/2021\/02\/Orientation.jpeg\" \/>\n\t<meta property=\"og:image:width\" content=\"1880\" \/>\n\t<meta property=\"og:image:height\" content=\"1253\" \/>\n\t<meta property=\"og:image:type\" content=\"image\/jpeg\" \/>\n<meta name=\"twitter:card\" content=\"summary_large_image\" \/>\n<script type=\"application\/ld+json\" class=\"yoast-schema-graph\">{\"@context\":\"https:\\\/\\\/schema.org\",\"@graph\":[{\"@type\":\"WebPage\",\"@id\":\"https:\\\/\\\/www.lfsl.net\\\/sv\\\/vilka-ar-vi\\\/studievagledning\\\/\",\"url\":\"https:\\\/\\\/www.lfsl.net\\\/sv\\\/vilka-ar-vi\\\/studievagledning\\\/\",\"name\":\"Studiev\u00e4gledning &#8211; Lyc\u00e9e Fran\u00e7ais Saint Louis de Stockholm\",\"isPartOf\":{\"@id\":\"https:\\\/\\\/www.lfsl.net\\\/sv\\\/#website\"},\"primaryImageOfPage\":{\"@id\":\"https:\\\/\\\/www.lfsl.net\\\/sv\\\/vilka-ar-vi\\\/studievagledning\\\/#primaryimage\"},\"image\":{\"@id\":\"https:\\\/\\\/www.lfsl.net\\\/sv\\\/vilka-ar-vi\\\/studievagledning\\\/#primaryimage\"},\"thumbnailUrl\":\"https:\\\/\\\/www.lfsl.net\\\/wp-content\\\/uploads\\\/2021\\\/02\\\/Orientation-1200x800.jpeg\",\"datePublished\":\"2019-03-15T14:52:24+00:00\",\"dateModified\":\"2025-09-23T14:30:04+00:00\",\"breadcrumb\":{\"@id\":\"https:\\\/\\\/www.lfsl.net\\\/sv\\\/vilka-ar-vi\\\/studievagledning\\\/#breadcrumb\"},\"inLanguage\":\"sv-SE\",\"potentialAction\":[{\"@type\":\"ReadAction\",\"target\":[\"https:\\\/\\\/www.lfsl.net\\\/sv\\\/vilka-ar-vi\\\/studievagledning\\\/\"]}]},{\"@type\":\"ImageObject\",\"inLanguage\":\"sv-SE\",\"@id\":\"https:\\\/\\\/www.lfsl.net\\\/sv\\\/vilka-ar-vi\\\/studievagledning\\\/#primaryimage\",\"url\":\"https:\\\/\\\/www.lfsl.net\\\/wp-content\\\/uploads\\\/2021\\\/02\\\/Orientation-1200x800.jpeg\",\"contentUrl\":\"https:\\\/\\\/www.lfsl.net\\\/wp-content\\\/uploads\\\/2021\\\/02\\\/Orientation-1200x800.jpeg\"},{\"@type\":\"BreadcrumbList\",\"@id\":\"https:\\\/\\\/www.lfsl.net\\\/sv\\\/vilka-ar-vi\\\/studievagledning\\\/#breadcrumb\",\"itemListElement\":[{\"@type\":\"ListItem\",\"position\":1,\"name\":\"Home\",\"item\":\"https:\\\/\\\/www.lfsl.net\\\/sv\\\/\"},{\"@type\":\"ListItem\",\"position\":2,\"name\":\"Vilka \u00e4r vi?\",\"item\":\"https:\\\/\\\/www.lfsl.net\\\/sv\\\/vilka-ar-vi\\\/\"},{\"@type\":\"ListItem\",\"position\":3,\"name\":\"Studiev\u00e4gledning\"}]},{\"@type\":\"WebSite\",\"@id\":\"https:\\\/\\\/www.lfsl.net\\\/sv\\\/#website\",\"url\":\"https:\\\/\\\/www.lfsl.net\\\/sv\\\/\",\"name\":\"Lyc\u00e9e Fran\u00e7ais Saint Louis de Stockholm\",\"description\":\"\u00c9tablissement membre du r\u00e9seau AEFE\",\"publisher\":{\"@id\":\"https:\\\/\\\/www.lfsl.net\\\/sv\\\/#organization\"},\"potentialAction\":[{\"@type\":\"SearchAction\",\"target\":{\"@type\":\"EntryPoint\",\"urlTemplate\":\"https:\\\/\\\/www.lfsl.net\\\/sv\\\/?s={search_term_string}\"},\"query-input\":{\"@type\":\"PropertyValueSpecification\",\"valueRequired\":true,\"valueName\":\"search_term_string\"}}],\"inLanguage\":\"sv-SE\"},{\"@type\":\"Organization\",\"@id\":\"https:\\\/\\\/www.lfsl.net\\\/sv\\\/#organization\",\"name\":\"Lyc\u00e9e Fran\u00e7ais Saint Louis\",\"url\":\"https:\\\/\\\/www.lfsl.net\\\/sv\\\/\",\"logo\":{\"@type\":\"ImageObject\",\"inLanguage\":\"sv-SE\",\"@id\":\"https:\\\/\\\/www.lfsl.net\\\/sv\\\/#\\\/schema\\\/logo\\\/image\\\/\",\"url\":\"https:\\\/\\\/www.lfsl.net\\\/wp-content\\\/uploads\\\/2021\\\/03\\\/LFSL-logo.jpg\",\"contentUrl\":\"https:\\\/\\\/www.lfsl.net\\\/wp-content\\\/uploads\\\/2021\\\/03\\\/LFSL-logo.jpg\",\"width\":330,\"height\":473,\"caption\":\"Lyc\u00e9e Fran\u00e7ais Saint Louis\"},\"image\":{\"@id\":\"https:\\\/\\\/www.lfsl.net\\\/sv\\\/#\\\/schema\\\/logo\\\/image\\\/\"},\"sameAs\":[\"https:\\\/\\\/www.facebook.com\\\/Lyc\u00e9e-Francais-Saint-Louis-182116921840529\\\/\",\"https:\\\/\\\/www.instagram.com\\\/lyceefrancaisstockholm\\\/\",\"https:\\\/\\\/www.linkedin.com\\\/school\\\/lfsl\\\/\",\"https:\\\/\\\/www.youtube.com\\\/channel\\\/UCchS4IO4jE_YY0ILwn5NgGQ\"]}]}<\/script>\n<!-- \/ Yoast SEO plugin. -->","yoast_head_json":{"title":"Studiev\u00e4gledning &#8211; Lyc\u00e9e Fran\u00e7ais Saint Louis de Stockholm","robots":{"index":"index","follow":"follow","max-snippet":"max-snippet:-1","max-image-preview":"max-image-preview:large","max-video-preview":"max-video-preview:-1"},"canonical":"https:\/\/www.lfsl.net\/sv\/vilka-ar-vi\/studievagledning\/","og_locale":"sv_SE","og_type":"article","og_title":"Studiev\u00e4gledning &#8211; Lyc\u00e9e Fran\u00e7ais Saint Louis de Stockholm","og_description":"LFSL tillhandah\u00e5ller resurser i studiev\u00e4gledning f\u00f6r att hj\u00e4lpa elever och deras familjer i valet av skola i det franska, svenska eller internationella h\u00f6gre utbildningssystemet. personalresursen f\u00f6r information och studiev\u00e4gledning (PRIO) och den bitr\u00e4dande svenska studierektorn, samt hela undervisningsteamet (Rektorn, CPE, huvudl\u00e4rare, l\u00e4rare, bibliotekarier&#8230;) arbetar f\u00f6r att aktivt f\u00f6rbereda eleverna f\u00f6r sitt val av fortsatta studier. ... L\u00e4s mer","og_url":"https:\/\/www.lfsl.net\/sv\/vilka-ar-vi\/studievagledning\/","og_site_name":"Lyc\u00e9e Fran\u00e7ais Saint Louis de Stockholm","article_publisher":"https:\/\/www.facebook.com\/Lyc%c3%a9e-Francais-Saint-Louis-182116921840529\/","article_modified_time":"2025-09-23T14:30:04+00:00","og_image":[{"width":1880,"height":1253,"url":"https:\/\/www.lfsl.net\/wp-content\/uploads\/2021\/02\/Orientation.jpeg","type":"image\/jpeg"}],"twitter_card":"summary_large_image","schema":{"@context":"https:\/\/schema.org","@graph":[{"@type":"WebPage","@id":"https:\/\/www.lfsl.net\/sv\/vilka-ar-vi\/studievagledning\/","url":"https:\/\/www.lfsl.net\/sv\/vilka-ar-vi\/studievagledning\/","name":"Studiev\u00e4gledning &#8211; Lyc\u00e9e Fran\u00e7ais Saint Louis de Stockholm","isPartOf":{"@id":"https:\/\/www.lfsl.net\/sv\/#website"},"primaryImageOfPage":{"@id":"https:\/\/www.lfsl.net\/sv\/vilka-ar-vi\/studievagledning\/#primaryimage"},"image":{"@id":"https:\/\/www.lfsl.net\/sv\/vilka-ar-vi\/studievagledning\/#primaryimage"},"thumbnailUrl":"https:\/\/www.lfsl.net\/wp-content\/uploads\/2021\/02\/Orientation-1200x800.jpeg","datePublished":"2019-03-15T14:52:24+00:00","dateModified":"2025-09-23T14:30:04+00:00","breadcrumb":{"@id":"https:\/\/www.lfsl.net\/sv\/vilka-ar-vi\/studievagledning\/#breadcrumb"},"inLanguage":"sv-SE","potentialAction":[{"@type":"ReadAction","target":["https:\/\/www.lfsl.net\/sv\/vilka-ar-vi\/studievagledning\/"]}]},{"@type":"ImageObject","inLanguage":"sv-SE","@id":"https:\/\/www.lfsl.net\/sv\/vilka-ar-vi\/studievagledning\/#primaryimage","url":"https:\/\/www.lfsl.net\/wp-content\/uploads\/2021\/02\/Orientation-1200x800.jpeg","contentUrl":"https:\/\/www.lfsl.net\/wp-content\/uploads\/2021\/02\/Orientation-1200x800.jpeg"},{"@type":"BreadcrumbList","@id":"https:\/\/www.lfsl.net\/sv\/vilka-ar-vi\/studievagledning\/#breadcrumb","itemListElement":[{"@type":"ListItem","position":1,"name":"Home","item":"https:\/\/www.lfsl.net\/sv\/"},{"@type":"ListItem","position":2,"name":"Vilka \u00e4r vi?","item":"https:\/\/www.lfsl.net\/sv\/vilka-ar-vi\/"},{"@type":"ListItem","position":3,"name":"Studiev\u00e4gledning"}]},{"@type":"WebSite","@id":"https:\/\/www.lfsl.net\/sv\/#website","url":"https:\/\/www.lfsl.net\/sv\/","name":"Lyc\u00e9e Fran\u00e7ais Saint Louis de Stockholm","description":"\u00c9tablissement membre du r\u00e9seau AEFE","publisher":{"@id":"https:\/\/www.lfsl.net\/sv\/#organization"},"potentialAction":[{"@type":"SearchAction","target":{"@type":"EntryPoint","urlTemplate":"https:\/\/www.lfsl.net\/sv\/?s={search_term_string}"},"query-input":{"@type":"PropertyValueSpecification","valueRequired":true,"valueName":"search_term_string"}}],"inLanguage":"sv-SE"},{"@type":"Organization","@id":"https:\/\/www.lfsl.net\/sv\/#organization","name":"Lyc\u00e9e Fran\u00e7ais Saint Louis","url":"https:\/\/www.lfsl.net\/sv\/","logo":{"@type":"ImageObject","inLanguage":"sv-SE","@id":"https:\/\/www.lfsl.net\/sv\/#\/schema\/logo\/image\/","url":"https:\/\/www.lfsl.net\/wp-content\/uploads\/2021\/03\/LFSL-logo.jpg","contentUrl":"https:\/\/www.lfsl.net\/wp-content\/uploads\/2021\/03\/LFSL-logo.jpg","width":330,"height":473,"caption":"Lyc\u00e9e Fran\u00e7ais Saint Louis"},"image":{"@id":"https:\/\/www.lfsl.net\/sv\/#\/schema\/logo\/image\/"},"sameAs":["https:\/\/www.facebook.com\/Lyc\u00e9e-Francais-Saint-Louis-182116921840529\/","https:\/\/www.instagram.com\/lyceefrancaisstockholm\/","https:\/\/www.linkedin.com\/school\/lfsl\/","https:\/\/www.youtube.com\/channel\/UCchS4IO4jE_YY0ILwn5NgGQ"]}]}},"_links":{"self":[{"href":"https:\/\/www.lfsl.net\/sv\/wp-json\/wp\/v2\/pages\/2586","targetHints":{"allow":["GET"]}}],"collection":[{"href":"https:\/\/www.lfsl.net\/sv\/wp-json\/wp\/v2\/pages"}],"about":[{"href":"https:\/\/www.lfsl.net\/sv\/wp-json\/wp\/v2\/types\/page"}],"author":[{"embeddable":true,"href":"https:\/\/www.lfsl.net\/sv\/wp-json\/wp\/v2\/users\/1"}],"replies":[{"embeddable":true,"href":"https:\/\/www.lfsl.net\/sv\/wp-json\/wp\/v2\/comments?post=2586"}],"version-history":[{"count":44,"href":"https:\/\/www.lfsl.net\/sv\/wp-json\/wp\/v2\/pages\/2586\/revisions"}],"predecessor-version":[{"id":23913,"href":"https:\/\/www.lfsl.net\/sv\/wp-json\/wp\/v2\/pages\/2586\/revisions\/23913"}],"up":[{"embeddable":true,"href":"https:\/\/www.lfsl.net\/sv\/wp-json\/wp\/v2\/pages\/2572"}],"wp:attachment":[{"href":"https:\/\/www.lfsl.net\/sv\/wp-json\/wp\/v2\/media?parent=2586"}],"curies":[{"name":"wp","href":"https:\/\/api.w.org\/{rel}","templated":true}]}}