{"id":2589,"date":"2019-03-15T14:53:12","date_gmt":"2019-03-15T14:53:12","guid":{"rendered":"http:\/\/lfsl.net.hemsida.eu\/?page_id=2589"},"modified":"2021-01-21T16:33:58","modified_gmt":"2021-01-21T16:33:58","slug":"skolhalsa","status":"publish","type":"page","link":"https:\/\/www.lfsl.net\/sv\/vilka-ar-vi\/skolhalsa\/","title":{"rendered":"Skolh\u00e4lsa"},"content":{"rendered":"<p><strong>Fransk och svensk folkh\u00e4lso- och utbildningspolitik \u00e4r \u00f6verens om att utbildning inom h\u00e4lsa \u00e4r en nyckelfaktor f\u00f6r elevers v\u00e4lbefinnande, akademisk prestation och r\u00e4ttvisa.<\/strong><\/p>\n<h3><strong>H\u00e4lsoplanen<br \/>\n<\/strong><\/h3>\n<p>H\u00e4lsoplanen &#8211; Parcours Sant\u00e9, \u00e4r en viktig del i Lyc\u00e9e Saint Louis skolprojekt.<br \/>\nGenom att arbeta med personliga relationer, h\u00e4lsa och st\u00f6d f\u00f6r elever med s\u00e4rskilda behov ger LFSL barnet de b\u00e4sta f\u00f6ruts\u00e4ttningarna f\u00f6r framg\u00e5ng och v\u00e4lbefinnande, samt f\u00f6r att uppn\u00e5 sina m\u00e5l.<br \/>\nF\u00f6r att m\u00f6jligg\u00f6ra detta arbetar ett team av specialister inom mental och fysisk h\u00e4lsa varje dag till st\u00f6d f\u00f6r l\u00e4rare och pedagogisk personal.<\/p>\n<p>Organisationsschema och beskrivning av Skolh\u00e4lsan<span style=\"display: inline !important; float: none; background-color: #ffffff; color: #424242; cursor: text; font-family: 'Open Sans',sans-serif; font-size: 16px; font-style: normal; font-variant: normal; font-weight: 400; letter-spacing: normal; orphans: 2; text-align: left; text-decoration: none; text-indent: 0px; text-transform: none; -webkit-text-stroke-width: 0px; white-space: normal; word-spacing: 0px;\"> (p\u00e5 franska)<br \/>\n<\/span><\/p>\n<h3>Skolh\u00e4lsans uppdrag<\/h3>\n<p>Skolh\u00e4lsoteamets uppdrag \u00e4r mycket specifika, nedan ges en beskrivning :<\/p>\n<p>&#8211; Skolsk\u00f6terskan: hon har f\u00f6rst och fr\u00e4mst en folkh\u00e4lsoroll. Hon \u00e4r utsedd av de svenska myndigheterna (Socialstyrelsen och Skolverket) f\u00f6r att uppt\u00e4cka och f\u00f6rebygga h\u00e4lsoproblem, samt fr\u00e4mja och ge r\u00e5d om h\u00e4lsa p\u00e5 individuell och kollektiv niv\u00e5.<\/p>\n<p>&#8211; Specialpedagogen: hon \u00e4r expert p\u00e5 fr\u00e5gor som r\u00f6r l\u00e4rande och pedagogik, speciellt f\u00f6r elever i inl\u00e4rningssv\u00e5righeter. Hon ansvarar f\u00f6r att identifiera och diagnostisera elevens sv\u00e5righeter och sedan ge r\u00e5d och st\u00f6d till f\u00f6r\u00e4ldrar och l\u00e4rare om hur de ska jobba med dem.<\/p>\n<p>&#8211; Skolpsykologen: dennes roll \u00e4r att ge st\u00f6d och r\u00e5d till l\u00e4rare i deras arbete med elever med s\u00e4rskilda behov. Skolpsykologen arbetar f\u00f6r att hj\u00e4lpa l\u00e4rare att b\u00e4ttre f\u00f6rst\u00e5 och hantera elevernas behov.<\/p>\n<p>&#8211; Kurator: hon \u00e4r skolans psykosociala expert, arbetar f\u00f6r att hj\u00e4lpa eleverna att m\u00e5 bra p\u00e5 skolan och ge dem st\u00f6d och goda f\u00f6ruts\u00e4ttningar f\u00f6r framg\u00e5ng.<\/p>\n<p><em>Anv\u00e4ndbara l\u00e4nkar:<\/em><\/p>\n<p><a href=\"https:\/\/www.lfsl.net\/wp-content\/uploads\/2019\/05\/Handlingsplan-och-policy-ANT_SE.docx\">Handlingsplan-och-policy-ANT<\/a><\/p>\n<p><a href=\"http:\/\/www.1177.se\/\">1177.se<\/a> \u00e4r en hemsida f\u00f6r fr\u00e5gor kring <span style=\"display: inline !important; float: none; background-color: transparent; color: #424242; cursor: text; font-family: 'Open Sans',sans-serif; font-size: 16px; font-style: normal; font-variant: normal; font-weight: 400; letter-spacing: normal; orphans: 2; text-align: left; text-decoration: none; text-indent: 0px; text-transform: none; -webkit-text-stroke-width: 0px; white-space: normal; word-spacing: 0px;\">barn och ungdomars <\/span>h\u00e4lsa och sjukdomar<\/p>\n","protected":false},"excerpt":{"rendered":"<p>Fransk och svensk folkh\u00e4lso- och utbildningspolitik \u00e4r \u00f6verens om att utbildning inom h\u00e4lsa \u00e4r en nyckelfaktor f\u00f6r elevers v\u00e4lbefinnande, akademisk prestation och r\u00e4ttvisa. H\u00e4lsoplanen H\u00e4lsoplanen &#8211; Parcours Sant\u00e9, \u00e4r en viktig del i Lyc\u00e9e Saint Louis skolprojekt. Genom att arbeta med personliga relationer, h\u00e4lsa och st\u00f6d f\u00f6r elever med s\u00e4rskilda behov ger LFSL barnet de &#8230; <\/p>\n<p class=\"read-more-container\"><a title=\"Skolh\u00e4lsa\" class=\"read-more button\" href=\"https:\/\/www.lfsl.net\/sv\/vilka-ar-vi\/skolhalsa\/#more-2589\" aria-label=\"L\u00e4s mer om Skolh\u00e4lsa\">L\u00e4s mer<\/a><\/p>\n","protected":false},"author":1,"featured_media":0,"parent":2572,"menu_order":0,"comment_status":"closed","ping_status":"closed","template":"","meta":{"footnotes":""},"class_list":["post-2589","page","type-page","status-publish"],"yoast_head":"<!-- This site is optimized with the Yoast SEO plugin v27.4 - https:\/\/yoast.com\/product\/yoast-seo-wordpress\/ -->\n<title>Skolh\u00e4lsa &#8211; Lyc\u00e9e Fran\u00e7ais Saint Louis de Stockholm<\/title>\n<meta name=\"robots\" content=\"index, follow, max-snippet:-1, max-image-preview:large, max-video-preview:-1\" \/>\n<link rel=\"canonical\" href=\"https:\/\/www.lfsl.net\/sv\/vilka-ar-vi\/skolhalsa\/\" \/>\n<meta property=\"og:locale\" content=\"sv_SE\" \/>\n<meta property=\"og:type\" content=\"article\" \/>\n<meta property=\"og:title\" content=\"Skolh\u00e4lsa &#8211; Lyc\u00e9e Fran\u00e7ais Saint Louis de Stockholm\" \/>\n<meta property=\"og:description\" content=\"Fransk och svensk folkh\u00e4lso- och utbildningspolitik \u00e4r \u00f6verens om att utbildning inom h\u00e4lsa \u00e4r en nyckelfaktor f\u00f6r elevers v\u00e4lbefinnande, akademisk prestation och r\u00e4ttvisa. H\u00e4lsoplanen H\u00e4lsoplanen &#8211; Parcours Sant\u00e9, \u00e4r en viktig del i Lyc\u00e9e Saint Louis skolprojekt. Genom att arbeta med personliga relationer, h\u00e4lsa och st\u00f6d f\u00f6r elever med s\u00e4rskilda behov ger LFSL barnet de ... L\u00e4s mer\" \/>\n<meta property=\"og:url\" content=\"https:\/\/www.lfsl.net\/sv\/vilka-ar-vi\/skolhalsa\/\" \/>\n<meta property=\"og:site_name\" content=\"Lyc\u00e9e Fran\u00e7ais Saint Louis de Stockholm\" \/>\n<meta property=\"article:publisher\" content=\"https:\/\/www.facebook.com\/Lyc%c3%a9e-Francais-Saint-Louis-182116921840529\/\" \/>\n<meta property=\"article:modified_time\" content=\"2021-01-21T16:33:58+00:00\" \/>\n<meta property=\"og:image\" content=\"https:\/\/www.lfsl.net\/wp-content\/uploads\/2020\/03\/lsfl_logo-minimal_crop.jpg\" \/>\n\t<meta property=\"og:image:width\" content=\"1440\" \/>\n\t<meta property=\"og:image:height\" content=\"810\" \/>\n\t<meta property=\"og:image:type\" content=\"image\/jpeg\" \/>\n<meta name=\"twitter:card\" content=\"summary_large_image\" \/>\n<script type=\"application\/ld+json\" class=\"yoast-schema-graph\">{\"@context\":\"https:\\\/\\\/schema.org\",\"@graph\":[{\"@type\":\"WebPage\",\"@id\":\"https:\\\/\\\/www.lfsl.net\\\/sv\\\/vilka-ar-vi\\\/skolhalsa\\\/\",\"url\":\"https:\\\/\\\/www.lfsl.net\\\/sv\\\/vilka-ar-vi\\\/skolhalsa\\\/\",\"name\":\"Skolh\u00e4lsa &#8211; Lyc\u00e9e Fran\u00e7ais Saint Louis de Stockholm\",\"isPartOf\":{\"@id\":\"https:\\\/\\\/www.lfsl.net\\\/sv\\\/#website\"},\"datePublished\":\"2019-03-15T14:53:12+00:00\",\"dateModified\":\"2021-01-21T16:33:58+00:00\",\"breadcrumb\":{\"@id\":\"https:\\\/\\\/www.lfsl.net\\\/sv\\\/vilka-ar-vi\\\/skolhalsa\\\/#breadcrumb\"},\"inLanguage\":\"sv-SE\",\"potentialAction\":[{\"@type\":\"ReadAction\",\"target\":[\"https:\\\/\\\/www.lfsl.net\\\/sv\\\/vilka-ar-vi\\\/skolhalsa\\\/\"]}]},{\"@type\":\"BreadcrumbList\",\"@id\":\"https:\\\/\\\/www.lfsl.net\\\/sv\\\/vilka-ar-vi\\\/skolhalsa\\\/#breadcrumb\",\"itemListElement\":[{\"@type\":\"ListItem\",\"position\":1,\"name\":\"Home\",\"item\":\"https:\\\/\\\/www.lfsl.net\\\/sv\\\/\"},{\"@type\":\"ListItem\",\"position\":2,\"name\":\"Vilka \u00e4r vi?\",\"item\":\"https:\\\/\\\/www.lfsl.net\\\/sv\\\/vilka-ar-vi\\\/\"},{\"@type\":\"ListItem\",\"position\":3,\"name\":\"Skolh\u00e4lsa\"}]},{\"@type\":\"WebSite\",\"@id\":\"https:\\\/\\\/www.lfsl.net\\\/sv\\\/#website\",\"url\":\"https:\\\/\\\/www.lfsl.net\\\/sv\\\/\",\"name\":\"Lyc\u00e9e Fran\u00e7ais Saint Louis de Stockholm\",\"description\":\"\u00c9tablissement membre du r\u00e9seau AEFE\",\"publisher\":{\"@id\":\"https:\\\/\\\/www.lfsl.net\\\/sv\\\/#organization\"},\"potentialAction\":[{\"@type\":\"SearchAction\",\"target\":{\"@type\":\"EntryPoint\",\"urlTemplate\":\"https:\\\/\\\/www.lfsl.net\\\/sv\\\/?s={search_term_string}\"},\"query-input\":{\"@type\":\"PropertyValueSpecification\",\"valueRequired\":true,\"valueName\":\"search_term_string\"}}],\"inLanguage\":\"sv-SE\"},{\"@type\":\"Organization\",\"@id\":\"https:\\\/\\\/www.lfsl.net\\\/sv\\\/#organization\",\"name\":\"Lyc\u00e9e Fran\u00e7ais Saint Louis\",\"url\":\"https:\\\/\\\/www.lfsl.net\\\/sv\\\/\",\"logo\":{\"@type\":\"ImageObject\",\"inLanguage\":\"sv-SE\",\"@id\":\"https:\\\/\\\/www.lfsl.net\\\/sv\\\/#\\\/schema\\\/logo\\\/image\\\/\",\"url\":\"https:\\\/\\\/www.lfsl.net\\\/wp-content\\\/uploads\\\/2021\\\/03\\\/LFSL-logo.jpg\",\"contentUrl\":\"https:\\\/\\\/www.lfsl.net\\\/wp-content\\\/uploads\\\/2021\\\/03\\\/LFSL-logo.jpg\",\"width\":330,\"height\":473,\"caption\":\"Lyc\u00e9e Fran\u00e7ais Saint Louis\"},\"image\":{\"@id\":\"https:\\\/\\\/www.lfsl.net\\\/sv\\\/#\\\/schema\\\/logo\\\/image\\\/\"},\"sameAs\":[\"https:\\\/\\\/www.facebook.com\\\/Lyc\u00e9e-Francais-Saint-Louis-182116921840529\\\/\",\"https:\\\/\\\/www.instagram.com\\\/lyceefrancaisstockholm\\\/\",\"https:\\\/\\\/www.linkedin.com\\\/school\\\/lfsl\\\/\",\"https:\\\/\\\/www.youtube.com\\\/channel\\\/UCchS4IO4jE_YY0ILwn5NgGQ\"]}]}<\/script>\n<!-- \/ Yoast SEO plugin. -->","yoast_head_json":{"title":"Skolh\u00e4lsa &#8211; Lyc\u00e9e Fran\u00e7ais Saint Louis de Stockholm","robots":{"index":"index","follow":"follow","max-snippet":"max-snippet:-1","max-image-preview":"max-image-preview:large","max-video-preview":"max-video-preview:-1"},"canonical":"https:\/\/www.lfsl.net\/sv\/vilka-ar-vi\/skolhalsa\/","og_locale":"sv_SE","og_type":"article","og_title":"Skolh\u00e4lsa &#8211; Lyc\u00e9e Fran\u00e7ais Saint Louis de Stockholm","og_description":"Fransk och svensk folkh\u00e4lso- och utbildningspolitik \u00e4r \u00f6verens om att utbildning inom h\u00e4lsa \u00e4r en nyckelfaktor f\u00f6r elevers v\u00e4lbefinnande, akademisk prestation och r\u00e4ttvisa. H\u00e4lsoplanen H\u00e4lsoplanen &#8211; Parcours Sant\u00e9, \u00e4r en viktig del i Lyc\u00e9e Saint Louis skolprojekt. Genom att arbeta med personliga relationer, h\u00e4lsa och st\u00f6d f\u00f6r elever med s\u00e4rskilda behov ger LFSL barnet de ... L\u00e4s mer","og_url":"https:\/\/www.lfsl.net\/sv\/vilka-ar-vi\/skolhalsa\/","og_site_name":"Lyc\u00e9e Fran\u00e7ais Saint Louis de Stockholm","article_publisher":"https:\/\/www.facebook.com\/Lyc%c3%a9e-Francais-Saint-Louis-182116921840529\/","article_modified_time":"2021-01-21T16:33:58+00:00","og_image":[{"width":1440,"height":810,"url":"https:\/\/www.lfsl.net\/wp-content\/uploads\/2020\/03\/lsfl_logo-minimal_crop.jpg","type":"image\/jpeg"}],"twitter_card":"summary_large_image","schema":{"@context":"https:\/\/schema.org","@graph":[{"@type":"WebPage","@id":"https:\/\/www.lfsl.net\/sv\/vilka-ar-vi\/skolhalsa\/","url":"https:\/\/www.lfsl.net\/sv\/vilka-ar-vi\/skolhalsa\/","name":"Skolh\u00e4lsa &#8211; Lyc\u00e9e Fran\u00e7ais Saint Louis de Stockholm","isPartOf":{"@id":"https:\/\/www.lfsl.net\/sv\/#website"},"datePublished":"2019-03-15T14:53:12+00:00","dateModified":"2021-01-21T16:33:58+00:00","breadcrumb":{"@id":"https:\/\/www.lfsl.net\/sv\/vilka-ar-vi\/skolhalsa\/#breadcrumb"},"inLanguage":"sv-SE","potentialAction":[{"@type":"ReadAction","target":["https:\/\/www.lfsl.net\/sv\/vilka-ar-vi\/skolhalsa\/"]}]},{"@type":"BreadcrumbList","@id":"https:\/\/www.lfsl.net\/sv\/vilka-ar-vi\/skolhalsa\/#breadcrumb","itemListElement":[{"@type":"ListItem","position":1,"name":"Home","item":"https:\/\/www.lfsl.net\/sv\/"},{"@type":"ListItem","position":2,"name":"Vilka \u00e4r vi?","item":"https:\/\/www.lfsl.net\/sv\/vilka-ar-vi\/"},{"@type":"ListItem","position":3,"name":"Skolh\u00e4lsa"}]},{"@type":"WebSite","@id":"https:\/\/www.lfsl.net\/sv\/#website","url":"https:\/\/www.lfsl.net\/sv\/","name":"Lyc\u00e9e Fran\u00e7ais Saint Louis de Stockholm","description":"\u00c9tablissement membre du r\u00e9seau AEFE","publisher":{"@id":"https:\/\/www.lfsl.net\/sv\/#organization"},"potentialAction":[{"@type":"SearchAction","target":{"@type":"EntryPoint","urlTemplate":"https:\/\/www.lfsl.net\/sv\/?s={search_term_string}"},"query-input":{"@type":"PropertyValueSpecification","valueRequired":true,"valueName":"search_term_string"}}],"inLanguage":"sv-SE"},{"@type":"Organization","@id":"https:\/\/www.lfsl.net\/sv\/#organization","name":"Lyc\u00e9e Fran\u00e7ais Saint Louis","url":"https:\/\/www.lfsl.net\/sv\/","logo":{"@type":"ImageObject","inLanguage":"sv-SE","@id":"https:\/\/www.lfsl.net\/sv\/#\/schema\/logo\/image\/","url":"https:\/\/www.lfsl.net\/wp-content\/uploads\/2021\/03\/LFSL-logo.jpg","contentUrl":"https:\/\/www.lfsl.net\/wp-content\/uploads\/2021\/03\/LFSL-logo.jpg","width":330,"height":473,"caption":"Lyc\u00e9e Fran\u00e7ais Saint Louis"},"image":{"@id":"https:\/\/www.lfsl.net\/sv\/#\/schema\/logo\/image\/"},"sameAs":["https:\/\/www.facebook.com\/Lyc\u00e9e-Francais-Saint-Louis-182116921840529\/","https:\/\/www.instagram.com\/lyceefrancaisstockholm\/","https:\/\/www.linkedin.com\/school\/lfsl\/","https:\/\/www.youtube.com\/channel\/UCchS4IO4jE_YY0ILwn5NgGQ"]}]}},"_links":{"self":[{"href":"https:\/\/www.lfsl.net\/sv\/wp-json\/wp\/v2\/pages\/2589","targetHints":{"allow":["GET"]}}],"collection":[{"href":"https:\/\/www.lfsl.net\/sv\/wp-json\/wp\/v2\/pages"}],"about":[{"href":"https:\/\/www.lfsl.net\/sv\/wp-json\/wp\/v2\/types\/page"}],"author":[{"embeddable":true,"href":"https:\/\/www.lfsl.net\/sv\/wp-json\/wp\/v2\/users\/1"}],"replies":[{"embeddable":true,"href":"https:\/\/www.lfsl.net\/sv\/wp-json\/wp\/v2\/comments?post=2589"}],"version-history":[{"count":25,"href":"https:\/\/www.lfsl.net\/sv\/wp-json\/wp\/v2\/pages\/2589\/revisions"}],"predecessor-version":[{"id":9873,"href":"https:\/\/www.lfsl.net\/sv\/wp-json\/wp\/v2\/pages\/2589\/revisions\/9873"}],"up":[{"embeddable":true,"href":"https:\/\/www.lfsl.net\/sv\/wp-json\/wp\/v2\/pages\/2572"}],"wp:attachment":[{"href":"https:\/\/www.lfsl.net\/sv\/wp-json\/wp\/v2\/media?parent=2589"}],"curies":[{"name":"wp","href":"https:\/\/api.w.org\/{rel}","templated":true}]}}