{"id":2591,"date":"2019-03-15T14:54:30","date_gmt":"2019-03-15T14:54:30","guid":{"rendered":"http:\/\/lfsl.net.hemsida.eu\/?page_id=2591"},"modified":"2021-01-21T16:34:25","modified_gmt":"2021-01-21T16:34:25","slug":"vie-scolaire","status":"publish","type":"page","link":"https:\/\/www.lfsl.net\/sv\/vilka-ar-vi\/vie-scolaire\/","title":{"rendered":"Vie Scolaire"},"content":{"rendered":"<p><strong>&#8221;Vie Scolaire&#8221; \u00e4r en service p\u00e5 Coll\u00e8ge &amp; Lyc\u00e9e (h\u00f6gstadiet och gymnasiet) som best\u00e5r av en Utbildningsr\u00e5dgivare (CPE) och flera elevassistenter p\u00e5 heltid eller deltid.<\/strong><\/p>\n<p>&#8221;Vie Scolaire&#8221; tar ta hand om eleverna utanf\u00f6r klassrummet och lektionerna. Dess huvuduppgift \u00e4r att s\u00e4kerst\u00e4lla att varje elev f\u00f6ljer sin skolg\u00e5ng under de b\u00e4sta f\u00f6ruts\u00e4ttningarna, med respekt f\u00f6r m\u00e4nniskor, egendom och regler i samh\u00e4llet.<br>\u00abVie Scolaire\u00bb \u00e4r en plats som tar emot och lyssnar p\u00e5 eleverna n\u00e4r som helst p\u00e5 dagen : skolrelaterade eller personliga problem, samt f\u00f6r att f\u00e5 information om den dagliga organisationen i Coll\u00e8ge och Lyc\u00e9e. Elevassistenterna \u00f6vervakar eleverna huvudsakligen under h\u00e5ltimmarna, under rasterna, samt under lunchrasten.<\/p>\n<p>De har en pedagogisk roll: respekt f\u00f6r regler, ge r\u00e5d, samt hj\u00e4lp med l\u00e4xor. De fokuserar p\u00e5 elevernas problem och hanterar ocks\u00e5 fr\u00e5nvaro och f\u00f6rseningar.<\/p>\n<p>CPE (utbildningsr\u00e5dgivaren) ansvarar f\u00f6r den enskilda uppf\u00f6ljningen av eleverna: han har intervjuer med elever och deras familjer om elevernas beteende, arbetar i n\u00e4ra samarbete med skolh\u00e4lsoteamet och huvudl\u00e4rarna.<br>Han informerar familjer om eventuella problem med sina barns skolg\u00e5ng. Han s\u00e4kerst\u00e4ller ocks\u00e5 organisationen av valet av klassrepresentanter.<br><a href=\"https:\/\/1040001l.index-education.net\/pronote\/\" target=\"_blank\" rel=\"noopener noreferrer\"><img loading=\"lazy\" decoding=\"async\" width=\"217\" height=\"217\" class=\"wp-image-3538 alignright\" alt=\"\" src=\"https:\/\/www.lfsl.net\/wp-content\/uploads\/2019\/04\/Pronote_bild.jpg\" srcset=\"https:\/\/www.lfsl.net\/wp-content\/uploads\/2019\/04\/Pronote_bild.jpg 246w, https:\/\/www.lfsl.net\/wp-content\/uploads\/2019\/04\/Pronote_bild-150x150.jpg 150w\" sizes=\"auto, (max-width: 217px) 100vw, 217px\" \/><\/a><br>F\u00f6r\u00e4ldrar uppmanas att regelbundet konsultera Pronote (inloggningsuppgifter skickas till alla familjer i b\u00f6rjan av skol\u00e5ret).<br>Merparten av kommunikationen sker via detta verktyg, inklusive e-post. Pronote inkluderar elevernas scheman, betyg, l\u00e4xor, fr\u00e5nvaro och f\u00f6rseningar samt regelbunden uppdaterad information.<\/p>\n<p><strong>Vie Scolaire kan kontaktas via e-post viescolaire[a]lfsl.net <\/strong><br><strong><br>eller p\u00e5 telefon: <\/strong><br><strong>&#8211; F\u00f6r Coll\u00e8ge: fr\u00e5n 07:30 till 17:30 till tel: 08-441 30 34<\/strong><br><strong>&#8211; F\u00f6r Lyc\u00e9e: fr\u00e5n 07:30 till 18:30 till tel: 08-441 30 68<\/strong><\/p>\n\n\n<p><a aria-label=\" (opens in a new tab)\" rel=\"noreferrer noopener\" href=\"https:\/\/1040001l.index-education.net\/pronote\/\" target=\"_blank\">L\u00c4NK TILL PRONOTE<\/a><br><a rel=\"noreferrer noopener\" aria-label=\"PRONOTE - KOMMUNIKATIONSVERKTYG (opens in a new tab)\" href=\"https:\/\/www.lfsl.net\/wp-content\/uploads\/2021\/01\/Pronote-outil-de-communication_SE.pdf\" target=\"_blank\">PRONOTE &#8211; KOMMUNIKATIONSVERKTYG<\/a><\/p>\n","protected":false},"excerpt":{"rendered":"<p>&#8221;Vie Scolaire&#8221; \u00e4r en service p\u00e5 Coll\u00e8ge &amp; Lyc\u00e9e (h\u00f6gstadiet och gymnasiet) som best\u00e5r av en Utbildningsr\u00e5dgivare (CPE) och flera elevassistenter p\u00e5 heltid eller deltid. &#8221;Vie Scolaire&#8221; tar ta hand om eleverna utanf\u00f6r klassrummet och lektionerna. Dess huvuduppgift \u00e4r att s\u00e4kerst\u00e4lla att varje elev f\u00f6ljer sin skolg\u00e5ng under de b\u00e4sta f\u00f6ruts\u00e4ttningarna, med respekt f\u00f6r m\u00e4nniskor, &#8230; <\/p>\n<p class=\"read-more-container\"><a title=\"Vie Scolaire\" class=\"read-more button\" href=\"https:\/\/www.lfsl.net\/sv\/vilka-ar-vi\/vie-scolaire\/#more-2591\" aria-label=\"L\u00e4s mer om Vie Scolaire\">L\u00e4s mer<\/a><\/p>\n","protected":false},"author":1,"featured_media":0,"parent":2572,"menu_order":0,"comment_status":"closed","ping_status":"closed","template":"","meta":{"footnotes":""},"class_list":["post-2591","page","type-page","status-publish"],"yoast_head":"<!-- This site is optimized with the Yoast SEO plugin v27.4 - https:\/\/yoast.com\/product\/yoast-seo-wordpress\/ -->\n<title>Vie Scolaire &#8211; Lyc\u00e9e Fran\u00e7ais Saint Louis de Stockholm<\/title>\n<meta name=\"robots\" content=\"index, follow, max-snippet:-1, max-image-preview:large, max-video-preview:-1\" \/>\n<link rel=\"canonical\" href=\"https:\/\/www.lfsl.net\/sv\/vilka-ar-vi\/vie-scolaire\/\" \/>\n<meta property=\"og:locale\" content=\"sv_SE\" \/>\n<meta property=\"og:type\" content=\"article\" \/>\n<meta property=\"og:title\" content=\"Vie Scolaire &#8211; Lyc\u00e9e Fran\u00e7ais Saint Louis de Stockholm\" \/>\n<meta property=\"og:description\" content=\"&#8221;Vie Scolaire&#8221; \u00e4r en service p\u00e5 Coll\u00e8ge &amp; Lyc\u00e9e (h\u00f6gstadiet och gymnasiet) som best\u00e5r av en Utbildningsr\u00e5dgivare (CPE) och flera elevassistenter p\u00e5 heltid eller deltid. &#8221;Vie Scolaire&#8221; tar ta hand om eleverna utanf\u00f6r klassrummet och lektionerna. Dess huvuduppgift \u00e4r att s\u00e4kerst\u00e4lla att varje elev f\u00f6ljer sin skolg\u00e5ng under de b\u00e4sta f\u00f6ruts\u00e4ttningarna, med respekt f\u00f6r m\u00e4nniskor, ... L\u00e4s mer\" \/>\n<meta property=\"og:url\" content=\"https:\/\/www.lfsl.net\/sv\/vilka-ar-vi\/vie-scolaire\/\" \/>\n<meta property=\"og:site_name\" content=\"Lyc\u00e9e Fran\u00e7ais Saint Louis de Stockholm\" \/>\n<meta property=\"article:publisher\" content=\"https:\/\/www.facebook.com\/Lyc%c3%a9e-Francais-Saint-Louis-182116921840529\/\" \/>\n<meta property=\"article:modified_time\" content=\"2021-01-21T16:34:25+00:00\" \/>\n<meta property=\"og:image\" content=\"https:\/\/www.lfsl.net\/wp-content\/uploads\/2019\/04\/Pronote_bild.jpg\" \/>\n<meta name=\"twitter:card\" content=\"summary_large_image\" \/>\n<script type=\"application\/ld+json\" class=\"yoast-schema-graph\">{\"@context\":\"https:\\\/\\\/schema.org\",\"@graph\":[{\"@type\":\"WebPage\",\"@id\":\"https:\\\/\\\/www.lfsl.net\\\/sv\\\/vilka-ar-vi\\\/vie-scolaire\\\/\",\"url\":\"https:\\\/\\\/www.lfsl.net\\\/sv\\\/vilka-ar-vi\\\/vie-scolaire\\\/\",\"name\":\"Vie Scolaire &#8211; Lyc\u00e9e Fran\u00e7ais Saint Louis de Stockholm\",\"isPartOf\":{\"@id\":\"https:\\\/\\\/www.lfsl.net\\\/sv\\\/#website\"},\"primaryImageOfPage\":{\"@id\":\"https:\\\/\\\/www.lfsl.net\\\/sv\\\/vilka-ar-vi\\\/vie-scolaire\\\/#primaryimage\"},\"image\":{\"@id\":\"https:\\\/\\\/www.lfsl.net\\\/sv\\\/vilka-ar-vi\\\/vie-scolaire\\\/#primaryimage\"},\"thumbnailUrl\":\"https:\\\/\\\/www.lfsl.net\\\/wp-content\\\/uploads\\\/2019\\\/04\\\/Pronote_bild.jpg\",\"datePublished\":\"2019-03-15T14:54:30+00:00\",\"dateModified\":\"2021-01-21T16:34:25+00:00\",\"breadcrumb\":{\"@id\":\"https:\\\/\\\/www.lfsl.net\\\/sv\\\/vilka-ar-vi\\\/vie-scolaire\\\/#breadcrumb\"},\"inLanguage\":\"sv-SE\",\"potentialAction\":[{\"@type\":\"ReadAction\",\"target\":[\"https:\\\/\\\/www.lfsl.net\\\/sv\\\/vilka-ar-vi\\\/vie-scolaire\\\/\"]}]},{\"@type\":\"ImageObject\",\"inLanguage\":\"sv-SE\",\"@id\":\"https:\\\/\\\/www.lfsl.net\\\/sv\\\/vilka-ar-vi\\\/vie-scolaire\\\/#primaryimage\",\"url\":\"https:\\\/\\\/www.lfsl.net\\\/wp-content\\\/uploads\\\/2019\\\/04\\\/Pronote_bild.jpg\",\"contentUrl\":\"https:\\\/\\\/www.lfsl.net\\\/wp-content\\\/uploads\\\/2019\\\/04\\\/Pronote_bild.jpg\"},{\"@type\":\"BreadcrumbList\",\"@id\":\"https:\\\/\\\/www.lfsl.net\\\/sv\\\/vilka-ar-vi\\\/vie-scolaire\\\/#breadcrumb\",\"itemListElement\":[{\"@type\":\"ListItem\",\"position\":1,\"name\":\"Home\",\"item\":\"https:\\\/\\\/www.lfsl.net\\\/sv\\\/\"},{\"@type\":\"ListItem\",\"position\":2,\"name\":\"Vilka \u00e4r vi?\",\"item\":\"https:\\\/\\\/www.lfsl.net\\\/sv\\\/vilka-ar-vi\\\/\"},{\"@type\":\"ListItem\",\"position\":3,\"name\":\"Vie Scolaire\"}]},{\"@type\":\"WebSite\",\"@id\":\"https:\\\/\\\/www.lfsl.net\\\/sv\\\/#website\",\"url\":\"https:\\\/\\\/www.lfsl.net\\\/sv\\\/\",\"name\":\"Lyc\u00e9e Fran\u00e7ais Saint Louis de Stockholm\",\"description\":\"\u00c9tablissement membre du r\u00e9seau AEFE\",\"publisher\":{\"@id\":\"https:\\\/\\\/www.lfsl.net\\\/sv\\\/#organization\"},\"potentialAction\":[{\"@type\":\"SearchAction\",\"target\":{\"@type\":\"EntryPoint\",\"urlTemplate\":\"https:\\\/\\\/www.lfsl.net\\\/sv\\\/?s={search_term_string}\"},\"query-input\":{\"@type\":\"PropertyValueSpecification\",\"valueRequired\":true,\"valueName\":\"search_term_string\"}}],\"inLanguage\":\"sv-SE\"},{\"@type\":\"Organization\",\"@id\":\"https:\\\/\\\/www.lfsl.net\\\/sv\\\/#organization\",\"name\":\"Lyc\u00e9e Fran\u00e7ais Saint Louis\",\"url\":\"https:\\\/\\\/www.lfsl.net\\\/sv\\\/\",\"logo\":{\"@type\":\"ImageObject\",\"inLanguage\":\"sv-SE\",\"@id\":\"https:\\\/\\\/www.lfsl.net\\\/sv\\\/#\\\/schema\\\/logo\\\/image\\\/\",\"url\":\"https:\\\/\\\/www.lfsl.net\\\/wp-content\\\/uploads\\\/2021\\\/03\\\/LFSL-logo.jpg\",\"contentUrl\":\"https:\\\/\\\/www.lfsl.net\\\/wp-content\\\/uploads\\\/2021\\\/03\\\/LFSL-logo.jpg\",\"width\":330,\"height\":473,\"caption\":\"Lyc\u00e9e Fran\u00e7ais Saint Louis\"},\"image\":{\"@id\":\"https:\\\/\\\/www.lfsl.net\\\/sv\\\/#\\\/schema\\\/logo\\\/image\\\/\"},\"sameAs\":[\"https:\\\/\\\/www.facebook.com\\\/Lyc\u00e9e-Francais-Saint-Louis-182116921840529\\\/\",\"https:\\\/\\\/www.instagram.com\\\/lyceefrancaisstockholm\\\/\",\"https:\\\/\\\/www.linkedin.com\\\/school\\\/lfsl\\\/\",\"https:\\\/\\\/www.youtube.com\\\/channel\\\/UCchS4IO4jE_YY0ILwn5NgGQ\"]}]}<\/script>\n<!-- \/ Yoast SEO plugin. -->","yoast_head_json":{"title":"Vie Scolaire &#8211; Lyc\u00e9e Fran\u00e7ais Saint Louis de Stockholm","robots":{"index":"index","follow":"follow","max-snippet":"max-snippet:-1","max-image-preview":"max-image-preview:large","max-video-preview":"max-video-preview:-1"},"canonical":"https:\/\/www.lfsl.net\/sv\/vilka-ar-vi\/vie-scolaire\/","og_locale":"sv_SE","og_type":"article","og_title":"Vie Scolaire &#8211; Lyc\u00e9e Fran\u00e7ais Saint Louis de Stockholm","og_description":"&#8221;Vie Scolaire&#8221; \u00e4r en service p\u00e5 Coll\u00e8ge &amp; Lyc\u00e9e (h\u00f6gstadiet och gymnasiet) som best\u00e5r av en Utbildningsr\u00e5dgivare (CPE) och flera elevassistenter p\u00e5 heltid eller deltid. &#8221;Vie Scolaire&#8221; tar ta hand om eleverna utanf\u00f6r klassrummet och lektionerna. Dess huvuduppgift \u00e4r att s\u00e4kerst\u00e4lla att varje elev f\u00f6ljer sin skolg\u00e5ng under de b\u00e4sta f\u00f6ruts\u00e4ttningarna, med respekt f\u00f6r m\u00e4nniskor, ... L\u00e4s mer","og_url":"https:\/\/www.lfsl.net\/sv\/vilka-ar-vi\/vie-scolaire\/","og_site_name":"Lyc\u00e9e Fran\u00e7ais Saint Louis de Stockholm","article_publisher":"https:\/\/www.facebook.com\/Lyc%c3%a9e-Francais-Saint-Louis-182116921840529\/","article_modified_time":"2021-01-21T16:34:25+00:00","og_image":[{"url":"https:\/\/www.lfsl.net\/wp-content\/uploads\/2019\/04\/Pronote_bild.jpg","type":"","width":"","height":""}],"twitter_card":"summary_large_image","schema":{"@context":"https:\/\/schema.org","@graph":[{"@type":"WebPage","@id":"https:\/\/www.lfsl.net\/sv\/vilka-ar-vi\/vie-scolaire\/","url":"https:\/\/www.lfsl.net\/sv\/vilka-ar-vi\/vie-scolaire\/","name":"Vie Scolaire &#8211; Lyc\u00e9e Fran\u00e7ais Saint Louis de Stockholm","isPartOf":{"@id":"https:\/\/www.lfsl.net\/sv\/#website"},"primaryImageOfPage":{"@id":"https:\/\/www.lfsl.net\/sv\/vilka-ar-vi\/vie-scolaire\/#primaryimage"},"image":{"@id":"https:\/\/www.lfsl.net\/sv\/vilka-ar-vi\/vie-scolaire\/#primaryimage"},"thumbnailUrl":"https:\/\/www.lfsl.net\/wp-content\/uploads\/2019\/04\/Pronote_bild.jpg","datePublished":"2019-03-15T14:54:30+00:00","dateModified":"2021-01-21T16:34:25+00:00","breadcrumb":{"@id":"https:\/\/www.lfsl.net\/sv\/vilka-ar-vi\/vie-scolaire\/#breadcrumb"},"inLanguage":"sv-SE","potentialAction":[{"@type":"ReadAction","target":["https:\/\/www.lfsl.net\/sv\/vilka-ar-vi\/vie-scolaire\/"]}]},{"@type":"ImageObject","inLanguage":"sv-SE","@id":"https:\/\/www.lfsl.net\/sv\/vilka-ar-vi\/vie-scolaire\/#primaryimage","url":"https:\/\/www.lfsl.net\/wp-content\/uploads\/2019\/04\/Pronote_bild.jpg","contentUrl":"https:\/\/www.lfsl.net\/wp-content\/uploads\/2019\/04\/Pronote_bild.jpg"},{"@type":"BreadcrumbList","@id":"https:\/\/www.lfsl.net\/sv\/vilka-ar-vi\/vie-scolaire\/#breadcrumb","itemListElement":[{"@type":"ListItem","position":1,"name":"Home","item":"https:\/\/www.lfsl.net\/sv\/"},{"@type":"ListItem","position":2,"name":"Vilka \u00e4r vi?","item":"https:\/\/www.lfsl.net\/sv\/vilka-ar-vi\/"},{"@type":"ListItem","position":3,"name":"Vie Scolaire"}]},{"@type":"WebSite","@id":"https:\/\/www.lfsl.net\/sv\/#website","url":"https:\/\/www.lfsl.net\/sv\/","name":"Lyc\u00e9e Fran\u00e7ais Saint Louis de Stockholm","description":"\u00c9tablissement membre du r\u00e9seau AEFE","publisher":{"@id":"https:\/\/www.lfsl.net\/sv\/#organization"},"potentialAction":[{"@type":"SearchAction","target":{"@type":"EntryPoint","urlTemplate":"https:\/\/www.lfsl.net\/sv\/?s={search_term_string}"},"query-input":{"@type":"PropertyValueSpecification","valueRequired":true,"valueName":"search_term_string"}}],"inLanguage":"sv-SE"},{"@type":"Organization","@id":"https:\/\/www.lfsl.net\/sv\/#organization","name":"Lyc\u00e9e Fran\u00e7ais Saint Louis","url":"https:\/\/www.lfsl.net\/sv\/","logo":{"@type":"ImageObject","inLanguage":"sv-SE","@id":"https:\/\/www.lfsl.net\/sv\/#\/schema\/logo\/image\/","url":"https:\/\/www.lfsl.net\/wp-content\/uploads\/2021\/03\/LFSL-logo.jpg","contentUrl":"https:\/\/www.lfsl.net\/wp-content\/uploads\/2021\/03\/LFSL-logo.jpg","width":330,"height":473,"caption":"Lyc\u00e9e Fran\u00e7ais Saint Louis"},"image":{"@id":"https:\/\/www.lfsl.net\/sv\/#\/schema\/logo\/image\/"},"sameAs":["https:\/\/www.facebook.com\/Lyc\u00e9e-Francais-Saint-Louis-182116921840529\/","https:\/\/www.instagram.com\/lyceefrancaisstockholm\/","https:\/\/www.linkedin.com\/school\/lfsl\/","https:\/\/www.youtube.com\/channel\/UCchS4IO4jE_YY0ILwn5NgGQ"]}]}},"_links":{"self":[{"href":"https:\/\/www.lfsl.net\/sv\/wp-json\/wp\/v2\/pages\/2591","targetHints":{"allow":["GET"]}}],"collection":[{"href":"https:\/\/www.lfsl.net\/sv\/wp-json\/wp\/v2\/pages"}],"about":[{"href":"https:\/\/www.lfsl.net\/sv\/wp-json\/wp\/v2\/types\/page"}],"author":[{"embeddable":true,"href":"https:\/\/www.lfsl.net\/sv\/wp-json\/wp\/v2\/users\/1"}],"replies":[{"embeddable":true,"href":"https:\/\/www.lfsl.net\/sv\/wp-json\/wp\/v2\/comments?post=2591"}],"version-history":[{"count":29,"href":"https:\/\/www.lfsl.net\/sv\/wp-json\/wp\/v2\/pages\/2591\/revisions"}],"predecessor-version":[{"id":9874,"href":"https:\/\/www.lfsl.net\/sv\/wp-json\/wp\/v2\/pages\/2591\/revisions\/9874"}],"up":[{"embeddable":true,"href":"https:\/\/www.lfsl.net\/sv\/wp-json\/wp\/v2\/pages\/2572"}],"wp:attachment":[{"href":"https:\/\/www.lfsl.net\/sv\/wp-json\/wp\/v2\/media?parent=2591"}],"curies":[{"name":"wp","href":"https:\/\/api.w.org\/{rel}","templated":true}]}}