{"id":2595,"date":"2019-03-15T14:56:21","date_gmt":"2019-03-15T14:56:21","guid":{"rendered":"http:\/\/lfsl.net.hemsida.eu\/?page_id=2595"},"modified":"2025-12-09T07:51:02","modified_gmt":"2025-12-09T07:51:02","slug":"ape","status":"publish","type":"page","link":"https:\/\/www.lfsl.net\/sv\/livet-pa-lfsl\/ape\/","title":{"rendered":"APE &#8211; F\u00f6r\u00e4ldraf\u00f6reningen"},"content":{"rendered":"<div class=\"wp-block-image\">\n<figure class=\"alignright\"><img loading=\"lazy\" decoding=\"async\" width=\"317\" height=\"197\" src=\"https:\/\/www.lfsl.net\/wp-content\/uploads\/2019\/04\/APE_bild.png\" alt=\"\" class=\"wp-image-3444\"\/><\/figure>\n<\/div>\n\n\n<p><strong>F\u00f6r\u00e4ldraf\u00f6reningen APE \u00e4r en svensk ideell f\u00f6rening.<\/strong><\/p>\n\n\n\n<p>Kontakta oss : <a href=\"mailto:ape.lfsl@gmail.com\">ape.lfsl@gmail.com<\/a><\/p>\n\n\n\n<h3 class=\"wp-block-heading\">vad vi g\u00f6r<\/h3>\n\n\n\n<p>Vi ordnar aktiviteter och projekt tillsammans med Lyc\u00e9e Fran\u00e7ais Saint Louis i Stockholm \u2013 alltid med barnens trivsel och utveckling i fokus, fr\u00e5n l\u00e5gstadiet till gymnasiet.<\/p>\n\n\n\n<div class=\"wp-block-columns is-layout-flex wp-container-core-columns-is-layout-9d6595d7 wp-block-columns-is-layout-flex\">\n<div class=\"wp-block-column is-layout-flow wp-block-column-is-layout-flow\">\n<h3 class=\"wp-block-heading\">V\u00e5r roll<\/h3>\n\n\n\n<ul class=\"wp-block-list\">\n<li>Hitta p\u00e5 och genomf\u00f6ra olika evenemang<\/li>\n\n\n\n<li>St\u00f6tta initiativ fr\u00e5n skolan eller f\u00f6r\u00e4ldrar<\/li>\n\n\n\n<li>Skapa gemenskap bland familjerna<\/li>\n<\/ul>\n\n\n\n<h3 class=\"wp-block-heading\">S\u00e5 h\u00e4r bidrar du<\/h3>\n\n\n\n<ul class=\"wp-block-list\">\n<li>St\u00f6dja och bidra till verksamheten, minst 350 SEK<\/li>\n\n\n\n<li>Delta i evenemang<\/li>\n\n\n\n<li>G\u00e5 med i f\u00f6reningens styrelse<\/li>\n\n\n\n<li>Bli f\u00f6rtroendevald f\u00f6r\u00e4lder och\/eller f\u00f6r\u00e4ldraombud<\/li>\n<\/ul>\n<\/div>\n\n\n\n<div class=\"wp-block-column is-layout-flow wp-block-column-is-layout-flow\">\n<figure class=\"wp-block-image size-full is-resized\"><img loading=\"lazy\" decoding=\"async\" width=\"354\" height=\"349\" src=\"https:\/\/www.lfsl.net\/wp-content\/uploads\/2025\/09\/COTIS_APE.jpg\" alt=\"\" class=\"wp-image-23821\" style=\"width:256px;height:auto\"\/><\/figure>\n<\/div>\n<\/div>\n\n\n\n<h3 class=\"wp-block-heading\">KONTAKTA OSS<\/h3>\n\n\n\n<p>Ordf\u00f6randeskapet: <a href=\"mailto:ape.lfsl@gmail.com\">ape.lfsl@gmail.com<\/a><br>F\u00f6r\u00e4ldrarepresentanter som st\u00f6ds av APE i Skolr\u00e5det h\u00f6gstadiet\/gymnasium: <a href=\"mailto:cet.ape.lfsl@gmail.com\">cet.ape.lfsl@gmail.com<\/a><br>F\u00f6r\u00e4ldrarepresentanter som st\u00f6ds av APE i l\u00e5g- och mellanstadiet: <a href=\"mailto:cec.ape.lfsl@gmail.com\">cec.ape.lfsl@gmail.com<\/a><\/p>\n\n\n\n<h3 class=\"wp-block-heading\">V\u00c5RA AKTIVITETER<\/h3>\n\n\n\n<p>Vi fixar b\u00e5de sm\u00e5 och stora saker. Till exempel Lucia-fika, Nobelveckan (med museibes\u00f6k f\u00f6r l\u00e5gstadiet, buss, guide och Nobelmedalj), och Nobel-lunchen d\u00e4r f\u00f6r\u00e4ldrar hj\u00e4lper till med pynt och servering.<\/p>\n\n\n\n<p>Tillsammans med skolan ordnar vi ocks\u00e5 det v\u00e4lg\u00f6renhetslopp som 2023 samlade in 125 000 kr till Barncancerfonden. Och p\u00e5 sommaren avrundar vi alltid l\u00e4s\u00e5ret med en stor skolavslutningsfest \u2013<em> Kermessen <\/em>\u2013 d\u00e4r alla hj\u00e4lps \u00e5t f\u00f6r att fira och ha kul tillsammans.<\/p>\n\n\n\n<p>Har du en id\u00e9 eller vill dra ig\u00e5ng ett projekt? H\u00f6r av dig!<\/p>\n\n\n\n<p>F\u00f6lj oss h\u00e4r: <a href=\"https:\/\/calendar.google.com\/calendar\/ical\/223f4aee64d828ce42e317973d90f095a2e19a7ca26b26efb9027fc191fee5ee@group.calendar.google.com\/public\/basic.ics\">kalendern f\u00f6r v\u00e5ra aktiviteter<\/a> och <a href=\"https:\/\/www.facebook.com\/ape.lfsl?utm_source=chatgpt.com\">https:\/\/www.facebook.com\/ape.lfsl<\/a><\/p>\n\n\n\n<h3 class=\"wp-block-heading\">s\u00e5 h\u00e4r jobbar vi<\/h3>\n\n\n\n<p>Varje \u00e5r v\u00e4ljs en styrelse p\u00e5 \u00e5rsm\u00f6tet. Styrelsen ser till att allt rullar p\u00e5 och att vi kan forts\u00e4tta driva f\u00f6reningen fram\u00e5t.<\/p>\n\n\n\n<p>Till vardags jobbar vi i sm\u00e5 grupper som bildas efter behov, ofta tillsammans med l\u00e4rare, skolledning, elever, fritids och idrottsf\u00f6reningen \u2013 och f\u00f6rst\u00e5s med er f\u00f6r\u00e4ldrar.<\/p>\n\n\n\n<p>APE utser ocks\u00e5 f\u00f6r\u00e4ldrakandidater till skolr\u00e5det och som f\u00f6r\u00e4ldrarepresentanter i h\u00f6gstadiet och gymnasiet s\u00e5 att era fr\u00e5gor och id\u00e9er kommer fram.<\/p>\n\n\n\n<h3 class=\"wp-block-heading\">ekonomi<\/h3>\n\n\n\n<p>F\u00f6reningen drivs helt av medlemsavgifter och donationer fr\u00e5n familjerna. Utan de pengarna kan vi inte g\u00f6ra n\u00e5got.<\/p>\n\n\n\n<p>Avgiften f\u00f6r 2025\u20132026 \u00e4r 350 kr per barn och l\u00e4s\u00e5r. Har du fler barn best\u00e4mmer du sj\u00e4lv hur mycket du vill betala f\u00f6r de \u00f6vriga. Du kan ocks\u00e5 ge lite extra om du vill. Betala via <strong>Swish: 123 267 8449<\/strong> eller <strong>Bankgiro: 428-8676 eller IBAN :\u00a0SE6650000000052151082474 och  ESSESESS<br><\/strong>Kom ih\u00e5g att skriva: <strong>\u201dCOTIS\u201d + ditt namn och barnens klass<\/strong><\/p>\n\n\n\n<h3 class=\"wp-block-heading\">styrelsen (2025\/2026)<\/h3>\n\n\n\n<p>Styrelsen f\u00f6r f\u00f6r\u00e4ldraf\u00f6reningen v\u00e4ljs vid \u00e5rsm\u00f6tet f\u00f6r en mandattid p\u00e5 ett \u00e5r.<\/p>\n\n\n\n<ul class=\"wp-block-list\">\n<li>Ordf\u00f6rande: Kevin Renaudin<\/li>\n\n\n\n<li>Vice ordf\u00f6rande: Melinda Bardin<\/li>\n\n\n\n<li>Kass\u00f6r: Ang\u00e9lique Kaba H\u00f6gstr\u00f6m<\/li>\n\n\n\n<li>Sekreterare (SE): Rebecca Lagerkvist<\/li>\n\n\n\n<li>Sekreterare (FR): Ludovic Garattini <\/li>\n<\/ul>\n\n\n\n<h3 class=\"wp-block-heading\">v\u00e5r butik<\/h3>\n\n\n\n<p><a href=\"https:\/\/ape.hjalplaget.se\/\">F\u00f6reningsbutiken<\/a><\/p>\n\n\n\n<p><\/p>\n\n\n\n<p><\/p>\n","protected":false},"excerpt":{"rendered":"<p>F\u00f6r\u00e4ldraf\u00f6reningen APE \u00e4r en svensk ideell f\u00f6rening. Kontakta oss : ape.lfsl@gmail.com vad vi g\u00f6r Vi ordnar aktiviteter och projekt tillsammans med Lyc\u00e9e Fran\u00e7ais Saint Louis i Stockholm \u2013 alltid med barnens trivsel och utveckling i fokus, fr\u00e5n l\u00e5gstadiet till gymnasiet. V\u00e5r roll S\u00e5 h\u00e4r bidrar du KONTAKTA OSS Ordf\u00f6randeskapet: ape.lfsl@gmail.comF\u00f6r\u00e4ldrarepresentanter som st\u00f6ds av APE i &#8230; <\/p>\n<p class=\"read-more-container\"><a title=\"APE &#8211; F\u00f6r\u00e4ldraf\u00f6reningen\" class=\"read-more button\" href=\"https:\/\/www.lfsl.net\/sv\/livet-pa-lfsl\/ape\/#more-2595\" aria-label=\"L\u00e4s mer om APE &#8211; F\u00f6r\u00e4ldraf\u00f6reningen\">L\u00e4s mer<\/a><\/p>\n","protected":false},"author":1,"featured_media":0,"parent":2593,"menu_order":0,"comment_status":"closed","ping_status":"closed","template":"","meta":{"footnotes":""},"class_list":["post-2595","page","type-page","status-publish"],"yoast_head":"<!-- This site is optimized with the Yoast SEO plugin v27.4 - https:\/\/yoast.com\/product\/yoast-seo-wordpress\/ -->\n<title>APE - F\u00f6r\u00e4ldraf\u00f6reningen &#8211; Lyc\u00e9e Fran\u00e7ais Saint Louis de Stockholm<\/title>\n<meta name=\"robots\" content=\"index, follow, max-snippet:-1, max-image-preview:large, max-video-preview:-1\" \/>\n<link rel=\"canonical\" href=\"https:\/\/www.lfsl.net\/sv\/livet-pa-lfsl\/ape\/\" \/>\n<meta property=\"og:locale\" content=\"sv_SE\" \/>\n<meta property=\"og:type\" content=\"article\" \/>\n<meta property=\"og:title\" content=\"APE - F\u00f6r\u00e4ldraf\u00f6reningen &#8211; Lyc\u00e9e Fran\u00e7ais Saint Louis de Stockholm\" \/>\n<meta property=\"og:description\" content=\"F\u00f6r\u00e4ldraf\u00f6reningen APE \u00e4r en svensk ideell f\u00f6rening. Kontakta oss : ape.lfsl@gmail.com vad vi g\u00f6r Vi ordnar aktiviteter och projekt tillsammans med Lyc\u00e9e Fran\u00e7ais Saint Louis i Stockholm \u2013 alltid med barnens trivsel och utveckling i fokus, fr\u00e5n l\u00e5gstadiet till gymnasiet. V\u00e5r roll S\u00e5 h\u00e4r bidrar du KONTAKTA OSS Ordf\u00f6randeskapet: ape.lfsl@gmail.comF\u00f6r\u00e4ldrarepresentanter som st\u00f6ds av APE i ... L\u00e4s mer\" \/>\n<meta property=\"og:url\" content=\"https:\/\/www.lfsl.net\/sv\/livet-pa-lfsl\/ape\/\" \/>\n<meta property=\"og:site_name\" content=\"Lyc\u00e9e Fran\u00e7ais Saint Louis de Stockholm\" \/>\n<meta property=\"article:publisher\" content=\"https:\/\/www.facebook.com\/Lyc%c3%a9e-Francais-Saint-Louis-182116921840529\/\" \/>\n<meta property=\"article:modified_time\" content=\"2025-12-09T07:51:02+00:00\" \/>\n<meta property=\"og:image\" content=\"https:\/\/www.lfsl.net\/wp-content\/uploads\/2019\/04\/APE_bild.png\" \/>\n\t<meta property=\"og:image:width\" content=\"317\" \/>\n\t<meta property=\"og:image:height\" content=\"197\" \/>\n\t<meta property=\"og:image:type\" content=\"image\/png\" \/>\n<meta name=\"twitter:card\" content=\"summary_large_image\" \/>\n<script type=\"application\/ld+json\" class=\"yoast-schema-graph\">{\"@context\":\"https:\\\/\\\/schema.org\",\"@graph\":[{\"@type\":\"WebPage\",\"@id\":\"https:\\\/\\\/www.lfsl.net\\\/sv\\\/livet-pa-lfsl\\\/ape\\\/\",\"url\":\"https:\\\/\\\/www.lfsl.net\\\/sv\\\/livet-pa-lfsl\\\/ape\\\/\",\"name\":\"APE - F\u00f6r\u00e4ldraf\u00f6reningen &#8211; Lyc\u00e9e Fran\u00e7ais Saint Louis de Stockholm\",\"isPartOf\":{\"@id\":\"https:\\\/\\\/www.lfsl.net\\\/sv\\\/#website\"},\"primaryImageOfPage\":{\"@id\":\"https:\\\/\\\/www.lfsl.net\\\/sv\\\/livet-pa-lfsl\\\/ape\\\/#primaryimage\"},\"image\":{\"@id\":\"https:\\\/\\\/www.lfsl.net\\\/sv\\\/livet-pa-lfsl\\\/ape\\\/#primaryimage\"},\"thumbnailUrl\":\"https:\\\/\\\/www.lfsl.net\\\/wp-content\\\/uploads\\\/2019\\\/04\\\/APE_bild.png\",\"datePublished\":\"2019-03-15T14:56:21+00:00\",\"dateModified\":\"2025-12-09T07:51:02+00:00\",\"breadcrumb\":{\"@id\":\"https:\\\/\\\/www.lfsl.net\\\/sv\\\/livet-pa-lfsl\\\/ape\\\/#breadcrumb\"},\"inLanguage\":\"sv-SE\",\"potentialAction\":[{\"@type\":\"ReadAction\",\"target\":[\"https:\\\/\\\/www.lfsl.net\\\/sv\\\/livet-pa-lfsl\\\/ape\\\/\"]}]},{\"@type\":\"ImageObject\",\"inLanguage\":\"sv-SE\",\"@id\":\"https:\\\/\\\/www.lfsl.net\\\/sv\\\/livet-pa-lfsl\\\/ape\\\/#primaryimage\",\"url\":\"https:\\\/\\\/www.lfsl.net\\\/wp-content\\\/uploads\\\/2019\\\/04\\\/APE_bild.png\",\"contentUrl\":\"https:\\\/\\\/www.lfsl.net\\\/wp-content\\\/uploads\\\/2019\\\/04\\\/APE_bild.png\"},{\"@type\":\"BreadcrumbList\",\"@id\":\"https:\\\/\\\/www.lfsl.net\\\/sv\\\/livet-pa-lfsl\\\/ape\\\/#breadcrumb\",\"itemListElement\":[{\"@type\":\"ListItem\",\"position\":1,\"name\":\"Home\",\"item\":\"https:\\\/\\\/www.lfsl.net\\\/sv\\\/\"},{\"@type\":\"ListItem\",\"position\":2,\"name\":\"Livet p\u00e5 LFSL\",\"item\":\"https:\\\/\\\/www.lfsl.net\\\/sv\\\/livet-pa-lfsl\\\/\"},{\"@type\":\"ListItem\",\"position\":3,\"name\":\"APE &#8211; F\u00f6r\u00e4ldraf\u00f6reningen\"}]},{\"@type\":\"WebSite\",\"@id\":\"https:\\\/\\\/www.lfsl.net\\\/sv\\\/#website\",\"url\":\"https:\\\/\\\/www.lfsl.net\\\/sv\\\/\",\"name\":\"Lyc\u00e9e Fran\u00e7ais Saint Louis de Stockholm\",\"description\":\"\u00c9tablissement membre du r\u00e9seau AEFE\",\"publisher\":{\"@id\":\"https:\\\/\\\/www.lfsl.net\\\/sv\\\/#organization\"},\"potentialAction\":[{\"@type\":\"SearchAction\",\"target\":{\"@type\":\"EntryPoint\",\"urlTemplate\":\"https:\\\/\\\/www.lfsl.net\\\/sv\\\/?s={search_term_string}\"},\"query-input\":{\"@type\":\"PropertyValueSpecification\",\"valueRequired\":true,\"valueName\":\"search_term_string\"}}],\"inLanguage\":\"sv-SE\"},{\"@type\":\"Organization\",\"@id\":\"https:\\\/\\\/www.lfsl.net\\\/sv\\\/#organization\",\"name\":\"Lyc\u00e9e Fran\u00e7ais Saint Louis\",\"url\":\"https:\\\/\\\/www.lfsl.net\\\/sv\\\/\",\"logo\":{\"@type\":\"ImageObject\",\"inLanguage\":\"sv-SE\",\"@id\":\"https:\\\/\\\/www.lfsl.net\\\/sv\\\/#\\\/schema\\\/logo\\\/image\\\/\",\"url\":\"https:\\\/\\\/www.lfsl.net\\\/wp-content\\\/uploads\\\/2021\\\/03\\\/LFSL-logo.jpg\",\"contentUrl\":\"https:\\\/\\\/www.lfsl.net\\\/wp-content\\\/uploads\\\/2021\\\/03\\\/LFSL-logo.jpg\",\"width\":330,\"height\":473,\"caption\":\"Lyc\u00e9e Fran\u00e7ais Saint Louis\"},\"image\":{\"@id\":\"https:\\\/\\\/www.lfsl.net\\\/sv\\\/#\\\/schema\\\/logo\\\/image\\\/\"},\"sameAs\":[\"https:\\\/\\\/www.facebook.com\\\/Lyc\u00e9e-Francais-Saint-Louis-182116921840529\\\/\",\"https:\\\/\\\/www.instagram.com\\\/lyceefrancaisstockholm\\\/\",\"https:\\\/\\\/www.linkedin.com\\\/school\\\/lfsl\\\/\",\"https:\\\/\\\/www.youtube.com\\\/channel\\\/UCchS4IO4jE_YY0ILwn5NgGQ\"]}]}<\/script>\n<!-- \/ Yoast SEO plugin. -->","yoast_head_json":{"title":"APE - F\u00f6r\u00e4ldraf\u00f6reningen &#8211; Lyc\u00e9e Fran\u00e7ais Saint Louis de Stockholm","robots":{"index":"index","follow":"follow","max-snippet":"max-snippet:-1","max-image-preview":"max-image-preview:large","max-video-preview":"max-video-preview:-1"},"canonical":"https:\/\/www.lfsl.net\/sv\/livet-pa-lfsl\/ape\/","og_locale":"sv_SE","og_type":"article","og_title":"APE - F\u00f6r\u00e4ldraf\u00f6reningen &#8211; Lyc\u00e9e Fran\u00e7ais Saint Louis de Stockholm","og_description":"F\u00f6r\u00e4ldraf\u00f6reningen APE \u00e4r en svensk ideell f\u00f6rening. Kontakta oss : ape.lfsl@gmail.com vad vi g\u00f6r Vi ordnar aktiviteter och projekt tillsammans med Lyc\u00e9e Fran\u00e7ais Saint Louis i Stockholm \u2013 alltid med barnens trivsel och utveckling i fokus, fr\u00e5n l\u00e5gstadiet till gymnasiet. V\u00e5r roll S\u00e5 h\u00e4r bidrar du KONTAKTA OSS Ordf\u00f6randeskapet: ape.lfsl@gmail.comF\u00f6r\u00e4ldrarepresentanter som st\u00f6ds av APE i ... L\u00e4s mer","og_url":"https:\/\/www.lfsl.net\/sv\/livet-pa-lfsl\/ape\/","og_site_name":"Lyc\u00e9e Fran\u00e7ais Saint Louis de Stockholm","article_publisher":"https:\/\/www.facebook.com\/Lyc%c3%a9e-Francais-Saint-Louis-182116921840529\/","article_modified_time":"2025-12-09T07:51:02+00:00","og_image":[{"width":317,"height":197,"url":"https:\/\/www.lfsl.net\/wp-content\/uploads\/2019\/04\/APE_bild.png","type":"image\/png"}],"twitter_card":"summary_large_image","schema":{"@context":"https:\/\/schema.org","@graph":[{"@type":"WebPage","@id":"https:\/\/www.lfsl.net\/sv\/livet-pa-lfsl\/ape\/","url":"https:\/\/www.lfsl.net\/sv\/livet-pa-lfsl\/ape\/","name":"APE - F\u00f6r\u00e4ldraf\u00f6reningen &#8211; Lyc\u00e9e Fran\u00e7ais Saint Louis de Stockholm","isPartOf":{"@id":"https:\/\/www.lfsl.net\/sv\/#website"},"primaryImageOfPage":{"@id":"https:\/\/www.lfsl.net\/sv\/livet-pa-lfsl\/ape\/#primaryimage"},"image":{"@id":"https:\/\/www.lfsl.net\/sv\/livet-pa-lfsl\/ape\/#primaryimage"},"thumbnailUrl":"https:\/\/www.lfsl.net\/wp-content\/uploads\/2019\/04\/APE_bild.png","datePublished":"2019-03-15T14:56:21+00:00","dateModified":"2025-12-09T07:51:02+00:00","breadcrumb":{"@id":"https:\/\/www.lfsl.net\/sv\/livet-pa-lfsl\/ape\/#breadcrumb"},"inLanguage":"sv-SE","potentialAction":[{"@type":"ReadAction","target":["https:\/\/www.lfsl.net\/sv\/livet-pa-lfsl\/ape\/"]}]},{"@type":"ImageObject","inLanguage":"sv-SE","@id":"https:\/\/www.lfsl.net\/sv\/livet-pa-lfsl\/ape\/#primaryimage","url":"https:\/\/www.lfsl.net\/wp-content\/uploads\/2019\/04\/APE_bild.png","contentUrl":"https:\/\/www.lfsl.net\/wp-content\/uploads\/2019\/04\/APE_bild.png"},{"@type":"BreadcrumbList","@id":"https:\/\/www.lfsl.net\/sv\/livet-pa-lfsl\/ape\/#breadcrumb","itemListElement":[{"@type":"ListItem","position":1,"name":"Home","item":"https:\/\/www.lfsl.net\/sv\/"},{"@type":"ListItem","position":2,"name":"Livet p\u00e5 LFSL","item":"https:\/\/www.lfsl.net\/sv\/livet-pa-lfsl\/"},{"@type":"ListItem","position":3,"name":"APE &#8211; F\u00f6r\u00e4ldraf\u00f6reningen"}]},{"@type":"WebSite","@id":"https:\/\/www.lfsl.net\/sv\/#website","url":"https:\/\/www.lfsl.net\/sv\/","name":"Lyc\u00e9e Fran\u00e7ais Saint Louis de Stockholm","description":"\u00c9tablissement membre du r\u00e9seau AEFE","publisher":{"@id":"https:\/\/www.lfsl.net\/sv\/#organization"},"potentialAction":[{"@type":"SearchAction","target":{"@type":"EntryPoint","urlTemplate":"https:\/\/www.lfsl.net\/sv\/?s={search_term_string}"},"query-input":{"@type":"PropertyValueSpecification","valueRequired":true,"valueName":"search_term_string"}}],"inLanguage":"sv-SE"},{"@type":"Organization","@id":"https:\/\/www.lfsl.net\/sv\/#organization","name":"Lyc\u00e9e Fran\u00e7ais Saint Louis","url":"https:\/\/www.lfsl.net\/sv\/","logo":{"@type":"ImageObject","inLanguage":"sv-SE","@id":"https:\/\/www.lfsl.net\/sv\/#\/schema\/logo\/image\/","url":"https:\/\/www.lfsl.net\/wp-content\/uploads\/2021\/03\/LFSL-logo.jpg","contentUrl":"https:\/\/www.lfsl.net\/wp-content\/uploads\/2021\/03\/LFSL-logo.jpg","width":330,"height":473,"caption":"Lyc\u00e9e Fran\u00e7ais Saint Louis"},"image":{"@id":"https:\/\/www.lfsl.net\/sv\/#\/schema\/logo\/image\/"},"sameAs":["https:\/\/www.facebook.com\/Lyc\u00e9e-Francais-Saint-Louis-182116921840529\/","https:\/\/www.instagram.com\/lyceefrancaisstockholm\/","https:\/\/www.linkedin.com\/school\/lfsl\/","https:\/\/www.youtube.com\/channel\/UCchS4IO4jE_YY0ILwn5NgGQ"]}]}},"_links":{"self":[{"href":"https:\/\/www.lfsl.net\/sv\/wp-json\/wp\/v2\/pages\/2595","targetHints":{"allow":["GET"]}}],"collection":[{"href":"https:\/\/www.lfsl.net\/sv\/wp-json\/wp\/v2\/pages"}],"about":[{"href":"https:\/\/www.lfsl.net\/sv\/wp-json\/wp\/v2\/types\/page"}],"author":[{"embeddable":true,"href":"https:\/\/www.lfsl.net\/sv\/wp-json\/wp\/v2\/users\/1"}],"replies":[{"embeddable":true,"href":"https:\/\/www.lfsl.net\/sv\/wp-json\/wp\/v2\/comments?post=2595"}],"version-history":[{"count":31,"href":"https:\/\/www.lfsl.net\/sv\/wp-json\/wp\/v2\/pages\/2595\/revisions"}],"predecessor-version":[{"id":24406,"href":"https:\/\/www.lfsl.net\/sv\/wp-json\/wp\/v2\/pages\/2595\/revisions\/24406"}],"up":[{"embeddable":true,"href":"https:\/\/www.lfsl.net\/sv\/wp-json\/wp\/v2\/pages\/2593"}],"wp:attachment":[{"href":"https:\/\/www.lfsl.net\/sv\/wp-json\/wp\/v2\/media?parent=2595"}],"curies":[{"name":"wp","href":"https:\/\/api.w.org\/{rel}","templated":true}]}}