{"id":2598,"date":"2019-03-15T14:58:19","date_gmt":"2019-03-15T14:58:19","guid":{"rendered":"http:\/\/lfsl.net.hemsida.eu\/?page_id=2598"},"modified":"2026-02-19T14:03:51","modified_gmt":"2026-02-19T14:03:51","slug":"kalendarium","status":"publish","type":"page","link":"https:\/\/www.lfsl.net\/sv\/livet-pa-lfsl\/kalendarium\/","title":{"rendered":"Kalendarium"},"content":{"rendered":"\n<h3 class=\"wp-block-heading\">KALENDARIUM 2025-2026<\/h3>\n\n\n\n<p><strong>Skolstart<\/strong><br>Fredag 22 augusti 2025<\/p>\n\n\n\n<p><strong>H\u00f6stlov<\/strong><br>Fredag 17 oktober 2025 vid skoldagens slut till m\u00e5ndag morgon 03 november 2025<\/p>\n\n\n\n<p><strong>Jullov<\/strong><br>Fredag 19 december 2025 vid skoldagens slut till m\u00e5ndag morgon 05 januari 2026<\/p>\n\n\n\n<p><strong>Trettondagen<\/strong><br>Tisdag 06 januari 2026<\/p>\n\n\n\n<p><strong>Vinterlov<\/strong><br>Fredag 20 februari 2026 vid skoldagens slut till torsdag morgon 05 mars 2026<\/p>\n\n\n\n<p><strong>P\u00e5skhelg<\/strong><\/p>\n\n\n\n<p>Torsdag 02 april 2026 vid skoldagens slut till tisdag morgon 07 avril 2026<\/p>\n\n\n\n<p><strong>V\u00e5rlov<\/strong><br>Fredag 24 april 2026 vid skoldagens slut till m\u00e5ndag morgon 11 maj 2026<\/p>\n\n\n\n<p><strong>Kristi Himmelsf\u00e4rd<\/strong><br>Torsdag 14 maj 2026<\/p>\n\n\n\n<p><strong>Skolavslutning<\/strong><br>Torsdag 18 juni 2026 vid skoldagens slut<\/p>\n\n\n\n<p>Se <a href=\"https:\/\/www.lfsl.net\/wp-content\/uploads\/2025\/04\/Skolkalendarium-2025-2026.pdf\">PDF 2025-2026<\/a><\/p>\n\n\n\n<hr class=\"wp-block-separator has-alpha-channel-opacity\"\/>\n\n\n\n<h3 class=\"wp-block-heading\">PRELIMIN\u00c4RT KALENDARIUM 2026-2027<\/h3>\n\n\n\n<p><strong>Skolstart<\/strong><br>M\u00e5ndag 24 augusti 2026<\/p>\n\n\n\n<p><strong>H\u00f6stlov<\/strong><br>Fredag 16 oktober 2026 vid skoldagens slut till m\u00e5ndag morgon 02 november 2026<\/p>\n\n\n\n<p><strong>Jullov<\/strong><br>Fredag 18 december 2026 vid skoldagens slut till torsdag morgon 07 januari 2027<\/p>\n\n\n\n<p><strong>Vinterlov<\/strong><br>Fredag 19 februari 2027 vid skoldagens slut till m\u00e5ndag morgon 08 mars 2027<\/p>\n\n\n\n<p><strong>P\u00e5skhelg<\/strong><\/p>\n\n\n\n<p>Torsdag 25 mars 2027 vid skoldagens slut till tisdag morgon 30 mars 2027<\/p>\n\n\n\n<p><strong>V\u00e5rlov<\/strong><br>Fredag 23 april 2027 vid skoldagens slut till m\u00e5ndag morgon 10 maj 2027<\/p>\n\n\n\n<p><strong>Skolavslutning<\/strong><br>Torsdag 24 juni 2027 vid skoldagens slut<\/p>\n\n\n\n<p><\/p>\n","protected":false},"excerpt":{"rendered":"<p>KALENDARIUM 2025-2026 SkolstartFredag 22 augusti 2025 H\u00f6stlovFredag 17 oktober 2025 vid skoldagens slut till m\u00e5ndag morgon 03 november 2025 JullovFredag 19 december 2025 vid skoldagens slut till m\u00e5ndag morgon 05 januari 2026 TrettondagenTisdag 06 januari 2026 VinterlovFredag 20 februari 2026 vid skoldagens slut till torsdag morgon 05 mars 2026 P\u00e5skhelg Torsdag 02 april 2026 vid &#8230; <\/p>\n<p class=\"read-more-container\"><a title=\"Kalendarium\" class=\"read-more button\" href=\"https:\/\/www.lfsl.net\/sv\/livet-pa-lfsl\/kalendarium\/#more-2598\" aria-label=\"L\u00e4s mer om Kalendarium\">L\u00e4s mer<\/a><\/p>\n","protected":false},"author":1,"featured_media":0,"parent":2593,"menu_order":0,"comment_status":"closed","ping_status":"closed","template":"","meta":{"footnotes":""},"class_list":["post-2598","page","type-page","status-publish"],"yoast_head":"<!-- This site is optimized with the Yoast SEO plugin v27.4 - https:\/\/yoast.com\/product\/yoast-seo-wordpress\/ -->\n<title>Kalendarium &#8211; Lyc\u00e9e Fran\u00e7ais Saint Louis de Stockholm<\/title>\n<meta name=\"robots\" content=\"index, follow, max-snippet:-1, max-image-preview:large, max-video-preview:-1\" \/>\n<link rel=\"canonical\" href=\"https:\/\/www.lfsl.net\/sv\/livet-pa-lfsl\/kalendarium\/\" \/>\n<meta property=\"og:locale\" content=\"sv_SE\" \/>\n<meta property=\"og:type\" content=\"article\" \/>\n<meta property=\"og:title\" content=\"Kalendarium &#8211; Lyc\u00e9e Fran\u00e7ais Saint Louis de Stockholm\" \/>\n<meta property=\"og:description\" content=\"KALENDARIUM 2025-2026 SkolstartFredag 22 augusti 2025 H\u00f6stlovFredag 17 oktober 2025 vid skoldagens slut till m\u00e5ndag morgon 03 november 2025 JullovFredag 19 december 2025 vid skoldagens slut till m\u00e5ndag morgon 05 januari 2026 TrettondagenTisdag 06 januari 2026 VinterlovFredag 20 februari 2026 vid skoldagens slut till torsdag morgon 05 mars 2026 P\u00e5skhelg Torsdag 02 april 2026 vid ... L\u00e4s mer\" \/>\n<meta property=\"og:url\" content=\"https:\/\/www.lfsl.net\/sv\/livet-pa-lfsl\/kalendarium\/\" \/>\n<meta property=\"og:site_name\" content=\"Lyc\u00e9e Fran\u00e7ais Saint Louis de Stockholm\" \/>\n<meta property=\"article:publisher\" content=\"https:\/\/www.facebook.com\/Lyc%c3%a9e-Francais-Saint-Louis-182116921840529\/\" \/>\n<meta property=\"article:modified_time\" content=\"2026-02-19T14:03:51+00:00\" \/>\n<meta property=\"og:image\" content=\"https:\/\/www.lfsl.net\/wp-content\/uploads\/2020\/03\/lsfl_logo-minimal_crop.jpg\" \/>\n\t<meta property=\"og:image:width\" content=\"1440\" \/>\n\t<meta property=\"og:image:height\" content=\"810\" \/>\n\t<meta property=\"og:image:type\" content=\"image\/jpeg\" \/>\n<meta name=\"twitter:card\" content=\"summary_large_image\" \/>\n<script type=\"application\/ld+json\" class=\"yoast-schema-graph\">{\"@context\":\"https:\\\/\\\/schema.org\",\"@graph\":[{\"@type\":\"WebPage\",\"@id\":\"https:\\\/\\\/www.lfsl.net\\\/sv\\\/livet-pa-lfsl\\\/kalendarium\\\/\",\"url\":\"https:\\\/\\\/www.lfsl.net\\\/sv\\\/livet-pa-lfsl\\\/kalendarium\\\/\",\"name\":\"Kalendarium &#8211; Lyc\u00e9e Fran\u00e7ais Saint Louis de Stockholm\",\"isPartOf\":{\"@id\":\"https:\\\/\\\/www.lfsl.net\\\/sv\\\/#website\"},\"datePublished\":\"2019-03-15T14:58:19+00:00\",\"dateModified\":\"2026-02-19T14:03:51+00:00\",\"breadcrumb\":{\"@id\":\"https:\\\/\\\/www.lfsl.net\\\/sv\\\/livet-pa-lfsl\\\/kalendarium\\\/#breadcrumb\"},\"inLanguage\":\"sv-SE\",\"potentialAction\":[{\"@type\":\"ReadAction\",\"target\":[\"https:\\\/\\\/www.lfsl.net\\\/sv\\\/livet-pa-lfsl\\\/kalendarium\\\/\"]}]},{\"@type\":\"BreadcrumbList\",\"@id\":\"https:\\\/\\\/www.lfsl.net\\\/sv\\\/livet-pa-lfsl\\\/kalendarium\\\/#breadcrumb\",\"itemListElement\":[{\"@type\":\"ListItem\",\"position\":1,\"name\":\"Home\",\"item\":\"https:\\\/\\\/www.lfsl.net\\\/sv\\\/\"},{\"@type\":\"ListItem\",\"position\":2,\"name\":\"Livet p\u00e5 LFSL\",\"item\":\"https:\\\/\\\/www.lfsl.net\\\/sv\\\/livet-pa-lfsl\\\/\"},{\"@type\":\"ListItem\",\"position\":3,\"name\":\"Kalendarium\"}]},{\"@type\":\"WebSite\",\"@id\":\"https:\\\/\\\/www.lfsl.net\\\/sv\\\/#website\",\"url\":\"https:\\\/\\\/www.lfsl.net\\\/sv\\\/\",\"name\":\"Lyc\u00e9e Fran\u00e7ais Saint Louis de Stockholm\",\"description\":\"\u00c9tablissement membre du r\u00e9seau AEFE\",\"publisher\":{\"@id\":\"https:\\\/\\\/www.lfsl.net\\\/sv\\\/#organization\"},\"potentialAction\":[{\"@type\":\"SearchAction\",\"target\":{\"@type\":\"EntryPoint\",\"urlTemplate\":\"https:\\\/\\\/www.lfsl.net\\\/sv\\\/?s={search_term_string}\"},\"query-input\":{\"@type\":\"PropertyValueSpecification\",\"valueRequired\":true,\"valueName\":\"search_term_string\"}}],\"inLanguage\":\"sv-SE\"},{\"@type\":\"Organization\",\"@id\":\"https:\\\/\\\/www.lfsl.net\\\/sv\\\/#organization\",\"name\":\"Lyc\u00e9e Fran\u00e7ais Saint Louis\",\"url\":\"https:\\\/\\\/www.lfsl.net\\\/sv\\\/\",\"logo\":{\"@type\":\"ImageObject\",\"inLanguage\":\"sv-SE\",\"@id\":\"https:\\\/\\\/www.lfsl.net\\\/sv\\\/#\\\/schema\\\/logo\\\/image\\\/\",\"url\":\"https:\\\/\\\/www.lfsl.net\\\/wp-content\\\/uploads\\\/2021\\\/03\\\/LFSL-logo.jpg\",\"contentUrl\":\"https:\\\/\\\/www.lfsl.net\\\/wp-content\\\/uploads\\\/2021\\\/03\\\/LFSL-logo.jpg\",\"width\":330,\"height\":473,\"caption\":\"Lyc\u00e9e Fran\u00e7ais Saint Louis\"},\"image\":{\"@id\":\"https:\\\/\\\/www.lfsl.net\\\/sv\\\/#\\\/schema\\\/logo\\\/image\\\/\"},\"sameAs\":[\"https:\\\/\\\/www.facebook.com\\\/Lyc\u00e9e-Francais-Saint-Louis-182116921840529\\\/\",\"https:\\\/\\\/www.instagram.com\\\/lyceefrancaisstockholm\\\/\",\"https:\\\/\\\/www.linkedin.com\\\/school\\\/lfsl\\\/\",\"https:\\\/\\\/www.youtube.com\\\/channel\\\/UCchS4IO4jE_YY0ILwn5NgGQ\"]}]}<\/script>\n<!-- \/ Yoast SEO plugin. -->","yoast_head_json":{"title":"Kalendarium &#8211; Lyc\u00e9e Fran\u00e7ais Saint Louis de Stockholm","robots":{"index":"index","follow":"follow","max-snippet":"max-snippet:-1","max-image-preview":"max-image-preview:large","max-video-preview":"max-video-preview:-1"},"canonical":"https:\/\/www.lfsl.net\/sv\/livet-pa-lfsl\/kalendarium\/","og_locale":"sv_SE","og_type":"article","og_title":"Kalendarium &#8211; Lyc\u00e9e Fran\u00e7ais Saint Louis de Stockholm","og_description":"KALENDARIUM 2025-2026 SkolstartFredag 22 augusti 2025 H\u00f6stlovFredag 17 oktober 2025 vid skoldagens slut till m\u00e5ndag morgon 03 november 2025 JullovFredag 19 december 2025 vid skoldagens slut till m\u00e5ndag morgon 05 januari 2026 TrettondagenTisdag 06 januari 2026 VinterlovFredag 20 februari 2026 vid skoldagens slut till torsdag morgon 05 mars 2026 P\u00e5skhelg Torsdag 02 april 2026 vid ... L\u00e4s mer","og_url":"https:\/\/www.lfsl.net\/sv\/livet-pa-lfsl\/kalendarium\/","og_site_name":"Lyc\u00e9e Fran\u00e7ais Saint Louis de Stockholm","article_publisher":"https:\/\/www.facebook.com\/Lyc%c3%a9e-Francais-Saint-Louis-182116921840529\/","article_modified_time":"2026-02-19T14:03:51+00:00","og_image":[{"width":1440,"height":810,"url":"https:\/\/www.lfsl.net\/wp-content\/uploads\/2020\/03\/lsfl_logo-minimal_crop.jpg","type":"image\/jpeg"}],"twitter_card":"summary_large_image","schema":{"@context":"https:\/\/schema.org","@graph":[{"@type":"WebPage","@id":"https:\/\/www.lfsl.net\/sv\/livet-pa-lfsl\/kalendarium\/","url":"https:\/\/www.lfsl.net\/sv\/livet-pa-lfsl\/kalendarium\/","name":"Kalendarium &#8211; Lyc\u00e9e Fran\u00e7ais Saint Louis de Stockholm","isPartOf":{"@id":"https:\/\/www.lfsl.net\/sv\/#website"},"datePublished":"2019-03-15T14:58:19+00:00","dateModified":"2026-02-19T14:03:51+00:00","breadcrumb":{"@id":"https:\/\/www.lfsl.net\/sv\/livet-pa-lfsl\/kalendarium\/#breadcrumb"},"inLanguage":"sv-SE","potentialAction":[{"@type":"ReadAction","target":["https:\/\/www.lfsl.net\/sv\/livet-pa-lfsl\/kalendarium\/"]}]},{"@type":"BreadcrumbList","@id":"https:\/\/www.lfsl.net\/sv\/livet-pa-lfsl\/kalendarium\/#breadcrumb","itemListElement":[{"@type":"ListItem","position":1,"name":"Home","item":"https:\/\/www.lfsl.net\/sv\/"},{"@type":"ListItem","position":2,"name":"Livet p\u00e5 LFSL","item":"https:\/\/www.lfsl.net\/sv\/livet-pa-lfsl\/"},{"@type":"ListItem","position":3,"name":"Kalendarium"}]},{"@type":"WebSite","@id":"https:\/\/www.lfsl.net\/sv\/#website","url":"https:\/\/www.lfsl.net\/sv\/","name":"Lyc\u00e9e Fran\u00e7ais Saint Louis de Stockholm","description":"\u00c9tablissement membre du r\u00e9seau AEFE","publisher":{"@id":"https:\/\/www.lfsl.net\/sv\/#organization"},"potentialAction":[{"@type":"SearchAction","target":{"@type":"EntryPoint","urlTemplate":"https:\/\/www.lfsl.net\/sv\/?s={search_term_string}"},"query-input":{"@type":"PropertyValueSpecification","valueRequired":true,"valueName":"search_term_string"}}],"inLanguage":"sv-SE"},{"@type":"Organization","@id":"https:\/\/www.lfsl.net\/sv\/#organization","name":"Lyc\u00e9e Fran\u00e7ais Saint Louis","url":"https:\/\/www.lfsl.net\/sv\/","logo":{"@type":"ImageObject","inLanguage":"sv-SE","@id":"https:\/\/www.lfsl.net\/sv\/#\/schema\/logo\/image\/","url":"https:\/\/www.lfsl.net\/wp-content\/uploads\/2021\/03\/LFSL-logo.jpg","contentUrl":"https:\/\/www.lfsl.net\/wp-content\/uploads\/2021\/03\/LFSL-logo.jpg","width":330,"height":473,"caption":"Lyc\u00e9e Fran\u00e7ais Saint Louis"},"image":{"@id":"https:\/\/www.lfsl.net\/sv\/#\/schema\/logo\/image\/"},"sameAs":["https:\/\/www.facebook.com\/Lyc\u00e9e-Francais-Saint-Louis-182116921840529\/","https:\/\/www.instagram.com\/lyceefrancaisstockholm\/","https:\/\/www.linkedin.com\/school\/lfsl\/","https:\/\/www.youtube.com\/channel\/UCchS4IO4jE_YY0ILwn5NgGQ"]}]}},"_links":{"self":[{"href":"https:\/\/www.lfsl.net\/sv\/wp-json\/wp\/v2\/pages\/2598","targetHints":{"allow":["GET"]}}],"collection":[{"href":"https:\/\/www.lfsl.net\/sv\/wp-json\/wp\/v2\/pages"}],"about":[{"href":"https:\/\/www.lfsl.net\/sv\/wp-json\/wp\/v2\/types\/page"}],"author":[{"embeddable":true,"href":"https:\/\/www.lfsl.net\/sv\/wp-json\/wp\/v2\/users\/1"}],"replies":[{"embeddable":true,"href":"https:\/\/www.lfsl.net\/sv\/wp-json\/wp\/v2\/comments?post=2598"}],"version-history":[{"count":48,"href":"https:\/\/www.lfsl.net\/sv\/wp-json\/wp\/v2\/pages\/2598\/revisions"}],"predecessor-version":[{"id":24974,"href":"https:\/\/www.lfsl.net\/sv\/wp-json\/wp\/v2\/pages\/2598\/revisions\/24974"}],"up":[{"embeddable":true,"href":"https:\/\/www.lfsl.net\/sv\/wp-json\/wp\/v2\/pages\/2593"}],"wp:attachment":[{"href":"https:\/\/www.lfsl.net\/sv\/wp-json\/wp\/v2\/media?parent=2598"}],"curies":[{"name":"wp","href":"https:\/\/api.w.org\/{rel}","templated":true}]}}