{"id":2602,"date":"2019-03-15T14:59:24","date_gmt":"2019-03-15T14:59:24","guid":{"rendered":"http:\/\/lfsl.net.hemsida.eu\/?page_id=2602"},"modified":"2025-10-23T06:07:14","modified_gmt":"2025-10-23T06:07:14","slug":"ce","status":"publish","type":"page","link":"https:\/\/www.lfsl.net\/sv\/livet-pa-lfsl\/ce\/","title":{"rendered":"CE"},"content":{"rendered":"<h3>SKOLR\u00c5DET<\/h3>\n<p><strong>Skolr\u00e5det (Conseil d&#8217;\u00c9tablissement) \u00e4r huvudorganet f\u00f6r att hantera skolans fr\u00e5gor. Det ansvarar f\u00f6r b\u00e5de grundskolans och gymnasiets pedagogiska fr\u00e5gor.<\/strong><br \/>\nSkolr\u00e5det \u00e4r en trepartsorganisation med lika m\u00e5nga representanter fr\u00e5n administrationen, personalen, f\u00f6r\u00e4ldrarna och eleverna.<br \/>\nDet har ordinarie m\u00f6ten tre g\u00e5nger om \u00e5ret p\u00e5 initiativ av rektorn.<\/p>\n<h3><strong>Medlemmar\u00a0<\/strong><\/h3>\n<p><strong>Administration\u00a0 &#8211; Medlemmar med r\u00f6str\u00e4tt<br \/>\n<\/strong>Sophie Maysonnave, Kultur- och Vetenskapsr\u00e5d vid Frankrikes Ambassad (COCAC)<br \/>\nDenis Ravaille, Rektor<br \/>\nFabrice Palhi\u00e8s, Rektor L\u00e5g- och Mellanstadiet<br \/>\nLaurent Pentinat, Bitr\u00e4dande rektor<br \/>\nTxomin Diaz, Ekonomi- och Administrativ chef (DAF)<br \/>\nOlivier Cureau, Conseiller Principal d\u2019\u00c9ducation (CPE)<\/p>\n<p><strong>Medlemmar med r\u00e5dgivande funktion<br \/>\n<\/strong>Olivier Priou, Konsul vid Frankrikes Ambassad<br \/>\nNadine Pripp, Konsul\u00e4r r\u00e5dgivare<br \/>\nNathalie Parmegiani, Konsul\u00e4r r\u00e5dgivare<br \/>\nAudrey Lebioda, Konsul\u00e4r r\u00e5dgivare<br \/>\nEmmanuel Rothan-Cederberg, Konsul\u00e4r r\u00e5dgivare<br \/>\nMona-Marleen Antonson, HR-chef<br \/>\nThomas Nicholas &#8211; Bitr\u00e4dande Svensk Studierektor<br \/>\nGabrielle \u00d6hman, Vice-ordf\u00f6rande CVL<\/p>\n<p><strong>Representanter f\u00f6r l\u00e4rare p\u00e5 H\u00f6gstadiet och gymnasiet<br \/>\n<\/strong>Inga representanter<\/p>\n<p><b><span style=\"color: #424242;\">Representanter f\u00f6r l\u00e4rare p\u00e5 L\u00e5g- och mellanstadiet<br \/>\n<\/span><\/b>H\u00e9l\u00e8ne Requer<br \/>\nSerge Moussay<\/p>\n<p><strong>Suppleant<br \/>\n<\/strong>Eva Jolly<br \/>\nFanny Forslund<\/p>\n<p><strong>Representant f\u00f6r adminsitrativ personal<br \/>\n<\/strong>Inga representanter<\/p>\n<p><strong>F\u00f6r\u00e4ldrarepresentanter<br \/>\n<\/strong>Delphine Brun Boussaert<br \/>\nVirginie Gallois<br \/>\nJean-Christophe Doll\u00e9<br \/>\nVincent Lecoanet<\/p>\n<p><strong>Suppleanter<br \/>\n<\/strong>Marie-No\u00eblle Bernhard<br \/>\nAnne Palmqvist<br \/>\nMarjorie Plivard<br \/>\nKevin Renaudin<\/p>\n<p><strong>Elevrepresentanter<br \/>\n<\/strong>Louise Boussaert<br \/>\nVincent Holmgren<\/p>\n<p><strong>Suppleanter<br \/>\n<\/strong>Mila Cespedes<br \/>\nEmna Sid<\/p>\n<p><strong>F\u00f6r att komma i kontakt med skolr\u00e5det, v\u00e4nligen v\u00e4nd er till rektorsexpeditionen:<\/strong><br \/>\n<a href=\"mailto:secretariat@lfsl.net\" target=\"_blank\" rel=\"noopener noreferrer\">secretariat@lfsl.net<\/a><\/p>\n<p><strong>F\u00f6r att kontakta f\u00f6r\u00e4ldrarepresentanterna:<\/strong><br \/>\n<a href=\"mailto:cet.ape.lfsl@gmail.com\" target=\"_blank\" rel=\"noopener noreferrer\">cet.ape.lfsl@gmail.com<\/a><\/p>\n<p>Protokoll fr\u00e5n skolr\u00e5dets m\u00f6ten (p\u00e5 franska): <a href=\"https:\/\/www.lfsl.net\/ce-comtes-rendus\/\" target=\"_blank\" rel=\"noopener\">Protokoll CE<\/a><\/p>\n","protected":false},"excerpt":{"rendered":"<p>SKOLR\u00c5DET Skolr\u00e5det (Conseil d&#8217;\u00c9tablissement) \u00e4r huvudorganet f\u00f6r att hantera skolans fr\u00e5gor. Det ansvarar f\u00f6r b\u00e5de grundskolans och gymnasiets pedagogiska fr\u00e5gor. Skolr\u00e5det \u00e4r en trepartsorganisation med lika m\u00e5nga representanter fr\u00e5n administrationen, personalen, f\u00f6r\u00e4ldrarna och eleverna. Det har ordinarie m\u00f6ten tre g\u00e5nger om \u00e5ret p\u00e5 initiativ av rektorn. Medlemmar\u00a0 Administration\u00a0 &#8211; Medlemmar med r\u00f6str\u00e4tt Sophie Maysonnave, Kultur- &#8230; <\/p>\n<p class=\"read-more-container\"><a title=\"CE\" class=\"read-more button\" href=\"https:\/\/www.lfsl.net\/sv\/livet-pa-lfsl\/ce\/#more-2602\" aria-label=\"L\u00e4s mer om CE\">L\u00e4s mer<\/a><\/p>\n","protected":false},"author":1,"featured_media":0,"parent":2593,"menu_order":0,"comment_status":"closed","ping_status":"closed","template":"","meta":{"footnotes":""},"class_list":["post-2602","page","type-page","status-publish"],"yoast_head":"<!-- This site is optimized with the Yoast SEO plugin v27.4 - https:\/\/yoast.com\/product\/yoast-seo-wordpress\/ -->\n<title>CE &#8211; Lyc\u00e9e Fran\u00e7ais Saint Louis de Stockholm<\/title>\n<meta name=\"robots\" content=\"index, follow, max-snippet:-1, max-image-preview:large, max-video-preview:-1\" \/>\n<link rel=\"canonical\" href=\"https:\/\/www.lfsl.net\/sv\/livet-pa-lfsl\/ce\/\" \/>\n<meta property=\"og:locale\" content=\"sv_SE\" \/>\n<meta property=\"og:type\" content=\"article\" \/>\n<meta property=\"og:title\" content=\"CE &#8211; Lyc\u00e9e Fran\u00e7ais Saint Louis de Stockholm\" \/>\n<meta property=\"og:description\" content=\"SKOLR\u00c5DET Skolr\u00e5det (Conseil d&#8217;\u00c9tablissement) \u00e4r huvudorganet f\u00f6r att hantera skolans fr\u00e5gor. Det ansvarar f\u00f6r b\u00e5de grundskolans och gymnasiets pedagogiska fr\u00e5gor. Skolr\u00e5det \u00e4r en trepartsorganisation med lika m\u00e5nga representanter fr\u00e5n administrationen, personalen, f\u00f6r\u00e4ldrarna och eleverna. Det har ordinarie m\u00f6ten tre g\u00e5nger om \u00e5ret p\u00e5 initiativ av rektorn. Medlemmar\u00a0 Administration\u00a0 &#8211; Medlemmar med r\u00f6str\u00e4tt Sophie Maysonnave, Kultur- ... L\u00e4s mer\" \/>\n<meta property=\"og:url\" content=\"https:\/\/www.lfsl.net\/sv\/livet-pa-lfsl\/ce\/\" \/>\n<meta property=\"og:site_name\" content=\"Lyc\u00e9e Fran\u00e7ais Saint Louis de Stockholm\" \/>\n<meta property=\"article:publisher\" content=\"https:\/\/www.facebook.com\/Lyc%c3%a9e-Francais-Saint-Louis-182116921840529\/\" \/>\n<meta property=\"article:modified_time\" content=\"2025-10-23T06:07:14+00:00\" \/>\n<meta property=\"og:image\" content=\"https:\/\/www.lfsl.net\/wp-content\/uploads\/2020\/03\/lsfl_logo-minimal_crop.jpg\" \/>\n\t<meta property=\"og:image:width\" content=\"1440\" \/>\n\t<meta property=\"og:image:height\" content=\"810\" \/>\n\t<meta property=\"og:image:type\" content=\"image\/jpeg\" \/>\n<meta name=\"twitter:card\" content=\"summary_large_image\" \/>\n<script type=\"application\/ld+json\" class=\"yoast-schema-graph\">{\"@context\":\"https:\\\/\\\/schema.org\",\"@graph\":[{\"@type\":\"WebPage\",\"@id\":\"https:\\\/\\\/www.lfsl.net\\\/sv\\\/livet-pa-lfsl\\\/ce\\\/\",\"url\":\"https:\\\/\\\/www.lfsl.net\\\/sv\\\/livet-pa-lfsl\\\/ce\\\/\",\"name\":\"CE &#8211; Lyc\u00e9e Fran\u00e7ais Saint Louis de Stockholm\",\"isPartOf\":{\"@id\":\"https:\\\/\\\/www.lfsl.net\\\/sv\\\/#website\"},\"datePublished\":\"2019-03-15T14:59:24+00:00\",\"dateModified\":\"2025-10-23T06:07:14+00:00\",\"breadcrumb\":{\"@id\":\"https:\\\/\\\/www.lfsl.net\\\/sv\\\/livet-pa-lfsl\\\/ce\\\/#breadcrumb\"},\"inLanguage\":\"sv-SE\",\"potentialAction\":[{\"@type\":\"ReadAction\",\"target\":[\"https:\\\/\\\/www.lfsl.net\\\/sv\\\/livet-pa-lfsl\\\/ce\\\/\"]}]},{\"@type\":\"BreadcrumbList\",\"@id\":\"https:\\\/\\\/www.lfsl.net\\\/sv\\\/livet-pa-lfsl\\\/ce\\\/#breadcrumb\",\"itemListElement\":[{\"@type\":\"ListItem\",\"position\":1,\"name\":\"Home\",\"item\":\"https:\\\/\\\/www.lfsl.net\\\/sv\\\/\"},{\"@type\":\"ListItem\",\"position\":2,\"name\":\"Livet p\u00e5 LFSL\",\"item\":\"https:\\\/\\\/www.lfsl.net\\\/sv\\\/livet-pa-lfsl\\\/\"},{\"@type\":\"ListItem\",\"position\":3,\"name\":\"CE\"}]},{\"@type\":\"WebSite\",\"@id\":\"https:\\\/\\\/www.lfsl.net\\\/sv\\\/#website\",\"url\":\"https:\\\/\\\/www.lfsl.net\\\/sv\\\/\",\"name\":\"Lyc\u00e9e Fran\u00e7ais Saint Louis de Stockholm\",\"description\":\"\u00c9tablissement membre du r\u00e9seau AEFE\",\"publisher\":{\"@id\":\"https:\\\/\\\/www.lfsl.net\\\/sv\\\/#organization\"},\"potentialAction\":[{\"@type\":\"SearchAction\",\"target\":{\"@type\":\"EntryPoint\",\"urlTemplate\":\"https:\\\/\\\/www.lfsl.net\\\/sv\\\/?s={search_term_string}\"},\"query-input\":{\"@type\":\"PropertyValueSpecification\",\"valueRequired\":true,\"valueName\":\"search_term_string\"}}],\"inLanguage\":\"sv-SE\"},{\"@type\":\"Organization\",\"@id\":\"https:\\\/\\\/www.lfsl.net\\\/sv\\\/#organization\",\"name\":\"Lyc\u00e9e Fran\u00e7ais Saint Louis\",\"url\":\"https:\\\/\\\/www.lfsl.net\\\/sv\\\/\",\"logo\":{\"@type\":\"ImageObject\",\"inLanguage\":\"sv-SE\",\"@id\":\"https:\\\/\\\/www.lfsl.net\\\/sv\\\/#\\\/schema\\\/logo\\\/image\\\/\",\"url\":\"https:\\\/\\\/www.lfsl.net\\\/wp-content\\\/uploads\\\/2021\\\/03\\\/LFSL-logo.jpg\",\"contentUrl\":\"https:\\\/\\\/www.lfsl.net\\\/wp-content\\\/uploads\\\/2021\\\/03\\\/LFSL-logo.jpg\",\"width\":330,\"height\":473,\"caption\":\"Lyc\u00e9e Fran\u00e7ais Saint Louis\"},\"image\":{\"@id\":\"https:\\\/\\\/www.lfsl.net\\\/sv\\\/#\\\/schema\\\/logo\\\/image\\\/\"},\"sameAs\":[\"https:\\\/\\\/www.facebook.com\\\/Lyc\u00e9e-Francais-Saint-Louis-182116921840529\\\/\",\"https:\\\/\\\/www.instagram.com\\\/lyceefrancaisstockholm\\\/\",\"https:\\\/\\\/www.linkedin.com\\\/school\\\/lfsl\\\/\",\"https:\\\/\\\/www.youtube.com\\\/channel\\\/UCchS4IO4jE_YY0ILwn5NgGQ\"]}]}<\/script>\n<!-- \/ Yoast SEO plugin. -->","yoast_head_json":{"title":"CE &#8211; Lyc\u00e9e Fran\u00e7ais Saint Louis de Stockholm","robots":{"index":"index","follow":"follow","max-snippet":"max-snippet:-1","max-image-preview":"max-image-preview:large","max-video-preview":"max-video-preview:-1"},"canonical":"https:\/\/www.lfsl.net\/sv\/livet-pa-lfsl\/ce\/","og_locale":"sv_SE","og_type":"article","og_title":"CE &#8211; Lyc\u00e9e Fran\u00e7ais Saint Louis de Stockholm","og_description":"SKOLR\u00c5DET Skolr\u00e5det (Conseil d&#8217;\u00c9tablissement) \u00e4r huvudorganet f\u00f6r att hantera skolans fr\u00e5gor. Det ansvarar f\u00f6r b\u00e5de grundskolans och gymnasiets pedagogiska fr\u00e5gor. Skolr\u00e5det \u00e4r en trepartsorganisation med lika m\u00e5nga representanter fr\u00e5n administrationen, personalen, f\u00f6r\u00e4ldrarna och eleverna. Det har ordinarie m\u00f6ten tre g\u00e5nger om \u00e5ret p\u00e5 initiativ av rektorn. Medlemmar\u00a0 Administration\u00a0 &#8211; Medlemmar med r\u00f6str\u00e4tt Sophie Maysonnave, Kultur- ... L\u00e4s mer","og_url":"https:\/\/www.lfsl.net\/sv\/livet-pa-lfsl\/ce\/","og_site_name":"Lyc\u00e9e Fran\u00e7ais Saint Louis de Stockholm","article_publisher":"https:\/\/www.facebook.com\/Lyc%c3%a9e-Francais-Saint-Louis-182116921840529\/","article_modified_time":"2025-10-23T06:07:14+00:00","og_image":[{"width":1440,"height":810,"url":"https:\/\/www.lfsl.net\/wp-content\/uploads\/2020\/03\/lsfl_logo-minimal_crop.jpg","type":"image\/jpeg"}],"twitter_card":"summary_large_image","schema":{"@context":"https:\/\/schema.org","@graph":[{"@type":"WebPage","@id":"https:\/\/www.lfsl.net\/sv\/livet-pa-lfsl\/ce\/","url":"https:\/\/www.lfsl.net\/sv\/livet-pa-lfsl\/ce\/","name":"CE &#8211; Lyc\u00e9e Fran\u00e7ais Saint Louis de Stockholm","isPartOf":{"@id":"https:\/\/www.lfsl.net\/sv\/#website"},"datePublished":"2019-03-15T14:59:24+00:00","dateModified":"2025-10-23T06:07:14+00:00","breadcrumb":{"@id":"https:\/\/www.lfsl.net\/sv\/livet-pa-lfsl\/ce\/#breadcrumb"},"inLanguage":"sv-SE","potentialAction":[{"@type":"ReadAction","target":["https:\/\/www.lfsl.net\/sv\/livet-pa-lfsl\/ce\/"]}]},{"@type":"BreadcrumbList","@id":"https:\/\/www.lfsl.net\/sv\/livet-pa-lfsl\/ce\/#breadcrumb","itemListElement":[{"@type":"ListItem","position":1,"name":"Home","item":"https:\/\/www.lfsl.net\/sv\/"},{"@type":"ListItem","position":2,"name":"Livet p\u00e5 LFSL","item":"https:\/\/www.lfsl.net\/sv\/livet-pa-lfsl\/"},{"@type":"ListItem","position":3,"name":"CE"}]},{"@type":"WebSite","@id":"https:\/\/www.lfsl.net\/sv\/#website","url":"https:\/\/www.lfsl.net\/sv\/","name":"Lyc\u00e9e Fran\u00e7ais Saint Louis de Stockholm","description":"\u00c9tablissement membre du r\u00e9seau AEFE","publisher":{"@id":"https:\/\/www.lfsl.net\/sv\/#organization"},"potentialAction":[{"@type":"SearchAction","target":{"@type":"EntryPoint","urlTemplate":"https:\/\/www.lfsl.net\/sv\/?s={search_term_string}"},"query-input":{"@type":"PropertyValueSpecification","valueRequired":true,"valueName":"search_term_string"}}],"inLanguage":"sv-SE"},{"@type":"Organization","@id":"https:\/\/www.lfsl.net\/sv\/#organization","name":"Lyc\u00e9e Fran\u00e7ais Saint Louis","url":"https:\/\/www.lfsl.net\/sv\/","logo":{"@type":"ImageObject","inLanguage":"sv-SE","@id":"https:\/\/www.lfsl.net\/sv\/#\/schema\/logo\/image\/","url":"https:\/\/www.lfsl.net\/wp-content\/uploads\/2021\/03\/LFSL-logo.jpg","contentUrl":"https:\/\/www.lfsl.net\/wp-content\/uploads\/2021\/03\/LFSL-logo.jpg","width":330,"height":473,"caption":"Lyc\u00e9e Fran\u00e7ais Saint Louis"},"image":{"@id":"https:\/\/www.lfsl.net\/sv\/#\/schema\/logo\/image\/"},"sameAs":["https:\/\/www.facebook.com\/Lyc\u00e9e-Francais-Saint-Louis-182116921840529\/","https:\/\/www.instagram.com\/lyceefrancaisstockholm\/","https:\/\/www.linkedin.com\/school\/lfsl\/","https:\/\/www.youtube.com\/channel\/UCchS4IO4jE_YY0ILwn5NgGQ"]}]}},"_links":{"self":[{"href":"https:\/\/www.lfsl.net\/sv\/wp-json\/wp\/v2\/pages\/2602","targetHints":{"allow":["GET"]}}],"collection":[{"href":"https:\/\/www.lfsl.net\/sv\/wp-json\/wp\/v2\/pages"}],"about":[{"href":"https:\/\/www.lfsl.net\/sv\/wp-json\/wp\/v2\/types\/page"}],"author":[{"embeddable":true,"href":"https:\/\/www.lfsl.net\/sv\/wp-json\/wp\/v2\/users\/1"}],"replies":[{"embeddable":true,"href":"https:\/\/www.lfsl.net\/sv\/wp-json\/wp\/v2\/comments?post=2602"}],"version-history":[{"count":53,"href":"https:\/\/www.lfsl.net\/sv\/wp-json\/wp\/v2\/pages\/2602\/revisions"}],"predecessor-version":[{"id":24133,"href":"https:\/\/www.lfsl.net\/sv\/wp-json\/wp\/v2\/pages\/2602\/revisions\/24133"}],"up":[{"embeddable":true,"href":"https:\/\/www.lfsl.net\/sv\/wp-json\/wp\/v2\/pages\/2593"}],"wp:attachment":[{"href":"https:\/\/www.lfsl.net\/sv\/wp-json\/wp\/v2\/media?parent=2602"}],"curies":[{"name":"wp","href":"https:\/\/api.w.org\/{rel}","templated":true}]}}