{"id":2606,"date":"2019-03-15T15:00:12","date_gmt":"2019-03-15T15:00:12","guid":{"rendered":"http:\/\/lfsl.net.hemsida.eu\/?page_id=2606"},"modified":"2025-02-03T13:19:23","modified_gmt":"2025-02-03T13:19:23","slug":"likabehandlingsplan","status":"publish","type":"page","link":"https:\/\/www.lfsl.net\/sv\/livet-pa-lfsl\/likabehandlingsplan\/","title":{"rendered":"Likabehandlingsplan"},"content":{"rendered":"\n<p>Alla elever har r\u00e4tt till skydd mot diskriminering, trakasserier och f\u00f6rnedrande behandling i skolan.<br>Sedan den 1 januari 2009 har detta skydd reglerats av diskrimineringslagen och skollagen   i Sverige.<br>Enligt denna lag m\u00e5ste skolg\u00e5ngen fungera p\u00e5 ett s\u00e5dant s\u00e4tt att man garanterar en r\u00e4ttvis behandling av varje individ, samtidigt som man st\u00e4ndigt kr\u00e4ver j\u00e4mlikhet f\u00f6r alla n\u00e4r det g\u00e4ller alla r\u00e4ttigheter och skyldigheter inom skolan.<\/p>\n\n\n\n<p>Lyc\u00e9e Fran\u00e7ais Saint Louis arbetar f\u00f6r att bek\u00e4mpa diskriminering och kr\u00e4nkande behandling genom Likabehandlingsplanen.<br> Vi arbetar igenom denna plan f\u00f6r att se till att ingen k\u00e4nner sig os\u00e4ker eller uts\u00e4tts f\u00f6r diskriminering, trakasserier eller n\u00e5gon annan kr\u00e4nkande behandling inom stiftelsen. Det \u00e4r all personals ansvar att vidta \u00e5tg\u00e4rder hela tiden om en elev uts\u00e4tts f\u00f6r kr\u00e4nkande behandling, mobbning eller m\u00e5r d\u00e5ligt.<\/p>\n\n\n\n<p>Varje \u00e5r genomf\u00f6r vi en enk\u00e4tunders\u00f6kning i skolan. Dennes resultat och  skolsjuksk\u00f6terskans intervjuer om h\u00e4lsa ligger till grund f\u00f6r de reflektioner och de m\u00e5l som vi s\u00e4tter upp inom skolan.<\/p>\n\n\n\n<p>Skolan m\u00e5ste forts\u00e4tta arbeta f\u00f6r likabehandling.<br>D\u00e4rf\u00f6r bed\u00f6mer vi varje \u00e5r behov och omr\u00e5den f\u00f6r f\u00f6rb\u00e4ttring av skolan f\u00f6r att definiera de omr\u00e5den som vi m\u00e5ste arbeta med s\u00e5 att alla kan k\u00e4nna sig s\u00e4kra och behandlas r\u00e4ttvist.<\/p>\n\n\n\n<p>L\u00e4s v\u00e5r likabehandlingsplan:<\/p>\n\n\n\n<h3 class=\"wp-block-heading\"><a href=\"https:\/\/www.lfsl.net\/wp-content\/uploads\/2025\/02\/Likabehandlingsplan-2024-2025-sv.pdf\">LIKABEHANDLINGSPLAN lfsl 2024-2025<\/a><\/h3>\n\n\n\n<hr class=\"wp-block-separator has-css-opacity\"\/>\n","protected":false},"excerpt":{"rendered":"<p>Alla elever har r\u00e4tt till skydd mot diskriminering, trakasserier och f\u00f6rnedrande behandling i skolan.Sedan den 1 januari 2009 har detta skydd reglerats av diskrimineringslagen och skollagen i Sverige.Enligt denna lag m\u00e5ste skolg\u00e5ngen fungera p\u00e5 ett s\u00e5dant s\u00e4tt att man garanterar en r\u00e4ttvis behandling av varje individ, samtidigt som man st\u00e4ndigt kr\u00e4ver j\u00e4mlikhet f\u00f6r alla n\u00e4r &#8230; <\/p>\n<p class=\"read-more-container\"><a title=\"Likabehandlingsplan\" class=\"read-more button\" href=\"https:\/\/www.lfsl.net\/sv\/livet-pa-lfsl\/likabehandlingsplan\/#more-2606\" aria-label=\"L\u00e4s mer om Likabehandlingsplan\">L\u00e4s mer<\/a><\/p>\n","protected":false},"author":1,"featured_media":0,"parent":2593,"menu_order":0,"comment_status":"closed","ping_status":"closed","template":"","meta":{"footnotes":""},"class_list":["post-2606","page","type-page","status-publish"],"yoast_head":"<!-- This site is optimized with the Yoast SEO plugin v27.4 - https:\/\/yoast.com\/product\/yoast-seo-wordpress\/ -->\n<title>Likabehandlingsplan &#8211; Lyc\u00e9e Fran\u00e7ais Saint Louis de Stockholm<\/title>\n<meta name=\"robots\" content=\"index, follow, max-snippet:-1, max-image-preview:large, max-video-preview:-1\" \/>\n<link rel=\"canonical\" href=\"https:\/\/www.lfsl.net\/sv\/livet-pa-lfsl\/likabehandlingsplan\/\" \/>\n<meta property=\"og:locale\" content=\"sv_SE\" \/>\n<meta property=\"og:type\" content=\"article\" \/>\n<meta property=\"og:title\" content=\"Likabehandlingsplan &#8211; Lyc\u00e9e Fran\u00e7ais Saint Louis de Stockholm\" \/>\n<meta property=\"og:description\" content=\"Alla elever har r\u00e4tt till skydd mot diskriminering, trakasserier och f\u00f6rnedrande behandling i skolan.Sedan den 1 januari 2009 har detta skydd reglerats av diskrimineringslagen och skollagen i Sverige.Enligt denna lag m\u00e5ste skolg\u00e5ngen fungera p\u00e5 ett s\u00e5dant s\u00e4tt att man garanterar en r\u00e4ttvis behandling av varje individ, samtidigt som man st\u00e4ndigt kr\u00e4ver j\u00e4mlikhet f\u00f6r alla n\u00e4r ... L\u00e4s mer\" \/>\n<meta property=\"og:url\" content=\"https:\/\/www.lfsl.net\/sv\/livet-pa-lfsl\/likabehandlingsplan\/\" \/>\n<meta property=\"og:site_name\" content=\"Lyc\u00e9e Fran\u00e7ais Saint Louis de Stockholm\" \/>\n<meta property=\"article:publisher\" content=\"https:\/\/www.facebook.com\/Lyc%c3%a9e-Francais-Saint-Louis-182116921840529\/\" \/>\n<meta property=\"article:modified_time\" content=\"2025-02-03T13:19:23+00:00\" \/>\n<meta property=\"og:image\" content=\"https:\/\/www.lfsl.net\/wp-content\/uploads\/2020\/03\/lsfl_logo-minimal_crop.jpg\" \/>\n\t<meta property=\"og:image:width\" content=\"1440\" \/>\n\t<meta property=\"og:image:height\" content=\"810\" \/>\n\t<meta property=\"og:image:type\" content=\"image\/jpeg\" \/>\n<meta name=\"twitter:card\" content=\"summary_large_image\" \/>\n<script type=\"application\/ld+json\" class=\"yoast-schema-graph\">{\"@context\":\"https:\\\/\\\/schema.org\",\"@graph\":[{\"@type\":\"WebPage\",\"@id\":\"https:\\\/\\\/www.lfsl.net\\\/sv\\\/livet-pa-lfsl\\\/likabehandlingsplan\\\/\",\"url\":\"https:\\\/\\\/www.lfsl.net\\\/sv\\\/livet-pa-lfsl\\\/likabehandlingsplan\\\/\",\"name\":\"Likabehandlingsplan &#8211; Lyc\u00e9e Fran\u00e7ais Saint Louis de Stockholm\",\"isPartOf\":{\"@id\":\"https:\\\/\\\/www.lfsl.net\\\/sv\\\/#website\"},\"datePublished\":\"2019-03-15T15:00:12+00:00\",\"dateModified\":\"2025-02-03T13:19:23+00:00\",\"breadcrumb\":{\"@id\":\"https:\\\/\\\/www.lfsl.net\\\/sv\\\/livet-pa-lfsl\\\/likabehandlingsplan\\\/#breadcrumb\"},\"inLanguage\":\"sv-SE\",\"potentialAction\":[{\"@type\":\"ReadAction\",\"target\":[\"https:\\\/\\\/www.lfsl.net\\\/sv\\\/livet-pa-lfsl\\\/likabehandlingsplan\\\/\"]}]},{\"@type\":\"BreadcrumbList\",\"@id\":\"https:\\\/\\\/www.lfsl.net\\\/sv\\\/livet-pa-lfsl\\\/likabehandlingsplan\\\/#breadcrumb\",\"itemListElement\":[{\"@type\":\"ListItem\",\"position\":1,\"name\":\"Home\",\"item\":\"https:\\\/\\\/www.lfsl.net\\\/sv\\\/\"},{\"@type\":\"ListItem\",\"position\":2,\"name\":\"Livet p\u00e5 LFSL\",\"item\":\"https:\\\/\\\/www.lfsl.net\\\/sv\\\/livet-pa-lfsl\\\/\"},{\"@type\":\"ListItem\",\"position\":3,\"name\":\"Likabehandlingsplan\"}]},{\"@type\":\"WebSite\",\"@id\":\"https:\\\/\\\/www.lfsl.net\\\/sv\\\/#website\",\"url\":\"https:\\\/\\\/www.lfsl.net\\\/sv\\\/\",\"name\":\"Lyc\u00e9e Fran\u00e7ais Saint Louis de Stockholm\",\"description\":\"\u00c9tablissement membre du r\u00e9seau AEFE\",\"publisher\":{\"@id\":\"https:\\\/\\\/www.lfsl.net\\\/sv\\\/#organization\"},\"potentialAction\":[{\"@type\":\"SearchAction\",\"target\":{\"@type\":\"EntryPoint\",\"urlTemplate\":\"https:\\\/\\\/www.lfsl.net\\\/sv\\\/?s={search_term_string}\"},\"query-input\":{\"@type\":\"PropertyValueSpecification\",\"valueRequired\":true,\"valueName\":\"search_term_string\"}}],\"inLanguage\":\"sv-SE\"},{\"@type\":\"Organization\",\"@id\":\"https:\\\/\\\/www.lfsl.net\\\/sv\\\/#organization\",\"name\":\"Lyc\u00e9e Fran\u00e7ais Saint Louis\",\"url\":\"https:\\\/\\\/www.lfsl.net\\\/sv\\\/\",\"logo\":{\"@type\":\"ImageObject\",\"inLanguage\":\"sv-SE\",\"@id\":\"https:\\\/\\\/www.lfsl.net\\\/sv\\\/#\\\/schema\\\/logo\\\/image\\\/\",\"url\":\"https:\\\/\\\/www.lfsl.net\\\/wp-content\\\/uploads\\\/2021\\\/03\\\/LFSL-logo.jpg\",\"contentUrl\":\"https:\\\/\\\/www.lfsl.net\\\/wp-content\\\/uploads\\\/2021\\\/03\\\/LFSL-logo.jpg\",\"width\":330,\"height\":473,\"caption\":\"Lyc\u00e9e Fran\u00e7ais Saint Louis\"},\"image\":{\"@id\":\"https:\\\/\\\/www.lfsl.net\\\/sv\\\/#\\\/schema\\\/logo\\\/image\\\/\"},\"sameAs\":[\"https:\\\/\\\/www.facebook.com\\\/Lyc\u00e9e-Francais-Saint-Louis-182116921840529\\\/\",\"https:\\\/\\\/www.instagram.com\\\/lyceefrancaisstockholm\\\/\",\"https:\\\/\\\/www.linkedin.com\\\/school\\\/lfsl\\\/\",\"https:\\\/\\\/www.youtube.com\\\/channel\\\/UCchS4IO4jE_YY0ILwn5NgGQ\"]}]}<\/script>\n<!-- \/ Yoast SEO plugin. -->","yoast_head_json":{"title":"Likabehandlingsplan &#8211; Lyc\u00e9e Fran\u00e7ais Saint Louis de Stockholm","robots":{"index":"index","follow":"follow","max-snippet":"max-snippet:-1","max-image-preview":"max-image-preview:large","max-video-preview":"max-video-preview:-1"},"canonical":"https:\/\/www.lfsl.net\/sv\/livet-pa-lfsl\/likabehandlingsplan\/","og_locale":"sv_SE","og_type":"article","og_title":"Likabehandlingsplan &#8211; Lyc\u00e9e Fran\u00e7ais Saint Louis de Stockholm","og_description":"Alla elever har r\u00e4tt till skydd mot diskriminering, trakasserier och f\u00f6rnedrande behandling i skolan.Sedan den 1 januari 2009 har detta skydd reglerats av diskrimineringslagen och skollagen i Sverige.Enligt denna lag m\u00e5ste skolg\u00e5ngen fungera p\u00e5 ett s\u00e5dant s\u00e4tt att man garanterar en r\u00e4ttvis behandling av varje individ, samtidigt som man st\u00e4ndigt kr\u00e4ver j\u00e4mlikhet f\u00f6r alla n\u00e4r ... L\u00e4s mer","og_url":"https:\/\/www.lfsl.net\/sv\/livet-pa-lfsl\/likabehandlingsplan\/","og_site_name":"Lyc\u00e9e Fran\u00e7ais Saint Louis de Stockholm","article_publisher":"https:\/\/www.facebook.com\/Lyc%c3%a9e-Francais-Saint-Louis-182116921840529\/","article_modified_time":"2025-02-03T13:19:23+00:00","og_image":[{"width":1440,"height":810,"url":"https:\/\/www.lfsl.net\/wp-content\/uploads\/2020\/03\/lsfl_logo-minimal_crop.jpg","type":"image\/jpeg"}],"twitter_card":"summary_large_image","schema":{"@context":"https:\/\/schema.org","@graph":[{"@type":"WebPage","@id":"https:\/\/www.lfsl.net\/sv\/livet-pa-lfsl\/likabehandlingsplan\/","url":"https:\/\/www.lfsl.net\/sv\/livet-pa-lfsl\/likabehandlingsplan\/","name":"Likabehandlingsplan &#8211; Lyc\u00e9e Fran\u00e7ais Saint Louis de Stockholm","isPartOf":{"@id":"https:\/\/www.lfsl.net\/sv\/#website"},"datePublished":"2019-03-15T15:00:12+00:00","dateModified":"2025-02-03T13:19:23+00:00","breadcrumb":{"@id":"https:\/\/www.lfsl.net\/sv\/livet-pa-lfsl\/likabehandlingsplan\/#breadcrumb"},"inLanguage":"sv-SE","potentialAction":[{"@type":"ReadAction","target":["https:\/\/www.lfsl.net\/sv\/livet-pa-lfsl\/likabehandlingsplan\/"]}]},{"@type":"BreadcrumbList","@id":"https:\/\/www.lfsl.net\/sv\/livet-pa-lfsl\/likabehandlingsplan\/#breadcrumb","itemListElement":[{"@type":"ListItem","position":1,"name":"Home","item":"https:\/\/www.lfsl.net\/sv\/"},{"@type":"ListItem","position":2,"name":"Livet p\u00e5 LFSL","item":"https:\/\/www.lfsl.net\/sv\/livet-pa-lfsl\/"},{"@type":"ListItem","position":3,"name":"Likabehandlingsplan"}]},{"@type":"WebSite","@id":"https:\/\/www.lfsl.net\/sv\/#website","url":"https:\/\/www.lfsl.net\/sv\/","name":"Lyc\u00e9e Fran\u00e7ais Saint Louis de Stockholm","description":"\u00c9tablissement membre du r\u00e9seau AEFE","publisher":{"@id":"https:\/\/www.lfsl.net\/sv\/#organization"},"potentialAction":[{"@type":"SearchAction","target":{"@type":"EntryPoint","urlTemplate":"https:\/\/www.lfsl.net\/sv\/?s={search_term_string}"},"query-input":{"@type":"PropertyValueSpecification","valueRequired":true,"valueName":"search_term_string"}}],"inLanguage":"sv-SE"},{"@type":"Organization","@id":"https:\/\/www.lfsl.net\/sv\/#organization","name":"Lyc\u00e9e Fran\u00e7ais Saint Louis","url":"https:\/\/www.lfsl.net\/sv\/","logo":{"@type":"ImageObject","inLanguage":"sv-SE","@id":"https:\/\/www.lfsl.net\/sv\/#\/schema\/logo\/image\/","url":"https:\/\/www.lfsl.net\/wp-content\/uploads\/2021\/03\/LFSL-logo.jpg","contentUrl":"https:\/\/www.lfsl.net\/wp-content\/uploads\/2021\/03\/LFSL-logo.jpg","width":330,"height":473,"caption":"Lyc\u00e9e Fran\u00e7ais Saint Louis"},"image":{"@id":"https:\/\/www.lfsl.net\/sv\/#\/schema\/logo\/image\/"},"sameAs":["https:\/\/www.facebook.com\/Lyc\u00e9e-Francais-Saint-Louis-182116921840529\/","https:\/\/www.instagram.com\/lyceefrancaisstockholm\/","https:\/\/www.linkedin.com\/school\/lfsl\/","https:\/\/www.youtube.com\/channel\/UCchS4IO4jE_YY0ILwn5NgGQ"]}]}},"_links":{"self":[{"href":"https:\/\/www.lfsl.net\/sv\/wp-json\/wp\/v2\/pages\/2606","targetHints":{"allow":["GET"]}}],"collection":[{"href":"https:\/\/www.lfsl.net\/sv\/wp-json\/wp\/v2\/pages"}],"about":[{"href":"https:\/\/www.lfsl.net\/sv\/wp-json\/wp\/v2\/types\/page"}],"author":[{"embeddable":true,"href":"https:\/\/www.lfsl.net\/sv\/wp-json\/wp\/v2\/users\/1"}],"replies":[{"embeddable":true,"href":"https:\/\/www.lfsl.net\/sv\/wp-json\/wp\/v2\/comments?post=2606"}],"version-history":[{"count":15,"href":"https:\/\/www.lfsl.net\/sv\/wp-json\/wp\/v2\/pages\/2606\/revisions"}],"predecessor-version":[{"id":21348,"href":"https:\/\/www.lfsl.net\/sv\/wp-json\/wp\/v2\/pages\/2606\/revisions\/21348"}],"up":[{"embeddable":true,"href":"https:\/\/www.lfsl.net\/sv\/wp-json\/wp\/v2\/pages\/2593"}],"wp:attachment":[{"href":"https:\/\/www.lfsl.net\/sv\/wp-json\/wp\/v2\/media?parent=2606"}],"curies":[{"name":"wp","href":"https:\/\/api.w.org\/{rel}","templated":true}]}}