{"id":2608,"date":"2019-03-15T15:00:41","date_gmt":"2019-03-15T15:00:41","guid":{"rendered":"http:\/\/lfsl.net.hemsida.eu\/?page_id=2608"},"modified":"2026-02-19T13:37:19","modified_gmt":"2026-02-19T13:37:19","slug":"skolregler","status":"publish","type":"page","link":"https:\/\/www.lfsl.net\/sv\/livet-pa-lfsl\/skolregler\/","title":{"rendered":"Skolregler"},"content":{"rendered":"<h3>SKYDDS\u00c5TG\u00c4RDER\u00a0<\/h3>\n<p><a href=\"https:\/\/www.lfsl.net\/sv\/protokoll-for-hygienrutiner-och-pedagogiska-anpassningar\/\" target=\"_blank\" rel=\"noopener\">COVID19 \u2013 PROTOKOLL F\u00d6R HYGIENRUTINER OCH PEDAGOGISKA ANPASSNINGAR<\/a><\/p>\n<h3>BESKRIVNING AV SKOLG\u00c5NG P\u00c5 LFSL<\/h3>\n<p><a href=\"https:\/\/www.lfsl.net\/wp-content\/uploads\/2020\/04\/CHARTE-DE-SCOLARISATION-AU-LFSL_SE.pdf\" target=\"_blank\" rel=\"noopener noreferrer\">BESKRIVNING AV SKOLG\u00c5NG<\/a><\/p>\n<h3>DOKUMENT P\u00e5 franska:<\/h3>\n<h3>Skolregler (L\u00e5g- och mellanstadiet) :<\/h3>\n<p><a href=\"https:\/\/www.lfsl.net\/wp-content\/uploads\/2026\/02\/25-26-reglement-interieur-CECOL-16-10-25.pdf\">R\u00c8GLEMENT INT\u00c9RIEUR \u00c9L\u00c9MENTAIRE<\/a><\/p>\n<p><a href=\"https:\/\/www.lfsl.net\/wp-content\/uploads\/2019\/04\/CHARTE-LAICITE.pdf\">CHARTE LA\u00cfCIT\u00c9<\/a><\/p>\n<h3>Skolregler (H\u00f6gstadiet och gymnasiet) :<\/h3>\n<p><a href=\"https:\/\/www.lfsl.net\/wp-content\/uploads\/2019\/05\/190404_R\u00e8glement-int\u00e9rieur-LFSL-secondaire_2.pdf\">R\u00c8GLEMENT INT\u00c9RIEUR SECONDAIRE<\/a><\/p>\n<p><a href=\"https:\/\/www.lfsl.net\/wp-content\/uploads\/2019\/04\/CHARTE-LAICITE.pdf\">CHARTE LA\u00cfCIT\u00c9<\/a><\/p>\n<h3>Regler F\u00d6R ANV\u00c4DNING AV ELEVSK\u00c5P (H\u00d6GSTADIET OCH GYMNASIET)<\/h3>\n<p><a href=\"https:\/\/www.lfsl.net\/wp-content\/uploads\/2020\/03\/CONDITION_UTILISATION_CASIERS_2020.pdf\" target=\"_blank\" rel=\"noopener noreferrer\">CONDITIONS POUR L&#8217;UTILISATION DES CASIERS<\/a><\/p>\n<h3>Regler i skolmatsalen:<\/h3>\n<p><a href=\"https:\/\/www.lfsl.net\/wp-content\/uploads\/2019\/04\/Charte-cantine.pdf\">LA CHARTE DE LA CANTINE<\/a><\/p>\n<h3>IT-regler (p\u00e5 franska):<\/h3>\n<p><a href=\"https:\/\/www.lfsl.net\/wp-content\/uploads\/2021\/10\/Charte-informatique-2021.pdf\" target=\"_blank\" rel=\"noopener\">CHARTE INFORMATIQUE<\/a><\/p>\n\n\n<p><a href=\"https:\/\/www.lfsl.net\/wp-content\/uploads\/2019\/06\/N\u00e5gra-goda-r\u00e5d-till-dig-som-\u00e4r-ton\u00e5rsf\u00f6r\u00e4lder_2019.pdf\">Goda r\u00e5d till ton\u00e5rsf\u00f6r\u00e4ldrar<\/a><\/p>\n","protected":false},"excerpt":{"rendered":"<p>SKYDDS\u00c5TG\u00c4RDER\u00a0 COVID19 \u2013 PROTOKOLL F\u00d6R HYGIENRUTINER OCH PEDAGOGISKA ANPASSNINGAR BESKRIVNING AV SKOLG\u00c5NG P\u00c5 LFSL BESKRIVNING AV SKOLG\u00c5NG DOKUMENT P\u00e5 franska: Skolregler (L\u00e5g- och mellanstadiet) : R\u00c8GLEMENT INT\u00c9RIEUR \u00c9L\u00c9MENTAIRE CHARTE LA\u00cfCIT\u00c9 Skolregler (H\u00f6gstadiet och gymnasiet) : R\u00c8GLEMENT INT\u00c9RIEUR SECONDAIRE CHARTE LA\u00cfCIT\u00c9 Regler F\u00d6R ANV\u00c4DNING AV ELEVSK\u00c5P (H\u00d6GSTADIET OCH GYMNASIET) CONDITIONS POUR L&#8217;UTILISATION DES CASIERS Regler i &#8230; <\/p>\n<p class=\"read-more-container\"><a title=\"Skolregler\" class=\"read-more button\" href=\"https:\/\/www.lfsl.net\/sv\/livet-pa-lfsl\/skolregler\/#more-2608\" aria-label=\"L\u00e4s mer om Skolregler\">L\u00e4s mer<\/a><\/p>\n","protected":false},"author":1,"featured_media":0,"parent":2593,"menu_order":0,"comment_status":"closed","ping_status":"closed","template":"","meta":{"footnotes":""},"class_list":["post-2608","page","type-page","status-publish"],"yoast_head":"<!-- This site is optimized with the Yoast SEO plugin v27.4 - https:\/\/yoast.com\/product\/yoast-seo-wordpress\/ -->\n<title>Skolregler &#8211; Lyc\u00e9e Fran\u00e7ais Saint Louis de Stockholm<\/title>\n<meta name=\"robots\" content=\"index, follow, max-snippet:-1, max-image-preview:large, max-video-preview:-1\" \/>\n<link rel=\"canonical\" href=\"https:\/\/www.lfsl.net\/sv\/livet-pa-lfsl\/skolregler\/\" \/>\n<meta property=\"og:locale\" content=\"sv_SE\" \/>\n<meta property=\"og:type\" content=\"article\" \/>\n<meta property=\"og:title\" content=\"Skolregler &#8211; Lyc\u00e9e Fran\u00e7ais Saint Louis de Stockholm\" \/>\n<meta property=\"og:description\" content=\"SKYDDS\u00c5TG\u00c4RDER\u00a0 COVID19 \u2013 PROTOKOLL F\u00d6R HYGIENRUTINER OCH PEDAGOGISKA ANPASSNINGAR BESKRIVNING AV SKOLG\u00c5NG P\u00c5 LFSL BESKRIVNING AV SKOLG\u00c5NG DOKUMENT P\u00e5 franska: Skolregler (L\u00e5g- och mellanstadiet) : R\u00c8GLEMENT INT\u00c9RIEUR \u00c9L\u00c9MENTAIRE CHARTE LA\u00cfCIT\u00c9 Skolregler (H\u00f6gstadiet och gymnasiet) : R\u00c8GLEMENT INT\u00c9RIEUR SECONDAIRE CHARTE LA\u00cfCIT\u00c9 Regler F\u00d6R ANV\u00c4DNING AV ELEVSK\u00c5P (H\u00d6GSTADIET OCH GYMNASIET) CONDITIONS POUR L&#8217;UTILISATION DES CASIERS Regler i ... L\u00e4s mer\" \/>\n<meta property=\"og:url\" content=\"https:\/\/www.lfsl.net\/sv\/livet-pa-lfsl\/skolregler\/\" \/>\n<meta property=\"og:site_name\" content=\"Lyc\u00e9e Fran\u00e7ais Saint Louis de Stockholm\" \/>\n<meta property=\"article:publisher\" content=\"https:\/\/www.facebook.com\/Lyc%c3%a9e-Francais-Saint-Louis-182116921840529\/\" \/>\n<meta property=\"article:modified_time\" content=\"2026-02-19T13:37:19+00:00\" \/>\n<meta property=\"og:image\" content=\"https:\/\/www.lfsl.net\/wp-content\/uploads\/2020\/03\/lsfl_logo-minimal_crop.jpg\" \/>\n\t<meta property=\"og:image:width\" content=\"1440\" \/>\n\t<meta property=\"og:image:height\" content=\"810\" \/>\n\t<meta property=\"og:image:type\" content=\"image\/jpeg\" \/>\n<meta name=\"twitter:card\" content=\"summary_large_image\" \/>\n<script type=\"application\/ld+json\" class=\"yoast-schema-graph\">{\"@context\":\"https:\\\/\\\/schema.org\",\"@graph\":[{\"@type\":\"WebPage\",\"@id\":\"https:\\\/\\\/www.lfsl.net\\\/sv\\\/livet-pa-lfsl\\\/skolregler\\\/\",\"url\":\"https:\\\/\\\/www.lfsl.net\\\/sv\\\/livet-pa-lfsl\\\/skolregler\\\/\",\"name\":\"Skolregler &#8211; Lyc\u00e9e Fran\u00e7ais Saint Louis de Stockholm\",\"isPartOf\":{\"@id\":\"https:\\\/\\\/www.lfsl.net\\\/sv\\\/#website\"},\"datePublished\":\"2019-03-15T15:00:41+00:00\",\"dateModified\":\"2026-02-19T13:37:19+00:00\",\"breadcrumb\":{\"@id\":\"https:\\\/\\\/www.lfsl.net\\\/sv\\\/livet-pa-lfsl\\\/skolregler\\\/#breadcrumb\"},\"inLanguage\":\"sv-SE\",\"potentialAction\":[{\"@type\":\"ReadAction\",\"target\":[\"https:\\\/\\\/www.lfsl.net\\\/sv\\\/livet-pa-lfsl\\\/skolregler\\\/\"]}]},{\"@type\":\"BreadcrumbList\",\"@id\":\"https:\\\/\\\/www.lfsl.net\\\/sv\\\/livet-pa-lfsl\\\/skolregler\\\/#breadcrumb\",\"itemListElement\":[{\"@type\":\"ListItem\",\"position\":1,\"name\":\"Home\",\"item\":\"https:\\\/\\\/www.lfsl.net\\\/sv\\\/\"},{\"@type\":\"ListItem\",\"position\":2,\"name\":\"Livet p\u00e5 LFSL\",\"item\":\"https:\\\/\\\/www.lfsl.net\\\/sv\\\/livet-pa-lfsl\\\/\"},{\"@type\":\"ListItem\",\"position\":3,\"name\":\"Skolregler\"}]},{\"@type\":\"WebSite\",\"@id\":\"https:\\\/\\\/www.lfsl.net\\\/sv\\\/#website\",\"url\":\"https:\\\/\\\/www.lfsl.net\\\/sv\\\/\",\"name\":\"Lyc\u00e9e Fran\u00e7ais Saint Louis de Stockholm\",\"description\":\"\u00c9tablissement membre du r\u00e9seau AEFE\",\"publisher\":{\"@id\":\"https:\\\/\\\/www.lfsl.net\\\/sv\\\/#organization\"},\"potentialAction\":[{\"@type\":\"SearchAction\",\"target\":{\"@type\":\"EntryPoint\",\"urlTemplate\":\"https:\\\/\\\/www.lfsl.net\\\/sv\\\/?s={search_term_string}\"},\"query-input\":{\"@type\":\"PropertyValueSpecification\",\"valueRequired\":true,\"valueName\":\"search_term_string\"}}],\"inLanguage\":\"sv-SE\"},{\"@type\":\"Organization\",\"@id\":\"https:\\\/\\\/www.lfsl.net\\\/sv\\\/#organization\",\"name\":\"Lyc\u00e9e Fran\u00e7ais Saint Louis\",\"url\":\"https:\\\/\\\/www.lfsl.net\\\/sv\\\/\",\"logo\":{\"@type\":\"ImageObject\",\"inLanguage\":\"sv-SE\",\"@id\":\"https:\\\/\\\/www.lfsl.net\\\/sv\\\/#\\\/schema\\\/logo\\\/image\\\/\",\"url\":\"https:\\\/\\\/www.lfsl.net\\\/wp-content\\\/uploads\\\/2021\\\/03\\\/LFSL-logo.jpg\",\"contentUrl\":\"https:\\\/\\\/www.lfsl.net\\\/wp-content\\\/uploads\\\/2021\\\/03\\\/LFSL-logo.jpg\",\"width\":330,\"height\":473,\"caption\":\"Lyc\u00e9e Fran\u00e7ais Saint Louis\"},\"image\":{\"@id\":\"https:\\\/\\\/www.lfsl.net\\\/sv\\\/#\\\/schema\\\/logo\\\/image\\\/\"},\"sameAs\":[\"https:\\\/\\\/www.facebook.com\\\/Lyc\u00e9e-Francais-Saint-Louis-182116921840529\\\/\",\"https:\\\/\\\/www.instagram.com\\\/lyceefrancaisstockholm\\\/\",\"https:\\\/\\\/www.linkedin.com\\\/school\\\/lfsl\\\/\",\"https:\\\/\\\/www.youtube.com\\\/channel\\\/UCchS4IO4jE_YY0ILwn5NgGQ\"]}]}<\/script>\n<!-- \/ Yoast SEO plugin. -->","yoast_head_json":{"title":"Skolregler &#8211; Lyc\u00e9e Fran\u00e7ais Saint Louis de Stockholm","robots":{"index":"index","follow":"follow","max-snippet":"max-snippet:-1","max-image-preview":"max-image-preview:large","max-video-preview":"max-video-preview:-1"},"canonical":"https:\/\/www.lfsl.net\/sv\/livet-pa-lfsl\/skolregler\/","og_locale":"sv_SE","og_type":"article","og_title":"Skolregler &#8211; Lyc\u00e9e Fran\u00e7ais Saint Louis de Stockholm","og_description":"SKYDDS\u00c5TG\u00c4RDER\u00a0 COVID19 \u2013 PROTOKOLL F\u00d6R HYGIENRUTINER OCH PEDAGOGISKA ANPASSNINGAR BESKRIVNING AV SKOLG\u00c5NG P\u00c5 LFSL BESKRIVNING AV SKOLG\u00c5NG DOKUMENT P\u00e5 franska: Skolregler (L\u00e5g- och mellanstadiet) : R\u00c8GLEMENT INT\u00c9RIEUR \u00c9L\u00c9MENTAIRE CHARTE LA\u00cfCIT\u00c9 Skolregler (H\u00f6gstadiet och gymnasiet) : R\u00c8GLEMENT INT\u00c9RIEUR SECONDAIRE CHARTE LA\u00cfCIT\u00c9 Regler F\u00d6R ANV\u00c4DNING AV ELEVSK\u00c5P (H\u00d6GSTADIET OCH GYMNASIET) CONDITIONS POUR L&#8217;UTILISATION DES CASIERS Regler i ... L\u00e4s mer","og_url":"https:\/\/www.lfsl.net\/sv\/livet-pa-lfsl\/skolregler\/","og_site_name":"Lyc\u00e9e Fran\u00e7ais Saint Louis de Stockholm","article_publisher":"https:\/\/www.facebook.com\/Lyc%c3%a9e-Francais-Saint-Louis-182116921840529\/","article_modified_time":"2026-02-19T13:37:19+00:00","og_image":[{"width":1440,"height":810,"url":"https:\/\/www.lfsl.net\/wp-content\/uploads\/2020\/03\/lsfl_logo-minimal_crop.jpg","type":"image\/jpeg"}],"twitter_card":"summary_large_image","schema":{"@context":"https:\/\/schema.org","@graph":[{"@type":"WebPage","@id":"https:\/\/www.lfsl.net\/sv\/livet-pa-lfsl\/skolregler\/","url":"https:\/\/www.lfsl.net\/sv\/livet-pa-lfsl\/skolregler\/","name":"Skolregler &#8211; Lyc\u00e9e Fran\u00e7ais Saint Louis de Stockholm","isPartOf":{"@id":"https:\/\/www.lfsl.net\/sv\/#website"},"datePublished":"2019-03-15T15:00:41+00:00","dateModified":"2026-02-19T13:37:19+00:00","breadcrumb":{"@id":"https:\/\/www.lfsl.net\/sv\/livet-pa-lfsl\/skolregler\/#breadcrumb"},"inLanguage":"sv-SE","potentialAction":[{"@type":"ReadAction","target":["https:\/\/www.lfsl.net\/sv\/livet-pa-lfsl\/skolregler\/"]}]},{"@type":"BreadcrumbList","@id":"https:\/\/www.lfsl.net\/sv\/livet-pa-lfsl\/skolregler\/#breadcrumb","itemListElement":[{"@type":"ListItem","position":1,"name":"Home","item":"https:\/\/www.lfsl.net\/sv\/"},{"@type":"ListItem","position":2,"name":"Livet p\u00e5 LFSL","item":"https:\/\/www.lfsl.net\/sv\/livet-pa-lfsl\/"},{"@type":"ListItem","position":3,"name":"Skolregler"}]},{"@type":"WebSite","@id":"https:\/\/www.lfsl.net\/sv\/#website","url":"https:\/\/www.lfsl.net\/sv\/","name":"Lyc\u00e9e Fran\u00e7ais Saint Louis de Stockholm","description":"\u00c9tablissement membre du r\u00e9seau AEFE","publisher":{"@id":"https:\/\/www.lfsl.net\/sv\/#organization"},"potentialAction":[{"@type":"SearchAction","target":{"@type":"EntryPoint","urlTemplate":"https:\/\/www.lfsl.net\/sv\/?s={search_term_string}"},"query-input":{"@type":"PropertyValueSpecification","valueRequired":true,"valueName":"search_term_string"}}],"inLanguage":"sv-SE"},{"@type":"Organization","@id":"https:\/\/www.lfsl.net\/sv\/#organization","name":"Lyc\u00e9e Fran\u00e7ais Saint Louis","url":"https:\/\/www.lfsl.net\/sv\/","logo":{"@type":"ImageObject","inLanguage":"sv-SE","@id":"https:\/\/www.lfsl.net\/sv\/#\/schema\/logo\/image\/","url":"https:\/\/www.lfsl.net\/wp-content\/uploads\/2021\/03\/LFSL-logo.jpg","contentUrl":"https:\/\/www.lfsl.net\/wp-content\/uploads\/2021\/03\/LFSL-logo.jpg","width":330,"height":473,"caption":"Lyc\u00e9e Fran\u00e7ais Saint Louis"},"image":{"@id":"https:\/\/www.lfsl.net\/sv\/#\/schema\/logo\/image\/"},"sameAs":["https:\/\/www.facebook.com\/Lyc\u00e9e-Francais-Saint-Louis-182116921840529\/","https:\/\/www.instagram.com\/lyceefrancaisstockholm\/","https:\/\/www.linkedin.com\/school\/lfsl\/","https:\/\/www.youtube.com\/channel\/UCchS4IO4jE_YY0ILwn5NgGQ"]}]}},"_links":{"self":[{"href":"https:\/\/www.lfsl.net\/sv\/wp-json\/wp\/v2\/pages\/2608","targetHints":{"allow":["GET"]}}],"collection":[{"href":"https:\/\/www.lfsl.net\/sv\/wp-json\/wp\/v2\/pages"}],"about":[{"href":"https:\/\/www.lfsl.net\/sv\/wp-json\/wp\/v2\/types\/page"}],"author":[{"embeddable":true,"href":"https:\/\/www.lfsl.net\/sv\/wp-json\/wp\/v2\/users\/1"}],"replies":[{"embeddable":true,"href":"https:\/\/www.lfsl.net\/sv\/wp-json\/wp\/v2\/comments?post=2608"}],"version-history":[{"count":23,"href":"https:\/\/www.lfsl.net\/sv\/wp-json\/wp\/v2\/pages\/2608\/revisions"}],"predecessor-version":[{"id":24961,"href":"https:\/\/www.lfsl.net\/sv\/wp-json\/wp\/v2\/pages\/2608\/revisions\/24961"}],"up":[{"embeddable":true,"href":"https:\/\/www.lfsl.net\/sv\/wp-json\/wp\/v2\/pages\/2593"}],"wp:attachment":[{"href":"https:\/\/www.lfsl.net\/sv\/wp-json\/wp\/v2\/media?parent=2608"}],"curies":[{"name":"wp","href":"https:\/\/api.w.org\/{rel}","templated":true}]}}