{"id":5422,"date":"2019-11-19T14:34:47","date_gmt":"2019-11-19T14:34:47","guid":{"rendered":"https:\/\/www.lfsl.net\/?page_id=5422"},"modified":"2022-03-28T13:34:19","modified_gmt":"2022-03-28T13:34:19","slug":"hogskolestudier-i-sverige","status":"publish","type":"page","link":"https:\/\/www.lfsl.net\/sv\/hogskolestudier-i-sverige\/","title":{"rendered":"H\u00f6gskolestudier i Sverige"},"content":{"rendered":"\n<p>P\u00e5 f\u00f6ljande sidor kan du l\u00e4sa om h\u00f6gskolestudier i Sverige:<\/p>\n\n\n\n<p><a aria-label=\"Guide (opens in a new tab)\" href=\"https:\/\/www.lfsl.net\/sv\/guide\/\" target=\"_blank\" rel=\"noreferrer noopener\">Guide<\/a><\/p>\n\n\n\n<p><a aria-label=\"Ans\u00f6kan - Baccalaur\u00e9at och OIB (opens in a new tab)\" href=\"https:\/\/www.lfsl.net\/sv\/ansokan-hogskolestudier-i-sverige-baccalaureat-och-oib\/\" target=\"_blank\" rel=\"noreferrer noopener\">Ans\u00f6kan &#8211; Baccalaur\u00e9at och OIB<\/a><\/p>\n\n\n\n<p><a aria-label=\"Ans\u00f6kan - Gymnasieexamen (opens in a new tab)\" href=\"https:\/\/www.lfsl.net\/sv\/ansokan-hogskolestudier-i-sverige-gymnasieexamen\/\" target=\"_blank\" rel=\"noreferrer noopener\">Ans\u00f6kan &#8211; Gymnasieexamen<\/a><\/p>\n\n\n\n<p><a aria-label=\"Beh\u00f6righet (opens in a new tab)\" href=\"https:\/\/www.lfsl.net\/sv\/behorighet-hogskolestudier-i-sverige\/\" target=\"_blank\" rel=\"noreferrer noopener\">Beh\u00f6righet<\/a><\/p>\n\n\n\n<p><a href=\"https:\/\/www.lfsl.net\/sv\/betyg-och-meritpoang-hogskolestudier-i-sverige\/\" target=\"_blank\" rel=\"noreferrer noopener\" aria-label=\"Betyg och meritpo\u00e4ng (opens in a new tab)\">Betyg och meritpo\u00e4ng<\/a><\/p>\n\n\n\n<hr class=\"wp-block-separator\"\/>\n\n\n\n<h2 class=\"wp-block-heading\">OBS! datum f\u00f6r ans\u00f6kan till h\u00f6stterminen <em>202<\/em>1 &#8211; datumen f\u00f6r ans\u00f6kan till h\u00f6stterminen <em>2022<\/em> \u00e4r \u00e4nnu inte publicerade<\/h2>\n\n\n\n<figure class=\"wp-block-table\"><table><tbody><tr><td><strong>15 mars\u00a0\u00a0<\/strong><\/td><td>Webbanm\u00e4lan \u00f6ppnar<\/td><\/tr><tr><td><strong>19 april<\/strong><\/td><td>Sista anm\u00e4lningsdag<\/td><\/tr><tr><td><strong>3 maj\u00a0<\/strong><\/td><td>Sista dag att betala anm\u00e4lningsavgift&nbsp;<br>eller styrka avgiftsbefrielse*<\/td><\/tr><tr><td><strong>april &#8211; juni<\/strong><\/td><td><a href=\"https:\/\/www.antagning.se\/sv\/Hur-du-anmaler-dig-och-haller-koll\/Anmal-dig-sa-har\/Kolla-dina-uppgifter-\/\">Kontrolluppgifter<\/a><\/td><\/tr><tr><td><strong>21 juni<\/strong><\/td><td>Sista kompletteringsdag** f\u00f6r svenska diplom. <strong>OBS! Skolan g\u00f6r inga kompletteringar, utan det \u00e4r upp till varje elev att sk\u00f6ta det.<\/strong><br><\/td><\/tr><tr><td><strong>5 juli<\/strong><\/td><td> Sista kompletteringsdag** f\u00f6r franska diplom. <strong>OBS! Skolan g\u00f6r inga kompletteringar, utan det \u00e4r upp till varje elev att sk\u00f6ta det.<\/strong> <\/td><\/tr><tr><td><strong>12 juli<\/strong><\/td><td><a href=\"https:\/\/www.antagning.se\/sv\/Hur-du-anmaler-dig-och-haller-koll\/Las-antagningsbeskedet-och-svara-\/\">Antagningsbesked med svarskrav<\/a><\/td><\/tr><tr><td><strong>22 juli<\/strong><\/td><td>Sista svarsdag<\/td><\/tr><tr><td><strong>28 juli<\/strong><\/td><td><a href=\"https:\/\/www.antagning.se\/sv\/Hur-du-anmaler-dig-och-haller-koll\/Las-antagningsbeskedet-och-svara-\/Det-andra-antagningsbeskedet\/\">Andra antagningsbeskedet<\/a><\/td><\/tr><\/tbody><\/table><\/figure>\n\n\n\n<p>*<strong>&nbsp;7 maj \u2013 sista dag att visa att du \u00e4r avgiftsbefriad<br><\/strong>Om du \u00e4r medborgare i ett nordiskt land (som inte \u00e4r Sverige), i n\u00e5got av de l\u00e4nder som ing\u00e5r i EU\/EES eller Schweiz, eller \u00e4r svensk medborgare men inte l\u00e4ngre bor i Sverige beh\u00f6ver du inte betala n\u00e5gon anm\u00e4lningsavgift.&nbsp;<strong>D\u00e4remot m\u00e5ste du ladda upp papper som visar ditt medborgarskap.&nbsp;<\/strong>Alla papper ska vara hos Antagningsservice senast 7 maj.&nbsp;L\u00e4s mer under&nbsp;<a href=\"https:\/\/www.antagning.se\/sv\/Ta-reda-pa-mer-\/Anmalnings--och-studieavgifter\/\">Anm\u00e4lnings- och studieavgifter<\/a>.<\/p>\n\n\n\n<p>Om du \u00e4r&nbsp;<strong>svensk medborgare och folkbokf\u00f6rd i Sverige<\/strong> beh\u00f6ver du varken betala anm\u00e4lningsavgift eller ladda upp n\u00e5gra papper som styrker ditt medborgarskap.<br><\/p>\n\n\n\n<p>** Du som g\u00e5r ut gymnasiet efter 18 juni i ett EU\/EES-land, Schweiz eller fr\u00e5n IB\/EB-programmet f\u00e5r mer tid p\u00e5 dig. Du f\u00e5r komplettera med ditt gymnasiebetyg senast 5 juli. Andra kompletterande dokument ska du ha skickat in redan den 18 juni.&nbsp;<\/p>\n","protected":false},"excerpt":{"rendered":"<p>P\u00e5 f\u00f6ljande sidor kan du l\u00e4sa om h\u00f6gskolestudier i Sverige: Guide Ans\u00f6kan &#8211; Baccalaur\u00e9at och OIB Ans\u00f6kan &#8211; Gymnasieexamen Beh\u00f6righet Betyg och meritpo\u00e4ng OBS! datum f\u00f6r ans\u00f6kan till h\u00f6stterminen 2021 &#8211; datumen f\u00f6r ans\u00f6kan till h\u00f6stterminen 2022 \u00e4r \u00e4nnu inte publicerade 15 mars\u00a0\u00a0 Webbanm\u00e4lan \u00f6ppnar 19 april Sista anm\u00e4lningsdag 3 maj\u00a0 Sista dag att betala &#8230; <\/p>\n<p class=\"read-more-container\"><a title=\"H\u00f6gskolestudier i Sverige\" class=\"read-more button\" href=\"https:\/\/www.lfsl.net\/sv\/hogskolestudier-i-sverige\/#more-5422\" aria-label=\"L\u00e4s mer om H\u00f6gskolestudier i Sverige\">L\u00e4s mer<\/a><\/p>\n","protected":false},"author":3,"featured_media":0,"parent":0,"menu_order":0,"comment_status":"closed","ping_status":"closed","template":"","meta":{"footnotes":""},"class_list":["post-5422","page","type-page","status-publish"],"yoast_head":"<!-- This site is optimized with the Yoast SEO plugin v27.4 - https:\/\/yoast.com\/product\/yoast-seo-wordpress\/ -->\n<title>H\u00f6gskolestudier i Sverige &#8211; Lyc\u00e9e Fran\u00e7ais Saint Louis de Stockholm<\/title>\n<meta name=\"robots\" content=\"index, follow, max-snippet:-1, max-image-preview:large, max-video-preview:-1\" \/>\n<link rel=\"canonical\" href=\"https:\/\/www.lfsl.net\/sv\/hogskolestudier-i-sverige\/\" \/>\n<meta property=\"og:locale\" content=\"sv_SE\" \/>\n<meta property=\"og:type\" content=\"article\" \/>\n<meta property=\"og:title\" content=\"H\u00f6gskolestudier i Sverige &#8211; Lyc\u00e9e Fran\u00e7ais Saint Louis de Stockholm\" \/>\n<meta property=\"og:description\" content=\"P\u00e5 f\u00f6ljande sidor kan du l\u00e4sa om h\u00f6gskolestudier i Sverige: Guide Ans\u00f6kan &#8211; Baccalaur\u00e9at och OIB Ans\u00f6kan &#8211; Gymnasieexamen Beh\u00f6righet Betyg och meritpo\u00e4ng OBS! datum f\u00f6r ans\u00f6kan till h\u00f6stterminen 2021 &#8211; datumen f\u00f6r ans\u00f6kan till h\u00f6stterminen 2022 \u00e4r \u00e4nnu inte publicerade 15 mars\u00a0\u00a0 Webbanm\u00e4lan \u00f6ppnar 19 april Sista anm\u00e4lningsdag 3 maj\u00a0 Sista dag att betala ... L\u00e4s mer\" \/>\n<meta property=\"og:url\" content=\"https:\/\/www.lfsl.net\/sv\/hogskolestudier-i-sverige\/\" \/>\n<meta property=\"og:site_name\" content=\"Lyc\u00e9e Fran\u00e7ais Saint Louis de Stockholm\" \/>\n<meta property=\"article:publisher\" content=\"https:\/\/www.facebook.com\/Lyc%c3%a9e-Francais-Saint-Louis-182116921840529\/\" \/>\n<meta property=\"article:modified_time\" content=\"2022-03-28T13:34:19+00:00\" \/>\n<meta property=\"og:image\" content=\"https:\/\/www.lfsl.net\/wp-content\/uploads\/2020\/03\/lsfl_logo-minimal_crop.jpg\" \/>\n\t<meta property=\"og:image:width\" content=\"1440\" \/>\n\t<meta property=\"og:image:height\" content=\"810\" \/>\n\t<meta property=\"og:image:type\" content=\"image\/jpeg\" \/>\n<meta name=\"twitter:card\" content=\"summary_large_image\" \/>\n<script type=\"application\/ld+json\" class=\"yoast-schema-graph\">{\"@context\":\"https:\\\/\\\/schema.org\",\"@graph\":[{\"@type\":\"WebPage\",\"@id\":\"https:\\\/\\\/www.lfsl.net\\\/sv\\\/hogskolestudier-i-sverige\\\/\",\"url\":\"https:\\\/\\\/www.lfsl.net\\\/sv\\\/hogskolestudier-i-sverige\\\/\",\"name\":\"H\u00f6gskolestudier i Sverige &#8211; Lyc\u00e9e Fran\u00e7ais Saint Louis de Stockholm\",\"isPartOf\":{\"@id\":\"https:\\\/\\\/www.lfsl.net\\\/sv\\\/#website\"},\"datePublished\":\"2019-11-19T14:34:47+00:00\",\"dateModified\":\"2022-03-28T13:34:19+00:00\",\"breadcrumb\":{\"@id\":\"https:\\\/\\\/www.lfsl.net\\\/sv\\\/hogskolestudier-i-sverige\\\/#breadcrumb\"},\"inLanguage\":\"sv-SE\",\"potentialAction\":[{\"@type\":\"ReadAction\",\"target\":[\"https:\\\/\\\/www.lfsl.net\\\/sv\\\/hogskolestudier-i-sverige\\\/\"]}]},{\"@type\":\"BreadcrumbList\",\"@id\":\"https:\\\/\\\/www.lfsl.net\\\/sv\\\/hogskolestudier-i-sverige\\\/#breadcrumb\",\"itemListElement\":[{\"@type\":\"ListItem\",\"position\":1,\"name\":\"Home\",\"item\":\"https:\\\/\\\/www.lfsl.net\\\/sv\\\/\"},{\"@type\":\"ListItem\",\"position\":2,\"name\":\"H\u00f6gskolestudier i Sverige\"}]},{\"@type\":\"WebSite\",\"@id\":\"https:\\\/\\\/www.lfsl.net\\\/sv\\\/#website\",\"url\":\"https:\\\/\\\/www.lfsl.net\\\/sv\\\/\",\"name\":\"Lyc\u00e9e Fran\u00e7ais Saint Louis de Stockholm\",\"description\":\"\u00c9tablissement membre du r\u00e9seau AEFE\",\"publisher\":{\"@id\":\"https:\\\/\\\/www.lfsl.net\\\/sv\\\/#organization\"},\"potentialAction\":[{\"@type\":\"SearchAction\",\"target\":{\"@type\":\"EntryPoint\",\"urlTemplate\":\"https:\\\/\\\/www.lfsl.net\\\/sv\\\/?s={search_term_string}\"},\"query-input\":{\"@type\":\"PropertyValueSpecification\",\"valueRequired\":true,\"valueName\":\"search_term_string\"}}],\"inLanguage\":\"sv-SE\"},{\"@type\":\"Organization\",\"@id\":\"https:\\\/\\\/www.lfsl.net\\\/sv\\\/#organization\",\"name\":\"Lyc\u00e9e Fran\u00e7ais Saint Louis\",\"url\":\"https:\\\/\\\/www.lfsl.net\\\/sv\\\/\",\"logo\":{\"@type\":\"ImageObject\",\"inLanguage\":\"sv-SE\",\"@id\":\"https:\\\/\\\/www.lfsl.net\\\/sv\\\/#\\\/schema\\\/logo\\\/image\\\/\",\"url\":\"https:\\\/\\\/www.lfsl.net\\\/wp-content\\\/uploads\\\/2021\\\/03\\\/LFSL-logo.jpg\",\"contentUrl\":\"https:\\\/\\\/www.lfsl.net\\\/wp-content\\\/uploads\\\/2021\\\/03\\\/LFSL-logo.jpg\",\"width\":330,\"height\":473,\"caption\":\"Lyc\u00e9e Fran\u00e7ais Saint Louis\"},\"image\":{\"@id\":\"https:\\\/\\\/www.lfsl.net\\\/sv\\\/#\\\/schema\\\/logo\\\/image\\\/\"},\"sameAs\":[\"https:\\\/\\\/www.facebook.com\\\/Lyc\u00e9e-Francais-Saint-Louis-182116921840529\\\/\",\"https:\\\/\\\/www.instagram.com\\\/lyceefrancaisstockholm\\\/\",\"https:\\\/\\\/www.linkedin.com\\\/school\\\/lfsl\\\/\",\"https:\\\/\\\/www.youtube.com\\\/channel\\\/UCchS4IO4jE_YY0ILwn5NgGQ\"]}]}<\/script>\n<!-- \/ Yoast SEO plugin. -->","yoast_head_json":{"title":"H\u00f6gskolestudier i Sverige &#8211; Lyc\u00e9e Fran\u00e7ais Saint Louis de Stockholm","robots":{"index":"index","follow":"follow","max-snippet":"max-snippet:-1","max-image-preview":"max-image-preview:large","max-video-preview":"max-video-preview:-1"},"canonical":"https:\/\/www.lfsl.net\/sv\/hogskolestudier-i-sverige\/","og_locale":"sv_SE","og_type":"article","og_title":"H\u00f6gskolestudier i Sverige &#8211; Lyc\u00e9e Fran\u00e7ais Saint Louis de Stockholm","og_description":"P\u00e5 f\u00f6ljande sidor kan du l\u00e4sa om h\u00f6gskolestudier i Sverige: Guide Ans\u00f6kan &#8211; Baccalaur\u00e9at och OIB Ans\u00f6kan &#8211; Gymnasieexamen Beh\u00f6righet Betyg och meritpo\u00e4ng OBS! datum f\u00f6r ans\u00f6kan till h\u00f6stterminen 2021 &#8211; datumen f\u00f6r ans\u00f6kan till h\u00f6stterminen 2022 \u00e4r \u00e4nnu inte publicerade 15 mars\u00a0\u00a0 Webbanm\u00e4lan \u00f6ppnar 19 april Sista anm\u00e4lningsdag 3 maj\u00a0 Sista dag att betala ... L\u00e4s mer","og_url":"https:\/\/www.lfsl.net\/sv\/hogskolestudier-i-sverige\/","og_site_name":"Lyc\u00e9e Fran\u00e7ais Saint Louis de Stockholm","article_publisher":"https:\/\/www.facebook.com\/Lyc%c3%a9e-Francais-Saint-Louis-182116921840529\/","article_modified_time":"2022-03-28T13:34:19+00:00","og_image":[{"width":1440,"height":810,"url":"https:\/\/www.lfsl.net\/wp-content\/uploads\/2020\/03\/lsfl_logo-minimal_crop.jpg","type":"image\/jpeg"}],"twitter_card":"summary_large_image","schema":{"@context":"https:\/\/schema.org","@graph":[{"@type":"WebPage","@id":"https:\/\/www.lfsl.net\/sv\/hogskolestudier-i-sverige\/","url":"https:\/\/www.lfsl.net\/sv\/hogskolestudier-i-sverige\/","name":"H\u00f6gskolestudier i Sverige &#8211; Lyc\u00e9e Fran\u00e7ais Saint Louis de Stockholm","isPartOf":{"@id":"https:\/\/www.lfsl.net\/sv\/#website"},"datePublished":"2019-11-19T14:34:47+00:00","dateModified":"2022-03-28T13:34:19+00:00","breadcrumb":{"@id":"https:\/\/www.lfsl.net\/sv\/hogskolestudier-i-sverige\/#breadcrumb"},"inLanguage":"sv-SE","potentialAction":[{"@type":"ReadAction","target":["https:\/\/www.lfsl.net\/sv\/hogskolestudier-i-sverige\/"]}]},{"@type":"BreadcrumbList","@id":"https:\/\/www.lfsl.net\/sv\/hogskolestudier-i-sverige\/#breadcrumb","itemListElement":[{"@type":"ListItem","position":1,"name":"Home","item":"https:\/\/www.lfsl.net\/sv\/"},{"@type":"ListItem","position":2,"name":"H\u00f6gskolestudier i Sverige"}]},{"@type":"WebSite","@id":"https:\/\/www.lfsl.net\/sv\/#website","url":"https:\/\/www.lfsl.net\/sv\/","name":"Lyc\u00e9e Fran\u00e7ais Saint Louis de Stockholm","description":"\u00c9tablissement membre du r\u00e9seau AEFE","publisher":{"@id":"https:\/\/www.lfsl.net\/sv\/#organization"},"potentialAction":[{"@type":"SearchAction","target":{"@type":"EntryPoint","urlTemplate":"https:\/\/www.lfsl.net\/sv\/?s={search_term_string}"},"query-input":{"@type":"PropertyValueSpecification","valueRequired":true,"valueName":"search_term_string"}}],"inLanguage":"sv-SE"},{"@type":"Organization","@id":"https:\/\/www.lfsl.net\/sv\/#organization","name":"Lyc\u00e9e Fran\u00e7ais Saint Louis","url":"https:\/\/www.lfsl.net\/sv\/","logo":{"@type":"ImageObject","inLanguage":"sv-SE","@id":"https:\/\/www.lfsl.net\/sv\/#\/schema\/logo\/image\/","url":"https:\/\/www.lfsl.net\/wp-content\/uploads\/2021\/03\/LFSL-logo.jpg","contentUrl":"https:\/\/www.lfsl.net\/wp-content\/uploads\/2021\/03\/LFSL-logo.jpg","width":330,"height":473,"caption":"Lyc\u00e9e Fran\u00e7ais Saint Louis"},"image":{"@id":"https:\/\/www.lfsl.net\/sv\/#\/schema\/logo\/image\/"},"sameAs":["https:\/\/www.facebook.com\/Lyc\u00e9e-Francais-Saint-Louis-182116921840529\/","https:\/\/www.instagram.com\/lyceefrancaisstockholm\/","https:\/\/www.linkedin.com\/school\/lfsl\/","https:\/\/www.youtube.com\/channel\/UCchS4IO4jE_YY0ILwn5NgGQ"]}]}},"_links":{"self":[{"href":"https:\/\/www.lfsl.net\/sv\/wp-json\/wp\/v2\/pages\/5422","targetHints":{"allow":["GET"]}}],"collection":[{"href":"https:\/\/www.lfsl.net\/sv\/wp-json\/wp\/v2\/pages"}],"about":[{"href":"https:\/\/www.lfsl.net\/sv\/wp-json\/wp\/v2\/types\/page"}],"author":[{"embeddable":true,"href":"https:\/\/www.lfsl.net\/sv\/wp-json\/wp\/v2\/users\/3"}],"replies":[{"embeddable":true,"href":"https:\/\/www.lfsl.net\/sv\/wp-json\/wp\/v2\/comments?post=5422"}],"version-history":[{"count":14,"href":"https:\/\/www.lfsl.net\/sv\/wp-json\/wp\/v2\/pages\/5422\/revisions"}],"predecessor-version":[{"id":13256,"href":"https:\/\/www.lfsl.net\/sv\/wp-json\/wp\/v2\/pages\/5422\/revisions\/13256"}],"wp:attachment":[{"href":"https:\/\/www.lfsl.net\/sv\/wp-json\/wp\/v2\/media?parent=5422"}],"curies":[{"name":"wp","href":"https:\/\/api.w.org\/{rel}","templated":true}]}}