{"id":5424,"date":"2019-09-17T10:53:43","date_gmt":"2019-09-17T10:53:43","guid":{"rendered":"https:\/\/www.lfsl.net\/?page_id=5424"},"modified":"2023-03-02T10:13:36","modified_gmt":"2023-03-02T10:13:36","slug":"guide","status":"publish","type":"page","link":"https:\/\/www.lfsl.net\/sv\/guide\/","title":{"rendered":"Guide"},"content":{"rendered":"\n<p>Information om <a href=\"https:\/\/www.antagning.se\/sv\/studier-pa-hogskoleniva\/\">studier p\u00e5 h\u00f6gskoleniv\u00e5<\/a><a href=\"https:\/\/www.antagning.se\/sv\/Ta-reda-pa-mer-\/Studier-pa-hogskoleniva1\/\">&nbsp;<\/a>i Sverige<\/p>\n\n\n\n<p><a href=\"https:\/\/drive.google.com\/file\/d\/0B37DZE8YF4BWaHVvRm5PUWFGRXM\/view?usp=sharing\">Struktur<\/a><\/p>\n\n\n\n<p><a href=\"https:\/\/www.antagning.se\/sv\/studier-pa-hogskoleniva\/liten-ordlista\/\" target=\"_blank\" rel=\"noreferrer noopener\">Vanliga termer<\/a><\/p>\n\n\n\n<p>L\u00e4nkar:\u00a0<br><a href=\"https:\/\/www.studera.nu\/\">Allt du beh\u00f6ver veta om dina studier &#8211; Studera.nu<\/a><br><a href=\"https:\/\/www.antagning.se\/se\/start\" target=\"_blank\" rel=\"noreferrer noopener\">https:\/\/www.antagning.se\/se\/start<\/a><\/p>\n\n\n\n<p>F\u00f6lj denna&nbsp;<a href=\"https:\/\/www.antagning.se\/se\/start\">l\u00e4nk&nbsp;<\/a>f\u00f6r att hitta utbildningar. <\/p>\n\n\n\n<p>F\u00f6lj denna <a href=\"https:\/\/docs.google.com\/document\/d\/101-ruigCTmH9GxKCk9v5-Pixv2r_P_voTliF8t5idLc\/edit?usp=sharing\">l\u00e4nk<\/a> f\u00f6r att hitta information om hur det fungerar p\u00e5 h\u00f6gskola och universitet i Sverige.<\/p>\n","protected":false},"excerpt":{"rendered":"<p>Information om studier p\u00e5 h\u00f6gskoleniv\u00e5&nbsp;i Sverige Struktur Vanliga termer L\u00e4nkar:\u00a0Allt du beh\u00f6ver veta om dina studier &#8211; Studera.nuhttps:\/\/www.antagning.se\/se\/start F\u00f6lj denna&nbsp;l\u00e4nk&nbsp;f\u00f6r att hitta utbildningar. F\u00f6lj denna l\u00e4nk f\u00f6r att hitta information om hur det fungerar p\u00e5 h\u00f6gskola och universitet i Sverige.<\/p>\n","protected":false},"author":3,"featured_media":0,"parent":0,"menu_order":0,"comment_status":"closed","ping_status":"closed","template":"","meta":{"footnotes":""},"class_list":["post-5424","page","type-page","status-publish"],"yoast_head":"<!-- This site is optimized with the Yoast SEO plugin v27.4 - https:\/\/yoast.com\/product\/yoast-seo-wordpress\/ -->\n<title>Guide &#8211; Lyc\u00e9e Fran\u00e7ais Saint Louis de Stockholm<\/title>\n<meta name=\"robots\" content=\"index, follow, max-snippet:-1, max-image-preview:large, max-video-preview:-1\" \/>\n<link rel=\"canonical\" href=\"https:\/\/www.lfsl.net\/sv\/guide\/\" \/>\n<meta property=\"og:locale\" content=\"sv_SE\" \/>\n<meta property=\"og:type\" content=\"article\" \/>\n<meta property=\"og:title\" content=\"Guide &#8211; Lyc\u00e9e Fran\u00e7ais Saint Louis de Stockholm\" \/>\n<meta property=\"og:description\" content=\"Information om studier p\u00e5 h\u00f6gskoleniv\u00e5&nbsp;i Sverige Struktur Vanliga termer L\u00e4nkar:\u00a0Allt du beh\u00f6ver veta om dina studier &#8211; Studera.nuhttps:\/\/www.antagning.se\/se\/start F\u00f6lj denna&nbsp;l\u00e4nk&nbsp;f\u00f6r att hitta utbildningar. F\u00f6lj denna l\u00e4nk f\u00f6r att hitta information om hur det fungerar p\u00e5 h\u00f6gskola och universitet i Sverige.\" \/>\n<meta property=\"og:url\" content=\"https:\/\/www.lfsl.net\/sv\/guide\/\" \/>\n<meta property=\"og:site_name\" content=\"Lyc\u00e9e Fran\u00e7ais Saint Louis de Stockholm\" \/>\n<meta property=\"article:publisher\" content=\"https:\/\/www.facebook.com\/Lyc%c3%a9e-Francais-Saint-Louis-182116921840529\/\" \/>\n<meta property=\"article:modified_time\" content=\"2023-03-02T10:13:36+00:00\" \/>\n<meta property=\"og:image\" content=\"https:\/\/www.lfsl.net\/wp-content\/uploads\/2020\/03\/lsfl_logo-minimal_crop.jpg\" \/>\n\t<meta property=\"og:image:width\" content=\"1440\" \/>\n\t<meta property=\"og:image:height\" content=\"810\" \/>\n\t<meta property=\"og:image:type\" content=\"image\/jpeg\" \/>\n<meta name=\"twitter:card\" content=\"summary_large_image\" \/>\n<script type=\"application\/ld+json\" class=\"yoast-schema-graph\">{\"@context\":\"https:\\\/\\\/schema.org\",\"@graph\":[{\"@type\":\"WebPage\",\"@id\":\"https:\\\/\\\/www.lfsl.net\\\/sv\\\/guide\\\/\",\"url\":\"https:\\\/\\\/www.lfsl.net\\\/sv\\\/guide\\\/\",\"name\":\"Guide &#8211; Lyc\u00e9e Fran\u00e7ais Saint Louis de Stockholm\",\"isPartOf\":{\"@id\":\"https:\\\/\\\/www.lfsl.net\\\/sv\\\/#website\"},\"datePublished\":\"2019-09-17T10:53:43+00:00\",\"dateModified\":\"2023-03-02T10:13:36+00:00\",\"breadcrumb\":{\"@id\":\"https:\\\/\\\/www.lfsl.net\\\/sv\\\/guide\\\/#breadcrumb\"},\"inLanguage\":\"sv-SE\",\"potentialAction\":[{\"@type\":\"ReadAction\",\"target\":[\"https:\\\/\\\/www.lfsl.net\\\/sv\\\/guide\\\/\"]}]},{\"@type\":\"BreadcrumbList\",\"@id\":\"https:\\\/\\\/www.lfsl.net\\\/sv\\\/guide\\\/#breadcrumb\",\"itemListElement\":[{\"@type\":\"ListItem\",\"position\":1,\"name\":\"Home\",\"item\":\"https:\\\/\\\/www.lfsl.net\\\/sv\\\/\"},{\"@type\":\"ListItem\",\"position\":2,\"name\":\"Guide\"}]},{\"@type\":\"WebSite\",\"@id\":\"https:\\\/\\\/www.lfsl.net\\\/sv\\\/#website\",\"url\":\"https:\\\/\\\/www.lfsl.net\\\/sv\\\/\",\"name\":\"Lyc\u00e9e Fran\u00e7ais Saint Louis de Stockholm\",\"description\":\"\u00c9tablissement membre du r\u00e9seau AEFE\",\"publisher\":{\"@id\":\"https:\\\/\\\/www.lfsl.net\\\/sv\\\/#organization\"},\"potentialAction\":[{\"@type\":\"SearchAction\",\"target\":{\"@type\":\"EntryPoint\",\"urlTemplate\":\"https:\\\/\\\/www.lfsl.net\\\/sv\\\/?s={search_term_string}\"},\"query-input\":{\"@type\":\"PropertyValueSpecification\",\"valueRequired\":true,\"valueName\":\"search_term_string\"}}],\"inLanguage\":\"sv-SE\"},{\"@type\":\"Organization\",\"@id\":\"https:\\\/\\\/www.lfsl.net\\\/sv\\\/#organization\",\"name\":\"Lyc\u00e9e Fran\u00e7ais Saint Louis\",\"url\":\"https:\\\/\\\/www.lfsl.net\\\/sv\\\/\",\"logo\":{\"@type\":\"ImageObject\",\"inLanguage\":\"sv-SE\",\"@id\":\"https:\\\/\\\/www.lfsl.net\\\/sv\\\/#\\\/schema\\\/logo\\\/image\\\/\",\"url\":\"https:\\\/\\\/www.lfsl.net\\\/wp-content\\\/uploads\\\/2021\\\/03\\\/LFSL-logo.jpg\",\"contentUrl\":\"https:\\\/\\\/www.lfsl.net\\\/wp-content\\\/uploads\\\/2021\\\/03\\\/LFSL-logo.jpg\",\"width\":330,\"height\":473,\"caption\":\"Lyc\u00e9e Fran\u00e7ais Saint Louis\"},\"image\":{\"@id\":\"https:\\\/\\\/www.lfsl.net\\\/sv\\\/#\\\/schema\\\/logo\\\/image\\\/\"},\"sameAs\":[\"https:\\\/\\\/www.facebook.com\\\/Lyc\u00e9e-Francais-Saint-Louis-182116921840529\\\/\",\"https:\\\/\\\/www.instagram.com\\\/lyceefrancaisstockholm\\\/\",\"https:\\\/\\\/www.linkedin.com\\\/school\\\/lfsl\\\/\",\"https:\\\/\\\/www.youtube.com\\\/channel\\\/UCchS4IO4jE_YY0ILwn5NgGQ\"]}]}<\/script>\n<!-- \/ Yoast SEO plugin. -->","yoast_head_json":{"title":"Guide &#8211; Lyc\u00e9e Fran\u00e7ais Saint Louis de Stockholm","robots":{"index":"index","follow":"follow","max-snippet":"max-snippet:-1","max-image-preview":"max-image-preview:large","max-video-preview":"max-video-preview:-1"},"canonical":"https:\/\/www.lfsl.net\/sv\/guide\/","og_locale":"sv_SE","og_type":"article","og_title":"Guide &#8211; Lyc\u00e9e Fran\u00e7ais Saint Louis de Stockholm","og_description":"Information om studier p\u00e5 h\u00f6gskoleniv\u00e5&nbsp;i Sverige Struktur Vanliga termer L\u00e4nkar:\u00a0Allt du beh\u00f6ver veta om dina studier &#8211; Studera.nuhttps:\/\/www.antagning.se\/se\/start F\u00f6lj denna&nbsp;l\u00e4nk&nbsp;f\u00f6r att hitta utbildningar. F\u00f6lj denna l\u00e4nk f\u00f6r att hitta information om hur det fungerar p\u00e5 h\u00f6gskola och universitet i Sverige.","og_url":"https:\/\/www.lfsl.net\/sv\/guide\/","og_site_name":"Lyc\u00e9e Fran\u00e7ais Saint Louis de Stockholm","article_publisher":"https:\/\/www.facebook.com\/Lyc%c3%a9e-Francais-Saint-Louis-182116921840529\/","article_modified_time":"2023-03-02T10:13:36+00:00","og_image":[{"width":1440,"height":810,"url":"https:\/\/www.lfsl.net\/wp-content\/uploads\/2020\/03\/lsfl_logo-minimal_crop.jpg","type":"image\/jpeg"}],"twitter_card":"summary_large_image","schema":{"@context":"https:\/\/schema.org","@graph":[{"@type":"WebPage","@id":"https:\/\/www.lfsl.net\/sv\/guide\/","url":"https:\/\/www.lfsl.net\/sv\/guide\/","name":"Guide &#8211; Lyc\u00e9e Fran\u00e7ais Saint Louis de Stockholm","isPartOf":{"@id":"https:\/\/www.lfsl.net\/sv\/#website"},"datePublished":"2019-09-17T10:53:43+00:00","dateModified":"2023-03-02T10:13:36+00:00","breadcrumb":{"@id":"https:\/\/www.lfsl.net\/sv\/guide\/#breadcrumb"},"inLanguage":"sv-SE","potentialAction":[{"@type":"ReadAction","target":["https:\/\/www.lfsl.net\/sv\/guide\/"]}]},{"@type":"BreadcrumbList","@id":"https:\/\/www.lfsl.net\/sv\/guide\/#breadcrumb","itemListElement":[{"@type":"ListItem","position":1,"name":"Home","item":"https:\/\/www.lfsl.net\/sv\/"},{"@type":"ListItem","position":2,"name":"Guide"}]},{"@type":"WebSite","@id":"https:\/\/www.lfsl.net\/sv\/#website","url":"https:\/\/www.lfsl.net\/sv\/","name":"Lyc\u00e9e Fran\u00e7ais Saint Louis de Stockholm","description":"\u00c9tablissement membre du r\u00e9seau AEFE","publisher":{"@id":"https:\/\/www.lfsl.net\/sv\/#organization"},"potentialAction":[{"@type":"SearchAction","target":{"@type":"EntryPoint","urlTemplate":"https:\/\/www.lfsl.net\/sv\/?s={search_term_string}"},"query-input":{"@type":"PropertyValueSpecification","valueRequired":true,"valueName":"search_term_string"}}],"inLanguage":"sv-SE"},{"@type":"Organization","@id":"https:\/\/www.lfsl.net\/sv\/#organization","name":"Lyc\u00e9e Fran\u00e7ais Saint Louis","url":"https:\/\/www.lfsl.net\/sv\/","logo":{"@type":"ImageObject","inLanguage":"sv-SE","@id":"https:\/\/www.lfsl.net\/sv\/#\/schema\/logo\/image\/","url":"https:\/\/www.lfsl.net\/wp-content\/uploads\/2021\/03\/LFSL-logo.jpg","contentUrl":"https:\/\/www.lfsl.net\/wp-content\/uploads\/2021\/03\/LFSL-logo.jpg","width":330,"height":473,"caption":"Lyc\u00e9e Fran\u00e7ais Saint Louis"},"image":{"@id":"https:\/\/www.lfsl.net\/sv\/#\/schema\/logo\/image\/"},"sameAs":["https:\/\/www.facebook.com\/Lyc\u00e9e-Francais-Saint-Louis-182116921840529\/","https:\/\/www.instagram.com\/lyceefrancaisstockholm\/","https:\/\/www.linkedin.com\/school\/lfsl\/","https:\/\/www.youtube.com\/channel\/UCchS4IO4jE_YY0ILwn5NgGQ"]}]}},"_links":{"self":[{"href":"https:\/\/www.lfsl.net\/sv\/wp-json\/wp\/v2\/pages\/5424","targetHints":{"allow":["GET"]}}],"collection":[{"href":"https:\/\/www.lfsl.net\/sv\/wp-json\/wp\/v2\/pages"}],"about":[{"href":"https:\/\/www.lfsl.net\/sv\/wp-json\/wp\/v2\/types\/page"}],"author":[{"embeddable":true,"href":"https:\/\/www.lfsl.net\/sv\/wp-json\/wp\/v2\/users\/3"}],"replies":[{"embeddable":true,"href":"https:\/\/www.lfsl.net\/sv\/wp-json\/wp\/v2\/comments?post=5424"}],"version-history":[{"count":6,"href":"https:\/\/www.lfsl.net\/sv\/wp-json\/wp\/v2\/pages\/5424\/revisions"}],"predecessor-version":[{"id":16140,"href":"https:\/\/www.lfsl.net\/sv\/wp-json\/wp\/v2\/pages\/5424\/revisions\/16140"}],"wp:attachment":[{"href":"https:\/\/www.lfsl.net\/sv\/wp-json\/wp\/v2\/media?parent=5424"}],"curies":[{"name":"wp","href":"https:\/\/api.w.org\/{rel}","templated":true}]}}