{"id":5435,"date":"2019-11-19T14:33:18","date_gmt":"2019-11-19T14:33:18","guid":{"rendered":"https:\/\/www.lfsl.net\/?page_id=5435"},"modified":"2022-01-21T14:50:39","modified_gmt":"2022-01-21T14:50:39","slug":"behorighet-hogskolestudier-i-sverige","status":"publish","type":"page","link":"https:\/\/www.lfsl.net\/sv\/behorighet-hogskolestudier-i-sverige\/","title":{"rendered":"Beh\u00f6righet &#8211; h\u00f6gskolestudier i Sverige"},"content":{"rendered":"\n<p>F\u00f6r att vara beh\u00f6rig att s\u00f6ka med utl\u00e4ndska betyg till en svensk h\u00f6gskoleutbildning kr\u00e4vs att du har<\/p>\n\n\n\n<ul class=\"wp-block-list\"><li>grundl\u00e4ggande beh\u00f6righet<\/li><li>kunskaper i svenska, engelska och matematik<\/li><li>s\u00e4rskild beh\u00f6righet<\/li><\/ul>\n\n\n\n<h4 class=\"wp-block-heading\"><strong>GRUNDL\u00c4GGANDE BEH\u00d6RIGHET<\/strong><\/h4>\n\n\n\n<p>Den utl\u00e4ndska gymnasieutbildningen m\u00e5ste vara universitetsf\u00f6rberedande (vilket alla program p\u00e5 Lyc\u00e9e Fran\u00e7ais \u00e4r). Du m\u00e5ste ha f\u00e5tt ett examensbevis eller diplom som visar att utbildningen \u00e4r avslutad.<\/p>\n\n\n\n<div class=\"wp-block-columns has-2-columns is-layout-flex wp-container-core-columns-is-layout-9d6595d7 wp-block-columns-is-layout-flex\">\n<div class=\"wp-block-column is-layout-flow wp-block-column-is-layout-flow\">\n<p class=\"has-text-align-center\"><strong>BACCALAUR\u00c9AT<\/strong><\/p>\n\n\n\n<p><strong>Kunskaper i svenska, engelska och matematik<\/strong><\/p>\n\n\n\n<p><strong>Svenska<\/strong><br>Du beh\u00f6ver ha en motsvarande godk\u00e4nd niv\u00e5 av kursen Svenska 3 eller Svenska som andraspr\u00e5k 3.&nbsp; Det finns flera s\u00e4tt att uppn\u00e5 det:<\/p>\n\n\n\n<p>Du beh\u00f6ver ha en motsvarande godk\u00e4nd niv\u00e5 av kursen Svenska 3 eller Svenska som andraspr\u00e5k 3.&nbsp; Det finns flera s\u00e4tt att uppn\u00e5 det:<\/p>\n\n\n\n<ul class=\"wp-block-list\"><li>L\u00e4sa Svenska 1, 2 och 3 p\u00e5 LFSL.<\/li><li>L\u00e4sa kurser i Svenska som andraspr\u00e5k som du kan skriva in dig p\u00e5 efter att du har tagit ut din examen. Kontakta din kommuns vuxenutbildning f\u00f6r mer information. I Stockholm \u00e4r det Vuxenutbildning Stockholm &#8211; Komvux &#8211; du kontaktar.<\/li><li>L\u00e4sa f\u00f6rberedelsekurser i svenska p\u00e5 universiten, t.ex. vid Stockholms universitet. Man kommer in p\u00e5 intagningsprov. Man m\u00e5ste ha klarat sin BAC och ha l\u00e4st minst en termin svenska p\u00e5 skolan.<\/li><li>Skriva ett universitetsprov som heter&nbsp;<em>Tisus&nbsp;<\/em>. Det h\u00e4r \u00e4r ett prov som riktar sig till de med en internationell examen som inte har betyg p\u00e5 den svenskniv\u00e5 som kr\u00e4vs. Det h\u00e4r provet \u00e4r ganska s\u00e5 kr\u00e4vande och det \u00e4r inte ovanligt att man f\u00f6rst m\u00e5ste g\u00e5 en svenskkurs f\u00f6r att ha chans att klara provet. <\/li><\/ul>\n\n\n\n<p><strong>Engelska<\/strong><br>Du beh\u00f6ver ha minst 10\/20 p\u00e5 dina Baccalaur\u00e9atprov f\u00f6r att f\u00e5 r\u00e4kna in Engelska 6.<\/p>\n\n\n\n<p>Du m\u00e5ste ocks\u00e5 v\u00e4lja&nbsp;<strong>engelska som LVA<\/strong>&nbsp;f\u00f6r att den ska r\u00e4knas som Engelska 6, annars r\u00e4knas den som Engelska 5.<\/p>\n\n\n\n<p><strong>Matematik<\/strong><br>Du beh\u00f6ver ha&nbsp;minst 10\/20 p\u00e5 dina Baccalaur\u00e9atprov. <\/p>\n<\/div>\n\n\n\n<div class=\"wp-block-column is-layout-flow wp-block-column-is-layout-flow\">\n<p class=\"has-text-align-center\"><strong>OIB<\/strong><\/p>\n\n\n\n<p><strong>Kunskaper i svenska, engelska och matematik<\/strong><\/p>\n\n\n\n<p><strong>Svenska<\/strong><br>Du beh\u00f6ver f\u00e5 minst 10\/20 p\u00e5 de prov som ing\u00e5r i OIB.<\/p>\n\n\n\n<p><strong>Engelska<\/strong><br>Du beh\u00f6ver ha en motsvarande godk\u00e4nd niv\u00e5 (10\/20) av kursen Engelska 6, vilken du automatiskt l\u00e4ser p\u00e5 Lyc\u00e9e Fran\u00e7ais.<\/p>\n\n\n\n<p><strong>Matematik<\/strong><br>Du beh\u00f6ver ha en motsvarande godk\u00e4nd niv\u00e5 (10\/20) av kursen Matematik 1, vilken du automatiskt l\u00e4ser p\u00e5 Lyc\u00e9e Fran\u00e7ais i Seconde. <\/p>\n\n\n\n<hr class=\"wp-block-separator\"\/>\n\n\n\n<p class=\"has-text-align-center\"><strong>GYMNASIEEXAMEN<\/strong><\/p>\n\n\n\n<p>\n\nF\u00f6r att f\u00e5 en examen kr\u00e4vs att du har :<\/p>\n\n\n\n<ul class=\"wp-block-list\"><li>L\u00e4st 2500 po\u00e4ng (100 po\u00e4ng\/\u00e4mne och l\u00e4s\u00e5r) och har l\u00e4gst betyget E i minst 2 250 gymnasiepo\u00e4ng<\/li><li>varav l\u00e4gst betyget E i kurserna Svenska\/Svenska som andraspr\u00e5k 1, 2 och 3, Engelska 5 och 6 och Matematik 1<\/li><li>och ett godk\u00e4nt gymnasiearbete (TPT)<\/li><\/ul>\n\n\n\n<p><strong>Ut\u00f6kat program<\/strong><br><\/p>\n\n\n\n<p>Man m\u00e5ste ha l\u00e4st minst 2500 (och f\u00e5tt E i minst 2 250 po\u00e4ng) f\u00f6r att f\u00e5 gymnasieexamen.<\/p>\n\n\n\n<p>Eleverna p\u00e5 LFSL l\u00e4ser mer (2600-3200 beroende p\u00e5 s\u00e9rie och options), vilket kallas f\u00f6r ett ut\u00f6kat program.<\/p>\n\n\n\n<p>De po\u00e4ng som \u00e4r \u00f6ver 2500 kallas ut\u00f6kade kurser. I examensbeviset \u00e4r det utm\u00e4rkt med ett U vilka kurser som \u00e4r ut\u00f6kade kurser. Dessa kurser r\u00e4knas bara med i snittbetyget om de beh\u00f6vs f\u00f6r beh\u00f6righeten till ett specifikt program, eller om de ger dig meritpo\u00e4ng.\n\n<\/p>\n<\/div>\n<\/div>\n\n\n\n<hr class=\"wp-block-separator\"\/>\n\n\n\n<div class=\"wp-block-columns has-2-columns is-layout-flex wp-container-core-columns-is-layout-9d6595d7 wp-block-columns-is-layout-flex\">\n<div class=\"wp-block-column is-layout-flow wp-block-column-is-layout-flow\">\n<h4 class=\"wp-block-heading\" id=\"mce_62\"><strong>S\u00c4RSKILD BEH\u00d6RIGHET &#8211; BACCALAUR\u00c9AT OCH OIB<\/strong><\/h4>\n\n\n\n<p> Ut\u00f6ver kravet om grundl\u00e4ggande beh\u00f6righet har ocks\u00e5 m\u00e5nga utbildningar s\u00e4rskilda f\u00f6rkunskapskrav kopplade till utbildningens inneh\u00e5ll. <\/p>\n\n\n\n<p>OBS! Du beh\u00f6ver titta p\u00e5\u00a0<a href=\"https:\/\/www.antagning.se\/se\/start\">www.antagning.se<\/a>\u00a0vad som kr\u00e4vs om du \u00e4r intresserad av att studera vidare i Sverige efter gymnasiet. T.ex. kr\u00e4vs matematik 4, fysik 2, kemi 2 och biologi 2 f\u00f6r en l\u00e4karexamen, vilket du endast kan f\u00e5 med en gymnasieexamen NAT, p\u00e5 LFSL. Din franska baccalaur\u00e9at, med eller utan OIB, r\u00e4cker allts\u00e5 inte.<\/p>\n<\/div>\n\n\n\n<div class=\"wp-block-column is-layout-flow wp-block-column-is-layout-flow\">\n<h4 class=\"wp-block-heading\" id=\"mce_63\">S\u00c4RSKILD BEH\u00d6RIGHET &#8211; GYMNASIEEXAMEN<\/h4>\n\n\n\n<p>Detta inneb\u00e4r l\u00e4gst betyget E i de kurser som den specifika h\u00f6gskolan\/universitet kr\u00e4ver till de olika utbildningarna. <br>\u200b<br>PDF \u2013&nbsp;<a href=\"https:\/\/drive.google.com\/file\/d\/0B37DZE8YF4BWYi10MlMyLWxFUDg\/view\" target=\"_blank\" rel=\"noreferrer noopener\">s\u00e4rskild beh\u00f6righet<\/a><\/p>\n<\/div>\n<\/div>\n\n\n\n<hr class=\"wp-block-separator\"\/>\n\n\n\n<div class=\"wp-block-columns has-2-columns is-layout-flex wp-container-core-columns-is-layout-9d6595d7 wp-block-columns-is-layout-flex\">\n<div class=\"wp-block-column is-layout-flow wp-block-column-is-layout-flow\">\n<h3 class=\"wp-block-heading\">LVA OCH LVB \u2013 SVENSKA ELLER ENGELSKA<\/h3>\n\n\n\n<p>\u200bLVA i engelska \u00e4r motsvarigheten till Engelska 6. LVA i svenska har ingen motsvarighet. F\u00f6r att kunna studera i Sverige m\u00e5ste du d\u00e4rf\u00f6r v\u00e4lja Engelska som LVA.<\/p>\n\n\n\n<hr class=\"wp-block-separator\"\/>\n\n\n\n<h3 class=\"wp-block-heading\">KURSER SOM VALIDERAS I BACCALAUR\u00c9AT<\/h3>\n\n\n\n<p><a href=\"https:\/\/bedomningshandboken.uhr.se\/utlandska-gymnasiala\/alla-lander\/frankrike-fr.o.m.-2021\/\" target=\"_blank\" rel=\"noreferrer noopener\">L\u00e4nk till dokument<\/a><\/p>\n\n\n\n<hr class=\"wp-block-separator\"\/>\n\n\n\n<h3 class=\"wp-block-heading\">INFORMATION anG oib FR\u00c5N ANTAGNINGSENHETEN<\/h3>\n\n\n\n<p>Baccalaur\u00e9at G\u00e9n\u00e9ral, Baccalaur\u00e9at du Second Degr\u00e9 och Baccalaur\u00e9at de l&#8217;Enseignement de Second Degr\u00e9 kan l\u00e4sas med internationell inriktning: Option Internationale de Baccalaur\u00e9at (OIB)<br><\/p>\n\n\n\n<p>Svenska l\u00e4ses som f\u00f6rsta fr\u00e4mmande spr\u00e5k och motsvarar Svenska 3. Engelska anges p\u00e5 betyget som andra fr\u00e4mmande spr\u00e5k men tenteras som f\u00f6rsta fr\u00e4mmande spr\u00e5k och motsvarar Engelska 6. Den samh\u00e4llskunskap som l\u00e4ses motsvarar Samh\u00e4llskunskap 2 och historia motsvarar Historia 2.&nbsp;<br><\/p>\n\n\n\n<p><em>Eleverna p\u00e5 LFSL l\u00e4ser \u00e4ven Samh\u00e4llskunskap 3 <\/em><\/p>\n<\/div>\n\n\n\n<div class=\"wp-block-column is-layout-flow wp-block-column-is-layout-flow\">\n<h3 class=\"wp-block-heading\">TOEFL<\/h3>\n\n\n\n<p>Du kan sj\u00e4lv ladda upp ditt TOEFL-test. F\u00f6r att testet ska g\u00e5 att verifiera f\u00e5r det inte vara \u00e4ldre \u00e4n tv\u00e5 \u00e5r och du m\u00e5ste ocks\u00e5 ha gjort det tillg\u00e4ngligt f\u00f6r UHR hos ETS. UHR:s \u201dInstitution code\u201d hos ETS \u00e4r 3477 &#8211; Swedish Council for Higher Education. Som fakultet eller \u201ddepartment\u201d kan man ange ett valfritt alternativ. Dokumentet du ska ladda upp heter&nbsp;<strong>Testtaker Score Report<\/strong>.&nbsp;<\/p>\n\n\n\n<p>UHR accepterar inte&nbsp;TOEFL ITP.<\/p>\n\n\n\n<p><strong>Pappersprov<\/strong><\/p>\n\n\n\n<ul class=\"wp-block-list\"><li>F\u00f6r Engelska 7: 4,5 po\u00e4ng (av max 6) p\u00e5 skriftliga delen och sammanlagt 600<\/li><li>F\u00f6r Engelska 6: 4,5 po\u00e4ng (av max 6) p\u00e5 skriftliga delen och sammanlagt 575<\/li><\/ul>\n\n\n\n<p><strong>Internetprov<\/strong><\/p>\n\n\n\n<ul class=\"wp-block-list\"><li>F\u00f6r Engelska 7: 20 po\u00e4ng (av max 30) p\u00e5 skriftliga delen och sammanlagt 100<\/li><li>F\u00f6r Engelska 6: 20 po\u00e4ng (av max 30) p\u00e5 skriftliga delen och sammanlagt 90<\/li><\/ul>\n\n\n\n<p>\u200bDet r\u00e4cker inte med ett registerutdrag som \u201dExaminee Score Records\u201d.<\/p>\n\n\n\n<p>\u200b<a href=\"https:\/\/www.ets.org\/toefl\">https:\/\/www.ets.org\/toefl<\/a><\/p>\n<\/div>\n<\/div>\n","protected":false},"excerpt":{"rendered":"<p>F\u00f6r att vara beh\u00f6rig att s\u00f6ka med utl\u00e4ndska betyg till en svensk h\u00f6gskoleutbildning kr\u00e4vs att du har grundl\u00e4ggande beh\u00f6righet kunskaper i svenska, engelska och matematik s\u00e4rskild beh\u00f6righet GRUNDL\u00c4GGANDE BEH\u00d6RIGHET Den utl\u00e4ndska gymnasieutbildningen m\u00e5ste vara universitetsf\u00f6rberedande (vilket alla program p\u00e5 Lyc\u00e9e Fran\u00e7ais \u00e4r). Du m\u00e5ste ha f\u00e5tt ett examensbevis eller diplom som visar att utbildningen \u00e4r &#8230; <\/p>\n<p class=\"read-more-container\"><a title=\"Beh\u00f6righet &#8211; h\u00f6gskolestudier i Sverige\" class=\"read-more button\" href=\"https:\/\/www.lfsl.net\/sv\/behorighet-hogskolestudier-i-sverige\/#more-5435\" aria-label=\"L\u00e4s mer om Beh\u00f6righet &#8211; h\u00f6gskolestudier i Sverige\">L\u00e4s mer<\/a><\/p>\n","protected":false},"author":3,"featured_media":0,"parent":0,"menu_order":0,"comment_status":"closed","ping_status":"closed","template":"","meta":{"footnotes":""},"class_list":["post-5435","page","type-page","status-publish"],"yoast_head":"<!-- This site is optimized with the Yoast SEO plugin v27.4 - https:\/\/yoast.com\/product\/yoast-seo-wordpress\/ -->\n<title>Beh\u00f6righet - h\u00f6gskolestudier i Sverige &#8211; Lyc\u00e9e Fran\u00e7ais Saint Louis de Stockholm<\/title>\n<meta name=\"robots\" content=\"index, follow, max-snippet:-1, max-image-preview:large, max-video-preview:-1\" \/>\n<link rel=\"canonical\" href=\"https:\/\/www.lfsl.net\/sv\/behorighet-hogskolestudier-i-sverige\/\" \/>\n<meta property=\"og:locale\" content=\"sv_SE\" \/>\n<meta property=\"og:type\" content=\"article\" \/>\n<meta property=\"og:title\" content=\"Beh\u00f6righet - h\u00f6gskolestudier i Sverige &#8211; Lyc\u00e9e Fran\u00e7ais Saint Louis de Stockholm\" \/>\n<meta property=\"og:description\" content=\"F\u00f6r att vara beh\u00f6rig att s\u00f6ka med utl\u00e4ndska betyg till en svensk h\u00f6gskoleutbildning kr\u00e4vs att du har grundl\u00e4ggande beh\u00f6righet kunskaper i svenska, engelska och matematik s\u00e4rskild beh\u00f6righet GRUNDL\u00c4GGANDE BEH\u00d6RIGHET Den utl\u00e4ndska gymnasieutbildningen m\u00e5ste vara universitetsf\u00f6rberedande (vilket alla program p\u00e5 Lyc\u00e9e Fran\u00e7ais \u00e4r). Du m\u00e5ste ha f\u00e5tt ett examensbevis eller diplom som visar att utbildningen \u00e4r ... L\u00e4s mer\" \/>\n<meta property=\"og:url\" content=\"https:\/\/www.lfsl.net\/sv\/behorighet-hogskolestudier-i-sverige\/\" \/>\n<meta property=\"og:site_name\" content=\"Lyc\u00e9e Fran\u00e7ais Saint Louis de Stockholm\" \/>\n<meta property=\"article:publisher\" content=\"https:\/\/www.facebook.com\/Lyc%c3%a9e-Francais-Saint-Louis-182116921840529\/\" \/>\n<meta property=\"article:modified_time\" content=\"2022-01-21T14:50:39+00:00\" \/>\n<meta property=\"og:image\" content=\"https:\/\/www.lfsl.net\/wp-content\/uploads\/2020\/03\/lsfl_logo-minimal_crop.jpg\" \/>\n\t<meta property=\"og:image:width\" content=\"1440\" \/>\n\t<meta property=\"og:image:height\" content=\"810\" \/>\n\t<meta property=\"og:image:type\" content=\"image\/jpeg\" \/>\n<meta name=\"twitter:card\" content=\"summary_large_image\" \/>\n<script type=\"application\/ld+json\" class=\"yoast-schema-graph\">{\"@context\":\"https:\\\/\\\/schema.org\",\"@graph\":[{\"@type\":\"WebPage\",\"@id\":\"https:\\\/\\\/www.lfsl.net\\\/sv\\\/behorighet-hogskolestudier-i-sverige\\\/\",\"url\":\"https:\\\/\\\/www.lfsl.net\\\/sv\\\/behorighet-hogskolestudier-i-sverige\\\/\",\"name\":\"Beh\u00f6righet - h\u00f6gskolestudier i Sverige &#8211; Lyc\u00e9e Fran\u00e7ais Saint Louis de Stockholm\",\"isPartOf\":{\"@id\":\"https:\\\/\\\/www.lfsl.net\\\/sv\\\/#website\"},\"datePublished\":\"2019-11-19T14:33:18+00:00\",\"dateModified\":\"2022-01-21T14:50:39+00:00\",\"breadcrumb\":{\"@id\":\"https:\\\/\\\/www.lfsl.net\\\/sv\\\/behorighet-hogskolestudier-i-sverige\\\/#breadcrumb\"},\"inLanguage\":\"sv-SE\",\"potentialAction\":[{\"@type\":\"ReadAction\",\"target\":[\"https:\\\/\\\/www.lfsl.net\\\/sv\\\/behorighet-hogskolestudier-i-sverige\\\/\"]}]},{\"@type\":\"BreadcrumbList\",\"@id\":\"https:\\\/\\\/www.lfsl.net\\\/sv\\\/behorighet-hogskolestudier-i-sverige\\\/#breadcrumb\",\"itemListElement\":[{\"@type\":\"ListItem\",\"position\":1,\"name\":\"Home\",\"item\":\"https:\\\/\\\/www.lfsl.net\\\/sv\\\/\"},{\"@type\":\"ListItem\",\"position\":2,\"name\":\"Beh\u00f6righet &#8211; h\u00f6gskolestudier i Sverige\"}]},{\"@type\":\"WebSite\",\"@id\":\"https:\\\/\\\/www.lfsl.net\\\/sv\\\/#website\",\"url\":\"https:\\\/\\\/www.lfsl.net\\\/sv\\\/\",\"name\":\"Lyc\u00e9e Fran\u00e7ais Saint Louis de Stockholm\",\"description\":\"\u00c9tablissement membre du r\u00e9seau AEFE\",\"publisher\":{\"@id\":\"https:\\\/\\\/www.lfsl.net\\\/sv\\\/#organization\"},\"potentialAction\":[{\"@type\":\"SearchAction\",\"target\":{\"@type\":\"EntryPoint\",\"urlTemplate\":\"https:\\\/\\\/www.lfsl.net\\\/sv\\\/?s={search_term_string}\"},\"query-input\":{\"@type\":\"PropertyValueSpecification\",\"valueRequired\":true,\"valueName\":\"search_term_string\"}}],\"inLanguage\":\"sv-SE\"},{\"@type\":\"Organization\",\"@id\":\"https:\\\/\\\/www.lfsl.net\\\/sv\\\/#organization\",\"name\":\"Lyc\u00e9e Fran\u00e7ais Saint Louis\",\"url\":\"https:\\\/\\\/www.lfsl.net\\\/sv\\\/\",\"logo\":{\"@type\":\"ImageObject\",\"inLanguage\":\"sv-SE\",\"@id\":\"https:\\\/\\\/www.lfsl.net\\\/sv\\\/#\\\/schema\\\/logo\\\/image\\\/\",\"url\":\"https:\\\/\\\/www.lfsl.net\\\/wp-content\\\/uploads\\\/2021\\\/03\\\/LFSL-logo.jpg\",\"contentUrl\":\"https:\\\/\\\/www.lfsl.net\\\/wp-content\\\/uploads\\\/2021\\\/03\\\/LFSL-logo.jpg\",\"width\":330,\"height\":473,\"caption\":\"Lyc\u00e9e Fran\u00e7ais Saint Louis\"},\"image\":{\"@id\":\"https:\\\/\\\/www.lfsl.net\\\/sv\\\/#\\\/schema\\\/logo\\\/image\\\/\"},\"sameAs\":[\"https:\\\/\\\/www.facebook.com\\\/Lyc\u00e9e-Francais-Saint-Louis-182116921840529\\\/\",\"https:\\\/\\\/www.instagram.com\\\/lyceefrancaisstockholm\\\/\",\"https:\\\/\\\/www.linkedin.com\\\/school\\\/lfsl\\\/\",\"https:\\\/\\\/www.youtube.com\\\/channel\\\/UCchS4IO4jE_YY0ILwn5NgGQ\"]}]}<\/script>\n<!-- \/ Yoast SEO plugin. -->","yoast_head_json":{"title":"Beh\u00f6righet - h\u00f6gskolestudier i Sverige &#8211; Lyc\u00e9e Fran\u00e7ais Saint Louis de Stockholm","robots":{"index":"index","follow":"follow","max-snippet":"max-snippet:-1","max-image-preview":"max-image-preview:large","max-video-preview":"max-video-preview:-1"},"canonical":"https:\/\/www.lfsl.net\/sv\/behorighet-hogskolestudier-i-sverige\/","og_locale":"sv_SE","og_type":"article","og_title":"Beh\u00f6righet - h\u00f6gskolestudier i Sverige &#8211; Lyc\u00e9e Fran\u00e7ais Saint Louis de Stockholm","og_description":"F\u00f6r att vara beh\u00f6rig att s\u00f6ka med utl\u00e4ndska betyg till en svensk h\u00f6gskoleutbildning kr\u00e4vs att du har grundl\u00e4ggande beh\u00f6righet kunskaper i svenska, engelska och matematik s\u00e4rskild beh\u00f6righet GRUNDL\u00c4GGANDE BEH\u00d6RIGHET Den utl\u00e4ndska gymnasieutbildningen m\u00e5ste vara universitetsf\u00f6rberedande (vilket alla program p\u00e5 Lyc\u00e9e Fran\u00e7ais \u00e4r). Du m\u00e5ste ha f\u00e5tt ett examensbevis eller diplom som visar att utbildningen \u00e4r ... L\u00e4s mer","og_url":"https:\/\/www.lfsl.net\/sv\/behorighet-hogskolestudier-i-sverige\/","og_site_name":"Lyc\u00e9e Fran\u00e7ais Saint Louis de Stockholm","article_publisher":"https:\/\/www.facebook.com\/Lyc%c3%a9e-Francais-Saint-Louis-182116921840529\/","article_modified_time":"2022-01-21T14:50:39+00:00","og_image":[{"width":1440,"height":810,"url":"https:\/\/www.lfsl.net\/wp-content\/uploads\/2020\/03\/lsfl_logo-minimal_crop.jpg","type":"image\/jpeg"}],"twitter_card":"summary_large_image","schema":{"@context":"https:\/\/schema.org","@graph":[{"@type":"WebPage","@id":"https:\/\/www.lfsl.net\/sv\/behorighet-hogskolestudier-i-sverige\/","url":"https:\/\/www.lfsl.net\/sv\/behorighet-hogskolestudier-i-sverige\/","name":"Beh\u00f6righet - h\u00f6gskolestudier i Sverige &#8211; Lyc\u00e9e Fran\u00e7ais Saint Louis de Stockholm","isPartOf":{"@id":"https:\/\/www.lfsl.net\/sv\/#website"},"datePublished":"2019-11-19T14:33:18+00:00","dateModified":"2022-01-21T14:50:39+00:00","breadcrumb":{"@id":"https:\/\/www.lfsl.net\/sv\/behorighet-hogskolestudier-i-sverige\/#breadcrumb"},"inLanguage":"sv-SE","potentialAction":[{"@type":"ReadAction","target":["https:\/\/www.lfsl.net\/sv\/behorighet-hogskolestudier-i-sverige\/"]}]},{"@type":"BreadcrumbList","@id":"https:\/\/www.lfsl.net\/sv\/behorighet-hogskolestudier-i-sverige\/#breadcrumb","itemListElement":[{"@type":"ListItem","position":1,"name":"Home","item":"https:\/\/www.lfsl.net\/sv\/"},{"@type":"ListItem","position":2,"name":"Beh\u00f6righet &#8211; h\u00f6gskolestudier i Sverige"}]},{"@type":"WebSite","@id":"https:\/\/www.lfsl.net\/sv\/#website","url":"https:\/\/www.lfsl.net\/sv\/","name":"Lyc\u00e9e Fran\u00e7ais Saint Louis de Stockholm","description":"\u00c9tablissement membre du r\u00e9seau AEFE","publisher":{"@id":"https:\/\/www.lfsl.net\/sv\/#organization"},"potentialAction":[{"@type":"SearchAction","target":{"@type":"EntryPoint","urlTemplate":"https:\/\/www.lfsl.net\/sv\/?s={search_term_string}"},"query-input":{"@type":"PropertyValueSpecification","valueRequired":true,"valueName":"search_term_string"}}],"inLanguage":"sv-SE"},{"@type":"Organization","@id":"https:\/\/www.lfsl.net\/sv\/#organization","name":"Lyc\u00e9e Fran\u00e7ais Saint Louis","url":"https:\/\/www.lfsl.net\/sv\/","logo":{"@type":"ImageObject","inLanguage":"sv-SE","@id":"https:\/\/www.lfsl.net\/sv\/#\/schema\/logo\/image\/","url":"https:\/\/www.lfsl.net\/wp-content\/uploads\/2021\/03\/LFSL-logo.jpg","contentUrl":"https:\/\/www.lfsl.net\/wp-content\/uploads\/2021\/03\/LFSL-logo.jpg","width":330,"height":473,"caption":"Lyc\u00e9e Fran\u00e7ais Saint Louis"},"image":{"@id":"https:\/\/www.lfsl.net\/sv\/#\/schema\/logo\/image\/"},"sameAs":["https:\/\/www.facebook.com\/Lyc\u00e9e-Francais-Saint-Louis-182116921840529\/","https:\/\/www.instagram.com\/lyceefrancaisstockholm\/","https:\/\/www.linkedin.com\/school\/lfsl\/","https:\/\/www.youtube.com\/channel\/UCchS4IO4jE_YY0ILwn5NgGQ"]}]}},"_links":{"self":[{"href":"https:\/\/www.lfsl.net\/sv\/wp-json\/wp\/v2\/pages\/5435","targetHints":{"allow":["GET"]}}],"collection":[{"href":"https:\/\/www.lfsl.net\/sv\/wp-json\/wp\/v2\/pages"}],"about":[{"href":"https:\/\/www.lfsl.net\/sv\/wp-json\/wp\/v2\/types\/page"}],"author":[{"embeddable":true,"href":"https:\/\/www.lfsl.net\/sv\/wp-json\/wp\/v2\/users\/3"}],"replies":[{"embeddable":true,"href":"https:\/\/www.lfsl.net\/sv\/wp-json\/wp\/v2\/comments?post=5435"}],"version-history":[{"count":11,"href":"https:\/\/www.lfsl.net\/sv\/wp-json\/wp\/v2\/pages\/5435\/revisions"}],"predecessor-version":[{"id":12797,"href":"https:\/\/www.lfsl.net\/sv\/wp-json\/wp\/v2\/pages\/5435\/revisions\/12797"}],"wp:attachment":[{"href":"https:\/\/www.lfsl.net\/sv\/wp-json\/wp\/v2\/media?parent=5435"}],"curies":[{"name":"wp","href":"https:\/\/api.w.org\/{rel}","templated":true}]}}