{"id":5437,"date":"2019-11-19T14:34:01","date_gmt":"2019-11-19T14:34:01","guid":{"rendered":"https:\/\/www.lfsl.net\/?page_id=5437"},"modified":"2021-09-02T11:32:47","modified_gmt":"2021-09-02T11:32:47","slug":"betyg-och-meritpoang-hogskolestudier-i-sverige","status":"publish","type":"page","link":"https:\/\/www.lfsl.net\/sv\/betyg-och-meritpoang-hogskolestudier-i-sverige\/","title":{"rendered":"Betyg och meritpo\u00e4ng &#8211; h\u00f6gskolestudier i Sverige"},"content":{"rendered":"\n<p>\n\nN\u00e4r du ska s\u00f6ka till h\u00f6gskola eller universitet efter gymnasiet har de olika programmen olika antagningsgr\u00e4nser. Dessa \u00e4r baserade p\u00e5 det snittbetyg som kr\u00e4vs f\u00f6r att komma in p\u00e5 programmet eller kursen.\n\n<\/p>\n\n\n\n<p>Du anv\u00e4nder ditt snittbetyg, eller meritv\u00e4rde, som medel f\u00f6r att konkurrera om en plats p\u00e5 det programmet du vill l\u00e4sa. Det fungerar som ett slags j\u00e4mf\u00f6relsetal ber\u00e4knat p\u00e5 de betyg du erh\u00e5llit.<\/p>\n\n\n\n<p>Maximum meritv\u00e4rde man kan f\u00e5 utifr\u00e5n sina betyg \u00e4r 20.0.<\/p>\n\n\n\n<p><a href=\"https:\/\/bedomningshandboken.uhr.se\/utlandska-gymnasiala\/alla-lander\/frankrike-fr.o.m.-2021\/\">Bed\u00f6mningshandboken<\/a><\/p>\n\n\n\n<p><strong>Svenska betyg &#8211; Gymnasieexamen<\/strong><br>De franska betygen i bulletins, 2nde-Tale, sl\u00e5s samman till olika medelbetyg och transfereras till prelimin\u00e4rt j\u00e4mf\u00f6relsetal enligt skalan nedan.<\/p>\n\n\n\n<hr class=\"wp-block-separator\"\/>\n\n\n\n<div class=\"wp-block-columns has-2-columns is-layout-flex wp-container-core-columns-is-layout-9d6595d7 wp-block-columns-is-layout-flex\">\n<div class=\"wp-block-column is-layout-flow wp-block-column-is-layout-flow\">\n<h3 class=\"wp-block-heading\">Omvandlingstabell f\u00f6r medelv\u00e4rde i GYmnasieexamen och fransk baccalaur\u00e9at<\/h3>\n\n\n\n<p>SKALA &#8211; FR.O.M. HT2021<\/p>\n\n\n\n<p><strong>Skala: 10-20<\/strong><\/p>\n\n\n\n<figure class=\"wp-block-table\"><table><thead><tr><th>Min<\/th><th>Max<\/th><th>Omvandlat svenskt betyg<\/th><\/tr><\/thead><tbody><tr><td>10,00<\/td><td>10,00<\/td><td>10,94<\/td><\/tr><tr><td>10,01<\/td><td>10,10<\/td><td>11,75<\/td><\/tr><tr><td>10,11<\/td><td>10,20<\/td><td>12,09<\/td><\/tr><tr><td>10,21<\/td><td>10,30<\/td><td>12,32<\/td><\/tr><tr><td>10,31<\/td><td>10,40<\/td><td>12,52<\/td><\/tr><tr><td>10,41<\/td><td>10,50<\/td><td>12,74<\/td><\/tr><tr><td>10,51<\/td><td>10,60<\/td><td>12,94<\/td><\/tr><tr><td>10,61<\/td><td>10,70<\/td><td>13,15<\/td><\/tr><tr><td>10,71<\/td><td>10,80<\/td><td>13,33<\/td><\/tr><tr><td>10,81<\/td><td>10,90<\/td><td>13,49<\/td><\/tr><tr><td>10,91<\/td><td>11,00<\/td><td>13,65<\/td><\/tr><tr><td>11,01<\/td><td>11,10<\/td><td>13,80<\/td><\/tr><tr><td>11,11<\/td><td>11,20<\/td><td>13,93<\/td><\/tr><tr><td>11,21<\/td><td>11,30<\/td><td>14,06<\/td><\/tr><tr><td>11,31<\/td><td>11,40<\/td><td>14,19<\/td><\/tr><tr><td>11,41<\/td><td>11,50<\/td><td>14,32<\/td><\/tr><tr><td>11,51<\/td><td>11,60<\/td><td>14,46<\/td><\/tr><tr><td>11,61<\/td><td>11,70<\/td><td>14,56<\/td><\/tr><tr><td>11,71<\/td><td>11,80<\/td><td>14,64<\/td><\/tr><tr><td>11,81<\/td><td>11,90<\/td><td>14,69<\/td><\/tr><tr><td>11,91<\/td><td>12,00<\/td><td>14,82<\/td><\/tr><tr><td>12,01<\/td><td>12,10<\/td><td>15,00<\/td><\/tr><tr><td>12,11<\/td><td>12,20<\/td><td>15,10<\/td><\/tr><tr><td>12,21<\/td><td>12,30<\/td><td>15,21<\/td><\/tr><tr><td>12,31<\/td><td>12,40<\/td><td>15,31<\/td><\/tr><tr><td>12,41<\/td><td>12,50<\/td><td>15,39<\/td><\/tr><tr><td>12,51<\/td><td>12,60<\/td><td>15,50<\/td><\/tr><tr><td>12,61<\/td><td>12,70<\/td><td>15,60<\/td><\/tr><tr><td>12,71<\/td><td>12,80<\/td><td>15,71<\/td><\/tr><tr><td>12,81<\/td><td>12,90<\/td><td>15,78<\/td><\/tr><tr><td>12,91<\/td><td>13,00<\/td><td>15,86<\/td><\/tr><tr><td>13,01<\/td><td>13,10<\/td><td>15,96<\/td><\/tr><tr><td>13,11<\/td><td>13,20<\/td><td>16,06<\/td><\/tr><tr><td>13,21<\/td><td>13,30<\/td><td>16,17<\/td><\/tr><tr><td>13,31<\/td><td>13,40<\/td><td>16,25<\/td><\/tr><tr><td>13,41<\/td><td>13,50<\/td><td>16,33<\/td><\/tr><tr><td>13,51<\/td><td>13,60<\/td><td>16,41<\/td><\/tr><tr><td>13,61<\/td><td>13,90<\/td><td>16,48<\/td><\/tr><tr><td>13,91<\/td><td>14,00<\/td><td>16,66<\/td><\/tr><tr><td>14,01<\/td><td>14,10<\/td><td>16,85<\/td><\/tr><tr><td>14,11<\/td><td>14,20<\/td><td>16,93<\/td><\/tr><tr><td>14,21<\/td><td>14,30<\/td><td>17,01<\/td><\/tr><tr><td>14,31<\/td><td>14,40<\/td><td>17,08<\/td><\/tr><tr><td>14,41<\/td><td>14,50<\/td><td>17,17<\/td><\/tr><tr><td>14,51<\/td><td>14,60<\/td><td>17,27<\/td><\/tr><tr><td>14,61<\/td><td>14,70<\/td><td>17,34<\/td><\/tr><tr><td>14,71<\/td><td>14,80<\/td><td>17,42<\/td><\/tr><tr><td>14,81<\/td><td>14,90<\/td><td>17,50<\/td><\/tr><tr><td>14,91<\/td><td>15,00<\/td><td>17,58<\/td><\/tr><tr><td>15,01<\/td><td>15,10<\/td><td>17,66<\/td><\/tr><tr><td>15,11<\/td><td>15,20<\/td><td>17,73<\/td><\/tr><tr><td>15,21<\/td><td>15,30<\/td><td>17,81<\/td><\/tr><tr><td>15,31<\/td><td>15,40<\/td><td>17,86<\/td><\/tr><tr><td>15,41<\/td><td>15,50<\/td><td>17,94<\/td><\/tr><tr><td>15,51<\/td><td>15,60<\/td><td>18,02<\/td><\/tr><tr><td>15,61<\/td><td>15,90<\/td><td>18,07<\/td><\/tr><tr><td>15,91<\/td><td>16,00<\/td><td>18,23<\/td><\/tr><tr><td>16,01<\/td><td>16,10<\/td><td>18,39<\/td><\/tr><tr><td>16,11<\/td><td>16,20<\/td><td>18,46<\/td><\/tr><tr><td>16,21<\/td><td>16,30<\/td><td>18,54<\/td><\/tr><tr><td>16,31<\/td><td>16,40<\/td><td>18,59<\/td><\/tr><tr><td>16,41<\/td><td>16,50<\/td><td>18,67<\/td><\/tr><tr><td>16,51<\/td><td>16,60<\/td><td>18,75<\/td><\/tr><tr><td>16,61<\/td><td>16,70<\/td><td>18,80<\/td><\/tr><tr><td>16,71<\/td><td>16,80<\/td><td>18,85<\/td><\/tr><tr><td>16,81<\/td><td>16,90<\/td><td>18,91<\/td><\/tr><tr><td>16,91<\/td><td>17,00<\/td><td>18,98<\/td><\/tr><tr><td>17,01<\/td><td>17,10<\/td><td>19,06<\/td><\/tr><tr><td>17,11<\/td><td>17,20<\/td><td>19,11<\/td><\/tr><tr><td>17,21<\/td><td>17,30<\/td><td>19,17<\/td><\/tr><tr><td>17,31<\/td><td>17,40<\/td><td>19,22<\/td><\/tr><tr><td>17,41<\/td><td>17,50<\/td><td>19,27<\/td><\/tr><tr><td>17,51<\/td><td>17,60<\/td><td>19,32<\/td><\/tr><tr><td>17,61<\/td><td>17,70<\/td><td>19,38<\/td><\/tr><tr><td>17,71<\/td><td>17,80<\/td><td>19,43<\/td><\/tr><tr><td>17,81<\/td><td>17,90<\/td><td>19,48<\/td><\/tr><tr><td>17,91<\/td><td>18,10<\/td><td>19,53<\/td><\/tr><tr><td>18,11<\/td><td>18,40<\/td><td>19,60<\/td><\/tr><tr><td>18,41<\/td><td>18,70<\/td><td>19,70<\/td><\/tr><tr><td>18,71<\/td><td>19,20<\/td><td>19,80<\/td><\/tr><tr><td>19,21<\/td><td>19,90<\/td><td>19,90<\/td><\/tr><tr><td>19,91<\/td><td>20,00<\/td><td>20,00<\/td><\/tr><\/tbody><\/table><\/figure>\n\n\n<\/div>\n\n\n\n<div class=\"wp-block-column is-layout-flow wp-block-column-is-layout-flow\">\n<h3 class=\"wp-block-heading\">Omr\u00e4kning av betyg i Gymnasieexamen<\/h3>\n\n\n\n<p>Efter att de franska betygen har justerats enligt tabellen bredvid, \u00f6vers\u00e4tts de till svenska bokstavsbetyg enligt f\u00f6ljande skala:<\/p>\n\n\n\n<p>F=0 \u2013 8 , E=9 \u2013 10, D=11 \u2013 12, C=13 \u2013 15, B=16 \u2013 17, A=18 \u2013 20<\/p>\n\n\n\n<p>Exempel: En elev har 13,21 i engelska. Detta transfereras till 15,86, vilket inneb\u00e4r betyget B.<\/p>\n\n\n\n<p><strong>R\u00e4kna ut ett meritv\u00e4rde<\/strong><br>F\u00f6r att ber\u00e4kna ditt snittbetyg eller s\u00e5 kallat meritv\u00e4rde i Gymnasieexamen g\u00f6r du p\u00e5 f\u00f6ljande s\u00e4tt:<\/p>\n\n\n\n<p>Anv\u00e4nd f\u00f6ljande v\u00e4rden: F = 0, E = 10, D = 12,5, C = 15, B = 17,5 och A = 20.<\/p>\n\n\n\n<p>F\u00f6r att ber\u00e4kna ditt snitt m\u00e5ste du multiplicera varje betyg med antalet po\u00e4ng kursen du f\u00e5tt betyget i har. Till exempel; om du har f\u00e5tt A i en kurs som \u00e4r 100 po\u00e4ng multiplicerar du 20 med 100.<\/p>\n\n\n\n<p>P\u00e5 samma s\u00e4tt g\u00f6r du f\u00f6r varje kurs du l\u00e4st, f\u00f6r att f\u00e5 ut betygsv\u00e4rdet f\u00f6r varje enskild kurs. Till sist f\u00e5r du en stor summa som du sedan ska dividera p\u00e5 antalet po\u00e4ng du l\u00e4st under dina gymnasie\u00e5r. F\u00f6r ett fullt program med h\u00f6gskolebeh\u00f6righet ska du ha l\u00e4st minst 2500 po\u00e4ng. N\u00e4r du dividerat med detta f\u00e5r du ut ditt meritv\u00e4rde.<\/p>\n\n\n\n<p><strong>Exempel:<\/strong> om en elev ber\u00e4knar sina betygsv\u00e4rden med antalet gymnasiepo\u00e4ng han eller hon l\u00e4st och f\u00e5r ut 37 500, s\u00e5 ska denne dividera detta med antalet l\u00e4sta gymnasiepo\u00e4ng. 37 500\/2 500 = 15. Denna students meritv\u00e4rde och snittbetyg blir allts\u00e5 15,0. <\/p>\n\n\n\n<hr class=\"wp-block-separator\"\/>\n\n\n\n<h3 class=\"wp-block-heading\"> Meritpo\u00e4ng &#8211; Baccalaur\u00e9at och OIb<\/h3>\n\n\n\n<p>F\u00f6r att kompensera f\u00f6r att de som s\u00f6ker med svenska gymnasiebetyg f\u00e5r meritpo\u00e4ng l\u00e4gger du till po\u00e4ng till dina franska betyg enligt nedanst\u00e5ende tabell.<\/p>\n\n\n\n<p>\u200bDet prelimin\u00e4ra meritv\u00e4rdet \u00e4r ditt omr\u00e4knade betygsv\u00e4rde <\/p>\n\n\n\n<p class=\"has-text-align-left\"><strong>Prelimin\u00e4rt meritv\u00e4rde&nbsp; &nbsp;Meritpo\u00e4ngskompensation<\/strong><br>10,00-11,99&nbsp; &nbsp; &nbsp; &nbsp; &nbsp; &nbsp; &nbsp; &nbsp; &nbsp; &nbsp; &nbsp; &nbsp; &nbsp; &nbsp;&nbsp;0,50&nbsp;<br>12,00-12,99&nbsp; &nbsp; &nbsp; &nbsp; &nbsp; &nbsp; &nbsp; &nbsp; &nbsp; &nbsp; &nbsp; &nbsp; &nbsp; &nbsp;&nbsp;0,75&nbsp;<br>13,00-13,99&nbsp; &nbsp; &nbsp; &nbsp; &nbsp; &nbsp; &nbsp; &nbsp; &nbsp; &nbsp; &nbsp; &nbsp; &nbsp; &nbsp;&nbsp;1,00&nbsp;<br>14,00-14,99&nbsp; &nbsp; &nbsp; &nbsp; &nbsp; &nbsp; &nbsp; &nbsp; &nbsp; &nbsp; &nbsp; &nbsp; &nbsp; &nbsp;&nbsp;1,25&nbsp;<br>15,00-15,99&nbsp; &nbsp; &nbsp; &nbsp; &nbsp; &nbsp; &nbsp; &nbsp; &nbsp; &nbsp; &nbsp; &nbsp; &nbsp; &nbsp; 1,50<br>16,00-16,99&nbsp; &nbsp; &nbsp; &nbsp; &nbsp; &nbsp; &nbsp; &nbsp; &nbsp; &nbsp; &nbsp; &nbsp; &nbsp; &nbsp; 1,75<br>17,00-17,99&nbsp; &nbsp; &nbsp; &nbsp; &nbsp; &nbsp; &nbsp; &nbsp; &nbsp; &nbsp; &nbsp; &nbsp; &nbsp; &nbsp; 2,00<br>18,00-18,99&nbsp; &nbsp; &nbsp; &nbsp; &nbsp; &nbsp; &nbsp; &nbsp; &nbsp; &nbsp; &nbsp; &nbsp; &nbsp; &nbsp;&nbsp;2,25<br>19,00-20,00&nbsp; &nbsp; &nbsp; &nbsp; &nbsp; &nbsp; &nbsp; &nbsp; &nbsp; &nbsp; &nbsp; &nbsp; &nbsp; &nbsp;&nbsp;2,50<\/p>\n\n\n\n<p>\u200bMeritpo\u00e4ngskomensationen l\u00e4ggs alltid till sist, n\u00e4r eventuella kompletteringar har lagts till. <\/p>\n\n\n\n<h3 class=\"wp-block-heading\">meritpo\u00e4ng &#8211; Gymnasieexamen<\/h3>\n\n\n\n<p> Oavsett vilken utbildning du s\u00f6ker kan du som g\u00e5r p\u00e5 LFSL f\u00e5 meritpo\u00e4ng f\u00f6r vissa kurser i moderna spr\u00e5k (franska, tyska och spanska) och matematik.<\/p>\n\n\n\n<p>F\u00f6r att f\u00e5 meritpo\u00e4ng kr\u00e4vs att du har godk\u00e4nt betyg (E) eller h\u00f6gre i kursen. Kurser som kr\u00e4vs f\u00f6r beh\u00f6righet ger inte meritpo\u00e4ng.<\/p>\n\n\n\n<p>Du kan maximalt f\u00e5 2,5 meritpo\u00e4ng.<\/p>\n\n\n\n<p>Ut\u00f6kade kurser kan ocks\u00e5 ge meritpo\u00e4ng och betyget r\u00e4knas d\u00e5 med i j\u00e4mf\u00f6relsetalet. Om du kompletterar med meritkurser i efterhand g\u00e4ller samma regler. Om du har betyg i flera kurser som kan ge meritpo\u00e4ng r\u00e4knas de kurser som ger b\u00e4sta meritv\u00e4rde.<\/p>\n\n\n\n<p><strong>Meritpo\u00e4ng f\u00f6r moderna spr\u00e5k \u2013 max 1,5 meritpo\u00e4ng<\/strong><br>Moderna spr\u00e5k 3 ger 0,5 meritpo\u00e4ng.<br>Moderna spr\u00e5k 4 ger 1 meritpo\u00e4ng.<br>Moderna spr\u00e5k 5 ger 0,5 meritpo\u00e4ng.<\/p>\n\n\n\n<p><strong>Meritpo\u00e4ng f\u00f6r matematik \u2013 max 1,5 meritpo\u00e4ng<\/strong><br>Om beh\u00f6righetskravet \u00e4r grundl\u00e4ggande beh\u00f6righet s\u00e5 ger matematik 2, 3 och 4 vardera en halv meritpo\u00e4ng.<\/p>\n\n\n\n<p>Om beh\u00f6righetskravet \u00e4r matematik 2 s\u00e5 ger matematik 3 och 4 vardera en halv meritpo\u00e4ng.<\/p>\n\n\n\n<p>\u200bOm beh\u00f6righetskravet \u00e4r matematik 3 s\u00e5 ger matematik 4 en halv meritpo\u00e4ng.<br><br>OBS! Om beh\u00f6righetskravet \u00e4r matematik 4 s\u00e5 ger det 0 meritpo\u00e4ng i matematik.  <\/p>\n\n\n\n<p><strong>Komvux<\/strong><\/p>\n\n\n\n<p>P\u00e5 Komvux kan du g\u00f6ra en pr\u00f6vning i en kurs som du inte har betyg i f\u00f6r att f\u00e5 meritpo\u00e4ng. <a href=\"https:\/\/vuxenutbildning.stockholm\/komvux\/\">https:\/\/vuxenutbildning.stockholm\/komvux\/<\/a><\/p>\n<\/div>\n<\/div>\n\n\n\n<div class=\"wp-block-columns has-2-columns is-layout-flex wp-container-core-columns-is-layout-9d6595d7 wp-block-columns-is-layout-flex\">\n<div class=\"wp-block-column is-layout-flow wp-block-column-is-layout-flow\">\n<p><\/p>\n<\/div>\n\n\n\n<div class=\"wp-block-column is-layout-flow wp-block-column-is-layout-flow\"><\/div>\n<\/div>\n\n\n\n<p><\/p>\n","protected":false},"excerpt":{"rendered":"<p>N\u00e4r du ska s\u00f6ka till h\u00f6gskola eller universitet efter gymnasiet har de olika programmen olika antagningsgr\u00e4nser. Dessa \u00e4r baserade p\u00e5 det snittbetyg som kr\u00e4vs f\u00f6r att komma in p\u00e5 programmet eller kursen. Du anv\u00e4nder ditt snittbetyg, eller meritv\u00e4rde, som medel f\u00f6r att konkurrera om en plats p\u00e5 det programmet du vill l\u00e4sa. Det fungerar som &#8230; <\/p>\n<p class=\"read-more-container\"><a title=\"Betyg och meritpo\u00e4ng &#8211; h\u00f6gskolestudier i Sverige\" class=\"read-more button\" href=\"https:\/\/www.lfsl.net\/sv\/betyg-och-meritpoang-hogskolestudier-i-sverige\/#more-5437\" aria-label=\"L\u00e4s mer om Betyg och meritpo\u00e4ng &#8211; h\u00f6gskolestudier i Sverige\">L\u00e4s mer<\/a><\/p>\n","protected":false},"author":3,"featured_media":0,"parent":0,"menu_order":0,"comment_status":"closed","ping_status":"closed","template":"","meta":{"footnotes":""},"class_list":["post-5437","page","type-page","status-publish"],"yoast_head":"<!-- This site is optimized with the Yoast SEO plugin v26.5 - https:\/\/yoast.com\/wordpress\/plugins\/seo\/ -->\n<title>Betyg och meritpo\u00e4ng - h\u00f6gskolestudier i Sverige &#8211; Lyc\u00e9e Fran\u00e7ais Saint Louis de Stockholm<\/title>\n<meta name=\"robots\" content=\"index, follow, max-snippet:-1, max-image-preview:large, max-video-preview:-1\" \/>\n<link rel=\"canonical\" href=\"https:\/\/www.lfsl.net\/sv\/betyg-och-meritpoang-hogskolestudier-i-sverige\/\" \/>\n<meta property=\"og:locale\" content=\"sv_SE\" \/>\n<meta property=\"og:type\" content=\"article\" \/>\n<meta property=\"og:title\" content=\"Betyg och meritpo\u00e4ng - h\u00f6gskolestudier i Sverige &#8211; Lyc\u00e9e Fran\u00e7ais Saint Louis de Stockholm\" \/>\n<meta property=\"og:description\" content=\"N\u00e4r du ska s\u00f6ka till h\u00f6gskola eller universitet efter gymnasiet har de olika programmen olika antagningsgr\u00e4nser. Dessa \u00e4r baserade p\u00e5 det snittbetyg som kr\u00e4vs f\u00f6r att komma in p\u00e5 programmet eller kursen. Du anv\u00e4nder ditt snittbetyg, eller meritv\u00e4rde, som medel f\u00f6r att konkurrera om en plats p\u00e5 det programmet du vill l\u00e4sa. Det fungerar som ... L\u00e4s mer\" \/>\n<meta property=\"og:url\" content=\"https:\/\/www.lfsl.net\/sv\/betyg-och-meritpoang-hogskolestudier-i-sverige\/\" \/>\n<meta property=\"og:site_name\" content=\"Lyc\u00e9e Fran\u00e7ais Saint Louis de Stockholm\" \/>\n<meta property=\"article:publisher\" content=\"https:\/\/www.facebook.com\/Lyc%c3%a9e-Francais-Saint-Louis-182116921840529\/\" \/>\n<meta property=\"article:modified_time\" content=\"2021-09-02T11:32:47+00:00\" \/>\n<meta property=\"og:image\" content=\"https:\/\/www.lfsl.net\/wp-content\/uploads\/2020\/03\/lsfl_logo-minimal_crop.jpg\" \/>\n\t<meta property=\"og:image:width\" content=\"1440\" \/>\n\t<meta property=\"og:image:height\" content=\"810\" \/>\n\t<meta property=\"og:image:type\" content=\"image\/jpeg\" \/>\n<meta name=\"twitter:card\" content=\"summary_large_image\" \/>\n<script type=\"application\/ld+json\" class=\"yoast-schema-graph\">{\"@context\":\"https:\/\/schema.org\",\"@graph\":[{\"@type\":\"WebPage\",\"@id\":\"https:\/\/www.lfsl.net\/sv\/betyg-och-meritpoang-hogskolestudier-i-sverige\/\",\"url\":\"https:\/\/www.lfsl.net\/sv\/betyg-och-meritpoang-hogskolestudier-i-sverige\/\",\"name\":\"Betyg och meritpo\u00e4ng - h\u00f6gskolestudier i Sverige &#8211; Lyc\u00e9e Fran\u00e7ais Saint Louis de Stockholm\",\"isPartOf\":{\"@id\":\"https:\/\/www.lfsl.net\/sv\/#website\"},\"datePublished\":\"2019-11-19T14:34:01+00:00\",\"dateModified\":\"2021-09-02T11:32:47+00:00\",\"breadcrumb\":{\"@id\":\"https:\/\/www.lfsl.net\/sv\/betyg-och-meritpoang-hogskolestudier-i-sverige\/#breadcrumb\"},\"inLanguage\":\"sv-SE\",\"potentialAction\":[{\"@type\":\"ReadAction\",\"target\":[\"https:\/\/www.lfsl.net\/sv\/betyg-och-meritpoang-hogskolestudier-i-sverige\/\"]}]},{\"@type\":\"BreadcrumbList\",\"@id\":\"https:\/\/www.lfsl.net\/sv\/betyg-och-meritpoang-hogskolestudier-i-sverige\/#breadcrumb\",\"itemListElement\":[{\"@type\":\"ListItem\",\"position\":1,\"name\":\"Home\",\"item\":\"https:\/\/www.lfsl.net\/sv\/\"},{\"@type\":\"ListItem\",\"position\":2,\"name\":\"Betyg och meritpo\u00e4ng &#8211; h\u00f6gskolestudier i Sverige\"}]},{\"@type\":\"WebSite\",\"@id\":\"https:\/\/www.lfsl.net\/sv\/#website\",\"url\":\"https:\/\/www.lfsl.net\/sv\/\",\"name\":\"Lyc\u00e9e Fran\u00e7ais Saint Louis de Stockholm\",\"description\":\"\u00c9tablissement membre du r\u00e9seau AEFE\",\"publisher\":{\"@id\":\"https:\/\/www.lfsl.net\/sv\/#organization\"},\"potentialAction\":[{\"@type\":\"SearchAction\",\"target\":{\"@type\":\"EntryPoint\",\"urlTemplate\":\"https:\/\/www.lfsl.net\/sv\/?s={search_term_string}\"},\"query-input\":{\"@type\":\"PropertyValueSpecification\",\"valueRequired\":true,\"valueName\":\"search_term_string\"}}],\"inLanguage\":\"sv-SE\"},{\"@type\":\"Organization\",\"@id\":\"https:\/\/www.lfsl.net\/sv\/#organization\",\"name\":\"Lyc\u00e9e Fran\u00e7ais Saint Louis\",\"url\":\"https:\/\/www.lfsl.net\/sv\/\",\"logo\":{\"@type\":\"ImageObject\",\"inLanguage\":\"sv-SE\",\"@id\":\"https:\/\/www.lfsl.net\/sv\/#\/schema\/logo\/image\/\",\"url\":\"https:\/\/www.lfsl.net\/wp-content\/uploads\/2021\/03\/LFSL-logo.jpg\",\"contentUrl\":\"https:\/\/www.lfsl.net\/wp-content\/uploads\/2021\/03\/LFSL-logo.jpg\",\"width\":330,\"height\":473,\"caption\":\"Lyc\u00e9e Fran\u00e7ais Saint Louis\"},\"image\":{\"@id\":\"https:\/\/www.lfsl.net\/sv\/#\/schema\/logo\/image\/\"},\"sameAs\":[\"https:\/\/www.facebook.com\/Lyc\u00e9e-Francais-Saint-Louis-182116921840529\/\",\"https:\/\/www.instagram.com\/lyceefrancaisstockholm\/\",\"https:\/\/www.linkedin.com\/school\/lfsl\/\",\"https:\/\/www.youtube.com\/channel\/UCchS4IO4jE_YY0ILwn5NgGQ\"]}]}<\/script>\n<!-- \/ Yoast SEO plugin. -->","yoast_head_json":{"title":"Betyg och meritpo\u00e4ng - h\u00f6gskolestudier i Sverige &#8211; Lyc\u00e9e Fran\u00e7ais Saint Louis de Stockholm","robots":{"index":"index","follow":"follow","max-snippet":"max-snippet:-1","max-image-preview":"max-image-preview:large","max-video-preview":"max-video-preview:-1"},"canonical":"https:\/\/www.lfsl.net\/sv\/betyg-och-meritpoang-hogskolestudier-i-sverige\/","og_locale":"sv_SE","og_type":"article","og_title":"Betyg och meritpo\u00e4ng - h\u00f6gskolestudier i Sverige &#8211; Lyc\u00e9e Fran\u00e7ais Saint Louis de Stockholm","og_description":"N\u00e4r du ska s\u00f6ka till h\u00f6gskola eller universitet efter gymnasiet har de olika programmen olika antagningsgr\u00e4nser. Dessa \u00e4r baserade p\u00e5 det snittbetyg som kr\u00e4vs f\u00f6r att komma in p\u00e5 programmet eller kursen. Du anv\u00e4nder ditt snittbetyg, eller meritv\u00e4rde, som medel f\u00f6r att konkurrera om en plats p\u00e5 det programmet du vill l\u00e4sa. Det fungerar som ... L\u00e4s mer","og_url":"https:\/\/www.lfsl.net\/sv\/betyg-och-meritpoang-hogskolestudier-i-sverige\/","og_site_name":"Lyc\u00e9e Fran\u00e7ais Saint Louis de Stockholm","article_publisher":"https:\/\/www.facebook.com\/Lyc%c3%a9e-Francais-Saint-Louis-182116921840529\/","article_modified_time":"2021-09-02T11:32:47+00:00","og_image":[{"width":1440,"height":810,"url":"https:\/\/www.lfsl.net\/wp-content\/uploads\/2020\/03\/lsfl_logo-minimal_crop.jpg","type":"image\/jpeg"}],"twitter_card":"summary_large_image","schema":{"@context":"https:\/\/schema.org","@graph":[{"@type":"WebPage","@id":"https:\/\/www.lfsl.net\/sv\/betyg-och-meritpoang-hogskolestudier-i-sverige\/","url":"https:\/\/www.lfsl.net\/sv\/betyg-och-meritpoang-hogskolestudier-i-sverige\/","name":"Betyg och meritpo\u00e4ng - h\u00f6gskolestudier i Sverige &#8211; Lyc\u00e9e Fran\u00e7ais Saint Louis de Stockholm","isPartOf":{"@id":"https:\/\/www.lfsl.net\/sv\/#website"},"datePublished":"2019-11-19T14:34:01+00:00","dateModified":"2021-09-02T11:32:47+00:00","breadcrumb":{"@id":"https:\/\/www.lfsl.net\/sv\/betyg-och-meritpoang-hogskolestudier-i-sverige\/#breadcrumb"},"inLanguage":"sv-SE","potentialAction":[{"@type":"ReadAction","target":["https:\/\/www.lfsl.net\/sv\/betyg-och-meritpoang-hogskolestudier-i-sverige\/"]}]},{"@type":"BreadcrumbList","@id":"https:\/\/www.lfsl.net\/sv\/betyg-och-meritpoang-hogskolestudier-i-sverige\/#breadcrumb","itemListElement":[{"@type":"ListItem","position":1,"name":"Home","item":"https:\/\/www.lfsl.net\/sv\/"},{"@type":"ListItem","position":2,"name":"Betyg och meritpo\u00e4ng &#8211; h\u00f6gskolestudier i Sverige"}]},{"@type":"WebSite","@id":"https:\/\/www.lfsl.net\/sv\/#website","url":"https:\/\/www.lfsl.net\/sv\/","name":"Lyc\u00e9e Fran\u00e7ais Saint Louis de Stockholm","description":"\u00c9tablissement membre du r\u00e9seau AEFE","publisher":{"@id":"https:\/\/www.lfsl.net\/sv\/#organization"},"potentialAction":[{"@type":"SearchAction","target":{"@type":"EntryPoint","urlTemplate":"https:\/\/www.lfsl.net\/sv\/?s={search_term_string}"},"query-input":{"@type":"PropertyValueSpecification","valueRequired":true,"valueName":"search_term_string"}}],"inLanguage":"sv-SE"},{"@type":"Organization","@id":"https:\/\/www.lfsl.net\/sv\/#organization","name":"Lyc\u00e9e Fran\u00e7ais Saint Louis","url":"https:\/\/www.lfsl.net\/sv\/","logo":{"@type":"ImageObject","inLanguage":"sv-SE","@id":"https:\/\/www.lfsl.net\/sv\/#\/schema\/logo\/image\/","url":"https:\/\/www.lfsl.net\/wp-content\/uploads\/2021\/03\/LFSL-logo.jpg","contentUrl":"https:\/\/www.lfsl.net\/wp-content\/uploads\/2021\/03\/LFSL-logo.jpg","width":330,"height":473,"caption":"Lyc\u00e9e Fran\u00e7ais Saint Louis"},"image":{"@id":"https:\/\/www.lfsl.net\/sv\/#\/schema\/logo\/image\/"},"sameAs":["https:\/\/www.facebook.com\/Lyc\u00e9e-Francais-Saint-Louis-182116921840529\/","https:\/\/www.instagram.com\/lyceefrancaisstockholm\/","https:\/\/www.linkedin.com\/school\/lfsl\/","https:\/\/www.youtube.com\/channel\/UCchS4IO4jE_YY0ILwn5NgGQ"]}]}},"_links":{"self":[{"href":"https:\/\/www.lfsl.net\/sv\/wp-json\/wp\/v2\/pages\/5437","targetHints":{"allow":["GET"]}}],"collection":[{"href":"https:\/\/www.lfsl.net\/sv\/wp-json\/wp\/v2\/pages"}],"about":[{"href":"https:\/\/www.lfsl.net\/sv\/wp-json\/wp\/v2\/types\/page"}],"author":[{"embeddable":true,"href":"https:\/\/www.lfsl.net\/sv\/wp-json\/wp\/v2\/users\/3"}],"replies":[{"embeddable":true,"href":"https:\/\/www.lfsl.net\/sv\/wp-json\/wp\/v2\/comments?post=5437"}],"version-history":[{"count":21,"href":"https:\/\/www.lfsl.net\/sv\/wp-json\/wp\/v2\/pages\/5437\/revisions"}],"predecessor-version":[{"id":11718,"href":"https:\/\/www.lfsl.net\/sv\/wp-json\/wp\/v2\/pages\/5437\/revisions\/11718"}],"wp:attachment":[{"href":"https:\/\/www.lfsl.net\/sv\/wp-json\/wp\/v2\/media?parent=5437"}],"curies":[{"name":"wp","href":"https:\/\/api.w.org\/{rel}","templated":true}]}}