{"id":5453,"date":"2019-11-19T14:32:31","date_gmt":"2019-11-19T14:32:31","guid":{"rendered":"https:\/\/www.lfsl.net\/?page_id=5453"},"modified":"2021-09-24T09:13:59","modified_gmt":"2021-09-24T09:13:59","slug":"ansokan-hogskolestudier-i-sverige-gymnasieexamen","status":"publish","type":"page","link":"https:\/\/www.lfsl.net\/sv\/ansokan-hogskolestudier-i-sverige-gymnasieexamen\/","title":{"rendered":"Ans\u00f6kan &#8211; h\u00f6gskolestudier i Sverige &#8211; Gymnasieexamen"},"content":{"rendered":"\n<figure class=\"wp-block-table\"><table><tbody><tr><td>F\u00f6r att kunna g\u00f6ra en ans\u00f6kan beh\u00f6ver du skapa ett konto p\u00e5\u00a0<a href=\"https:\/\/www.antagning.se\/se\/start\" target=\"_blank\" rel=\"noreferrer noopener\">Antagningsenheten<\/a>.<br><br>Ladda upp \/ skicka de betyg som delas ut under C\u00e9r\u00e9monie des casquettes inom utsatt tid (runt 20 juni).<br><br>De elever som f\u00e5r en Gymnasieexamen kan sj\u00e4lva besluta om vilken examen som ska anv\u00e4ndas i ans\u00f6kan.\u00a0<br><br>\u00c4ven om du beslutar dig f\u00f6r att s\u00f6ka till universitet\/h\u00f6gskola med din franska BAC (innan 5 juli) \u00e4r det bra att skicka in din Gymnasieexamen,\u00a0 <br>eftersom du d\u00e5 inte har hunnit f\u00e5 resultaten fr\u00e5n din BAC, ger det dig tv\u00e5 m\u00f6jligheter.<br><br>Om du vill s\u00f6ka med dina BAC-resultat m\u00e5ste du skriva ett brev till Antagningsservice och ber\u00e4tta det*. Du laddar upp brevet p\u00e5 samma s\u00e4tt som <br>du laddar upp dina betyg. Maila dem g\u00e4rna samma brev. Skicka inte in brevet f\u00f6rr\u00e4n du har laddat upp samtliga dokument som ska laddas upp, <br>d.v.s. b\u00e5de Gymnasieexamen, Baccalaur\u00e9at, samt eventuella \u00f6vriga betyg.<br><br>Om du skulle f\u00e5 problem med Antagningsenheten i den h\u00e4r fr\u00e5gan s\u00e5 insistera och h\u00e4nvisa till deras hemsida:\u00a0<a href=\"https:\/\/www.antagning.se\/sv\/Det-har-galler-for-dig-som-gatt\/Gymnasieskolan\/tyska-och-franska-skolan\/\" target=\"_blank\" rel=\"noreferrer noopener\">https:\/\/www.antagning.se\/sv\/dina-betyg\/gymnasieskolan\/tyska-och-franska-skolan\/<\/a><br><br>Om du efterhand uppt\u00e4cker att de har anv\u00e4nt din Gymnasieexamen, trots att du har bett om att de ska anv\u00e4nda din Baccalaur\u00e9at, och du\u00a0<strong>p.g.a. <\/strong><br><strong>detta<\/strong>\u00a0inte har kommit in s\u00e5 har du r\u00e4tt att \u00f6verklaga. Detta g\u00f6r du direkt hos Antagningsenheten.<br><br>* Endast n\u00f6dv\u00e4ndigt om du har laddat upp \/ skickat in din Gymnasieexamen<br><\/td><\/tr><\/tbody><\/table><\/figure>\n\n\n\n<h4 class=\"wp-block-heading\"> <strong>URVAL<\/strong><\/h4>\n\n\n\n<p>F\u00f6lj denna <a href=\"https:\/\/antagning.se\/sv\/anmal-dig-och-hall-koll\/platsfordelning-och-urval\/\" target=\"_blank\" rel=\"noreferrer noopener\">l\u00e4nk\u00a0<\/a>f\u00f6r information om betygsurvalet p\u00e5 antagningens hemsida.\u200b <\/p>\n\n\n\n<h4 class=\"wp-block-heading\">UT\u00d6KAT PROGRAM<br><\/h4>\n\n\n\n<p>Man m\u00e5ste ha l\u00e4st minst 2500 (och f\u00e5tt E i minst 2 250 po\u00e4ng) f\u00f6r att f\u00e5 gymnasieexamen.<\/p>\n\n\n\n<p>Eleverna p\u00e5 LFSL l\u00e4ser vanligtvis mer, beroende p\u00e5 program och sp\u00e9cialit\u00e9s, vilket kallas f\u00f6r ett ut\u00f6kat program.<\/p>\n\n\n\n<p>De po\u00e4ng som \u00e4r \u00f6ver 2500 kallas ut\u00f6kade kurser. I examensbeviset \u00e4r det utm\u00e4rkt med ett U vilka kurser som \u00e4r ut\u00f6kade kurser. Dessa kurser r\u00e4knas bara med i snittbetyget om de beh\u00f6vs f\u00f6r beh\u00f6righeten till ett specifikt program, eller om de ger dig meritpo\u00e4ng. <\/p>\n","protected":false},"excerpt":{"rendered":"<p>F\u00f6r att kunna g\u00f6ra en ans\u00f6kan beh\u00f6ver du skapa ett konto p\u00e5\u00a0Antagningsenheten. Ladda upp \/ skicka de betyg som delas ut under C\u00e9r\u00e9monie des casquettes inom utsatt tid (runt 20 juni). De elever som f\u00e5r en Gymnasieexamen kan sj\u00e4lva besluta om vilken examen som ska anv\u00e4ndas i ans\u00f6kan.\u00a0 \u00c4ven om du beslutar dig f\u00f6r att &#8230; <\/p>\n<p class=\"read-more-container\"><a title=\"Ans\u00f6kan &#8211; h\u00f6gskolestudier i Sverige &#8211; Gymnasieexamen\" class=\"read-more button\" href=\"https:\/\/www.lfsl.net\/sv\/ansokan-hogskolestudier-i-sverige-gymnasieexamen\/#more-5453\" aria-label=\"L\u00e4s mer om Ans\u00f6kan &#8211; h\u00f6gskolestudier i Sverige &#8211; Gymnasieexamen\">L\u00e4s mer<\/a><\/p>\n","protected":false},"author":3,"featured_media":0,"parent":0,"menu_order":0,"comment_status":"closed","ping_status":"closed","template":"","meta":{"footnotes":""},"class_list":["post-5453","page","type-page","status-publish"],"yoast_head":"<!-- This site is optimized with the Yoast SEO plugin v27.4 - https:\/\/yoast.com\/product\/yoast-seo-wordpress\/ -->\n<title>Ans\u00f6kan - h\u00f6gskolestudier i Sverige - Gymnasieexamen &#8211; Lyc\u00e9e Fran\u00e7ais Saint Louis de Stockholm<\/title>\n<meta name=\"robots\" content=\"index, follow, max-snippet:-1, max-image-preview:large, max-video-preview:-1\" \/>\n<link rel=\"canonical\" href=\"https:\/\/www.lfsl.net\/sv\/ansokan-hogskolestudier-i-sverige-gymnasieexamen\/\" \/>\n<meta property=\"og:locale\" content=\"sv_SE\" \/>\n<meta property=\"og:type\" content=\"article\" \/>\n<meta property=\"og:title\" content=\"Ans\u00f6kan - h\u00f6gskolestudier i Sverige - Gymnasieexamen &#8211; Lyc\u00e9e Fran\u00e7ais Saint Louis de Stockholm\" \/>\n<meta property=\"og:description\" content=\"F\u00f6r att kunna g\u00f6ra en ans\u00f6kan beh\u00f6ver du skapa ett konto p\u00e5\u00a0Antagningsenheten. Ladda upp \/ skicka de betyg som delas ut under C\u00e9r\u00e9monie des casquettes inom utsatt tid (runt 20 juni). De elever som f\u00e5r en Gymnasieexamen kan sj\u00e4lva besluta om vilken examen som ska anv\u00e4ndas i ans\u00f6kan.\u00a0 \u00c4ven om du beslutar dig f\u00f6r att ... L\u00e4s mer\" \/>\n<meta property=\"og:url\" content=\"https:\/\/www.lfsl.net\/sv\/ansokan-hogskolestudier-i-sverige-gymnasieexamen\/\" \/>\n<meta property=\"og:site_name\" content=\"Lyc\u00e9e Fran\u00e7ais Saint Louis de Stockholm\" \/>\n<meta property=\"article:publisher\" content=\"https:\/\/www.facebook.com\/Lyc%c3%a9e-Francais-Saint-Louis-182116921840529\/\" \/>\n<meta property=\"article:modified_time\" content=\"2021-09-24T09:13:59+00:00\" \/>\n<meta property=\"og:image\" content=\"https:\/\/www.lfsl.net\/wp-content\/uploads\/2020\/03\/lsfl_logo-minimal_crop.jpg\" \/>\n\t<meta property=\"og:image:width\" content=\"1440\" \/>\n\t<meta property=\"og:image:height\" content=\"810\" \/>\n\t<meta property=\"og:image:type\" content=\"image\/jpeg\" \/>\n<meta name=\"twitter:card\" content=\"summary_large_image\" \/>\n<script type=\"application\/ld+json\" class=\"yoast-schema-graph\">{\"@context\":\"https:\\\/\\\/schema.org\",\"@graph\":[{\"@type\":\"WebPage\",\"@id\":\"https:\\\/\\\/www.lfsl.net\\\/sv\\\/ansokan-hogskolestudier-i-sverige-gymnasieexamen\\\/\",\"url\":\"https:\\\/\\\/www.lfsl.net\\\/sv\\\/ansokan-hogskolestudier-i-sverige-gymnasieexamen\\\/\",\"name\":\"Ans\u00f6kan - h\u00f6gskolestudier i Sverige - Gymnasieexamen &#8211; Lyc\u00e9e Fran\u00e7ais Saint Louis de Stockholm\",\"isPartOf\":{\"@id\":\"https:\\\/\\\/www.lfsl.net\\\/sv\\\/#website\"},\"datePublished\":\"2019-11-19T14:32:31+00:00\",\"dateModified\":\"2021-09-24T09:13:59+00:00\",\"breadcrumb\":{\"@id\":\"https:\\\/\\\/www.lfsl.net\\\/sv\\\/ansokan-hogskolestudier-i-sverige-gymnasieexamen\\\/#breadcrumb\"},\"inLanguage\":\"sv-SE\",\"potentialAction\":[{\"@type\":\"ReadAction\",\"target\":[\"https:\\\/\\\/www.lfsl.net\\\/sv\\\/ansokan-hogskolestudier-i-sverige-gymnasieexamen\\\/\"]}]},{\"@type\":\"BreadcrumbList\",\"@id\":\"https:\\\/\\\/www.lfsl.net\\\/sv\\\/ansokan-hogskolestudier-i-sverige-gymnasieexamen\\\/#breadcrumb\",\"itemListElement\":[{\"@type\":\"ListItem\",\"position\":1,\"name\":\"Home\",\"item\":\"https:\\\/\\\/www.lfsl.net\\\/sv\\\/\"},{\"@type\":\"ListItem\",\"position\":2,\"name\":\"Ans\u00f6kan &#8211; h\u00f6gskolestudier i Sverige &#8211; Gymnasieexamen\"}]},{\"@type\":\"WebSite\",\"@id\":\"https:\\\/\\\/www.lfsl.net\\\/sv\\\/#website\",\"url\":\"https:\\\/\\\/www.lfsl.net\\\/sv\\\/\",\"name\":\"Lyc\u00e9e Fran\u00e7ais Saint Louis de Stockholm\",\"description\":\"\u00c9tablissement membre du r\u00e9seau AEFE\",\"publisher\":{\"@id\":\"https:\\\/\\\/www.lfsl.net\\\/sv\\\/#organization\"},\"potentialAction\":[{\"@type\":\"SearchAction\",\"target\":{\"@type\":\"EntryPoint\",\"urlTemplate\":\"https:\\\/\\\/www.lfsl.net\\\/sv\\\/?s={search_term_string}\"},\"query-input\":{\"@type\":\"PropertyValueSpecification\",\"valueRequired\":true,\"valueName\":\"search_term_string\"}}],\"inLanguage\":\"sv-SE\"},{\"@type\":\"Organization\",\"@id\":\"https:\\\/\\\/www.lfsl.net\\\/sv\\\/#organization\",\"name\":\"Lyc\u00e9e Fran\u00e7ais Saint Louis\",\"url\":\"https:\\\/\\\/www.lfsl.net\\\/sv\\\/\",\"logo\":{\"@type\":\"ImageObject\",\"inLanguage\":\"sv-SE\",\"@id\":\"https:\\\/\\\/www.lfsl.net\\\/sv\\\/#\\\/schema\\\/logo\\\/image\\\/\",\"url\":\"https:\\\/\\\/www.lfsl.net\\\/wp-content\\\/uploads\\\/2021\\\/03\\\/LFSL-logo.jpg\",\"contentUrl\":\"https:\\\/\\\/www.lfsl.net\\\/wp-content\\\/uploads\\\/2021\\\/03\\\/LFSL-logo.jpg\",\"width\":330,\"height\":473,\"caption\":\"Lyc\u00e9e Fran\u00e7ais Saint Louis\"},\"image\":{\"@id\":\"https:\\\/\\\/www.lfsl.net\\\/sv\\\/#\\\/schema\\\/logo\\\/image\\\/\"},\"sameAs\":[\"https:\\\/\\\/www.facebook.com\\\/Lyc\u00e9e-Francais-Saint-Louis-182116921840529\\\/\",\"https:\\\/\\\/www.instagram.com\\\/lyceefrancaisstockholm\\\/\",\"https:\\\/\\\/www.linkedin.com\\\/school\\\/lfsl\\\/\",\"https:\\\/\\\/www.youtube.com\\\/channel\\\/UCchS4IO4jE_YY0ILwn5NgGQ\"]}]}<\/script>\n<!-- \/ Yoast SEO plugin. -->","yoast_head_json":{"title":"Ans\u00f6kan - h\u00f6gskolestudier i Sverige - Gymnasieexamen &#8211; Lyc\u00e9e Fran\u00e7ais Saint Louis de Stockholm","robots":{"index":"index","follow":"follow","max-snippet":"max-snippet:-1","max-image-preview":"max-image-preview:large","max-video-preview":"max-video-preview:-1"},"canonical":"https:\/\/www.lfsl.net\/sv\/ansokan-hogskolestudier-i-sverige-gymnasieexamen\/","og_locale":"sv_SE","og_type":"article","og_title":"Ans\u00f6kan - h\u00f6gskolestudier i Sverige - Gymnasieexamen &#8211; Lyc\u00e9e Fran\u00e7ais Saint Louis de Stockholm","og_description":"F\u00f6r att kunna g\u00f6ra en ans\u00f6kan beh\u00f6ver du skapa ett konto p\u00e5\u00a0Antagningsenheten. Ladda upp \/ skicka de betyg som delas ut under C\u00e9r\u00e9monie des casquettes inom utsatt tid (runt 20 juni). De elever som f\u00e5r en Gymnasieexamen kan sj\u00e4lva besluta om vilken examen som ska anv\u00e4ndas i ans\u00f6kan.\u00a0 \u00c4ven om du beslutar dig f\u00f6r att ... L\u00e4s mer","og_url":"https:\/\/www.lfsl.net\/sv\/ansokan-hogskolestudier-i-sverige-gymnasieexamen\/","og_site_name":"Lyc\u00e9e Fran\u00e7ais Saint Louis de Stockholm","article_publisher":"https:\/\/www.facebook.com\/Lyc%c3%a9e-Francais-Saint-Louis-182116921840529\/","article_modified_time":"2021-09-24T09:13:59+00:00","og_image":[{"width":1440,"height":810,"url":"https:\/\/www.lfsl.net\/wp-content\/uploads\/2020\/03\/lsfl_logo-minimal_crop.jpg","type":"image\/jpeg"}],"twitter_card":"summary_large_image","schema":{"@context":"https:\/\/schema.org","@graph":[{"@type":"WebPage","@id":"https:\/\/www.lfsl.net\/sv\/ansokan-hogskolestudier-i-sverige-gymnasieexamen\/","url":"https:\/\/www.lfsl.net\/sv\/ansokan-hogskolestudier-i-sverige-gymnasieexamen\/","name":"Ans\u00f6kan - h\u00f6gskolestudier i Sverige - Gymnasieexamen &#8211; Lyc\u00e9e Fran\u00e7ais Saint Louis de Stockholm","isPartOf":{"@id":"https:\/\/www.lfsl.net\/sv\/#website"},"datePublished":"2019-11-19T14:32:31+00:00","dateModified":"2021-09-24T09:13:59+00:00","breadcrumb":{"@id":"https:\/\/www.lfsl.net\/sv\/ansokan-hogskolestudier-i-sverige-gymnasieexamen\/#breadcrumb"},"inLanguage":"sv-SE","potentialAction":[{"@type":"ReadAction","target":["https:\/\/www.lfsl.net\/sv\/ansokan-hogskolestudier-i-sverige-gymnasieexamen\/"]}]},{"@type":"BreadcrumbList","@id":"https:\/\/www.lfsl.net\/sv\/ansokan-hogskolestudier-i-sverige-gymnasieexamen\/#breadcrumb","itemListElement":[{"@type":"ListItem","position":1,"name":"Home","item":"https:\/\/www.lfsl.net\/sv\/"},{"@type":"ListItem","position":2,"name":"Ans\u00f6kan &#8211; h\u00f6gskolestudier i Sverige &#8211; Gymnasieexamen"}]},{"@type":"WebSite","@id":"https:\/\/www.lfsl.net\/sv\/#website","url":"https:\/\/www.lfsl.net\/sv\/","name":"Lyc\u00e9e Fran\u00e7ais Saint Louis de Stockholm","description":"\u00c9tablissement membre du r\u00e9seau AEFE","publisher":{"@id":"https:\/\/www.lfsl.net\/sv\/#organization"},"potentialAction":[{"@type":"SearchAction","target":{"@type":"EntryPoint","urlTemplate":"https:\/\/www.lfsl.net\/sv\/?s={search_term_string}"},"query-input":{"@type":"PropertyValueSpecification","valueRequired":true,"valueName":"search_term_string"}}],"inLanguage":"sv-SE"},{"@type":"Organization","@id":"https:\/\/www.lfsl.net\/sv\/#organization","name":"Lyc\u00e9e Fran\u00e7ais Saint Louis","url":"https:\/\/www.lfsl.net\/sv\/","logo":{"@type":"ImageObject","inLanguage":"sv-SE","@id":"https:\/\/www.lfsl.net\/sv\/#\/schema\/logo\/image\/","url":"https:\/\/www.lfsl.net\/wp-content\/uploads\/2021\/03\/LFSL-logo.jpg","contentUrl":"https:\/\/www.lfsl.net\/wp-content\/uploads\/2021\/03\/LFSL-logo.jpg","width":330,"height":473,"caption":"Lyc\u00e9e Fran\u00e7ais Saint Louis"},"image":{"@id":"https:\/\/www.lfsl.net\/sv\/#\/schema\/logo\/image\/"},"sameAs":["https:\/\/www.facebook.com\/Lyc\u00e9e-Francais-Saint-Louis-182116921840529\/","https:\/\/www.instagram.com\/lyceefrancaisstockholm\/","https:\/\/www.linkedin.com\/school\/lfsl\/","https:\/\/www.youtube.com\/channel\/UCchS4IO4jE_YY0ILwn5NgGQ"]}]}},"_links":{"self":[{"href":"https:\/\/www.lfsl.net\/sv\/wp-json\/wp\/v2\/pages\/5453","targetHints":{"allow":["GET"]}}],"collection":[{"href":"https:\/\/www.lfsl.net\/sv\/wp-json\/wp\/v2\/pages"}],"about":[{"href":"https:\/\/www.lfsl.net\/sv\/wp-json\/wp\/v2\/types\/page"}],"author":[{"embeddable":true,"href":"https:\/\/www.lfsl.net\/sv\/wp-json\/wp\/v2\/users\/3"}],"replies":[{"embeddable":true,"href":"https:\/\/www.lfsl.net\/sv\/wp-json\/wp\/v2\/comments?post=5453"}],"version-history":[{"count":5,"href":"https:\/\/www.lfsl.net\/sv\/wp-json\/wp\/v2\/pages\/5453\/revisions"}],"predecessor-version":[{"id":11890,"href":"https:\/\/www.lfsl.net\/sv\/wp-json\/wp\/v2\/pages\/5453\/revisions\/11890"}],"wp:attachment":[{"href":"https:\/\/www.lfsl.net\/sv\/wp-json\/wp\/v2\/media?parent=5453"}],"curies":[{"name":"wp","href":"https:\/\/api.w.org\/{rel}","templated":true}]}}