{"id":5907,"date":"2020-01-13T15:53:15","date_gmt":"2020-01-13T15:53:15","guid":{"rendered":"https:\/\/www.lfsl.net\/?page_id=5907"},"modified":"2022-02-24T07:38:22","modified_gmt":"2022-02-24T07:38:22","slug":"gymnasieexamen-lfsl-struktur","status":"publish","type":"page","link":"https:\/\/www.lfsl.net\/sv\/gymnasieexamen-lfsl-struktur\/","title":{"rendered":"Gymnasieexamen LFSL &#8211; struktur"},"content":{"rendered":"\n<p> Gymnasieexamen p\u00e5 LFSL v\u00e4ljs i&nbsp;Seconde och l\u00e4ses under tre \u00e5r.<\/p>\n\n\n\n<p>Gymnasieexamen kan v\u00e4ljas fr.o.m. niv\u00e5 B2 i svenska. <\/p>\n\n\n\n<figure class=\"wp-block-image\"><img loading=\"lazy\" decoding=\"async\" width=\"680\" height=\"136\" src=\"https:\/\/www.lfsl.net\/wp-content\/uploads\/2019\/11\/gers-niv-er_orig.png\" alt=\"\" class=\"wp-image-5909\" srcset=\"https:\/\/www.lfsl.net\/wp-content\/uploads\/2019\/11\/gers-niv-er_orig.png 680w, https:\/\/www.lfsl.net\/wp-content\/uploads\/2019\/11\/gers-niv-er_orig-600x120.png 600w\" sizes=\"auto, (max-width: 680px) 100vw, 680px\" \/><\/figure>\n\n\n\n<h3 class=\"wp-block-heading\">Program<\/h3>\n\n\n\n<p>Det finns tv\u00e5 program att v\u00e4lja p\u00e5 och valet g\u00f6rs inf\u00f6r \u00e5rskurs 2, d.v.s. premi\u00e8re:<\/p>\n\n\n\n<p><strong>Samh\u00e4llsvetenskapsprogrammet med inriktning Samh\u00e4llsvetenskap<\/strong> (SASAM) &#8211; h\u00e4r f\u00f6rkortat SAM<\/p>\n\n\n\n<p><strong>Naturvetenskapsprogrammet med inriktning Naturvetenskap<\/strong> (NANAT) &#8211; h\u00e4r f\u00f6rkortat NAT<\/p>\n\n\n\n<h3 class=\"wp-block-heading\">Inneh\u00e5ll<\/h3>\n\n\n\n<h4 class=\"wp-block-heading\">SAM och NAT<\/h4>\n\n\n\n<p><strong>\u200bSvenska 1, 2, 3<\/strong>:\u00a03\u00a0timmar\/vecka<br>Kursplaner:\u00a0<a href=\"https:\/\/drive.google.com\/open?id=1x84CbzBvpMUNJDCZPXTrg6f7w-Cieo7E\" target=\"_blank\" rel=\"noreferrer noopener\">Svenska 1<\/a>,\u00a0<a href=\"https:\/\/drive.google.com\/open?id=1yujZIDsoVZC1oXJLhKmAP1WlJdhcTQnq\" target=\"_blank\" rel=\"noreferrer noopener\">Svenska som andraspr\u00e5k 1<\/a>,\u00a0<a href=\"https:\/\/drive.google.com\/open?id=1ODIeSgs9I9IV_8LmmTTGJKCBCQkz9Uy9\" target=\"_blank\" rel=\"noreferrer noopener\">Svenska 2<\/a>,\u00a0<a href=\"https:\/\/drive.google.com\/open?id=1uiAuLPFcVRPKsVHiwDDXqNySSXPtZkJv\" target=\"_blank\" rel=\"noreferrer noopener\">Svenska som andraspr\u00e5k 2<\/a>,\u00a0<a href=\"https:\/\/drive.google.com\/open?id=1yxHRhF3C18bd3VJv_nuiL1Cf4j69raU6\" target=\"_blank\" rel=\"noreferrer noopener\">Svenska 3<\/a>, S<a href=\"https:\/\/drive.google.com\/open?id=13HjBrV7dgLsM5xflx0qEs0nBGkpKk6nb\" target=\"_blank\" rel=\"noreferrer noopener\">venska som andraspr\u00e5k 3<\/a><\/p>\n\n\n\n<p><strong>SHS 2nde&nbsp;<\/strong>: 2 timmar\/vecka\u200b<br>\u200bKursplaner:&nbsp;<a href=\"https:\/\/drive.google.com\/open?id=1GsRlWVI3JwcKv9L5Jr91WFFQIYA8uBxk\" target=\"_blank\" rel=\"noreferrer noopener\">Historia 1b<\/a>&nbsp;,&nbsp;&nbsp;samt&nbsp;<a href=\"https:\/\/drive.google.com\/open?id=1R6qZWOhpJhN1IBTinDcFUuFHQrr6Hbh1\" target=\"_blank\" rel=\"noreferrer noopener\">Samh\u00e4llskunskap 1b<\/a><\/p>\n\n\n\n<p><strong>Religionskunskap 1 i 1\u00e8re<\/strong>: 1 timme\/vecka<br>Kursplan:&nbsp;<a href=\"https:\/\/drive.google.com\/open?id=1XWa93qwh2OFNUYy9YLWAuYh1fhLmseSM\" target=\"_blank\" rel=\"noreferrer noopener\">Religionskunskap 1<\/a><\/p>\n\n\n\n<p><strong>TPT (<a href=\"https:\/\/gymnasiearbetelfsl.weebly.com\/\" target=\"_blank\" rel=\"noreferrer noopener\">Gymnasiearbete<\/a>)<\/strong>\u00a0= Travail personnel en Terminale : 1 timme\/vecka<\/p>\n\n\n\n<div class=\"wp-block-columns has-2-columns is-layout-flex wp-container-core-columns-is-layout-9d6595d7 wp-block-columns-is-layout-flex\">\n<div class=\"wp-block-column is-layout-flow wp-block-column-is-layout-flow\">\n<h4 class=\"wp-block-heading\"><strong>SAM<\/strong><\/h4>\n\n\n\n<p><strong>SHS 1\u00e8re, Tale<\/strong>: 2&nbsp;timmar\/vecka<br>\u200bKursplaner:&nbsp;<a href=\"https:\/\/drive.google.com\/open?id=1tqjqjYXDOy1nd17EU_zoCiPTOptu0YGV\" target=\"_blank\" rel=\"noreferrer noopener\">Historia 2a<\/a>,&nbsp;<a aria-label=\"Samh\u00e4llskunskap 2 (s\u2019ouvre dans un nouvel onglet)\" href=\"https:\/\/drive.google.com\/open?id=1FciJrf8Nu7V87DqSKo-qqnfTi3deO2Ee\" target=\"_blank\" rel=\"noreferrer noopener\">Samh\u00e4llskunskap 2<\/a><a aria-label=\"Samh\u00e4llskunskap 2, Samh\u00e4llskunskap 3 (s\u2019ouvre dans un nouvel onglet)\" href=\"\/Users\/bitrrektor\/Downloads\/Samh_llskunskap.pdf\" target=\"_blank\" rel=\"noreferrer noopener\">, <\/a><a aria-label=\"Samh\u00e4llskunskap 3 (s\u2019ouvre dans un nouvel onglet)\" href=\"https:\/\/drive.google.com\/open?id=1evMQBXkr7PFAU4I8-MXHAkfxADO4L-S_\" target=\"_blank\" rel=\"noreferrer noopener\">Samh\u00e4llskunskap 3<\/a><\/p>\n\n\n\n<p><strong>Religionskunskap&nbsp;2<\/strong>: 1 timme\/vecka Kursplan:&nbsp;<a href=\"https:\/\/drive.google.com\/open?id=1-CTqMP-kBPkdTfz1lBNgkvGXFddJKEyU\" target=\"_blank\" rel=\"noreferrer noopener\">Religionskunskap&nbsp;2<\/a><\/p>\n\n\n\n<p><strong>Psykologi 1<\/strong>: 1 timme\/vecka<br>Kursplan:&nbsp;<a href=\"https:\/\/drive.google.com\/open?id=1Bm7IJPD0avzivzkG4s1tzlx2iWVPeNxa\" target=\"_blank\" rel=\"noreferrer noopener\">Psykologi 1<\/a><\/p>\n\n\n\n<p><\/p>\n<\/div>\n\n\n\n<div class=\"wp-block-column is-layout-flow wp-block-column-is-layout-flow\">\n<h4 class=\"wp-block-heading\">NAT<\/h4>\n\n\n\n<p>Kurser som ing\u00e5r i den Samh\u00e4llsvetenskapliga examen, men inte i den Naturvetenskapliga kan v\u00e4ljas till, i den m\u00e5n det g\u00e5r att l\u00f6sas schematekniskt.<\/p>\n\n\n\n<p>Se Skolverkets hemsida f\u00f6r&nbsp;<a href=\"http:\/\/www.skolverket.se\/laroplaner-amnen-och-kurser\/gymnasieutbildning\/gymnasieskola\/sok-amnen-kurser-och-program\" target=\"_blank\" rel=\"noreferrer noopener\">kursplaner<\/a>.\n\n<\/p>\n<\/div>\n<\/div>\n\n\n\n<p><br><\/p>\n","protected":false},"excerpt":{"rendered":"<p>Gymnasieexamen p\u00e5 LFSL v\u00e4ljs i&nbsp;Seconde och l\u00e4ses under tre \u00e5r. Gymnasieexamen kan v\u00e4ljas fr.o.m. niv\u00e5 B2 i svenska. Program Det finns tv\u00e5 program att v\u00e4lja p\u00e5 och valet g\u00f6rs inf\u00f6r \u00e5rskurs 2, d.v.s. premi\u00e8re: Samh\u00e4llsvetenskapsprogrammet med inriktning Samh\u00e4llsvetenskap (SASAM) &#8211; h\u00e4r f\u00f6rkortat SAM Naturvetenskapsprogrammet med inriktning Naturvetenskap (NANAT) &#8211; h\u00e4r f\u00f6rkortat NAT Inneh\u00e5ll SAM och &#8230; <\/p>\n<p class=\"read-more-container\"><a title=\"Gymnasieexamen LFSL &#8211; struktur\" class=\"read-more button\" href=\"https:\/\/www.lfsl.net\/sv\/gymnasieexamen-lfsl-struktur\/#more-5907\" aria-label=\"L\u00e4s mer om Gymnasieexamen LFSL &#8211; struktur\">L\u00e4s mer<\/a><\/p>\n","protected":false},"author":3,"featured_media":0,"parent":0,"menu_order":0,"comment_status":"closed","ping_status":"closed","template":"","meta":{"footnotes":""},"class_list":["post-5907","page","type-page","status-publish"],"yoast_head":"<!-- This site is optimized with the Yoast SEO plugin v27.4 - https:\/\/yoast.com\/product\/yoast-seo-wordpress\/ -->\n<title>Gymnasieexamen LFSL - struktur &#8211; Lyc\u00e9e Fran\u00e7ais Saint Louis de Stockholm<\/title>\n<meta name=\"robots\" content=\"index, follow, max-snippet:-1, max-image-preview:large, max-video-preview:-1\" \/>\n<link rel=\"canonical\" href=\"https:\/\/www.lfsl.net\/sv\/gymnasieexamen-lfsl-struktur\/\" \/>\n<meta property=\"og:locale\" content=\"sv_SE\" \/>\n<meta property=\"og:type\" content=\"article\" \/>\n<meta property=\"og:title\" content=\"Gymnasieexamen LFSL - struktur &#8211; Lyc\u00e9e Fran\u00e7ais Saint Louis de Stockholm\" \/>\n<meta property=\"og:description\" content=\"Gymnasieexamen p\u00e5 LFSL v\u00e4ljs i&nbsp;Seconde och l\u00e4ses under tre \u00e5r. Gymnasieexamen kan v\u00e4ljas fr.o.m. niv\u00e5 B2 i svenska. Program Det finns tv\u00e5 program att v\u00e4lja p\u00e5 och valet g\u00f6rs inf\u00f6r \u00e5rskurs 2, d.v.s. premi\u00e8re: Samh\u00e4llsvetenskapsprogrammet med inriktning Samh\u00e4llsvetenskap (SASAM) &#8211; h\u00e4r f\u00f6rkortat SAM Naturvetenskapsprogrammet med inriktning Naturvetenskap (NANAT) &#8211; h\u00e4r f\u00f6rkortat NAT Inneh\u00e5ll SAM och ... L\u00e4s mer\" \/>\n<meta property=\"og:url\" content=\"https:\/\/www.lfsl.net\/sv\/gymnasieexamen-lfsl-struktur\/\" \/>\n<meta property=\"og:site_name\" content=\"Lyc\u00e9e Fran\u00e7ais Saint Louis de Stockholm\" \/>\n<meta property=\"article:publisher\" content=\"https:\/\/www.facebook.com\/Lyc%c3%a9e-Francais-Saint-Louis-182116921840529\/\" \/>\n<meta property=\"article:modified_time\" content=\"2022-02-24T07:38:22+00:00\" \/>\n<meta property=\"og:image\" content=\"https:\/\/www.lfsl.net\/wp-content\/uploads\/2019\/11\/gers-niv-er_orig.png\" \/>\n<meta name=\"twitter:card\" content=\"summary_large_image\" \/>\n<script type=\"application\/ld+json\" class=\"yoast-schema-graph\">{\"@context\":\"https:\\\/\\\/schema.org\",\"@graph\":[{\"@type\":\"WebPage\",\"@id\":\"https:\\\/\\\/www.lfsl.net\\\/sv\\\/gymnasieexamen-lfsl-struktur\\\/\",\"url\":\"https:\\\/\\\/www.lfsl.net\\\/sv\\\/gymnasieexamen-lfsl-struktur\\\/\",\"name\":\"Gymnasieexamen LFSL - struktur &#8211; Lyc\u00e9e Fran\u00e7ais Saint Louis de Stockholm\",\"isPartOf\":{\"@id\":\"https:\\\/\\\/www.lfsl.net\\\/sv\\\/#website\"},\"primaryImageOfPage\":{\"@id\":\"https:\\\/\\\/www.lfsl.net\\\/sv\\\/gymnasieexamen-lfsl-struktur\\\/#primaryimage\"},\"image\":{\"@id\":\"https:\\\/\\\/www.lfsl.net\\\/sv\\\/gymnasieexamen-lfsl-struktur\\\/#primaryimage\"},\"thumbnailUrl\":\"https:\\\/\\\/www.lfsl.net\\\/wp-content\\\/uploads\\\/2019\\\/11\\\/gers-niv-er_orig.png\",\"datePublished\":\"2020-01-13T15:53:15+00:00\",\"dateModified\":\"2022-02-24T07:38:22+00:00\",\"breadcrumb\":{\"@id\":\"https:\\\/\\\/www.lfsl.net\\\/sv\\\/gymnasieexamen-lfsl-struktur\\\/#breadcrumb\"},\"inLanguage\":\"sv-SE\",\"potentialAction\":[{\"@type\":\"ReadAction\",\"target\":[\"https:\\\/\\\/www.lfsl.net\\\/sv\\\/gymnasieexamen-lfsl-struktur\\\/\"]}]},{\"@type\":\"ImageObject\",\"inLanguage\":\"sv-SE\",\"@id\":\"https:\\\/\\\/www.lfsl.net\\\/sv\\\/gymnasieexamen-lfsl-struktur\\\/#primaryimage\",\"url\":\"https:\\\/\\\/www.lfsl.net\\\/wp-content\\\/uploads\\\/2019\\\/11\\\/gers-niv-er_orig.png\",\"contentUrl\":\"https:\\\/\\\/www.lfsl.net\\\/wp-content\\\/uploads\\\/2019\\\/11\\\/gers-niv-er_orig.png\"},{\"@type\":\"BreadcrumbList\",\"@id\":\"https:\\\/\\\/www.lfsl.net\\\/sv\\\/gymnasieexamen-lfsl-struktur\\\/#breadcrumb\",\"itemListElement\":[{\"@type\":\"ListItem\",\"position\":1,\"name\":\"Home\",\"item\":\"https:\\\/\\\/www.lfsl.net\\\/sv\\\/\"},{\"@type\":\"ListItem\",\"position\":2,\"name\":\"Gymnasieexamen LFSL &#8211; struktur\"}]},{\"@type\":\"WebSite\",\"@id\":\"https:\\\/\\\/www.lfsl.net\\\/sv\\\/#website\",\"url\":\"https:\\\/\\\/www.lfsl.net\\\/sv\\\/\",\"name\":\"Lyc\u00e9e Fran\u00e7ais Saint Louis de Stockholm\",\"description\":\"\u00c9tablissement membre du r\u00e9seau AEFE\",\"publisher\":{\"@id\":\"https:\\\/\\\/www.lfsl.net\\\/sv\\\/#organization\"},\"potentialAction\":[{\"@type\":\"SearchAction\",\"target\":{\"@type\":\"EntryPoint\",\"urlTemplate\":\"https:\\\/\\\/www.lfsl.net\\\/sv\\\/?s={search_term_string}\"},\"query-input\":{\"@type\":\"PropertyValueSpecification\",\"valueRequired\":true,\"valueName\":\"search_term_string\"}}],\"inLanguage\":\"sv-SE\"},{\"@type\":\"Organization\",\"@id\":\"https:\\\/\\\/www.lfsl.net\\\/sv\\\/#organization\",\"name\":\"Lyc\u00e9e Fran\u00e7ais Saint Louis\",\"url\":\"https:\\\/\\\/www.lfsl.net\\\/sv\\\/\",\"logo\":{\"@type\":\"ImageObject\",\"inLanguage\":\"sv-SE\",\"@id\":\"https:\\\/\\\/www.lfsl.net\\\/sv\\\/#\\\/schema\\\/logo\\\/image\\\/\",\"url\":\"https:\\\/\\\/www.lfsl.net\\\/wp-content\\\/uploads\\\/2021\\\/03\\\/LFSL-logo.jpg\",\"contentUrl\":\"https:\\\/\\\/www.lfsl.net\\\/wp-content\\\/uploads\\\/2021\\\/03\\\/LFSL-logo.jpg\",\"width\":330,\"height\":473,\"caption\":\"Lyc\u00e9e Fran\u00e7ais Saint Louis\"},\"image\":{\"@id\":\"https:\\\/\\\/www.lfsl.net\\\/sv\\\/#\\\/schema\\\/logo\\\/image\\\/\"},\"sameAs\":[\"https:\\\/\\\/www.facebook.com\\\/Lyc\u00e9e-Francais-Saint-Louis-182116921840529\\\/\",\"https:\\\/\\\/www.instagram.com\\\/lyceefrancaisstockholm\\\/\",\"https:\\\/\\\/www.linkedin.com\\\/school\\\/lfsl\\\/\",\"https:\\\/\\\/www.youtube.com\\\/channel\\\/UCchS4IO4jE_YY0ILwn5NgGQ\"]}]}<\/script>\n<!-- \/ Yoast SEO plugin. -->","yoast_head_json":{"title":"Gymnasieexamen LFSL - struktur &#8211; Lyc\u00e9e Fran\u00e7ais Saint Louis de Stockholm","robots":{"index":"index","follow":"follow","max-snippet":"max-snippet:-1","max-image-preview":"max-image-preview:large","max-video-preview":"max-video-preview:-1"},"canonical":"https:\/\/www.lfsl.net\/sv\/gymnasieexamen-lfsl-struktur\/","og_locale":"sv_SE","og_type":"article","og_title":"Gymnasieexamen LFSL - struktur &#8211; Lyc\u00e9e Fran\u00e7ais Saint Louis de Stockholm","og_description":"Gymnasieexamen p\u00e5 LFSL v\u00e4ljs i&nbsp;Seconde och l\u00e4ses under tre \u00e5r. Gymnasieexamen kan v\u00e4ljas fr.o.m. niv\u00e5 B2 i svenska. Program Det finns tv\u00e5 program att v\u00e4lja p\u00e5 och valet g\u00f6rs inf\u00f6r \u00e5rskurs 2, d.v.s. premi\u00e8re: Samh\u00e4llsvetenskapsprogrammet med inriktning Samh\u00e4llsvetenskap (SASAM) &#8211; h\u00e4r f\u00f6rkortat SAM Naturvetenskapsprogrammet med inriktning Naturvetenskap (NANAT) &#8211; h\u00e4r f\u00f6rkortat NAT Inneh\u00e5ll SAM och ... L\u00e4s mer","og_url":"https:\/\/www.lfsl.net\/sv\/gymnasieexamen-lfsl-struktur\/","og_site_name":"Lyc\u00e9e Fran\u00e7ais Saint Louis de Stockholm","article_publisher":"https:\/\/www.facebook.com\/Lyc%c3%a9e-Francais-Saint-Louis-182116921840529\/","article_modified_time":"2022-02-24T07:38:22+00:00","og_image":[{"url":"https:\/\/www.lfsl.net\/wp-content\/uploads\/2019\/11\/gers-niv-er_orig.png","type":"","width":"","height":""}],"twitter_card":"summary_large_image","schema":{"@context":"https:\/\/schema.org","@graph":[{"@type":"WebPage","@id":"https:\/\/www.lfsl.net\/sv\/gymnasieexamen-lfsl-struktur\/","url":"https:\/\/www.lfsl.net\/sv\/gymnasieexamen-lfsl-struktur\/","name":"Gymnasieexamen LFSL - struktur &#8211; Lyc\u00e9e Fran\u00e7ais Saint Louis de Stockholm","isPartOf":{"@id":"https:\/\/www.lfsl.net\/sv\/#website"},"primaryImageOfPage":{"@id":"https:\/\/www.lfsl.net\/sv\/gymnasieexamen-lfsl-struktur\/#primaryimage"},"image":{"@id":"https:\/\/www.lfsl.net\/sv\/gymnasieexamen-lfsl-struktur\/#primaryimage"},"thumbnailUrl":"https:\/\/www.lfsl.net\/wp-content\/uploads\/2019\/11\/gers-niv-er_orig.png","datePublished":"2020-01-13T15:53:15+00:00","dateModified":"2022-02-24T07:38:22+00:00","breadcrumb":{"@id":"https:\/\/www.lfsl.net\/sv\/gymnasieexamen-lfsl-struktur\/#breadcrumb"},"inLanguage":"sv-SE","potentialAction":[{"@type":"ReadAction","target":["https:\/\/www.lfsl.net\/sv\/gymnasieexamen-lfsl-struktur\/"]}]},{"@type":"ImageObject","inLanguage":"sv-SE","@id":"https:\/\/www.lfsl.net\/sv\/gymnasieexamen-lfsl-struktur\/#primaryimage","url":"https:\/\/www.lfsl.net\/wp-content\/uploads\/2019\/11\/gers-niv-er_orig.png","contentUrl":"https:\/\/www.lfsl.net\/wp-content\/uploads\/2019\/11\/gers-niv-er_orig.png"},{"@type":"BreadcrumbList","@id":"https:\/\/www.lfsl.net\/sv\/gymnasieexamen-lfsl-struktur\/#breadcrumb","itemListElement":[{"@type":"ListItem","position":1,"name":"Home","item":"https:\/\/www.lfsl.net\/sv\/"},{"@type":"ListItem","position":2,"name":"Gymnasieexamen LFSL &#8211; struktur"}]},{"@type":"WebSite","@id":"https:\/\/www.lfsl.net\/sv\/#website","url":"https:\/\/www.lfsl.net\/sv\/","name":"Lyc\u00e9e Fran\u00e7ais Saint Louis de Stockholm","description":"\u00c9tablissement membre du r\u00e9seau AEFE","publisher":{"@id":"https:\/\/www.lfsl.net\/sv\/#organization"},"potentialAction":[{"@type":"SearchAction","target":{"@type":"EntryPoint","urlTemplate":"https:\/\/www.lfsl.net\/sv\/?s={search_term_string}"},"query-input":{"@type":"PropertyValueSpecification","valueRequired":true,"valueName":"search_term_string"}}],"inLanguage":"sv-SE"},{"@type":"Organization","@id":"https:\/\/www.lfsl.net\/sv\/#organization","name":"Lyc\u00e9e Fran\u00e7ais Saint Louis","url":"https:\/\/www.lfsl.net\/sv\/","logo":{"@type":"ImageObject","inLanguage":"sv-SE","@id":"https:\/\/www.lfsl.net\/sv\/#\/schema\/logo\/image\/","url":"https:\/\/www.lfsl.net\/wp-content\/uploads\/2021\/03\/LFSL-logo.jpg","contentUrl":"https:\/\/www.lfsl.net\/wp-content\/uploads\/2021\/03\/LFSL-logo.jpg","width":330,"height":473,"caption":"Lyc\u00e9e Fran\u00e7ais Saint Louis"},"image":{"@id":"https:\/\/www.lfsl.net\/sv\/#\/schema\/logo\/image\/"},"sameAs":["https:\/\/www.facebook.com\/Lyc\u00e9e-Francais-Saint-Louis-182116921840529\/","https:\/\/www.instagram.com\/lyceefrancaisstockholm\/","https:\/\/www.linkedin.com\/school\/lfsl\/","https:\/\/www.youtube.com\/channel\/UCchS4IO4jE_YY0ILwn5NgGQ"]}]}},"_links":{"self":[{"href":"https:\/\/www.lfsl.net\/sv\/wp-json\/wp\/v2\/pages\/5907","targetHints":{"allow":["GET"]}}],"collection":[{"href":"https:\/\/www.lfsl.net\/sv\/wp-json\/wp\/v2\/pages"}],"about":[{"href":"https:\/\/www.lfsl.net\/sv\/wp-json\/wp\/v2\/types\/page"}],"author":[{"embeddable":true,"href":"https:\/\/www.lfsl.net\/sv\/wp-json\/wp\/v2\/users\/3"}],"replies":[{"embeddable":true,"href":"https:\/\/www.lfsl.net\/sv\/wp-json\/wp\/v2\/comments?post=5907"}],"version-history":[{"count":13,"href":"https:\/\/www.lfsl.net\/sv\/wp-json\/wp\/v2\/pages\/5907\/revisions"}],"predecessor-version":[{"id":13127,"href":"https:\/\/www.lfsl.net\/sv\/wp-json\/wp\/v2\/pages\/5907\/revisions\/13127"}],"wp:attachment":[{"href":"https:\/\/www.lfsl.net\/sv\/wp-json\/wp\/v2\/media?parent=5907"}],"curies":[{"name":"wp","href":"https:\/\/api.w.org\/{rel}","templated":true}]}}