{"id":5917,"date":"2020-01-13T15:54:11","date_gmt":"2020-01-13T15:54:11","guid":{"rendered":"https:\/\/www.lfsl.net\/?page_id=5917"},"modified":"2022-02-24T07:32:18","modified_gmt":"2022-02-24T07:32:18","slug":"gymnasieexamen-lfsl-behorighet","status":"publish","type":"page","link":"https:\/\/www.lfsl.net\/sv\/gymnasieexamen-lfsl-behorighet\/","title":{"rendered":"Gymnasieexamen LFSL &#8211; beh\u00f6righet"},"content":{"rendered":"\n<p>\n\nF\u00f6r att f\u00e5 en Gymnasieexamen kr\u00e4vs att du har:<\/p>\n\n\n\n<p>&#8211;&nbsp;l\u00e4st 2500 po\u00e4ng (100 po\u00e4ng\/\u00e4mne och l\u00e4s\u00e5r) och har l\u00e4gst betyget E i minst 2 250 gymnasiepo\u00e4ng<\/p>\n\n\n\n<p>&#8211;&nbsp;varav l\u00e4gst betyget E i kurserna Svenska\/Svenska som andraspr\u00e5k 1, 2 och 3, Engelska 5 och 6 och Matematik 1<\/p>\n\n\n\n<p>&#8211;&nbsp;och ett godk\u00e4nt gymnasiearbete (TPT)<\/p>\n\n\n\n<p>F\u00f6r att uppn\u00e5 en svensk gymnasieexamen kr\u00e4vs \u00e4ven att man v\u00e4ljer vissa&nbsp;<em>sp\u00e9cialit\u00e9s&nbsp;<\/em>i sin franska Baccalaur\u00e9at:<\/p>\n\n\n\n<p>F\u00f6r <strong>Samh\u00e4llsvetenskaplig examen<\/strong>&nbsp;g\u00e4ller f\u00f6ljande: <\/p>\n\n\n\n<p>I 1\u00e8re:  Krav p\u00e5 att v\u00e4lja Histoire g\u00e9ographie, g\u00e9opolitique et sciences politiques samt Sciences \u00e9conomiques et sociales.   <\/p>\n\n\n\n<p>I Tale:   F\u00f6r Samh\u00e4llsvetenskaplig examen kan man sj\u00e4lv v\u00e4lja vilka tv\u00e5 sp\u00e9cialit\u00e9s man vill forts\u00e4tta med.<\/p>\n\n\n\n<p>F\u00f6r <strong>Naturvetenskaplig examen<\/strong>&nbsp;g\u00e4ller f\u00f6ljande:<\/p>\n\n\n\n<p>I 1\u00e8re: Krav p\u00e5 att v\u00e4lja Math\u00e9matiques, Physique-Chimie och SVT   <\/p>\n\n\n\n<p>I Tale: Krav p\u00e5 att v\u00e4lja Physique-Chimie och SVT + Maths compl\u00e9mentaires <b>ELLER M<\/b>ath\u00e9matiques + Biologie Su\u00e9doise. <\/p>\n\n\n\n<p><\/p>\n\n\n\n<p><em>OBS! Du beh\u00f6ver titta p\u00e5 <a href=\"https:\/\/www.antagning.se\/se\/start\">www.antagning.se<\/a> vad som kr\u00e4vs om du \u00e4r intresserad av att studera vidare i Sverige efter gymnasiet. T.ex. kr\u00e4vs matematik 4, fysik 2, kemi 2 och biologi 2 f\u00f6r en l\u00e4karexamen, vilket du endast kan f\u00e5 med en gymnasieexamen NAT, p\u00e5 LFSL. Din franska baccalaur\u00e9at r\u00e4cker allts\u00e5 inte.<\/em><\/p>\n","protected":false},"excerpt":{"rendered":"<p>F\u00f6r att f\u00e5 en Gymnasieexamen kr\u00e4vs att du har: &#8211;&nbsp;l\u00e4st 2500 po\u00e4ng (100 po\u00e4ng\/\u00e4mne och l\u00e4s\u00e5r) och har l\u00e4gst betyget E i minst 2 250 gymnasiepo\u00e4ng &#8211;&nbsp;varav l\u00e4gst betyget E i kurserna Svenska\/Svenska som andraspr\u00e5k 1, 2 och 3, Engelska 5 och 6 och Matematik 1 &#8211;&nbsp;och ett godk\u00e4nt gymnasiearbete (TPT) F\u00f6r att uppn\u00e5 en &#8230; <\/p>\n<p class=\"read-more-container\"><a title=\"Gymnasieexamen LFSL &#8211; beh\u00f6righet\" class=\"read-more button\" href=\"https:\/\/www.lfsl.net\/sv\/gymnasieexamen-lfsl-behorighet\/#more-5917\" aria-label=\"L\u00e4s mer om Gymnasieexamen LFSL &#8211; beh\u00f6righet\">L\u00e4s mer<\/a><\/p>\n","protected":false},"author":3,"featured_media":0,"parent":0,"menu_order":0,"comment_status":"closed","ping_status":"closed","template":"","meta":{"footnotes":""},"class_list":["post-5917","page","type-page","status-publish"],"yoast_head":"<!-- This site is optimized with the Yoast SEO plugin v26.5 - https:\/\/yoast.com\/wordpress\/plugins\/seo\/ -->\n<title>Gymnasieexamen LFSL - beh\u00f6righet &#8211; Lyc\u00e9e Fran\u00e7ais Saint Louis de Stockholm<\/title>\n<meta name=\"robots\" content=\"index, follow, max-snippet:-1, max-image-preview:large, max-video-preview:-1\" \/>\n<link rel=\"canonical\" href=\"https:\/\/www.lfsl.net\/sv\/gymnasieexamen-lfsl-behorighet\/\" \/>\n<meta property=\"og:locale\" content=\"sv_SE\" \/>\n<meta property=\"og:type\" content=\"article\" \/>\n<meta property=\"og:title\" content=\"Gymnasieexamen LFSL - beh\u00f6righet &#8211; Lyc\u00e9e Fran\u00e7ais Saint Louis de Stockholm\" \/>\n<meta property=\"og:description\" content=\"F\u00f6r att f\u00e5 en Gymnasieexamen kr\u00e4vs att du har: &#8211;&nbsp;l\u00e4st 2500 po\u00e4ng (100 po\u00e4ng\/\u00e4mne och l\u00e4s\u00e5r) och har l\u00e4gst betyget E i minst 2 250 gymnasiepo\u00e4ng &#8211;&nbsp;varav l\u00e4gst betyget E i kurserna Svenska\/Svenska som andraspr\u00e5k 1, 2 och 3, Engelska 5 och 6 och Matematik 1 &#8211;&nbsp;och ett godk\u00e4nt gymnasiearbete (TPT) F\u00f6r att uppn\u00e5 en ... L\u00e4s mer\" \/>\n<meta property=\"og:url\" content=\"https:\/\/www.lfsl.net\/sv\/gymnasieexamen-lfsl-behorighet\/\" \/>\n<meta property=\"og:site_name\" content=\"Lyc\u00e9e Fran\u00e7ais Saint Louis de Stockholm\" \/>\n<meta property=\"article:publisher\" content=\"https:\/\/www.facebook.com\/Lyc%c3%a9e-Francais-Saint-Louis-182116921840529\/\" \/>\n<meta property=\"article:modified_time\" content=\"2022-02-24T07:32:18+00:00\" \/>\n<meta property=\"og:image\" content=\"https:\/\/www.lfsl.net\/wp-content\/uploads\/2020\/03\/lsfl_logo-minimal_crop.jpg\" \/>\n\t<meta property=\"og:image:width\" content=\"1440\" \/>\n\t<meta property=\"og:image:height\" content=\"810\" \/>\n\t<meta property=\"og:image:type\" content=\"image\/jpeg\" \/>\n<meta name=\"twitter:card\" content=\"summary_large_image\" \/>\n<script type=\"application\/ld+json\" class=\"yoast-schema-graph\">{\"@context\":\"https:\/\/schema.org\",\"@graph\":[{\"@type\":\"WebPage\",\"@id\":\"https:\/\/www.lfsl.net\/sv\/gymnasieexamen-lfsl-behorighet\/\",\"url\":\"https:\/\/www.lfsl.net\/sv\/gymnasieexamen-lfsl-behorighet\/\",\"name\":\"Gymnasieexamen LFSL - beh\u00f6righet &#8211; Lyc\u00e9e Fran\u00e7ais Saint Louis de Stockholm\",\"isPartOf\":{\"@id\":\"https:\/\/www.lfsl.net\/sv\/#website\"},\"datePublished\":\"2020-01-13T15:54:11+00:00\",\"dateModified\":\"2022-02-24T07:32:18+00:00\",\"breadcrumb\":{\"@id\":\"https:\/\/www.lfsl.net\/sv\/gymnasieexamen-lfsl-behorighet\/#breadcrumb\"},\"inLanguage\":\"sv-SE\",\"potentialAction\":[{\"@type\":\"ReadAction\",\"target\":[\"https:\/\/www.lfsl.net\/sv\/gymnasieexamen-lfsl-behorighet\/\"]}]},{\"@type\":\"BreadcrumbList\",\"@id\":\"https:\/\/www.lfsl.net\/sv\/gymnasieexamen-lfsl-behorighet\/#breadcrumb\",\"itemListElement\":[{\"@type\":\"ListItem\",\"position\":1,\"name\":\"Home\",\"item\":\"https:\/\/www.lfsl.net\/sv\/\"},{\"@type\":\"ListItem\",\"position\":2,\"name\":\"Gymnasieexamen LFSL &#8211; beh\u00f6righet\"}]},{\"@type\":\"WebSite\",\"@id\":\"https:\/\/www.lfsl.net\/sv\/#website\",\"url\":\"https:\/\/www.lfsl.net\/sv\/\",\"name\":\"Lyc\u00e9e Fran\u00e7ais Saint Louis de Stockholm\",\"description\":\"\u00c9tablissement membre du r\u00e9seau AEFE\",\"publisher\":{\"@id\":\"https:\/\/www.lfsl.net\/sv\/#organization\"},\"potentialAction\":[{\"@type\":\"SearchAction\",\"target\":{\"@type\":\"EntryPoint\",\"urlTemplate\":\"https:\/\/www.lfsl.net\/sv\/?s={search_term_string}\"},\"query-input\":{\"@type\":\"PropertyValueSpecification\",\"valueRequired\":true,\"valueName\":\"search_term_string\"}}],\"inLanguage\":\"sv-SE\"},{\"@type\":\"Organization\",\"@id\":\"https:\/\/www.lfsl.net\/sv\/#organization\",\"name\":\"Lyc\u00e9e Fran\u00e7ais Saint Louis\",\"url\":\"https:\/\/www.lfsl.net\/sv\/\",\"logo\":{\"@type\":\"ImageObject\",\"inLanguage\":\"sv-SE\",\"@id\":\"https:\/\/www.lfsl.net\/sv\/#\/schema\/logo\/image\/\",\"url\":\"https:\/\/www.lfsl.net\/wp-content\/uploads\/2021\/03\/LFSL-logo.jpg\",\"contentUrl\":\"https:\/\/www.lfsl.net\/wp-content\/uploads\/2021\/03\/LFSL-logo.jpg\",\"width\":330,\"height\":473,\"caption\":\"Lyc\u00e9e Fran\u00e7ais Saint Louis\"},\"image\":{\"@id\":\"https:\/\/www.lfsl.net\/sv\/#\/schema\/logo\/image\/\"},\"sameAs\":[\"https:\/\/www.facebook.com\/Lyc\u00e9e-Francais-Saint-Louis-182116921840529\/\",\"https:\/\/www.instagram.com\/lyceefrancaisstockholm\/\",\"https:\/\/www.linkedin.com\/school\/lfsl\/\",\"https:\/\/www.youtube.com\/channel\/UCchS4IO4jE_YY0ILwn5NgGQ\"]}]}<\/script>\n<!-- \/ Yoast SEO plugin. -->","yoast_head_json":{"title":"Gymnasieexamen LFSL - beh\u00f6righet &#8211; Lyc\u00e9e Fran\u00e7ais Saint Louis de Stockholm","robots":{"index":"index","follow":"follow","max-snippet":"max-snippet:-1","max-image-preview":"max-image-preview:large","max-video-preview":"max-video-preview:-1"},"canonical":"https:\/\/www.lfsl.net\/sv\/gymnasieexamen-lfsl-behorighet\/","og_locale":"sv_SE","og_type":"article","og_title":"Gymnasieexamen LFSL - beh\u00f6righet &#8211; Lyc\u00e9e Fran\u00e7ais Saint Louis de Stockholm","og_description":"F\u00f6r att f\u00e5 en Gymnasieexamen kr\u00e4vs att du har: &#8211;&nbsp;l\u00e4st 2500 po\u00e4ng (100 po\u00e4ng\/\u00e4mne och l\u00e4s\u00e5r) och har l\u00e4gst betyget E i minst 2 250 gymnasiepo\u00e4ng &#8211;&nbsp;varav l\u00e4gst betyget E i kurserna Svenska\/Svenska som andraspr\u00e5k 1, 2 och 3, Engelska 5 och 6 och Matematik 1 &#8211;&nbsp;och ett godk\u00e4nt gymnasiearbete (TPT) F\u00f6r att uppn\u00e5 en ... L\u00e4s mer","og_url":"https:\/\/www.lfsl.net\/sv\/gymnasieexamen-lfsl-behorighet\/","og_site_name":"Lyc\u00e9e Fran\u00e7ais Saint Louis de Stockholm","article_publisher":"https:\/\/www.facebook.com\/Lyc%c3%a9e-Francais-Saint-Louis-182116921840529\/","article_modified_time":"2022-02-24T07:32:18+00:00","og_image":[{"width":1440,"height":810,"url":"https:\/\/www.lfsl.net\/wp-content\/uploads\/2020\/03\/lsfl_logo-minimal_crop.jpg","type":"image\/jpeg"}],"twitter_card":"summary_large_image","schema":{"@context":"https:\/\/schema.org","@graph":[{"@type":"WebPage","@id":"https:\/\/www.lfsl.net\/sv\/gymnasieexamen-lfsl-behorighet\/","url":"https:\/\/www.lfsl.net\/sv\/gymnasieexamen-lfsl-behorighet\/","name":"Gymnasieexamen LFSL - beh\u00f6righet &#8211; Lyc\u00e9e Fran\u00e7ais Saint Louis de Stockholm","isPartOf":{"@id":"https:\/\/www.lfsl.net\/sv\/#website"},"datePublished":"2020-01-13T15:54:11+00:00","dateModified":"2022-02-24T07:32:18+00:00","breadcrumb":{"@id":"https:\/\/www.lfsl.net\/sv\/gymnasieexamen-lfsl-behorighet\/#breadcrumb"},"inLanguage":"sv-SE","potentialAction":[{"@type":"ReadAction","target":["https:\/\/www.lfsl.net\/sv\/gymnasieexamen-lfsl-behorighet\/"]}]},{"@type":"BreadcrumbList","@id":"https:\/\/www.lfsl.net\/sv\/gymnasieexamen-lfsl-behorighet\/#breadcrumb","itemListElement":[{"@type":"ListItem","position":1,"name":"Home","item":"https:\/\/www.lfsl.net\/sv\/"},{"@type":"ListItem","position":2,"name":"Gymnasieexamen LFSL &#8211; beh\u00f6righet"}]},{"@type":"WebSite","@id":"https:\/\/www.lfsl.net\/sv\/#website","url":"https:\/\/www.lfsl.net\/sv\/","name":"Lyc\u00e9e Fran\u00e7ais Saint Louis de Stockholm","description":"\u00c9tablissement membre du r\u00e9seau AEFE","publisher":{"@id":"https:\/\/www.lfsl.net\/sv\/#organization"},"potentialAction":[{"@type":"SearchAction","target":{"@type":"EntryPoint","urlTemplate":"https:\/\/www.lfsl.net\/sv\/?s={search_term_string}"},"query-input":{"@type":"PropertyValueSpecification","valueRequired":true,"valueName":"search_term_string"}}],"inLanguage":"sv-SE"},{"@type":"Organization","@id":"https:\/\/www.lfsl.net\/sv\/#organization","name":"Lyc\u00e9e Fran\u00e7ais Saint Louis","url":"https:\/\/www.lfsl.net\/sv\/","logo":{"@type":"ImageObject","inLanguage":"sv-SE","@id":"https:\/\/www.lfsl.net\/sv\/#\/schema\/logo\/image\/","url":"https:\/\/www.lfsl.net\/wp-content\/uploads\/2021\/03\/LFSL-logo.jpg","contentUrl":"https:\/\/www.lfsl.net\/wp-content\/uploads\/2021\/03\/LFSL-logo.jpg","width":330,"height":473,"caption":"Lyc\u00e9e Fran\u00e7ais Saint Louis"},"image":{"@id":"https:\/\/www.lfsl.net\/sv\/#\/schema\/logo\/image\/"},"sameAs":["https:\/\/www.facebook.com\/Lyc\u00e9e-Francais-Saint-Louis-182116921840529\/","https:\/\/www.instagram.com\/lyceefrancaisstockholm\/","https:\/\/www.linkedin.com\/school\/lfsl\/","https:\/\/www.youtube.com\/channel\/UCchS4IO4jE_YY0ILwn5NgGQ"]}]}},"_links":{"self":[{"href":"https:\/\/www.lfsl.net\/sv\/wp-json\/wp\/v2\/pages\/5917","targetHints":{"allow":["GET"]}}],"collection":[{"href":"https:\/\/www.lfsl.net\/sv\/wp-json\/wp\/v2\/pages"}],"about":[{"href":"https:\/\/www.lfsl.net\/sv\/wp-json\/wp\/v2\/types\/page"}],"author":[{"embeddable":true,"href":"https:\/\/www.lfsl.net\/sv\/wp-json\/wp\/v2\/users\/3"}],"replies":[{"embeddable":true,"href":"https:\/\/www.lfsl.net\/sv\/wp-json\/wp\/v2\/comments?post=5917"}],"version-history":[{"count":10,"href":"https:\/\/www.lfsl.net\/sv\/wp-json\/wp\/v2\/pages\/5917\/revisions"}],"predecessor-version":[{"id":13122,"href":"https:\/\/www.lfsl.net\/sv\/wp-json\/wp\/v2\/pages\/5917\/revisions\/13122"}],"wp:attachment":[{"href":"https:\/\/www.lfsl.net\/sv\/wp-json\/wp\/v2\/media?parent=5917"}],"curies":[{"name":"wp","href":"https:\/\/api.w.org\/{rel}","templated":true}]}}