{"id":6176,"date":"2020-05-27T14:18:39","date_gmt":"2020-05-27T14:18:39","guid":{"rendered":"https:\/\/www.lfsl.net\/?page_id=6176"},"modified":"2020-05-27T14:18:40","modified_gmt":"2020-05-27T14:18:40","slug":"svenskt-gymnasium-fri-kvot","status":"publish","type":"page","link":"https:\/\/www.lfsl.net\/sv\/svenskt-gymnasium-fri-kvot\/","title":{"rendered":"Svenskt gymnasium &#8211; Fri kvot"},"content":{"rendered":"\n<h4 class=\"wp-block-heading\"><strong>Fri kvot<\/strong><\/h4>\n\n\n\n<p>Eleverna fr\u00e5n Internationella skolor hamnar i den&nbsp;<strong>fria kvoten<\/strong>. L\u00e4s mer om fria kvoten&nbsp;<a href=\"http:\/\/www.gyantagningen.se\/ansokan-antagning\/fri-kvot-utlandska-betyg.html\">h\u00e4r<\/a>.<\/p>\n\n\n\n<p>Alla utl\u00e4ndska betyg, i v\u00e5rt fall de franska&nbsp;<em>bulletins,&nbsp;<\/em>skickas av skolan i&nbsp;<em>ursprungligt skick<\/em>&nbsp;till gymnasieantagningen. Med betygen skickar vi med en tabell* med en \u00f6vers\u00e4ttning mellan betygssystemen. Det blir sedan huvudmannen f\u00f6r den skola som eleven angivit som val som ansvarar f\u00f6r bed\u00f6mningen av dessa till motsvarande svenska betyg. Om det \u00e4r en kommunal gymnasieskola \u00e4r det Utbildningsf\u00f6rvaltningen, \u00e4r det en friskola \u00e4r det skolan sj\u00e4lv.<\/p>\n\n\n\n<p>Alla tre bulletins fr\u00e5n 3\u00e8me skickas av skolan, men m\u00e5nga g\u00e5nger tittar kommunen\/skolan mest p\u00e5 den tredje trimesterns betyg. Till de franska bulletins bifogas de svenska betygen i SPS.<\/p>\n\n\n\n<h4 class=\"wp-block-heading\"><strong>urval<\/strong><\/h4>\n\n\n\n<p>Om flera har samma meritv\u00e4rde vid urvalet till ett visst program h\u00e4nder det ibland att inte alla med samma meritv\u00e4rde kan antas. D\u00e5 till\u00e4mpas en rangordning utifr\u00e5n vissa specifika kriterier. Det finns fyra olika rangordningskriterier. Gymnasieskolorna v\u00e4ljer sj\u00e4lva vilket av dessa kriterier som ska g\u00e4lla p\u00e5 sina olika studiev\u00e4gar.<\/p>\n\n\n\n<p>De fyra olika rangordningskriterierna \u00e4r:<\/p>\n\n\n\n<ul class=\"wp-block-list\"><li>Valrang, j\u00e4mf\u00f6relsetal och slump (- vanligaste)<\/li><li>Ma + No, valrang, j\u00e4mf\u00f6relsetal och slump<\/li><li>Eng + Sv\/Sva + So, valrang, j\u00e4mf\u00f6relsetal och slump<\/li><li>Sve\/Sva, valrang, j\u00e4mf\u00f6relsetal och slump<\/li><\/ul>\n\n\n\n<p>\u200b*<strong>A = 18 \u2013 20<br>B = 16 \u2013 17<br>C = 13 \u2013 15<br>D = 11 \u2013 12<br>E = 9 \u2013 10<br>\u200bF = 0 \u2013 8<\/strong><\/p>\n","protected":false},"excerpt":{"rendered":"<p>Fri kvot Eleverna fr\u00e5n Internationella skolor hamnar i den&nbsp;fria kvoten. L\u00e4s mer om fria kvoten&nbsp;h\u00e4r. Alla utl\u00e4ndska betyg, i v\u00e5rt fall de franska&nbsp;bulletins,&nbsp;skickas av skolan i&nbsp;ursprungligt skick&nbsp;till gymnasieantagningen. Med betygen skickar vi med en tabell* med en \u00f6vers\u00e4ttning mellan betygssystemen. Det blir sedan huvudmannen f\u00f6r den skola som eleven angivit som val som ansvarar f\u00f6r &#8230; <\/p>\n<p class=\"read-more-container\"><a title=\"Svenskt gymnasium &#8211; Fri kvot\" class=\"read-more button\" href=\"https:\/\/www.lfsl.net\/sv\/svenskt-gymnasium-fri-kvot\/#more-6176\" aria-label=\"L\u00e4s mer om Svenskt gymnasium &#8211; Fri kvot\">L\u00e4s mer<\/a><\/p>\n","protected":false},"author":3,"featured_media":0,"parent":0,"menu_order":0,"comment_status":"closed","ping_status":"closed","template":"","meta":{"footnotes":""},"class_list":["post-6176","page","type-page","status-publish"],"yoast_head":"<!-- This site is optimized with the Yoast SEO plugin v27.4 - https:\/\/yoast.com\/product\/yoast-seo-wordpress\/ -->\n<title>Svenskt gymnasium - Fri kvot &#8211; Lyc\u00e9e Fran\u00e7ais Saint Louis de Stockholm<\/title>\n<meta name=\"robots\" content=\"index, follow, max-snippet:-1, max-image-preview:large, max-video-preview:-1\" \/>\n<link rel=\"canonical\" href=\"https:\/\/www.lfsl.net\/sv\/svenskt-gymnasium-fri-kvot\/\" \/>\n<meta property=\"og:locale\" content=\"sv_SE\" \/>\n<meta property=\"og:type\" content=\"article\" \/>\n<meta property=\"og:title\" content=\"Svenskt gymnasium - Fri kvot &#8211; Lyc\u00e9e Fran\u00e7ais Saint Louis de Stockholm\" \/>\n<meta property=\"og:description\" content=\"Fri kvot Eleverna fr\u00e5n Internationella skolor hamnar i den&nbsp;fria kvoten. L\u00e4s mer om fria kvoten&nbsp;h\u00e4r. Alla utl\u00e4ndska betyg, i v\u00e5rt fall de franska&nbsp;bulletins,&nbsp;skickas av skolan i&nbsp;ursprungligt skick&nbsp;till gymnasieantagningen. Med betygen skickar vi med en tabell* med en \u00f6vers\u00e4ttning mellan betygssystemen. Det blir sedan huvudmannen f\u00f6r den skola som eleven angivit som val som ansvarar f\u00f6r ... L\u00e4s mer\" \/>\n<meta property=\"og:url\" content=\"https:\/\/www.lfsl.net\/sv\/svenskt-gymnasium-fri-kvot\/\" \/>\n<meta property=\"og:site_name\" content=\"Lyc\u00e9e Fran\u00e7ais Saint Louis de Stockholm\" \/>\n<meta property=\"article:publisher\" content=\"https:\/\/www.facebook.com\/Lyc%c3%a9e-Francais-Saint-Louis-182116921840529\/\" \/>\n<meta property=\"article:modified_time\" content=\"2020-05-27T14:18:40+00:00\" \/>\n<meta property=\"og:image\" content=\"https:\/\/www.lfsl.net\/wp-content\/uploads\/2020\/03\/lsfl_logo-minimal_crop.jpg\" \/>\n\t<meta property=\"og:image:width\" content=\"1440\" \/>\n\t<meta property=\"og:image:height\" content=\"810\" \/>\n\t<meta property=\"og:image:type\" content=\"image\/jpeg\" \/>\n<meta name=\"twitter:card\" content=\"summary_large_image\" \/>\n<script type=\"application\/ld+json\" class=\"yoast-schema-graph\">{\"@context\":\"https:\\\/\\\/schema.org\",\"@graph\":[{\"@type\":\"WebPage\",\"@id\":\"https:\\\/\\\/www.lfsl.net\\\/sv\\\/svenskt-gymnasium-fri-kvot\\\/\",\"url\":\"https:\\\/\\\/www.lfsl.net\\\/sv\\\/svenskt-gymnasium-fri-kvot\\\/\",\"name\":\"Svenskt gymnasium - Fri kvot &#8211; Lyc\u00e9e Fran\u00e7ais Saint Louis de Stockholm\",\"isPartOf\":{\"@id\":\"https:\\\/\\\/www.lfsl.net\\\/sv\\\/#website\"},\"datePublished\":\"2020-05-27T14:18:39+00:00\",\"dateModified\":\"2020-05-27T14:18:40+00:00\",\"breadcrumb\":{\"@id\":\"https:\\\/\\\/www.lfsl.net\\\/sv\\\/svenskt-gymnasium-fri-kvot\\\/#breadcrumb\"},\"inLanguage\":\"sv-SE\",\"potentialAction\":[{\"@type\":\"ReadAction\",\"target\":[\"https:\\\/\\\/www.lfsl.net\\\/sv\\\/svenskt-gymnasium-fri-kvot\\\/\"]}]},{\"@type\":\"BreadcrumbList\",\"@id\":\"https:\\\/\\\/www.lfsl.net\\\/sv\\\/svenskt-gymnasium-fri-kvot\\\/#breadcrumb\",\"itemListElement\":[{\"@type\":\"ListItem\",\"position\":1,\"name\":\"Home\",\"item\":\"https:\\\/\\\/www.lfsl.net\\\/sv\\\/\"},{\"@type\":\"ListItem\",\"position\":2,\"name\":\"Svenskt gymnasium &#8211; Fri kvot\"}]},{\"@type\":\"WebSite\",\"@id\":\"https:\\\/\\\/www.lfsl.net\\\/sv\\\/#website\",\"url\":\"https:\\\/\\\/www.lfsl.net\\\/sv\\\/\",\"name\":\"Lyc\u00e9e Fran\u00e7ais Saint Louis de Stockholm\",\"description\":\"\u00c9tablissement membre du r\u00e9seau AEFE\",\"publisher\":{\"@id\":\"https:\\\/\\\/www.lfsl.net\\\/sv\\\/#organization\"},\"potentialAction\":[{\"@type\":\"SearchAction\",\"target\":{\"@type\":\"EntryPoint\",\"urlTemplate\":\"https:\\\/\\\/www.lfsl.net\\\/sv\\\/?s={search_term_string}\"},\"query-input\":{\"@type\":\"PropertyValueSpecification\",\"valueRequired\":true,\"valueName\":\"search_term_string\"}}],\"inLanguage\":\"sv-SE\"},{\"@type\":\"Organization\",\"@id\":\"https:\\\/\\\/www.lfsl.net\\\/sv\\\/#organization\",\"name\":\"Lyc\u00e9e Fran\u00e7ais Saint Louis\",\"url\":\"https:\\\/\\\/www.lfsl.net\\\/sv\\\/\",\"logo\":{\"@type\":\"ImageObject\",\"inLanguage\":\"sv-SE\",\"@id\":\"https:\\\/\\\/www.lfsl.net\\\/sv\\\/#\\\/schema\\\/logo\\\/image\\\/\",\"url\":\"https:\\\/\\\/www.lfsl.net\\\/wp-content\\\/uploads\\\/2021\\\/03\\\/LFSL-logo.jpg\",\"contentUrl\":\"https:\\\/\\\/www.lfsl.net\\\/wp-content\\\/uploads\\\/2021\\\/03\\\/LFSL-logo.jpg\",\"width\":330,\"height\":473,\"caption\":\"Lyc\u00e9e Fran\u00e7ais Saint Louis\"},\"image\":{\"@id\":\"https:\\\/\\\/www.lfsl.net\\\/sv\\\/#\\\/schema\\\/logo\\\/image\\\/\"},\"sameAs\":[\"https:\\\/\\\/www.facebook.com\\\/Lyc\u00e9e-Francais-Saint-Louis-182116921840529\\\/\",\"https:\\\/\\\/www.instagram.com\\\/lyceefrancaisstockholm\\\/\",\"https:\\\/\\\/www.linkedin.com\\\/school\\\/lfsl\\\/\",\"https:\\\/\\\/www.youtube.com\\\/channel\\\/UCchS4IO4jE_YY0ILwn5NgGQ\"]}]}<\/script>\n<!-- \/ Yoast SEO plugin. -->","yoast_head_json":{"title":"Svenskt gymnasium - Fri kvot &#8211; Lyc\u00e9e Fran\u00e7ais Saint Louis de Stockholm","robots":{"index":"index","follow":"follow","max-snippet":"max-snippet:-1","max-image-preview":"max-image-preview:large","max-video-preview":"max-video-preview:-1"},"canonical":"https:\/\/www.lfsl.net\/sv\/svenskt-gymnasium-fri-kvot\/","og_locale":"sv_SE","og_type":"article","og_title":"Svenskt gymnasium - Fri kvot &#8211; Lyc\u00e9e Fran\u00e7ais Saint Louis de Stockholm","og_description":"Fri kvot Eleverna fr\u00e5n Internationella skolor hamnar i den&nbsp;fria kvoten. L\u00e4s mer om fria kvoten&nbsp;h\u00e4r. Alla utl\u00e4ndska betyg, i v\u00e5rt fall de franska&nbsp;bulletins,&nbsp;skickas av skolan i&nbsp;ursprungligt skick&nbsp;till gymnasieantagningen. Med betygen skickar vi med en tabell* med en \u00f6vers\u00e4ttning mellan betygssystemen. Det blir sedan huvudmannen f\u00f6r den skola som eleven angivit som val som ansvarar f\u00f6r ... L\u00e4s mer","og_url":"https:\/\/www.lfsl.net\/sv\/svenskt-gymnasium-fri-kvot\/","og_site_name":"Lyc\u00e9e Fran\u00e7ais Saint Louis de Stockholm","article_publisher":"https:\/\/www.facebook.com\/Lyc%c3%a9e-Francais-Saint-Louis-182116921840529\/","article_modified_time":"2020-05-27T14:18:40+00:00","og_image":[{"width":1440,"height":810,"url":"https:\/\/www.lfsl.net\/wp-content\/uploads\/2020\/03\/lsfl_logo-minimal_crop.jpg","type":"image\/jpeg"}],"twitter_card":"summary_large_image","schema":{"@context":"https:\/\/schema.org","@graph":[{"@type":"WebPage","@id":"https:\/\/www.lfsl.net\/sv\/svenskt-gymnasium-fri-kvot\/","url":"https:\/\/www.lfsl.net\/sv\/svenskt-gymnasium-fri-kvot\/","name":"Svenskt gymnasium - Fri kvot &#8211; Lyc\u00e9e Fran\u00e7ais Saint Louis de Stockholm","isPartOf":{"@id":"https:\/\/www.lfsl.net\/sv\/#website"},"datePublished":"2020-05-27T14:18:39+00:00","dateModified":"2020-05-27T14:18:40+00:00","breadcrumb":{"@id":"https:\/\/www.lfsl.net\/sv\/svenskt-gymnasium-fri-kvot\/#breadcrumb"},"inLanguage":"sv-SE","potentialAction":[{"@type":"ReadAction","target":["https:\/\/www.lfsl.net\/sv\/svenskt-gymnasium-fri-kvot\/"]}]},{"@type":"BreadcrumbList","@id":"https:\/\/www.lfsl.net\/sv\/svenskt-gymnasium-fri-kvot\/#breadcrumb","itemListElement":[{"@type":"ListItem","position":1,"name":"Home","item":"https:\/\/www.lfsl.net\/sv\/"},{"@type":"ListItem","position":2,"name":"Svenskt gymnasium &#8211; Fri kvot"}]},{"@type":"WebSite","@id":"https:\/\/www.lfsl.net\/sv\/#website","url":"https:\/\/www.lfsl.net\/sv\/","name":"Lyc\u00e9e Fran\u00e7ais Saint Louis de Stockholm","description":"\u00c9tablissement membre du r\u00e9seau AEFE","publisher":{"@id":"https:\/\/www.lfsl.net\/sv\/#organization"},"potentialAction":[{"@type":"SearchAction","target":{"@type":"EntryPoint","urlTemplate":"https:\/\/www.lfsl.net\/sv\/?s={search_term_string}"},"query-input":{"@type":"PropertyValueSpecification","valueRequired":true,"valueName":"search_term_string"}}],"inLanguage":"sv-SE"},{"@type":"Organization","@id":"https:\/\/www.lfsl.net\/sv\/#organization","name":"Lyc\u00e9e Fran\u00e7ais Saint Louis","url":"https:\/\/www.lfsl.net\/sv\/","logo":{"@type":"ImageObject","inLanguage":"sv-SE","@id":"https:\/\/www.lfsl.net\/sv\/#\/schema\/logo\/image\/","url":"https:\/\/www.lfsl.net\/wp-content\/uploads\/2021\/03\/LFSL-logo.jpg","contentUrl":"https:\/\/www.lfsl.net\/wp-content\/uploads\/2021\/03\/LFSL-logo.jpg","width":330,"height":473,"caption":"Lyc\u00e9e Fran\u00e7ais Saint Louis"},"image":{"@id":"https:\/\/www.lfsl.net\/sv\/#\/schema\/logo\/image\/"},"sameAs":["https:\/\/www.facebook.com\/Lyc\u00e9e-Francais-Saint-Louis-182116921840529\/","https:\/\/www.instagram.com\/lyceefrancaisstockholm\/","https:\/\/www.linkedin.com\/school\/lfsl\/","https:\/\/www.youtube.com\/channel\/UCchS4IO4jE_YY0ILwn5NgGQ"]}]}},"_links":{"self":[{"href":"https:\/\/www.lfsl.net\/sv\/wp-json\/wp\/v2\/pages\/6176","targetHints":{"allow":["GET"]}}],"collection":[{"href":"https:\/\/www.lfsl.net\/sv\/wp-json\/wp\/v2\/pages"}],"about":[{"href":"https:\/\/www.lfsl.net\/sv\/wp-json\/wp\/v2\/types\/page"}],"author":[{"embeddable":true,"href":"https:\/\/www.lfsl.net\/sv\/wp-json\/wp\/v2\/users\/3"}],"replies":[{"embeddable":true,"href":"https:\/\/www.lfsl.net\/sv\/wp-json\/wp\/v2\/comments?post=6176"}],"version-history":[{"count":2,"href":"https:\/\/www.lfsl.net\/sv\/wp-json\/wp\/v2\/pages\/6176\/revisions"}],"predecessor-version":[{"id":7853,"href":"https:\/\/www.lfsl.net\/sv\/wp-json\/wp\/v2\/pages\/6176\/revisions\/7853"}],"wp:attachment":[{"href":"https:\/\/www.lfsl.net\/sv\/wp-json\/wp\/v2\/media?parent=6176"}],"curies":[{"name":"wp","href":"https:\/\/api.w.org\/{rel}","templated":true}]}}