{"id":6184,"date":"2020-05-27T14:22:29","date_gmt":"2020-05-27T14:22:29","guid":{"rendered":"https:\/\/www.lfsl.net\/?page_id=6184"},"modified":"2022-03-30T09:05:37","modified_gmt":"2022-03-30T09:05:37","slug":"svenskt-gymnasium-studievagledare","status":"publish","type":"page","link":"https:\/\/www.lfsl.net\/sv\/svenskt-gymnasium-studievagledare\/","title":{"rendered":"Svenskt gymnasium &#8211; studiev\u00e4gledNING"},"content":{"rendered":"\n<p>Varje \u00e5r kommer en svensk studiev\u00e4gledare till skolan och som elev i 3\u00e8me har man m\u00f6jlighet att boka in en tid med honom\/henne f\u00f6r personlig v\u00e4gledning. Han\/hon pratar vanligvis inte franska, men svenska och engelska.<\/p>\n\n\n\n<p>P\u00e5 webbsidan&nbsp;<a href=\"http:\/\/www.fragasyv.se\/\">www.fragasyv.se<\/a>&nbsp;kan man st\u00e4lla fr\u00e5gor och\/eller l\u00e4sa andras fr\u00e5gor och svar.<\/p>\n","protected":false},"excerpt":{"rendered":"<p>Varje \u00e5r kommer en svensk studiev\u00e4gledare till skolan och som elev i 3\u00e8me har man m\u00f6jlighet att boka in en tid med honom\/henne f\u00f6r personlig v\u00e4gledning. Han\/hon pratar vanligvis inte franska, men svenska och engelska. P\u00e5 webbsidan&nbsp;www.fragasyv.se&nbsp;kan man st\u00e4lla fr\u00e5gor och\/eller l\u00e4sa andras fr\u00e5gor och svar.<\/p>\n","protected":false},"author":3,"featured_media":0,"parent":0,"menu_order":0,"comment_status":"closed","ping_status":"closed","template":"","meta":{"footnotes":""},"class_list":["post-6184","page","type-page","status-publish"],"yoast_head":"<!-- This site is optimized with the Yoast SEO plugin v27.4 - https:\/\/yoast.com\/product\/yoast-seo-wordpress\/ -->\n<title>Svenskt gymnasium - studiev\u00e4gledNING &#8211; Lyc\u00e9e Fran\u00e7ais Saint Louis de Stockholm<\/title>\n<meta name=\"robots\" content=\"index, follow, max-snippet:-1, max-image-preview:large, max-video-preview:-1\" \/>\n<link rel=\"canonical\" href=\"https:\/\/www.lfsl.net\/sv\/svenskt-gymnasium-studievagledare\/\" \/>\n<meta property=\"og:locale\" content=\"sv_SE\" \/>\n<meta property=\"og:type\" content=\"article\" \/>\n<meta property=\"og:title\" content=\"Svenskt gymnasium - studiev\u00e4gledNING &#8211; Lyc\u00e9e Fran\u00e7ais Saint Louis de Stockholm\" \/>\n<meta property=\"og:description\" content=\"Varje \u00e5r kommer en svensk studiev\u00e4gledare till skolan och som elev i 3\u00e8me har man m\u00f6jlighet att boka in en tid med honom\/henne f\u00f6r personlig v\u00e4gledning. Han\/hon pratar vanligvis inte franska, men svenska och engelska. P\u00e5 webbsidan&nbsp;www.fragasyv.se&nbsp;kan man st\u00e4lla fr\u00e5gor och\/eller l\u00e4sa andras fr\u00e5gor och svar.\" \/>\n<meta property=\"og:url\" content=\"https:\/\/www.lfsl.net\/sv\/svenskt-gymnasium-studievagledare\/\" \/>\n<meta property=\"og:site_name\" content=\"Lyc\u00e9e Fran\u00e7ais Saint Louis de Stockholm\" \/>\n<meta property=\"article:publisher\" content=\"https:\/\/www.facebook.com\/Lyc%c3%a9e-Francais-Saint-Louis-182116921840529\/\" \/>\n<meta property=\"article:modified_time\" content=\"2022-03-30T09:05:37+00:00\" \/>\n<meta property=\"og:image\" content=\"https:\/\/www.lfsl.net\/wp-content\/uploads\/2020\/03\/lsfl_logo-minimal_crop.jpg\" \/>\n\t<meta property=\"og:image:width\" content=\"1440\" \/>\n\t<meta property=\"og:image:height\" content=\"810\" \/>\n\t<meta property=\"og:image:type\" content=\"image\/jpeg\" \/>\n<meta name=\"twitter:card\" content=\"summary_large_image\" \/>\n<script type=\"application\/ld+json\" class=\"yoast-schema-graph\">{\"@context\":\"https:\\\/\\\/schema.org\",\"@graph\":[{\"@type\":\"WebPage\",\"@id\":\"https:\\\/\\\/www.lfsl.net\\\/sv\\\/svenskt-gymnasium-studievagledare\\\/\",\"url\":\"https:\\\/\\\/www.lfsl.net\\\/sv\\\/svenskt-gymnasium-studievagledare\\\/\",\"name\":\"Svenskt gymnasium - studiev\u00e4gledNING &#8211; Lyc\u00e9e Fran\u00e7ais Saint Louis de Stockholm\",\"isPartOf\":{\"@id\":\"https:\\\/\\\/www.lfsl.net\\\/sv\\\/#website\"},\"datePublished\":\"2020-05-27T14:22:29+00:00\",\"dateModified\":\"2022-03-30T09:05:37+00:00\",\"breadcrumb\":{\"@id\":\"https:\\\/\\\/www.lfsl.net\\\/sv\\\/svenskt-gymnasium-studievagledare\\\/#breadcrumb\"},\"inLanguage\":\"sv-SE\",\"potentialAction\":[{\"@type\":\"ReadAction\",\"target\":[\"https:\\\/\\\/www.lfsl.net\\\/sv\\\/svenskt-gymnasium-studievagledare\\\/\"]}]},{\"@type\":\"BreadcrumbList\",\"@id\":\"https:\\\/\\\/www.lfsl.net\\\/sv\\\/svenskt-gymnasium-studievagledare\\\/#breadcrumb\",\"itemListElement\":[{\"@type\":\"ListItem\",\"position\":1,\"name\":\"Home\",\"item\":\"https:\\\/\\\/www.lfsl.net\\\/sv\\\/\"},{\"@type\":\"ListItem\",\"position\":2,\"name\":\"Svenskt gymnasium &#8211; studiev\u00e4gledNING\"}]},{\"@type\":\"WebSite\",\"@id\":\"https:\\\/\\\/www.lfsl.net\\\/sv\\\/#website\",\"url\":\"https:\\\/\\\/www.lfsl.net\\\/sv\\\/\",\"name\":\"Lyc\u00e9e Fran\u00e7ais Saint Louis de Stockholm\",\"description\":\"\u00c9tablissement membre du r\u00e9seau AEFE\",\"publisher\":{\"@id\":\"https:\\\/\\\/www.lfsl.net\\\/sv\\\/#organization\"},\"potentialAction\":[{\"@type\":\"SearchAction\",\"target\":{\"@type\":\"EntryPoint\",\"urlTemplate\":\"https:\\\/\\\/www.lfsl.net\\\/sv\\\/?s={search_term_string}\"},\"query-input\":{\"@type\":\"PropertyValueSpecification\",\"valueRequired\":true,\"valueName\":\"search_term_string\"}}],\"inLanguage\":\"sv-SE\"},{\"@type\":\"Organization\",\"@id\":\"https:\\\/\\\/www.lfsl.net\\\/sv\\\/#organization\",\"name\":\"Lyc\u00e9e Fran\u00e7ais Saint Louis\",\"url\":\"https:\\\/\\\/www.lfsl.net\\\/sv\\\/\",\"logo\":{\"@type\":\"ImageObject\",\"inLanguage\":\"sv-SE\",\"@id\":\"https:\\\/\\\/www.lfsl.net\\\/sv\\\/#\\\/schema\\\/logo\\\/image\\\/\",\"url\":\"https:\\\/\\\/www.lfsl.net\\\/wp-content\\\/uploads\\\/2021\\\/03\\\/LFSL-logo.jpg\",\"contentUrl\":\"https:\\\/\\\/www.lfsl.net\\\/wp-content\\\/uploads\\\/2021\\\/03\\\/LFSL-logo.jpg\",\"width\":330,\"height\":473,\"caption\":\"Lyc\u00e9e Fran\u00e7ais Saint Louis\"},\"image\":{\"@id\":\"https:\\\/\\\/www.lfsl.net\\\/sv\\\/#\\\/schema\\\/logo\\\/image\\\/\"},\"sameAs\":[\"https:\\\/\\\/www.facebook.com\\\/Lyc\u00e9e-Francais-Saint-Louis-182116921840529\\\/\",\"https:\\\/\\\/www.instagram.com\\\/lyceefrancaisstockholm\\\/\",\"https:\\\/\\\/www.linkedin.com\\\/school\\\/lfsl\\\/\",\"https:\\\/\\\/www.youtube.com\\\/channel\\\/UCchS4IO4jE_YY0ILwn5NgGQ\"]}]}<\/script>\n<!-- \/ Yoast SEO plugin. -->","yoast_head_json":{"title":"Svenskt gymnasium - studiev\u00e4gledNING &#8211; Lyc\u00e9e Fran\u00e7ais Saint Louis de Stockholm","robots":{"index":"index","follow":"follow","max-snippet":"max-snippet:-1","max-image-preview":"max-image-preview:large","max-video-preview":"max-video-preview:-1"},"canonical":"https:\/\/www.lfsl.net\/sv\/svenskt-gymnasium-studievagledare\/","og_locale":"sv_SE","og_type":"article","og_title":"Svenskt gymnasium - studiev\u00e4gledNING &#8211; Lyc\u00e9e Fran\u00e7ais Saint Louis de Stockholm","og_description":"Varje \u00e5r kommer en svensk studiev\u00e4gledare till skolan och som elev i 3\u00e8me har man m\u00f6jlighet att boka in en tid med honom\/henne f\u00f6r personlig v\u00e4gledning. Han\/hon pratar vanligvis inte franska, men svenska och engelska. P\u00e5 webbsidan&nbsp;www.fragasyv.se&nbsp;kan man st\u00e4lla fr\u00e5gor och\/eller l\u00e4sa andras fr\u00e5gor och svar.","og_url":"https:\/\/www.lfsl.net\/sv\/svenskt-gymnasium-studievagledare\/","og_site_name":"Lyc\u00e9e Fran\u00e7ais Saint Louis de Stockholm","article_publisher":"https:\/\/www.facebook.com\/Lyc%c3%a9e-Francais-Saint-Louis-182116921840529\/","article_modified_time":"2022-03-30T09:05:37+00:00","og_image":[{"width":1440,"height":810,"url":"https:\/\/www.lfsl.net\/wp-content\/uploads\/2020\/03\/lsfl_logo-minimal_crop.jpg","type":"image\/jpeg"}],"twitter_card":"summary_large_image","schema":{"@context":"https:\/\/schema.org","@graph":[{"@type":"WebPage","@id":"https:\/\/www.lfsl.net\/sv\/svenskt-gymnasium-studievagledare\/","url":"https:\/\/www.lfsl.net\/sv\/svenskt-gymnasium-studievagledare\/","name":"Svenskt gymnasium - studiev\u00e4gledNING &#8211; Lyc\u00e9e Fran\u00e7ais Saint Louis de Stockholm","isPartOf":{"@id":"https:\/\/www.lfsl.net\/sv\/#website"},"datePublished":"2020-05-27T14:22:29+00:00","dateModified":"2022-03-30T09:05:37+00:00","breadcrumb":{"@id":"https:\/\/www.lfsl.net\/sv\/svenskt-gymnasium-studievagledare\/#breadcrumb"},"inLanguage":"sv-SE","potentialAction":[{"@type":"ReadAction","target":["https:\/\/www.lfsl.net\/sv\/svenskt-gymnasium-studievagledare\/"]}]},{"@type":"BreadcrumbList","@id":"https:\/\/www.lfsl.net\/sv\/svenskt-gymnasium-studievagledare\/#breadcrumb","itemListElement":[{"@type":"ListItem","position":1,"name":"Home","item":"https:\/\/www.lfsl.net\/sv\/"},{"@type":"ListItem","position":2,"name":"Svenskt gymnasium &#8211; studiev\u00e4gledNING"}]},{"@type":"WebSite","@id":"https:\/\/www.lfsl.net\/sv\/#website","url":"https:\/\/www.lfsl.net\/sv\/","name":"Lyc\u00e9e Fran\u00e7ais Saint Louis de Stockholm","description":"\u00c9tablissement membre du r\u00e9seau AEFE","publisher":{"@id":"https:\/\/www.lfsl.net\/sv\/#organization"},"potentialAction":[{"@type":"SearchAction","target":{"@type":"EntryPoint","urlTemplate":"https:\/\/www.lfsl.net\/sv\/?s={search_term_string}"},"query-input":{"@type":"PropertyValueSpecification","valueRequired":true,"valueName":"search_term_string"}}],"inLanguage":"sv-SE"},{"@type":"Organization","@id":"https:\/\/www.lfsl.net\/sv\/#organization","name":"Lyc\u00e9e Fran\u00e7ais Saint Louis","url":"https:\/\/www.lfsl.net\/sv\/","logo":{"@type":"ImageObject","inLanguage":"sv-SE","@id":"https:\/\/www.lfsl.net\/sv\/#\/schema\/logo\/image\/","url":"https:\/\/www.lfsl.net\/wp-content\/uploads\/2021\/03\/LFSL-logo.jpg","contentUrl":"https:\/\/www.lfsl.net\/wp-content\/uploads\/2021\/03\/LFSL-logo.jpg","width":330,"height":473,"caption":"Lyc\u00e9e Fran\u00e7ais Saint Louis"},"image":{"@id":"https:\/\/www.lfsl.net\/sv\/#\/schema\/logo\/image\/"},"sameAs":["https:\/\/www.facebook.com\/Lyc\u00e9e-Francais-Saint-Louis-182116921840529\/","https:\/\/www.instagram.com\/lyceefrancaisstockholm\/","https:\/\/www.linkedin.com\/school\/lfsl\/","https:\/\/www.youtube.com\/channel\/UCchS4IO4jE_YY0ILwn5NgGQ"]}]}},"_links":{"self":[{"href":"https:\/\/www.lfsl.net\/sv\/wp-json\/wp\/v2\/pages\/6184","targetHints":{"allow":["GET"]}}],"collection":[{"href":"https:\/\/www.lfsl.net\/sv\/wp-json\/wp\/v2\/pages"}],"about":[{"href":"https:\/\/www.lfsl.net\/sv\/wp-json\/wp\/v2\/types\/page"}],"author":[{"embeddable":true,"href":"https:\/\/www.lfsl.net\/sv\/wp-json\/wp\/v2\/users\/3"}],"replies":[{"embeddable":true,"href":"https:\/\/www.lfsl.net\/sv\/wp-json\/wp\/v2\/comments?post=6184"}],"version-history":[{"count":3,"href":"https:\/\/www.lfsl.net\/sv\/wp-json\/wp\/v2\/pages\/6184\/revisions"}],"predecessor-version":[{"id":13267,"href":"https:\/\/www.lfsl.net\/sv\/wp-json\/wp\/v2\/pages\/6184\/revisions\/13267"}],"wp:attachment":[{"href":"https:\/\/www.lfsl.net\/sv\/wp-json\/wp\/v2\/media?parent=6184"}],"curies":[{"name":"wp","href":"https:\/\/api.w.org\/{rel}","templated":true}]}}