{"id":9136,"date":"2020-11-10T08:56:53","date_gmt":"2020-11-10T08:56:53","guid":{"rendered":"https:\/\/www.lfsl.net\/?page_id=9136"},"modified":"2022-02-28T07:55:36","modified_gmt":"2022-02-28T07:55:36","slug":"protokoll-for-hygienrutiner-och-pedagogiska-anpassningar","status":"publish","type":"page","link":"https:\/\/www.lfsl.net\/sv\/protokoll-for-hygienrutiner-och-pedagogiska-anpassningar\/","title":{"rendered":"INFO COVID19 &#8211; Protokoll f\u00f6r hygienrutiner och pedagogiska anpassningar"},"content":{"rendered":"\n<p>P\u00e5 denna sida hittar ni all information om ledningen av Covid-19 vid LFSL.<br> F\u00f6r fr\u00e5gor, l\u00e4s dokumenten nedan eller skicka ett e-postmeddelande till covid19 [a] lfsl.net.<\/p>\n\n\n\n<p>Protokoll f\u00f6r hygienrutiner och pedagogiska anpassningar:<\/p>\n\n\n\n<p><a href=\"https:\/\/www.lfsl.net\/wp-content\/uploads\/2022\/02\/Protokoll-for-hygienrutiner-och-pedagogiska-15.02.2022-SUE.pdf\" target=\"_blank\" rel=\"noreferrer noopener\">2022-02-28 &#8211; Protokoll f\u00f6r hygienrutiner och pedagogiska anpassningar_22-02-28<\/a><br><a href=\"https:\/\/www.lfsl.net\/wp-content\/uploads\/2022\/01\/Protokoll-for-hygienrutiner-och-pedagogiska-17.01.2022_rattelse-20.01.2022.pdf\" target=\"_blank\" rel=\"noreferrer noopener\">2022-01-21 &#8211; Protokoll f\u00f6r hygienrutiner och pedagogiska anpassningar_22-01-17_r\u00e4ttelse 20.01.2022<\/a><br><a href=\"https:\/\/www.lfsl.net\/wp-content\/uploads\/2022\/01\/Protokoll-for-hygienrutiner-och-pedagogiska-17.01.2022_SUE.pdf\" target=\"_blank\" rel=\"noreferrer noopener\">2022-01-17 &#8211; Protokoll f\u00f6r hygienrutiner och pedagogiska anpassningar_22-01-17<\/a><br><a href=\"https:\/\/www.lfsl.net\/wp-content\/uploads\/2021\/06\/Protokoll-for-hygienrutiner-och-pedagogiska-22.06.2021.pdf\" target=\"_blank\" rel=\"noreferrer noopener\">2021-06-22 &#8211; Protokoll f\u00f6r hygienrutiner och pedagogiska anpassningar_21-06-22<\/a><br><a href=\"https:\/\/www.lfsl.net\/wp-content\/uploads\/2021\/03\/Protokoll-for-hygienrutiner-och-pedagogiska-anpassningar-Corona_06.04.2021.pdf\" target=\"_blank\" rel=\"noreferrer noopener\">2021-04-06 &#8211; Protokoll f\u00f6r hygienrutiner och pedagogiska anpassningar_21-04-06<\/a><br><a href=\"https:\/\/www.lfsl.net\/wp-content\/uploads\/2021\/03\/Protokoll-for-hygienrutiner-och-pedagogiska-anpassningar-Corona_15.03.2021-1.pdf\">2021-03-15 &#8211; Protokoll f\u00f6r hygienrutiner och pedagogiska anpassningar_21-03-15<\/a><br><a aria-label=\"2021-02-24 - Protokoll f\u00f6r hygienrutiner och pedagogiska anpassnngar_21-02-24 (opens in a new tab)\" rel=\"noreferrer noopener\" href=\"https:\/\/www.lfsl.net\/wp-content\/uploads\/2021\/02\/Protokoll-f\u00f6r-hygienrutiner-och-pedagogiska-anpassningar-Corona_24022021.pdf\" target=\"_blank\">2021-02-24 &#8211; Protokoll f\u00f6r hygienrutiner och pedagogiska anpassningar_21-02-24<\/a><br><a aria-label=\"2021-01-25 - Protokoll f\u00f6r hygienrutiner och pedagogiska anpassningar_21-01-25 (opens in a new tab)\" rel=\"noreferrer noopener\" href=\"https:\/\/www.lfsl.net\/wp-content\/uploads\/2021\/01\/Protokoll-f\u00f6r-hygienrutiner-och-pedagogiska_25.01.2021.pdf\" target=\"_blank\">2021-01-25 &#8211; Protokoll f\u00f6r hygienrutiner och pedagogiska anpassningar_21-01-25<\/a><br><a aria-label=\"2021-01-05 - Protokoll f\u00f6r hygienrutiner och pedagogiska anpassningar Corona_21-01-05 (opens in a new tab)\" rel=\"noreferrer noopener\" href=\"http:\/\/Protokoll-f\u00f6r-hygienrutiner-och-pedagogiska-anpassningar-Corona-l\u00e4s\u00e5ret-2020-2021_05.01.2021\" target=\"_blank\">2021-01-05 &#8211; Protokoll f\u00f6r hygienrutiner och pedagogiska anpassningar_21-01-05<\/a> <br><a aria-label=\"2020-12-11 - Protokoll f\u00f6r hygienrutiner och pedagogiska anpassningar Corona_20-12-11 (opens in a new tab)\" rel=\"noreferrer noopener\" href=\"https:\/\/www.lfsl.net\/wp-content\/uploads\/2020\/12\/Protokoll-f\u00f6r-hygienrutiner-och-pedagogiska-anpassningar-Corona-l\u00e4s\u00e5ret-2020-2021_11122020_SUE.pdf\" target=\"_blank\">2020-12-11 &#8211; Protokoll f\u00f6r hygienrutiner och pedagogiska anpassningar_20-12-11<\/a><br><a aria-label=\"2020-12-04 - Protokoll f\u00f6r hygienrutiner och pedagogiska anpassningar Corona_20-12-04 (opens in a new tab)\" rel=\"noreferrer noopener\" href=\"https:\/\/www.lfsl.net\/wp-content\/uploads\/2020\/12\/Protokoll-f\u00f6r-hygienrutiner-och-pedagogiska-anpassningar-Corona-l\u00e4s\u00e5ret-2020-2021_04122020.pdf\" target=\"_blank\">2020-12-04 &#8211; Protokoll f\u00f6r hygienrutiner och pedagogiska anpassningar_20-12-04<\/a><br><a aria-label=\"2020-12-03 - Protokoll f\u00f6r hygienrutiner och pedagogiska anpassningar Corona - l\u00e4s\u00e5ret 2020-2021_03122020 (opens in a new tab)\" rel=\"noreferrer noopener\" href=\"https:\/\/www.lfsl.net\/wp-content\/uploads\/2020\/12\/Protokoll-f\u00f6r-hygienrutiner-och-pedagogiska-anpassningar-Corona-l\u00e4s\u00e5ret-2020-2021_03122020.pdf\" target=\"_blank\">2020-12-03 &#8211; Protokoll f\u00f6r hygienrutiner och pedagogiska anpassningar_20-12-03<\/a><br><a aria-label=\"2020-12-03 - Meddelande fr\u00e5n Rektorn - Protokoll niv\u00e5 2 (opens in a new tab)\" rel=\"noreferrer noopener\" href=\"https:\/\/www.lfsl.net\/wp-content\/uploads\/2020\/12\/Protocole-sanitaire-et-p\u00e9dagogique-niveau-2-enseignement-hybride-\u00e0-distance-niveau-lyc\u00e9e_SUE.pdf\" target=\"_blank\">2020-12-03 &#8211; Meddelande fr\u00e5n Rektorn &#8211; Protokoll niv\u00e5 2<\/a><br><a aria-label=\"2020-11-20 - Protokoll f\u00f6r hygienrutiner och pedagogiska anpassningar - 2020.2021_20112020 (opens in a new tab)\" rel=\"noreferrer noopener\" href=\"https:\/\/www.lfsl.net\/wp-content\/uploads\/2020\/11\/Protokoll-f%C3%B6r-hygienrutiner-och-pedagogiska-anpassningar-Corona-l%C3%A4s%C3%A5ret-2020-2021_20112020.pdf\" target=\"_blank\">2020-11-20 &#8211; Protokoll f\u00f6r hygienrutiner och pedagogiska anpassningar &#8211; l\u00e4s\u00e5ret 2020-2021_20-11-20<\/a><br><a aria-label=\"2020-11-09 - Meddelande fr\u00e5n Rektorn - Protokoll niv\u00e5 2 (opens in a new tab)\" rel=\"noreferrer noopener\" href=\"https:\/\/www.lfsl.net\/wp-content\/uploads\/2020\/11\/Protokoll-niv\u00e5-2.pdf\" target=\"_blank\">2020-11-09 &#8211; Meddelande fr\u00e5n Rektorn &#8211; Protokoll niv\u00e5 2<\/a><br><a aria-label=\"2020-11-09 - Protokoll f\u00f6r hygienrutiner och pedagogiska anpassningar_09112020 (opens in a new tab)\" rel=\"noreferrer noopener\" href=\"https:\/\/www.lfsl.net\/wp-content\/uploads\/2020\/11\/Protokoll-f\u00f6r-hygienrutiner-och-pedagogiska-anpassningar_09112020.pdf\" target=\"_blank\">2020-11-09 &#8211; Protokoll f\u00f6r hygienrutiner och pedagogiska anpassningar_20-11-09<\/a><\/p>\n\n\n\n<p><\/p>\n\n\n\n<p>Alla meddelanden:<\/p>\n\n\n\n<p>2022-01-21: <a href=\"https:\/\/www.lfsl.net\/wp-content\/uploads\/2022\/01\/FAQ-Covid19-Janv-22_-rattelse-20.01.2022.pdf\" target=\"_blank\" rel=\"noreferrer noopener\">Vanliga Fr\u00e5gor &#8211; Januari 2022_r\u00e4ttelse 20.01.2022<\/a><br>2022-01-19: <a href=\"https:\/\/www.lfsl.net\/wp-content\/uploads\/2022\/01\/FAQ-Covid19-Janv-22_SUE.pdf\" target=\"_blank\" rel=\"noreferrer noopener\">Vanliga fr\u00e5gor &#8211; Januari 2022<\/a><br>2021-12-10: <a href=\"https:\/\/www.lfsl.net\/wp-content\/uploads\/2021\/12\/Informations-protocole-sanitaire-et-pedagogique-\ufffd-compter-du-13-decembre-2021-SVE.pdf\" target=\"_blank\" rel=\"noreferrer noopener\">Kommunikation &#8211; Information om uppf\u00f6ljning av sanitetsprotokollet f\u00f6r slutet av 2021 och skolstarten den 10 januari 2022<\/a><br>2021-09-02: <a href=\"https:\/\/www.lfsl.net\/wp-content\/uploads\/2021\/09\/Communication-mesures-sanitaires-2021-2022_SUE.pdf\" target=\"_blank\" rel=\"noreferrer noopener\">Kommunikation &#8211; H\u00e4lsov\u00e5rdande \u00e5tg\u00e4rder 2021-202<\/a>2<br>2021-03-26 : <a href=\"https:\/\/www.lfsl.net\/wp-content\/uploads\/2021\/03\/210326_LYCEE-Information-Protokoll-for-hygienrutiner-och-pedagogiska-anpassningar-fran-och-med-6-april-2021.pdf\" target=\"_blank\" rel=\"noreferrer noopener\">LYCEE &#8211; Information Protokoll f\u00f6r hygienrutiner  6 april 2021<\/a><br>2021-03-10 : <a href=\"https:\/\/www.lfsl.net\/sv\/meddelande-fran-rektorn-college-lycee\/\">Meddelande fr\u00e5n Rektorn &#8211; Coll\u00e8ge &amp; Lyc\u00e9e<\/a><br>2021-01-05 : <a aria-label=\"Meddelande fr\u00e5n Rektorn ang\u00e5ende uppdaterat protokoll f\u00f6r hygienrutiner (opens in a new tab)\" href=\"https:\/\/www.lfsl.net\/wp-content\/uploads\/2021\/01\/Meddelande-fr\u00e5n-Rektorn_Protokoll-f\u00f6r-hygienrutiner-och-pedagogiska-anpassningar_05.01.2021_SUE.pdf\" target=\"_blank\" rel=\"noreferrer noopener\">Meddelande fr\u00e5n Rektorn ang\u00e5ende uppdaterat protokoll f\u00f6r hygienrutiner<\/a><br>2020-12-16 : <a aria-label=\"Vanliga fr\u00e5gor vecka 51 (opens in a new tab)\" rel=\"noreferrer noopener\" href=\"https:\/\/www.lfsl.net\/wp-content\/uploads\/2020\/12\/Covid19-FAQ-Sem-51-2020_SUE.pdf\" target=\"_blank\">Vanliga fr\u00e5gor vecka 51<\/a><br>2020-12-04 : <a aria-label=\"Vanliga fr\u00e5gor december 2020 (opens in a new tab)\" rel=\"noreferrer noopener\" href=\"https:\/\/www.lfsl.net\/wp-content\/uploads\/2020\/12\/Covid19-FAQ-D\u00e9c-2020_SUE.pdf\" target=\"_blank\">Vanliga fr\u00e5gor december 2020<\/a><br>2020-11-20 : <a aria-label=\"Vanliga fr\u00e5gor vecka 47 (opens in a new tab)\" rel=\"noreferrer noopener\" href=\"https:\/\/www.lfsl.net\/sv\/vanliga-fragor-vecka-47\/\" target=\"_blank\">Vanliga fr\u00e5gor vecka 47<\/a><br>2020-11-12 :&nbsp;<a aria-label=\"Information COVID-19 - F\u00f6rfarande vid positivt test (opens in a new tab)\" rel=\"noreferrer noopener\" href=\"https:\/\/www.lfsl.net\/wp-content\/uploads\/2020\/11\/201112_Information-COVID-19-F\u00f6rfarande-vid-positivt-test.pdf\" target=\"_blank\">Information COVID-19 &#8211; F\u00f6rfarande vid positivt test<\/a><br>2020-11-11 :&nbsp;<a aria-label=\"Vanliga fr\u00e5gor (opens in a new tab)\" rel=\"noreferrer noopener\" href=\"https:\/\/www.lfsl.net\/wp-content\/uploads\/2020\/11\/Covid19-FAQ-Nov-2020-sv.pdf\" target=\"_blank\">Vanliga fr\u00e5gor<\/a><br>2020-11-10 :&nbsp;<a aria-label=\"Inf\u00f6rande av specifik mailadress (opens in a new tab)\" rel=\"noreferrer noopener\" href=\"https:\/\/www.lfsl.net\/wp-content\/uploads\/2020\/11\/Information-fr\u00e5n-rektorn-specifik-mailadress.pdf\" target=\"_blank\">Inf\u00f6rande av specifik mailadress<\/a><br>2020-11-09 :&nbsp;<a aria-label=\"\u00d6verg\u00e5ng till niv\u00e5 2 i protokollet f\u00f6r hygienrutiner och pedagogiska anpassningar (opens in a new tab)\" rel=\"noreferrer noopener\" href=\"https:\/\/www.lfsl.net\/sv\/2020-11-09-protokoll-for-hygienrutiner-och-pedagogiska-anpassningar-niva-02\/\" target=\"_blank\">\u00d6verg\u00e5ng till niv\u00e5 2 i protokollet f\u00f6r hygienrutiner och pedagogiska anpassningar<\/a><br>2020-11-08 :&nbsp;<a aria-label=\"Distansundervisning f\u00f6r gymnasieeleverna (opens in a new tab)\" rel=\"noreferrer noopener\" href=\"https:\/\/www.lfsl.net\/sv\/covid-19-distansutbildning-gymnasieelever\/\" target=\"_blank\">Distansundervisning f\u00f6r gymnasieeleverna<\/a><br>2020-11-03 :&nbsp;<a aria-label=\"M\u00f6tesanteckningar CHS (Comit\u00e9 d\u2019Hygi\u00e8ne et de s\u00e9curit\u00e9) (opens in a new tab)\" rel=\"noreferrer noopener\" href=\"https:\/\/www.lfsl.net\/sv\/motesanteckningar-chs-comite-dhygiene-et-securite\/\" target=\"_blank\">M\u00f6tesanteckningar CHS (Comit\u00e9 d\u2019Hygi\u00e8ne et de s\u00e9curit\u00e9)<\/a><br>2020-10-30 :&nbsp;<a aria-label=\"Meddelande ang. skolstart efter lovet (opens in a new tab)\" rel=\"noreferrer noopener\" href=\"https:\/\/www.lfsl.net\/sv\/meddelande-ang-skolstarten-efter-lovet\/\" target=\"_blank\">Meddelande ang. skolstart efter lovet<\/a><br>2020-10-16 :&nbsp;<a aria-label=\"Validerat protokoll f\u00f6r hygienrutiner och pedagogiska anpassningar (opens in a new tab)\" rel=\"noreferrer noopener\" href=\"https:\/\/www.lfsl.net\/sv\/protokoll-for-hygienrutiner-och-pedagogiska-anpassningar-skolar-2020-2021\/\" target=\"_blank\">Validerat protokoll f\u00f6r hygienrutiner och pedagogiska anpassningar<\/a><br>2020-09-10 :&nbsp;<a aria-label=\"Information om  sanit\u00e4r och pedagogisk uppf\u00f6ljning (opens in a new tab)\" rel=\"noreferrer noopener\" href=\"https:\/\/www.lfsl.net\/sv\/information-sanitar-och-pedagogisk-uppfoljning\/\" target=\"_blank\">Information om  sanit\u00e4r och pedagogisk uppf\u00f6ljning<\/a><br>2020-09-07 :&nbsp;<a aria-label=\"Meddelande fr\u00e5n Folkh\u00e4lsomyndigheten ang. PCR-test (opens in a new tab)\" rel=\"noreferrer noopener\" href=\"https:\/\/www.lfsl.net\/sv\/lfsl-information-covid-19\/\" target=\"_blank\">Meddelande fr\u00e5n Folkh\u00e4lsomyndigheten ang. PCR-test<\/a><br>2020-08-20 :&nbsp;<a aria-label=\"Skydds\u00e5tg\u00e4rder - skolstarten 2020-2021 (opens in a new tab)\" rel=\"noreferrer noopener\" href=\"https:\/\/www.lfsl.net\/sv\/skyddsatgarder-infor-skolstarten-2020\/\" target=\"_blank\">Skydds\u00e5tg\u00e4rder &#8211; skolstarten 2020-2021<\/a><\/p>\n","protected":false},"excerpt":{"rendered":"<p>P\u00e5 denna sida hittar ni all information om ledningen av Covid-19 vid LFSL. F\u00f6r fr\u00e5gor, l\u00e4s dokumenten nedan eller skicka ett e-postmeddelande till covid19 [a] lfsl.net. Protokoll f\u00f6r hygienrutiner och pedagogiska anpassningar: 2022-02-28 &#8211; Protokoll f\u00f6r hygienrutiner och pedagogiska anpassningar_22-02-282022-01-21 &#8211; Protokoll f\u00f6r hygienrutiner och pedagogiska anpassningar_22-01-17_r\u00e4ttelse 20.01.20222022-01-17 &#8211; Protokoll f\u00f6r hygienrutiner och pedagogiska anpassningar_22-01-172021-06-22 &#8230; <\/p>\n<p class=\"read-more-container\"><a title=\"INFO COVID19 &#8211; Protokoll f\u00f6r hygienrutiner och pedagogiska anpassningar\" class=\"read-more button\" href=\"https:\/\/www.lfsl.net\/sv\/protokoll-for-hygienrutiner-och-pedagogiska-anpassningar\/#more-9136\" aria-label=\"L\u00e4s mer om INFO COVID19 &#8211; Protokoll f\u00f6r hygienrutiner och pedagogiska anpassningar\">L\u00e4s mer<\/a><\/p>\n","protected":false},"author":1,"featured_media":0,"parent":0,"menu_order":0,"comment_status":"closed","ping_status":"closed","template":"","meta":{"footnotes":""},"class_list":["post-9136","page","type-page","status-publish"],"yoast_head":"<!-- This site is optimized with the Yoast SEO plugin v27.4 - https:\/\/yoast.com\/product\/yoast-seo-wordpress\/ -->\n<title>INFO COVID19 - Protokoll f\u00f6r hygienrutiner och pedagogiska anpassningar &#8211; Lyc\u00e9e Fran\u00e7ais Saint Louis de Stockholm<\/title>\n<meta name=\"robots\" content=\"index, follow, max-snippet:-1, max-image-preview:large, max-video-preview:-1\" \/>\n<link rel=\"canonical\" href=\"https:\/\/www.lfsl.net\/sv\/protokoll-for-hygienrutiner-och-pedagogiska-anpassningar\/\" \/>\n<meta property=\"og:locale\" content=\"sv_SE\" \/>\n<meta property=\"og:type\" content=\"article\" \/>\n<meta property=\"og:title\" content=\"INFO COVID19 - Protokoll f\u00f6r hygienrutiner och pedagogiska anpassningar &#8211; Lyc\u00e9e Fran\u00e7ais Saint Louis de Stockholm\" \/>\n<meta property=\"og:description\" content=\"P\u00e5 denna sida hittar ni all information om ledningen av Covid-19 vid LFSL. F\u00f6r fr\u00e5gor, l\u00e4s dokumenten nedan eller skicka ett e-postmeddelande till covid19 [a] lfsl.net. Protokoll f\u00f6r hygienrutiner och pedagogiska anpassningar: 2022-02-28 &#8211; Protokoll f\u00f6r hygienrutiner och pedagogiska anpassningar_22-02-282022-01-21 &#8211; Protokoll f\u00f6r hygienrutiner och pedagogiska anpassningar_22-01-17_r\u00e4ttelse 20.01.20222022-01-17 &#8211; Protokoll f\u00f6r hygienrutiner och pedagogiska anpassningar_22-01-172021-06-22 ... L\u00e4s mer\" \/>\n<meta property=\"og:url\" content=\"https:\/\/www.lfsl.net\/sv\/protokoll-for-hygienrutiner-och-pedagogiska-anpassningar\/\" \/>\n<meta property=\"og:site_name\" content=\"Lyc\u00e9e Fran\u00e7ais Saint Louis de Stockholm\" \/>\n<meta property=\"article:publisher\" content=\"https:\/\/www.facebook.com\/Lyc%c3%a9e-Francais-Saint-Louis-182116921840529\/\" \/>\n<meta property=\"article:modified_time\" content=\"2022-02-28T07:55:36+00:00\" \/>\n<meta property=\"og:image\" content=\"https:\/\/www.lfsl.net\/wp-content\/uploads\/2020\/03\/lsfl_logo-minimal_crop.jpg\" \/>\n\t<meta property=\"og:image:width\" content=\"1440\" \/>\n\t<meta property=\"og:image:height\" content=\"810\" \/>\n\t<meta property=\"og:image:type\" content=\"image\/jpeg\" \/>\n<meta name=\"twitter:card\" content=\"summary_large_image\" \/>\n<script type=\"application\/ld+json\" class=\"yoast-schema-graph\">{\"@context\":\"https:\\\/\\\/schema.org\",\"@graph\":[{\"@type\":\"WebPage\",\"@id\":\"https:\\\/\\\/www.lfsl.net\\\/sv\\\/protokoll-for-hygienrutiner-och-pedagogiska-anpassningar\\\/\",\"url\":\"https:\\\/\\\/www.lfsl.net\\\/sv\\\/protokoll-for-hygienrutiner-och-pedagogiska-anpassningar\\\/\",\"name\":\"INFO COVID19 - Protokoll f\u00f6r hygienrutiner och pedagogiska anpassningar &#8211; Lyc\u00e9e Fran\u00e7ais Saint Louis de Stockholm\",\"isPartOf\":{\"@id\":\"https:\\\/\\\/www.lfsl.net\\\/sv\\\/#website\"},\"datePublished\":\"2020-11-10T08:56:53+00:00\",\"dateModified\":\"2022-02-28T07:55:36+00:00\",\"breadcrumb\":{\"@id\":\"https:\\\/\\\/www.lfsl.net\\\/sv\\\/protokoll-for-hygienrutiner-och-pedagogiska-anpassningar\\\/#breadcrumb\"},\"inLanguage\":\"sv-SE\",\"potentialAction\":[{\"@type\":\"ReadAction\",\"target\":[\"https:\\\/\\\/www.lfsl.net\\\/sv\\\/protokoll-for-hygienrutiner-och-pedagogiska-anpassningar\\\/\"]}]},{\"@type\":\"BreadcrumbList\",\"@id\":\"https:\\\/\\\/www.lfsl.net\\\/sv\\\/protokoll-for-hygienrutiner-och-pedagogiska-anpassningar\\\/#breadcrumb\",\"itemListElement\":[{\"@type\":\"ListItem\",\"position\":1,\"name\":\"Home\",\"item\":\"https:\\\/\\\/www.lfsl.net\\\/sv\\\/\"},{\"@type\":\"ListItem\",\"position\":2,\"name\":\"INFO COVID19 &#8211; Protokoll f\u00f6r hygienrutiner och pedagogiska anpassningar\"}]},{\"@type\":\"WebSite\",\"@id\":\"https:\\\/\\\/www.lfsl.net\\\/sv\\\/#website\",\"url\":\"https:\\\/\\\/www.lfsl.net\\\/sv\\\/\",\"name\":\"Lyc\u00e9e Fran\u00e7ais Saint Louis de Stockholm\",\"description\":\"\u00c9tablissement membre du r\u00e9seau AEFE\",\"publisher\":{\"@id\":\"https:\\\/\\\/www.lfsl.net\\\/sv\\\/#organization\"},\"potentialAction\":[{\"@type\":\"SearchAction\",\"target\":{\"@type\":\"EntryPoint\",\"urlTemplate\":\"https:\\\/\\\/www.lfsl.net\\\/sv\\\/?s={search_term_string}\"},\"query-input\":{\"@type\":\"PropertyValueSpecification\",\"valueRequired\":true,\"valueName\":\"search_term_string\"}}],\"inLanguage\":\"sv-SE\"},{\"@type\":\"Organization\",\"@id\":\"https:\\\/\\\/www.lfsl.net\\\/sv\\\/#organization\",\"name\":\"Lyc\u00e9e Fran\u00e7ais Saint Louis\",\"url\":\"https:\\\/\\\/www.lfsl.net\\\/sv\\\/\",\"logo\":{\"@type\":\"ImageObject\",\"inLanguage\":\"sv-SE\",\"@id\":\"https:\\\/\\\/www.lfsl.net\\\/sv\\\/#\\\/schema\\\/logo\\\/image\\\/\",\"url\":\"https:\\\/\\\/www.lfsl.net\\\/wp-content\\\/uploads\\\/2021\\\/03\\\/LFSL-logo.jpg\",\"contentUrl\":\"https:\\\/\\\/www.lfsl.net\\\/wp-content\\\/uploads\\\/2021\\\/03\\\/LFSL-logo.jpg\",\"width\":330,\"height\":473,\"caption\":\"Lyc\u00e9e Fran\u00e7ais Saint Louis\"},\"image\":{\"@id\":\"https:\\\/\\\/www.lfsl.net\\\/sv\\\/#\\\/schema\\\/logo\\\/image\\\/\"},\"sameAs\":[\"https:\\\/\\\/www.facebook.com\\\/Lyc\u00e9e-Francais-Saint-Louis-182116921840529\\\/\",\"https:\\\/\\\/www.instagram.com\\\/lyceefrancaisstockholm\\\/\",\"https:\\\/\\\/www.linkedin.com\\\/school\\\/lfsl\\\/\",\"https:\\\/\\\/www.youtube.com\\\/channel\\\/UCchS4IO4jE_YY0ILwn5NgGQ\"]}]}<\/script>\n<!-- \/ Yoast SEO plugin. -->","yoast_head_json":{"title":"INFO COVID19 - Protokoll f\u00f6r hygienrutiner och pedagogiska anpassningar &#8211; Lyc\u00e9e Fran\u00e7ais Saint Louis de Stockholm","robots":{"index":"index","follow":"follow","max-snippet":"max-snippet:-1","max-image-preview":"max-image-preview:large","max-video-preview":"max-video-preview:-1"},"canonical":"https:\/\/www.lfsl.net\/sv\/protokoll-for-hygienrutiner-och-pedagogiska-anpassningar\/","og_locale":"sv_SE","og_type":"article","og_title":"INFO COVID19 - Protokoll f\u00f6r hygienrutiner och pedagogiska anpassningar &#8211; Lyc\u00e9e Fran\u00e7ais Saint Louis de Stockholm","og_description":"P\u00e5 denna sida hittar ni all information om ledningen av Covid-19 vid LFSL. F\u00f6r fr\u00e5gor, l\u00e4s dokumenten nedan eller skicka ett e-postmeddelande till covid19 [a] lfsl.net. Protokoll f\u00f6r hygienrutiner och pedagogiska anpassningar: 2022-02-28 &#8211; Protokoll f\u00f6r hygienrutiner och pedagogiska anpassningar_22-02-282022-01-21 &#8211; Protokoll f\u00f6r hygienrutiner och pedagogiska anpassningar_22-01-17_r\u00e4ttelse 20.01.20222022-01-17 &#8211; Protokoll f\u00f6r hygienrutiner och pedagogiska anpassningar_22-01-172021-06-22 ... L\u00e4s mer","og_url":"https:\/\/www.lfsl.net\/sv\/protokoll-for-hygienrutiner-och-pedagogiska-anpassningar\/","og_site_name":"Lyc\u00e9e Fran\u00e7ais Saint Louis de Stockholm","article_publisher":"https:\/\/www.facebook.com\/Lyc%c3%a9e-Francais-Saint-Louis-182116921840529\/","article_modified_time":"2022-02-28T07:55:36+00:00","og_image":[{"width":1440,"height":810,"url":"https:\/\/www.lfsl.net\/wp-content\/uploads\/2020\/03\/lsfl_logo-minimal_crop.jpg","type":"image\/jpeg"}],"twitter_card":"summary_large_image","schema":{"@context":"https:\/\/schema.org","@graph":[{"@type":"WebPage","@id":"https:\/\/www.lfsl.net\/sv\/protokoll-for-hygienrutiner-och-pedagogiska-anpassningar\/","url":"https:\/\/www.lfsl.net\/sv\/protokoll-for-hygienrutiner-och-pedagogiska-anpassningar\/","name":"INFO COVID19 - Protokoll f\u00f6r hygienrutiner och pedagogiska anpassningar &#8211; Lyc\u00e9e Fran\u00e7ais Saint Louis de Stockholm","isPartOf":{"@id":"https:\/\/www.lfsl.net\/sv\/#website"},"datePublished":"2020-11-10T08:56:53+00:00","dateModified":"2022-02-28T07:55:36+00:00","breadcrumb":{"@id":"https:\/\/www.lfsl.net\/sv\/protokoll-for-hygienrutiner-och-pedagogiska-anpassningar\/#breadcrumb"},"inLanguage":"sv-SE","potentialAction":[{"@type":"ReadAction","target":["https:\/\/www.lfsl.net\/sv\/protokoll-for-hygienrutiner-och-pedagogiska-anpassningar\/"]}]},{"@type":"BreadcrumbList","@id":"https:\/\/www.lfsl.net\/sv\/protokoll-for-hygienrutiner-och-pedagogiska-anpassningar\/#breadcrumb","itemListElement":[{"@type":"ListItem","position":1,"name":"Home","item":"https:\/\/www.lfsl.net\/sv\/"},{"@type":"ListItem","position":2,"name":"INFO COVID19 &#8211; Protokoll f\u00f6r hygienrutiner och pedagogiska anpassningar"}]},{"@type":"WebSite","@id":"https:\/\/www.lfsl.net\/sv\/#website","url":"https:\/\/www.lfsl.net\/sv\/","name":"Lyc\u00e9e Fran\u00e7ais Saint Louis de Stockholm","description":"\u00c9tablissement membre du r\u00e9seau AEFE","publisher":{"@id":"https:\/\/www.lfsl.net\/sv\/#organization"},"potentialAction":[{"@type":"SearchAction","target":{"@type":"EntryPoint","urlTemplate":"https:\/\/www.lfsl.net\/sv\/?s={search_term_string}"},"query-input":{"@type":"PropertyValueSpecification","valueRequired":true,"valueName":"search_term_string"}}],"inLanguage":"sv-SE"},{"@type":"Organization","@id":"https:\/\/www.lfsl.net\/sv\/#organization","name":"Lyc\u00e9e Fran\u00e7ais Saint Louis","url":"https:\/\/www.lfsl.net\/sv\/","logo":{"@type":"ImageObject","inLanguage":"sv-SE","@id":"https:\/\/www.lfsl.net\/sv\/#\/schema\/logo\/image\/","url":"https:\/\/www.lfsl.net\/wp-content\/uploads\/2021\/03\/LFSL-logo.jpg","contentUrl":"https:\/\/www.lfsl.net\/wp-content\/uploads\/2021\/03\/LFSL-logo.jpg","width":330,"height":473,"caption":"Lyc\u00e9e Fran\u00e7ais Saint Louis"},"image":{"@id":"https:\/\/www.lfsl.net\/sv\/#\/schema\/logo\/image\/"},"sameAs":["https:\/\/www.facebook.com\/Lyc\u00e9e-Francais-Saint-Louis-182116921840529\/","https:\/\/www.instagram.com\/lyceefrancaisstockholm\/","https:\/\/www.linkedin.com\/school\/lfsl\/","https:\/\/www.youtube.com\/channel\/UCchS4IO4jE_YY0ILwn5NgGQ"]}]}},"_links":{"self":[{"href":"https:\/\/www.lfsl.net\/sv\/wp-json\/wp\/v2\/pages\/9136","targetHints":{"allow":["GET"]}}],"collection":[{"href":"https:\/\/www.lfsl.net\/sv\/wp-json\/wp\/v2\/pages"}],"about":[{"href":"https:\/\/www.lfsl.net\/sv\/wp-json\/wp\/v2\/types\/page"}],"author":[{"embeddable":true,"href":"https:\/\/www.lfsl.net\/sv\/wp-json\/wp\/v2\/users\/1"}],"replies":[{"embeddable":true,"href":"https:\/\/www.lfsl.net\/sv\/wp-json\/wp\/v2\/comments?post=9136"}],"version-history":[{"count":35,"href":"https:\/\/www.lfsl.net\/sv\/wp-json\/wp\/v2\/pages\/9136\/revisions"}],"predecessor-version":[{"id":13140,"href":"https:\/\/www.lfsl.net\/sv\/wp-json\/wp\/v2\/pages\/9136\/revisions\/13140"}],"wp:attachment":[{"href":"https:\/\/www.lfsl.net\/sv\/wp-json\/wp\/v2\/media?parent=9136"}],"curies":[{"name":"wp","href":"https:\/\/api.w.org\/{rel}","templated":true}]}}